{"id":154216,"date":"2025-10-30T14:31:24","date_gmt":"2025-10-30T14:31:24","guid":{"rendered":"https:\/\/dev.codekraft.it\/ravaglioli.it\/product\/demonte-pneu-g1001-24elx\/"},"modified":"2026-01-14T21:02:12","modified_gmt":"2026-01-14T21:02:12","slug":"demonte-pneu-g1001-24elx","status":"publish","type":"product","link":"https:\/\/dev.codekraft.it\/ravaglioli.it\/fr\/product\/demonte-pneu-g1001-24elx\/","title":{"rendered":"D\u00e9monte-pneu G1001.24ELX"},"content":{"rendered":"<p>Simple et rapide, ce mod\u00e8le permet de travailler sans risques aussi sur les jantes ALU gr\u00e2ce au bloquage tulipe et \u00e0 l\u2019outil en materiel plastique<\/p>\n<ul>\n<li>Easy Demounting<\/li>\n<li>Special Plastic Tool : La t\u00eate exclusive en mat\u00e9riau synth\u00e9tique peut rester plus proche de la roue que n\u2019importe quelle t\u00eate en m\u00e9tal, ce qui r\u00e9duit l\u2019appui sur le talon sur pneus taille basse<\/li>\n<li>Systeme exclusif de serrage de roue \u00ab TULIPE\u00a0\u00bb : Il est ainsi \u00e9limin\u00e9 le blocage sur les griffes m\u00e9talliques, qui pourrait endommager la surface des jantes les plus sophistiqu\u00e9es the surface of sophisticated wheels<\/li>\n<li>Center Lock<\/li>\n<li>Le syst\u00e8me acc\u00e9l\u00e8re et facilite le montage des pneus taille basse<\/li>\n<\/ul>\n","protected":false},"excerpt":{"rendered":"<p>T\u00eate de montage et levier de montage, automatique, mandrin auto-centreur tulipe, vitesse max. 15 tr\/min, voiture de tourisme, diam\u00e8tre de jante 12 &#8211; 24\u2033, largeur de jante max. 381 mm | Bleu (RAL 5005)<\/p>\n","protected":false},"featured_media":43008,"template":"","meta":[],"product_brand":[],"product_cat":[57876],"product_tag":[58326,58290],"product_approvals":[],"product_application":[],"class_list":{"0":"post-154216","1":"product","2":"type-product","3":"status-publish","4":"has-post-thumbnail","6":"product_cat-demonte-pneus-fr","7":"product_tag-light-commercial-fr","8":"product_tag-passenger-cars-fr","10":"first","11":"instock","12":"shipping-taxable","13":"product-type-simple"},"approvals":[],"application":[],"brb_media_brochure":[{"id":150440,"url":"https:\/\/dev.codekraft.it\/ravaglioli.it\/wp-content\/uploads\/brb_media\/00521442_tyre-changer-g100124elx-br-multi-2023-09-screen.pdf","title":"Tyre Changer G100124ELX BR multi 2023 09 screen","mpn":"","thumbnail":"https:\/\/dev.codekraft.it\/ravaglioli.it\/wp-content\/uploads\/brb_media\/00521442_tyre-changer-g100124elx-br-multi-2023-09-screen-pdf-106x150.png","description":""}],"brb_media_drawing":"","brb_media_manuals":[{"id":150441,"url":"https:\/\/dev.codekraft.it\/ravaglioli.it\/wp-content\/uploads\/brb_media\/00536843_tyre-changer-rotclass-combi-ravg1001-g1065-im-7102-m035-01_vsg_rev01-de-2024-11.pdf","title":"tyre changer rotclass combi ravg1001 g1065 im 7102 m035 01 vsg rev01 de 2024 11","mpn":"","thumbnail":"https:\/\/dev.codekraft.it\/ravaglioli.it\/wp-content\/uploads\/brb_media\/00536843_tyre-changer-rotclass-combi-ravg1001-g1065-im-7102-m035-01_vsg_rev01-de-2024-11-pdf-106x150.png","description":""},{"id":150442,"url":"https:\/\/dev.codekraft.it\/ravaglioli.it\/wp-content\/uploads\/brb_media\/00536844_tyre-changer-rotclass-combi-ravg1001-g1065-im-7102-m035-01_vsg_rev01-en-2024-11.pdf","title":"tyre changer rotclass combi ravg1001 g1065 im 7102 m035 01 vsg rev01 en 2024 11","mpn":"","thumbnail":"https:\/\/dev.codekraft.it\/ravaglioli.it\/wp-content\/uploads\/brb_media\/00536844_tyre-changer-rotclass-combi-ravg1001-g1065-im-7102-m035-01_vsg_rev01-en-2024-11-pdf-106x150.png","description":""},{"id":150443,"url":"https:\/\/dev.codekraft.it\/ravaglioli.it\/wp-content\/uploads\/brb_media\/00536845_tyre-changer-rotclass-combi-ravg1001-g1065-im-7102-m035-01_vsg_rev01-fr-2024-11.pdf","title":"tyre changer rotclass combi ravg1001 g1065 im 7102 m035 01 vsg rev01 fr 2024 11","mpn":"","thumbnail":"https:\/\/dev.codekraft.it\/ravaglioli.it\/wp-content\/uploads\/brb_media\/00536845_tyre-changer-rotclass-combi-ravg1001-g1065-im-7102-m035-01_vsg_rev01-fr-2024-11-pdf-106x150.png","description":""},{"id":150444,"url":"https:\/\/dev.codekraft.it\/ravaglioli.it\/wp-content\/uploads\/brb_media\/00536846_tyre-changer-rotclass-combi-ravg1001-g1065-im-7102-m035-01_vsg_rev01-it-2024-11.pdf","title":"tyre changer rotclass combi ravg1001 g1065 im 7102 m035 01 vsg rev01 it 2024 11","mpn":"","thumbnail":"https:\/\/dev.codekraft.it\/ravaglioli.it\/wp-content\/uploads\/brb_media\/00536846_tyre-changer-rotclass-combi-ravg1001-g1065-im-7102-m035-01_vsg_rev01-it-2024-11-pdf-106x150.png","description":""},{"id":150445,"url":"https:\/\/dev.codekraft.it\/ravaglioli.it\/wp-content\/uploads\/brb_media\/00536847_tyre-changer-rotclass-combi-ravg1001-g1065-im-7102-m035-01_vsg_rev01-es-2024-11.pdf","title":"tyre changer rotclass combi ravg1001 g1065 im 7102 m035 01 vsg rev01 es 2024 11","mpn":"","thumbnail":"https:\/\/dev.codekraft.it\/ravaglioli.it\/wp-content\/uploads\/brb_media\/00536847_tyre-changer-rotclass-combi-ravg1001-g1065-im-7102-m035-01_vsg_rev01-es-2024-11-pdf-106x150.png","description":""}],"brb_media_safety_datasheets":"","brb_media_spare_parts":[],"_cdmm_p_id":"502503","_company":"Ravaglioli","_gtin":"5063084200815","accessories":[{"id":152783,"mpn":"G1000A12K","name":"Protection plastique pour t\u00eate de montage de rechange G1000A14","description":"Protection de roue en alliage | 50 pi\u00e8ces","thumbnail":"https:\/\/dev.codekraft.it\/ravaglioli.it\/wp-content\/uploads\/brb_media\/00506677_g1000a12k-01-150x150.png","url":"https:\/\/dev.codekraft.it\/ravaglioli.it\/fr\/product\/protection-plastique-pour-tete-de-montage-de-rechange-g1000a14\/"},{"id":152802,"mpn":"G1000A15","name":"T\u00eate de montage pour motos | en mat\u00e9riel synth\u00e9tique VL","description":"","thumbnail":"https:\/\/dev.codekraft.it\/ravaglioli.it\/wp-content\/uploads\/brb_media\/00506690_g1000a15-150x150.png","url":"https:\/\/dev.codekraft.it\/ravaglioli.it\/fr\/product\/tete-de-montage-pour-motos-en-materiel-synthetique-vl\/"},{"id":152789,"mpn":"G1000A13K","name":"Protections levier pour t\u00eate de montage | 1 jeu \/ 50 pi\u00e8ces","description":"","thumbnail":"https:\/\/dev.codekraft.it\/ravaglioli.it\/wp-content\/uploads\/brb_media\/00506686_g1000a13k-150x150.png","url":"https:\/\/dev.codekraft.it\/ravaglioli.it\/fr\/product\/protections-levier-pour-tete-de-montage-1-jeu-50-pieces\/"},{"id":152264,"mpn":"G1000A55","name":"Bac porte-outils","description":"","thumbnail":"https:\/\/dev.codekraft.it\/ravaglioli.it\/wp-content\/uploads\/brb_media\/00506697_g1000a55-150x150.png","url":"https:\/\/dev.codekraft.it\/ravaglioli.it\/fr\/product\/bac-porte-outils\/"},{"id":153282,"mpn":"G1000A18","name":"Adaptateurs pour roues de moto","description":"Adaptateurs variants pour d\u00e9monte-pneus avec mandrin blocage \u00e0 tulipe","thumbnail":"https:\/\/dev.codekraft.it\/ravaglioli.it\/wp-content\/uploads\/brb_media\/00506691_g1000a18-150x150.png","url":"https:\/\/dev.codekraft.it\/ravaglioli.it\/fr\/product\/adaptateurs-pour-roues-de-moto\/"},{"id":153318,"mpn":"G1000A42","name":"Dispositif de s\u00e9curit\u00e9 avec support","description":"Accessoire pour d\u00e9monte-pneus | 1 jeu","thumbnail":"https:\/\/dev.codekraft.it\/ravaglioli.it\/wp-content\/uploads\/brb_media\/00506695_g1000a42-150x150.png","url":"https:\/\/dev.codekraft.it\/ravaglioli.it\/fr\/product\/dispositif-de-securite-avec-support\/"},{"id":152940,"mpn":"PLUS94","name":"Bras d&#039;aide pneumatique | montage \u00e0 gauche","description":"Bras pousse-talon rotatif pneumatique","thumbnail":"https:\/\/dev.codekraft.it\/ravaglioli.it\/wp-content\/uploads\/brb_media\/00506721_plus94-150x150.png","url":"https:\/\/dev.codekraft.it\/ravaglioli.it\/fr\/product\/bras-daide-pneumatique-monte-a-gauche\/"},{"id":152765,"mpn":"G1000A23","name":"Multiplicateur de force-outil","description":"Accessoire pour d\u00e9monte-pneus","thumbnail":"https:\/\/dev.codekraft.it\/ravaglioli.it\/wp-content\/uploads\/brb_media\/00506679_g1000a132-150x150.png","url":"https:\/\/dev.codekraft.it\/ravaglioli.it\/fr\/product\/multiplicateur-de-force-outil\/"},{"id":153721,"mpn":"G1000A119","name":"Dispositif de pousse talon WDK | pour PLUS94","description":"","thumbnail":"https:\/\/dev.codekraft.it\/ravaglioli.it\/wp-content\/uploads\/brb_media\/00506672_g1000a111-150x150.png","url":"https:\/\/dev.codekraft.it\/ravaglioli.it\/fr\/product\/dispositif-de-pousse-talon-wdk-pour-plus94\/"},{"id":152964,"mpn":"G1000A129NP","name":"\u00c8l\u00e9vateur pour roues avec blocage en position","description":"","thumbnail":"https:\/\/dev.codekraft.it\/ravaglioli.it\/wp-content\/uploads\/brb_media\/00536825_tyre-changers-g1000a129np-mi-150x150.png","url":"https:\/\/dev.codekraft.it\/ravaglioli.it\/fr\/product\/elevateur-pour-roues-avec-blocage-en-position\/"},{"id":155921,"mpn":"G1000A14","name":"T\u00eate de montage de rechange pour voitures particuli\u00e8res | en mat\u00e9riel synth\u00e9tique VL","description":"","thumbnail":"https:\/\/dev.codekraft.it\/ravaglioli.it\/wp-content\/uploads\/brb_media\/00506687_g1000a14-150x150.png","url":"https:\/\/dev.codekraft.it\/ravaglioli.it\/fr\/product\/tete-de-montage-de-rechange-pour-voitures-particulieres-en-materiel-synthetique-vl\/"},{"id":155825,"mpn":"G1000A160","name":"Levier d\u00e9mi-lune","description":"","thumbnail":"https:\/\/dev.codekraft.it\/ravaglioli.it\/wp-content\/uploads\/brb_media\/00506725_b2440002-150x150.png","url":"https:\/\/dev.codekraft.it\/ravaglioli.it\/fr\/product\/levier-demi-lune\/"},{"id":155516,"mpn":"G800A38","name":"Pinceau Plastique","description":"","thumbnail":"https:\/\/dev.codekraft.it\/ravaglioli.it\/wp-content\/uploads\/brb_media\/00506719_g800a38-150x150.png","url":"https:\/\/dev.codekraft.it\/ravaglioli.it\/fr\/product\/pinceau-plastique\/"},{"id":154923,"mpn":"G108A16","name":"Pinceau bois, coud\u00e9","description":"Pour machines d'assemblage de roues","thumbnail":"https:\/\/dev.codekraft.it\/ravaglioli.it\/wp-content\/uploads\/brb_media\/00506731_g108a16-150x114.png","url":"https:\/\/dev.codekraft.it\/ravaglioli.it\/fr\/product\/pinceau-bois-coude\/"},{"id":155915,"mpn":"G800A37","name":"P\u00e2te de montage\/d\u00e9montage | 3,5 kg","description":"","thumbnail":"https:\/\/dev.codekraft.it\/ravaglioli.it\/wp-content\/uploads\/brb_media\/00506743_g800a37-150x150.png","url":"https:\/\/dev.codekraft.it\/ravaglioli.it\/fr\/product\/pate-de-montage-demontage-35-kg\/"},{"id":155097,"mpn":"G1000A140","name":"Wulstboy avec dispositif de remorquage Standard","description":"Compris dans le kit WDK","thumbnail":"https:\/\/dev.codekraft.it\/ravaglioli.it\/wp-content\/uploads\/brb_media\/00506688_g1000a140-150x150.png","url":"https:\/\/dev.codekraft.it\/ravaglioli.it\/fr\/product\/wulstboy-avec-dispositif-de-remorquage-standard\/"},{"id":155145,"mpn":"G1000A67","name":"WulstBoy avec syst\u00e8me de traction et cha\u00eene de talon jusqu&#039;\u00e0 28\u2033","description":"","thumbnail":"https:\/\/dev.codekraft.it\/ravaglioli.it\/wp-content\/uploads\/brb_media\/00506701_g1000a67-150x150.png","url":"https:\/\/dev.codekraft.it\/ravaglioli.it\/fr\/product\/wulstboy-avec-systeme-de-traction-et-chaine-de-talon-jusqua-28%e2%80%b3\/"},{"id":155151,"mpn":"G1000A56","name":"WulstBoy avec syst\u00e8me de traction et cha\u00eene de talon jusqu&#039;\u00e0 22\u2033","description":"","thumbnail":"https:\/\/dev.codekraft.it\/ravaglioli.it\/wp-content\/uploads\/brb_media\/00506698_g1000a56-150x150.png","url":"https:\/\/dev.codekraft.it\/ravaglioli.it\/fr\/product\/wulstboy-avec-systeme-de-traction-et-chaine-de-talon-jusqua-22%e2%80%b3\/"},{"id":155329,"mpn":"G1000A36","name":"Rallonge pour pousse talon \u00e0 28\u2033 | pour G1000A32","description":"Compris dans le kit WDK","thumbnail":"https:\/\/dev.codekraft.it\/ravaglioli.it\/wp-content\/uploads\/brb_media\/00506693_g1000a36-150x150.png","url":"https:\/\/dev.codekraft.it\/ravaglioli.it\/fr\/product\/rallonge-pour-pousse-talon-a-28%e2%80%b3-pour-g1000a32\/"},{"id":155570,"mpn":"G1000A7","name":"Rouleau d\u00e9presseur de talon","description":"","thumbnail":"https:\/\/dev.codekraft.it\/ravaglioli.it\/wp-content\/uploads\/brb_media\/00506704_g1000a7-150x150.png","url":"https:\/\/dev.codekraft.it\/ravaglioli.it\/fr\/product\/rouleau-depresseur-de-talon\/"},{"id":155462,"mpn":"G800A11","name":"Protection plastique pour pelle d\u00e9talonneuse","description":"Protection pelle d\u00e9talonneuse | 1 pi\u00e8ce","thumbnail":"https:\/\/dev.codekraft.it\/ravaglioli.it\/wp-content\/uploads\/brb_media\/00506714_g800a11-01-150x150.png","url":"https:\/\/dev.codekraft.it\/ravaglioli.it\/fr\/product\/protection-plastique-pour-pelle-detalonneuse\/"},{"id":155801,"mpn":"G800A11K","name":"Protection plastique pour pelle d\u00e9talonneuse","description":"Protection pelle d\u00e9talonneuse |  5 pi\u00e8ces","thumbnail":"https:\/\/dev.codekraft.it\/ravaglioli.it\/wp-content\/uploads\/brb_media\/00506714_g800a11-01-150x150.png","url":"https:\/\/dev.codekraft.it\/ravaglioli.it\/fr\/product\/protection-plastique-pour-pelle-detalonneuse-2\/"},{"id":155795,"mpn":"G800A32","name":"Protection plastique pour bride de jante","description":"Protection du talon pour pneus \u00ab\u00a0Run Flat\u00a0\u00bb | Compris dans le kit WDK | 1 pi\u00e8ce","thumbnail":"https:\/\/dev.codekraft.it\/ravaglioli.it\/wp-content\/uploads\/brb_media\/00506718_g800a32-150x150.png","url":"https:\/\/dev.codekraft.it\/ravaglioli.it\/fr\/product\/protection-plastique-pour-bride-de-jante\/"},{"id":155819,"mpn":"G1000A100K","name":"Plaques de protection de talon | approuv\u00e9es WDK","description":"Compris dans le kit WDK | 1\u00a0jeu \/ 50\u00a0pi\u00e8ces","thumbnail":"https:\/\/dev.codekraft.it\/ravaglioli.it\/wp-content\/uploads\/brb_media\/00506667_g1000a100k-01-150x150.png","url":"https:\/\/dev.codekraft.it\/ravaglioli.it\/fr\/product\/plaques-de-protection-de-talon-approuvees-wdk\/"},{"id":155139,"mpn":"G1000A115","name":"Limitateur de course pour d\u00e9talloneur pour homologation WDK","description":"","thumbnail":"https:\/\/dev.codekraft.it\/ravaglioli.it\/wp-content\/uploads\/brb_media\/00506673_g1000a115-150x150.png","url":"https:\/\/dev.codekraft.it\/ravaglioli.it\/fr\/product\/limitateur-de-course-pour-detalloneur-pour-homologation-wdk\/"}],"components":[],"delivery":[{"id":152765,"mpn":"G1000A23","name":"Multiplicateur de force-outil","description":"Accessoire pour d\u00e9monte-pneus","thumbnail":"https:\/\/dev.codekraft.it\/ravaglioli.it\/wp-content\/uploads\/brb_media\/00506679_g1000a132-150x150.png","url":"https:\/\/dev.codekraft.it\/ravaglioli.it\/fr\/product\/multiplicateur-de-force-outil\/"},{"id":153721,"mpn":"G1000A119","name":"Dispositif de pousse talon WDK | pour PLUS94","description":"","thumbnail":"https:\/\/dev.codekraft.it\/ravaglioli.it\/wp-content\/uploads\/brb_media\/00506672_g1000a111-150x150.png","url":"https:\/\/dev.codekraft.it\/ravaglioli.it\/fr\/product\/dispositif-de-pousse-talon-wdk-pour-plus94\/"},{"id":152940,"mpn":"PLUS94","name":"Bras d&#039;aide pneumatique | montage \u00e0 gauche","description":"Bras pousse-talon rotatif pneumatique","thumbnail":"https:\/\/dev.codekraft.it\/ravaglioli.it\/wp-content\/uploads\/brb_media\/00506721_plus94-150x150.png","url":"https:\/\/dev.codekraft.it\/ravaglioli.it\/fr\/product\/bras-daide-pneumatique-monte-a-gauche\/"},{"id":153318,"mpn":"G1000A42","name":"Dispositif de s\u00e9curit\u00e9 avec support","description":"Accessoire pour d\u00e9monte-pneus | 1 jeu","thumbnail":"https:\/\/dev.codekraft.it\/ravaglioli.it\/wp-content\/uploads\/brb_media\/00506695_g1000a42-150x150.png","url":"https:\/\/dev.codekraft.it\/ravaglioli.it\/fr\/product\/dispositif-de-securite-avec-support\/"},{"id":153282,"mpn":"G1000A18","name":"Adaptateurs pour roues de moto","description":"Adaptateurs variants pour d\u00e9monte-pneus avec mandrin blocage \u00e0 tulipe","thumbnail":"https:\/\/dev.codekraft.it\/ravaglioli.it\/wp-content\/uploads\/brb_media\/00506691_g1000a18-150x150.png","url":"https:\/\/dev.codekraft.it\/ravaglioli.it\/fr\/product\/adaptateurs-pour-roues-de-moto\/"},{"id":152783,"mpn":"G1000A12K","name":"Protection plastique pour t\u00eate de montage de rechange G1000A14","description":"Protection de roue en alliage | 50 pi\u00e8ces","thumbnail":"https:\/\/dev.codekraft.it\/ravaglioli.it\/wp-content\/uploads\/brb_media\/00506677_g1000a12k-01-150x150.png","url":"https:\/\/dev.codekraft.it\/ravaglioli.it\/fr\/product\/protection-plastique-pour-tete-de-montage-de-rechange-g1000a14\/"},{"id":152789,"mpn":"G1000A13K","name":"Protections levier pour t\u00eate de montage | 1 jeu \/ 50 pi\u00e8ces","description":"","thumbnail":"https:\/\/dev.codekraft.it\/ravaglioli.it\/wp-content\/uploads\/brb_media\/00506686_g1000a13k-150x150.png","url":"https:\/\/dev.codekraft.it\/ravaglioli.it\/fr\/product\/protections-levier-pour-tete-de-montage-1-jeu-50-pieces\/"},{"id":152802,"mpn":"G1000A15","name":"T\u00eate de montage pour motos | en mat\u00e9riel synth\u00e9tique VL","description":"","thumbnail":"https:\/\/dev.codekraft.it\/ravaglioli.it\/wp-content\/uploads\/brb_media\/00506690_g1000a15-150x150.png","url":"https:\/\/dev.codekraft.it\/ravaglioli.it\/fr\/product\/tete-de-montage-pour-motos-en-materiel-synthetique-vl\/"},{"id":152964,"mpn":"G1000A129NP","name":"\u00c8l\u00e9vateur pour roues avec blocage en position","description":"","thumbnail":"https:\/\/dev.codekraft.it\/ravaglioli.it\/wp-content\/uploads\/brb_media\/00536825_tyre-changers-g1000a129np-mi-150x150.png","url":"https:\/\/dev.codekraft.it\/ravaglioli.it\/fr\/product\/elevateur-pour-roues-avec-blocage-en-position\/"},{"id":152264,"mpn":"G1000A55","name":"Bac porte-outils","description":"","thumbnail":"https:\/\/dev.codekraft.it\/ravaglioli.it\/wp-content\/uploads\/brb_media\/00506697_g1000a55-150x150.png","url":"https:\/\/dev.codekraft.it\/ravaglioli.it\/fr\/product\/bac-porte-outils\/"},{"id":155819,"mpn":"G1000A100K","name":"Plaques de protection de talon | approuv\u00e9es WDK","description":"Compris dans le kit WDK | 1\u00a0jeu \/ 50\u00a0pi\u00e8ces","thumbnail":"https:\/\/dev.codekraft.it\/ravaglioli.it\/wp-content\/uploads\/brb_media\/00506667_g1000a100k-01-150x150.png","url":"https:\/\/dev.codekraft.it\/ravaglioli.it\/fr\/product\/plaques-de-protection-de-talon-approuvees-wdk\/"},{"id":155145,"mpn":"G1000A67","name":"WulstBoy avec syst\u00e8me de traction et cha\u00eene de talon jusqu&#039;\u00e0 28\u2033","description":"","thumbnail":"https:\/\/dev.codekraft.it\/ravaglioli.it\/wp-content\/uploads\/brb_media\/00506701_g1000a67-150x150.png","url":"https:\/\/dev.codekraft.it\/ravaglioli.it\/fr\/product\/wulstboy-avec-systeme-de-traction-et-chaine-de-talon-jusqua-28%e2%80%b3\/"},{"id":155151,"mpn":"G1000A56","name":"WulstBoy avec syst\u00e8me de traction et cha\u00eene de talon jusqu&#039;\u00e0 22\u2033","description":"","thumbnail":"https:\/\/dev.codekraft.it\/ravaglioli.it\/wp-content\/uploads\/brb_media\/00506698_g1000a56-150x150.png","url":"https:\/\/dev.codekraft.it\/ravaglioli.it\/fr\/product\/wulstboy-avec-systeme-de-traction-et-chaine-de-talon-jusqua-22%e2%80%b3\/"},{"id":155795,"mpn":"G800A32","name":"Protection plastique pour bride de jante","description":"Protection du talon pour pneus \u00ab\u00a0Run Flat\u00a0\u00bb | Compris dans le kit WDK | 1 pi\u00e8ce","thumbnail":"https:\/\/dev.codekraft.it\/ravaglioli.it\/wp-content\/uploads\/brb_media\/00506718_g800a32-150x150.png","url":"https:\/\/dev.codekraft.it\/ravaglioli.it\/fr\/product\/protection-plastique-pour-bride-de-jante\/"},{"id":155139,"mpn":"G1000A115","name":"Limitateur de course pour d\u00e9talloneur pour homologation WDK","description":"","thumbnail":"https:\/\/dev.codekraft.it\/ravaglioli.it\/wp-content\/uploads\/brb_media\/00506673_g1000a115-150x150.png","url":"https:\/\/dev.codekraft.it\/ravaglioli.it\/fr\/product\/limitateur-de-course-pour-detalloneur-pour-homologation-wdk\/"},{"id":155462,"mpn":"G800A11","name":"Protection plastique pour pelle d\u00e9talonneuse","description":"Protection pelle d\u00e9talonneuse | 1 pi\u00e8ce","thumbnail":"https:\/\/dev.codekraft.it\/ravaglioli.it\/wp-content\/uploads\/brb_media\/00506714_g800a11-01-150x150.png","url":"https:\/\/dev.codekraft.it\/ravaglioli.it\/fr\/product\/protection-plastique-pour-pelle-detalonneuse\/"},{"id":155801,"mpn":"G800A11K","name":"Protection plastique pour pelle d\u00e9talonneuse","description":"Protection pelle d\u00e9talonneuse |  5 pi\u00e8ces","thumbnail":"https:\/\/dev.codekraft.it\/ravaglioli.it\/wp-content\/uploads\/brb_media\/00506714_g800a11-01-150x150.png","url":"https:\/\/dev.codekraft.it\/ravaglioli.it\/fr\/product\/protection-plastique-pour-pelle-detalonneuse-2\/"},{"id":155921,"mpn":"G1000A14","name":"T\u00eate de montage de rechange pour voitures particuli\u00e8res | en mat\u00e9riel synth\u00e9tique VL","description":"","thumbnail":"https:\/\/dev.codekraft.it\/ravaglioli.it\/wp-content\/uploads\/brb_media\/00506687_g1000a14-150x150.png","url":"https:\/\/dev.codekraft.it\/ravaglioli.it\/fr\/product\/tete-de-montage-de-rechange-pour-voitures-particulieres-en-materiel-synthetique-vl\/"},{"id":155570,"mpn":"G1000A7","name":"Rouleau d\u00e9presseur de talon","description":"","thumbnail":"https:\/\/dev.codekraft.it\/ravaglioli.it\/wp-content\/uploads\/brb_media\/00506704_g1000a7-150x150.png","url":"https:\/\/dev.codekraft.it\/ravaglioli.it\/fr\/product\/rouleau-depresseur-de-talon\/"},{"id":155516,"mpn":"G800A38","name":"Pinceau Plastique","description":"","thumbnail":"https:\/\/dev.codekraft.it\/ravaglioli.it\/wp-content\/uploads\/brb_media\/00506719_g800a38-150x150.png","url":"https:\/\/dev.codekraft.it\/ravaglioli.it\/fr\/product\/pinceau-plastique\/"},{"id":154923,"mpn":"G108A16","name":"Pinceau bois, coud\u00e9","description":"Pour machines d'assemblage de roues","thumbnail":"https:\/\/dev.codekraft.it\/ravaglioli.it\/wp-content\/uploads\/brb_media\/00506731_g108a16-150x114.png","url":"https:\/\/dev.codekraft.it\/ravaglioli.it\/fr\/product\/pinceau-bois-coude\/"},{"id":155915,"mpn":"G800A37","name":"P\u00e2te de montage\/d\u00e9montage | 3,5 kg","description":"","thumbnail":"https:\/\/dev.codekraft.it\/ravaglioli.it\/wp-content\/uploads\/brb_media\/00506743_g800a37-150x150.png","url":"https:\/\/dev.codekraft.it\/ravaglioli.it\/fr\/product\/pate-de-montage-demontage-35-kg\/"},{"id":155329,"mpn":"G1000A36","name":"Rallonge pour pousse talon \u00e0 28\u2033 | pour G1000A32","description":"Compris dans le kit WDK","thumbnail":"https:\/\/dev.codekraft.it\/ravaglioli.it\/wp-content\/uploads\/brb_media\/00506693_g1000a36-150x150.png","url":"https:\/\/dev.codekraft.it\/ravaglioli.it\/fr\/product\/rallonge-pour-pousse-talon-a-28%e2%80%b3-pour-g1000a32\/"}],"package":[],"related":[],"similar":[{"id":154155,"mpn":"RAV.G7641.200907","name":"D\u00e9monte-pneu G7641D.24PLUS","description":"T\u00eate de montage et levier de montage, automatique, vitesse max. 16 tr\/min, voiture de tourisme, plateau \u00e0 double positionnement, diam\u00e8tre de jante 10 - 26,5\u2033, new reinforced frame, largeur de jante max. 381 mm | Bleu (RAL 5005)","thumbnail":"https:\/\/dev.codekraft.it\/ravaglioli.it\/wp-content\/uploads\/brb_media\/00550327_tyre-changer-g7641v22-mi-150x150.png","url":"https:\/\/dev.codekraft.it\/ravaglioli.it\/fr\/product\/demonte-pneu-g7641d-24plus\/"},{"id":154167,"mpn":"RAV.G7641.201041","name":"D\u00e9monte-pneu G7641ID.24","description":"T\u00eate de montage et levier de montage, automatique, vitesse max. 16 tr\/min, voiture de tourisme, plateau \u00e0 double positionnement, diam\u00e8tre de jante 10 - 26,5\u2033, new reinforced frame, largeur de jante max. 381 mm | Bleu (RAL 5005)","thumbnail":"https:\/\/dev.codekraft.it\/ravaglioli.it\/wp-content\/uploads\/brb_media\/00508615_tyre-changer-g7641v-24-mi-150x150.png","url":"https:\/\/dev.codekraft.it\/ravaglioli.it\/fr\/product\/demonte-pneu-g7641id-24\/"},{"id":154161,"mpn":"RAV.G7641.200945","name":"D\u00e9monte-pneu G7641D.24","description":"T\u00eate de montage et levier de montage, automatique, vitesse max. 16 tr\/min, voiture de tourisme, plateau \u00e0 double positionnement, diam\u00e8tre de jante 10 - 26,5\u2033, new reinforced frame, largeur de jante max. 381 mm | Bleu (RAL 5005)","thumbnail":"https:\/\/dev.codekraft.it\/ravaglioli.it\/wp-content\/uploads\/brb_media\/00550327_tyre-changer-g7641v22-mi-150x150.png","url":"https:\/\/dev.codekraft.it\/ravaglioli.it\/fr\/product\/demonte-pneu-g7641d-24\/"},{"id":154228,"mpn":"RAV.G1065.200792","name":"D\u00e9monte-pneu G1065.N","description":"T\u00eate de montage et levier de montage, blocage central, vitesse max. 15 tr\/min, voiture de tourisme, diam\u00e8tre de jante 12 - 24\u2033, largeur de jante max. 381 mm | Bleu (RAL 5005)","thumbnail":"https:\/\/dev.codekraft.it\/ravaglioli.it\/wp-content\/uploads\/brb_media\/00508664_tyre-changer-g1065n-mi-150x150.png","url":"https:\/\/dev.codekraft.it\/ravaglioli.it\/fr\/product\/demonte-pneu-g1065-n\/"}],"page_logo_src":"https:\/\/dev.codekraft.it\/ravaglioli.it\/wp-content\/uploads\/2026\/04\/rav-negative-logo-1.png","lang":"fr","translations":{"fr":154216,"en":154213,"de":154215,"it":154217,"es":154218,"ru":154219},"pll_sync_post":[],"_links":{"self":[{"href":"https:\/\/dev.codekraft.it\/ravaglioli.it\/wp-json\/wp\/v2\/product\/154216","targetHints":{"allow":["GET"]}}],"collection":[{"href":"https:\/\/dev.codekraft.it\/ravaglioli.it\/wp-json\/wp\/v2\/product"}],"about":[{"href":"https:\/\/dev.codekraft.it\/ravaglioli.it\/wp-json\/wp\/v2\/types\/product"}],"wp:featuredmedia":[{"embeddable":true,"href":"https:\/\/dev.codekraft.it\/ravaglioli.it\/wp-json\/wp\/v2\/media\/43008"}],"wp:attachment":[{"href":"https:\/\/dev.codekraft.it\/ravaglioli.it\/wp-json\/wp\/v2\/media?parent=154216"}],"wp:term":[{"taxonomy":"product_brand","embeddable":true,"href":"https:\/\/dev.codekraft.it\/ravaglioli.it\/wp-json\/wp\/v2\/product_brand?post=154216"},{"taxonomy":"product_cat","embeddable":true,"href":"https:\/\/dev.codekraft.it\/ravaglioli.it\/wp-json\/wp\/v2\/product_cat?post=154216"},{"taxonomy":"product_tag","embeddable":true,"href":"https:\/\/dev.codekraft.it\/ravaglioli.it\/wp-json\/wp\/v2\/product_tag?post=154216"},{"taxonomy":"product_approvals","embeddable":true,"href":"https:\/\/dev.codekraft.it\/ravaglioli.it\/wp-json\/wp\/v2\/product_approvals?post=154216"},{"taxonomy":"product_application","embeddable":true,"href":"https:\/\/dev.codekraft.it\/ravaglioli.it\/wp-json\/wp\/v2\/product_application?post=154216"}],"curies":[{"name":"wp","href":"https:\/\/api.w.org\/{rel}","templated":true}]}}