{"id":154215,"date":"2025-10-30T14:31:24","date_gmt":"2025-10-30T14:31:24","guid":{"rendered":"https:\/\/dev.codekraft.it\/ravaglioli.it\/product\/reifenmontiermaschine-g1001-24elx\/"},"modified":"2026-01-14T21:02:11","modified_gmt":"2026-01-14T21:02:11","slug":"reifenmontiermaschine-g1001-24elx","status":"publish","type":"product","link":"https:\/\/dev.codekraft.it\/ravaglioli.it\/de\/product\/reifenmontiermaschine-g1001-24elx\/","title":{"rendered":"Reifenmontiermaschine G1001.24ELX"},"content":{"rendered":"<p>Schnell und einfach zu bedienen, gew\u00e4hrt dieses Modell eine sichere Montage von Leichtmetallfelgen dank der Tulpenspannung und dem Kunststoffmontagekopf.<\/p>\n<ul>\n<li>Einfache Demontage<\/li>\n<li>Special Plastic Tool: Der Kunststoffmontagekopf kann im Vergleich zu jedem Metallmontagekopf so nahe wie m\u00f6glich am Felgenrand arbeiten und reduziert somit den Stress auf den Wulst von Niederquerschnittstreifen<\/li>\n<li>Exklusive tulpenf\u00f6rmige Radspannvorrichtung: Die Kunststoffklauen schonen die Oberfl\u00e4che auch von edlen Felgen<\/li>\n<li>Center Lock<\/li>\n<li>Schnelle und einfache Montage von Niederquerschnittstreifen<\/li>\n<\/ul>\n","protected":false},"excerpt":{"rendered":"<p>Montagekopf und Montiereisen, automatisch, selbstzentrierende Tulpenspannung, max. Geschwindigkeit 15 U\/min, Pkw, Felgendurchmesser 12 &#8211; 24\u2033, max. Felgenbreite 381 mm | Blau (RAL 5005)<\/p>\n","protected":false},"featured_media":43008,"template":"","meta":[],"product_brand":[],"product_cat":[57862],"product_tag":[58287,58323],"product_approvals":[],"product_application":[],"class_list":{"0":"post-154215","1":"product","2":"type-product","3":"status-publish","4":"has-post-thumbnail","6":"product_cat-reifenmontiermaschinen-de","7":"product_tag-passenger-cars-de","8":"product_tag-light-commercial-de","10":"first","11":"instock","12":"shipping-taxable","13":"product-type-simple"},"approvals":[],"application":[],"brb_media_brochure":[{"id":150440,"url":"https:\/\/dev.codekraft.it\/ravaglioli.it\/wp-content\/uploads\/brb_media\/00521442_tyre-changer-g100124elx-br-multi-2023-09-screen.pdf","title":"Tyre Changer G100124ELX BR multi 2023 09 screen","mpn":"","thumbnail":"https:\/\/dev.codekraft.it\/ravaglioli.it\/wp-content\/uploads\/brb_media\/00521442_tyre-changer-g100124elx-br-multi-2023-09-screen-pdf-106x150.png","description":""}],"brb_media_drawing":"","brb_media_manuals":[{"id":150441,"url":"https:\/\/dev.codekraft.it\/ravaglioli.it\/wp-content\/uploads\/brb_media\/00536843_tyre-changer-rotclass-combi-ravg1001-g1065-im-7102-m035-01_vsg_rev01-de-2024-11.pdf","title":"tyre changer rotclass combi ravg1001 g1065 im 7102 m035 01 vsg rev01 de 2024 11","mpn":"","thumbnail":"https:\/\/dev.codekraft.it\/ravaglioli.it\/wp-content\/uploads\/brb_media\/00536843_tyre-changer-rotclass-combi-ravg1001-g1065-im-7102-m035-01_vsg_rev01-de-2024-11-pdf-106x150.png","description":""},{"id":150442,"url":"https:\/\/dev.codekraft.it\/ravaglioli.it\/wp-content\/uploads\/brb_media\/00536844_tyre-changer-rotclass-combi-ravg1001-g1065-im-7102-m035-01_vsg_rev01-en-2024-11.pdf","title":"tyre changer rotclass combi ravg1001 g1065 im 7102 m035 01 vsg rev01 en 2024 11","mpn":"","thumbnail":"https:\/\/dev.codekraft.it\/ravaglioli.it\/wp-content\/uploads\/brb_media\/00536844_tyre-changer-rotclass-combi-ravg1001-g1065-im-7102-m035-01_vsg_rev01-en-2024-11-pdf-106x150.png","description":""},{"id":150443,"url":"https:\/\/dev.codekraft.it\/ravaglioli.it\/wp-content\/uploads\/brb_media\/00536845_tyre-changer-rotclass-combi-ravg1001-g1065-im-7102-m035-01_vsg_rev01-fr-2024-11.pdf","title":"tyre changer rotclass combi ravg1001 g1065 im 7102 m035 01 vsg rev01 fr 2024 11","mpn":"","thumbnail":"https:\/\/dev.codekraft.it\/ravaglioli.it\/wp-content\/uploads\/brb_media\/00536845_tyre-changer-rotclass-combi-ravg1001-g1065-im-7102-m035-01_vsg_rev01-fr-2024-11-pdf-106x150.png","description":""},{"id":150444,"url":"https:\/\/dev.codekraft.it\/ravaglioli.it\/wp-content\/uploads\/brb_media\/00536846_tyre-changer-rotclass-combi-ravg1001-g1065-im-7102-m035-01_vsg_rev01-it-2024-11.pdf","title":"tyre changer rotclass combi ravg1001 g1065 im 7102 m035 01 vsg rev01 it 2024 11","mpn":"","thumbnail":"https:\/\/dev.codekraft.it\/ravaglioli.it\/wp-content\/uploads\/brb_media\/00536846_tyre-changer-rotclass-combi-ravg1001-g1065-im-7102-m035-01_vsg_rev01-it-2024-11-pdf-106x150.png","description":""},{"id":150445,"url":"https:\/\/dev.codekraft.it\/ravaglioli.it\/wp-content\/uploads\/brb_media\/00536847_tyre-changer-rotclass-combi-ravg1001-g1065-im-7102-m035-01_vsg_rev01-es-2024-11.pdf","title":"tyre changer rotclass combi ravg1001 g1065 im 7102 m035 01 vsg rev01 es 2024 11","mpn":"","thumbnail":"https:\/\/dev.codekraft.it\/ravaglioli.it\/wp-content\/uploads\/brb_media\/00536847_tyre-changer-rotclass-combi-ravg1001-g1065-im-7102-m035-01_vsg_rev01-es-2024-11-pdf-106x150.png","description":""}],"brb_media_safety_datasheets":"","brb_media_spare_parts":[],"_cdmm_p_id":"502503","_company":"Ravaglioli","_gtin":"5063084200815","accessories":[{"id":152782,"mpn":"G1000A12K","name":"Kunststoffschutz f\u00fcr Ersatz-Montagekopf G1000A14","description":"Montagekopfschutz f\u00fcr Alufelgen | 50 St\u00fcck","thumbnail":"https:\/\/dev.codekraft.it\/ravaglioli.it\/wp-content\/uploads\/brb_media\/00506677_g1000a12k-01-150x150.png","url":"https:\/\/dev.codekraft.it\/ravaglioli.it\/de\/product\/kunststoffschutz-fur-ersatz-montagekopf-g1000a14\/"},{"id":152801,"mpn":"G1000A15","name":"Montagekopf f\u00fcr Motorr\u00e4der | Kunststoff","description":"","thumbnail":"https:\/\/dev.codekraft.it\/ravaglioli.it\/wp-content\/uploads\/brb_media\/00506690_g1000a15-150x150.png","url":"https:\/\/dev.codekraft.it\/ravaglioli.it\/de\/product\/montagekopf-fur-motorrader-kunststoff\/"},{"id":152788,"mpn":"G1000A13K","name":"Montagehebel-Alufelgenschutz f\u00fcr Montiereisen | 1 Satz \/ 50 St\u00fcck","description":"","thumbnail":"https:\/\/dev.codekraft.it\/ravaglioli.it\/wp-content\/uploads\/brb_media\/00506686_g1000a13k-150x150.png","url":"https:\/\/dev.codekraft.it\/ravaglioli.it\/de\/product\/montagehebel-alufelgenschutz-fur-montiereisen-1-satz-50-stuck\/"},{"id":152263,"mpn":"G1000A55","name":"Ablagefach","description":"","thumbnail":"https:\/\/dev.codekraft.it\/ravaglioli.it\/wp-content\/uploads\/brb_media\/00506697_g1000a55-150x150.png","url":"https:\/\/dev.codekraft.it\/ravaglioli.it\/de\/product\/ablagefach\/"},{"id":153281,"mpn":"G1000A18","name":"Spannklauenadapter f\u00fcr Motorradr\u00e4der","description":"Motorcycle Kit - Adaptersatz f\u00fcr Motorr\u00e4der","thumbnail":"https:\/\/dev.codekraft.it\/ravaglioli.it\/wp-content\/uploads\/brb_media\/00506691_g1000a18-150x150.png","url":"https:\/\/dev.codekraft.it\/ravaglioli.it\/de\/product\/spannklauenadapter-fur-motorradrader\/"},{"id":153317,"mpn":"G1000A42","name":"Sicherheitsvorrichtung mit Halterung","description":"Zubeh\u00f6r f\u00fcr Reifenmontiermaschinen | 1 Satz","thumbnail":"https:\/\/dev.codekraft.it\/ravaglioli.it\/wp-content\/uploads\/brb_media\/00506695_g1000a42-150x150.png","url":"https:\/\/dev.codekraft.it\/ravaglioli.it\/de\/product\/sicherheitsvorrichtung-mit-halterung\/"},{"id":152939,"mpn":"PLUS94","name":"Hilfsmontagearm pneumatisch | linksseitige Montage","description":"Drehender pneumatischer Wulstniederhaltearm","thumbnail":"https:\/\/dev.codekraft.it\/ravaglioli.it\/wp-content\/uploads\/brb_media\/00506721_plus94-150x150.png","url":"https:\/\/dev.codekraft.it\/ravaglioli.it\/de\/product\/hilfsmontagearm-pneumatisch-links-montiert\/"},{"id":152764,"mpn":"G1000A23","name":"Montagekopf-Kraftverst\u00e4rker","description":"Zubeh\u00f6r f\u00fcr Reifenmontiermaschinen","thumbnail":"https:\/\/dev.codekraft.it\/ravaglioli.it\/wp-content\/uploads\/brb_media\/00506679_g1000a132-150x150.png","url":"https:\/\/dev.codekraft.it\/ravaglioli.it\/de\/product\/montagekopf-kraftverstarker\/"},{"id":153720,"mpn":"G1000A119","name":"Wulstniederhalter WDK | f\u00fcr PLUS94","description":"","thumbnail":"https:\/\/dev.codekraft.it\/ravaglioli.it\/wp-content\/uploads\/brb_media\/00506672_g1000a111-150x150.png","url":"https:\/\/dev.codekraft.it\/ravaglioli.it\/de\/product\/wulstniederhalter-wdk-fur-plus94\/"},{"id":152963,"mpn":"G1000A129NP","name":"Radheber mit Positionsstop","description":"","thumbnail":"https:\/\/dev.codekraft.it\/ravaglioli.it\/wp-content\/uploads\/brb_media\/00536825_tyre-changers-g1000a129np-mi-150x150.png","url":"https:\/\/dev.codekraft.it\/ravaglioli.it\/de\/product\/radheber-mit-positionsstop\/"},{"id":155920,"mpn":"G1000A14","name":"Ersatz-Montagekopf f\u00fcr Pkw | Kunststoff","description":"","thumbnail":"https:\/\/dev.codekraft.it\/ravaglioli.it\/wp-content\/uploads\/brb_media\/00506687_g1000a14-150x150.png","url":"https:\/\/dev.codekraft.it\/ravaglioli.it\/de\/product\/ersatz-montagekopf-fur-pkw-kunststoff\/"},{"id":155824,"mpn":"G1000A160","name":"Montiereisen | halbmondf\u00f6rmig","description":"","thumbnail":"https:\/\/dev.codekraft.it\/ravaglioli.it\/wp-content\/uploads\/brb_media\/00506725_b2440002-150x150.png","url":"https:\/\/dev.codekraft.it\/ravaglioli.it\/de\/product\/montiereisen-halbmondformig\/"},{"id":155515,"mpn":"G800A38","name":"Pinsel Kunststoff","description":"","thumbnail":"https:\/\/dev.codekraft.it\/ravaglioli.it\/wp-content\/uploads\/brb_media\/00506719_g800a38-150x150.png","url":"https:\/\/dev.codekraft.it\/ravaglioli.it\/de\/product\/pinsel-kunststoff\/"},{"id":154922,"mpn":"G108A16","name":"Pinsel Holz, abgewinkelt","description":"F\u00fcr Radmontagemaschinen","thumbnail":"https:\/\/dev.codekraft.it\/ravaglioli.it\/wp-content\/uploads\/brb_media\/00506731_g108a16-150x114.png","url":"https:\/\/dev.codekraft.it\/ravaglioli.it\/de\/product\/pinsel-holz-abgewinkelt\/"},{"id":155914,"mpn":"G800A37","name":"Montagepaste | 3,5 kg","description":"","thumbnail":"https:\/\/dev.codekraft.it\/ravaglioli.it\/wp-content\/uploads\/brb_media\/00506743_g800a37-150x150.png","url":"https:\/\/dev.codekraft.it\/ravaglioli.it\/de\/product\/montagepaste-35-kg\/"},{"id":155096,"mpn":"G1000A140","name":"Wulstboy mit Zugvorrichtung Standard","description":"Im WDK-Kit enthalten","thumbnail":"https:\/\/dev.codekraft.it\/ravaglioli.it\/wp-content\/uploads\/brb_media\/00506688_g1000a140-150x150.png","url":"https:\/\/dev.codekraft.it\/ravaglioli.it\/de\/product\/wulstboy-mit-zugvorrichtung-standard\/"},{"id":155144,"mpn":"G1000A67","name":"WulstBoy mit Zugvorrichtung und Wulstkette bis 28\u2033","description":"","thumbnail":"https:\/\/dev.codekraft.it\/ravaglioli.it\/wp-content\/uploads\/brb_media\/00506701_g1000a67-150x150.png","url":"https:\/\/dev.codekraft.it\/ravaglioli.it\/de\/product\/wulstboy-mit-zugvorrichtung-und-wulstkette-bis-28%e2%80%b3\/"},{"id":155150,"mpn":"G1000A56","name":"WulstBoy mit Zugvorrichtung und Wulstkette bis 22\u2033","description":"","thumbnail":"https:\/\/dev.codekraft.it\/ravaglioli.it\/wp-content\/uploads\/brb_media\/00506698_g1000a56-150x150.png","url":"https:\/\/dev.codekraft.it\/ravaglioli.it\/de\/product\/wulstboy-mit-zugvorrichtung-und-wulstkette-bis-22%e2%80%b3\/"},{"id":155328,"mpn":"G1000A36","name":"Wulstkettenverl\u00e4ngerung auf 28\u2033 | f\u00fcr G1000A32","description":"Im WDK-Kit enthalten","thumbnail":"https:\/\/dev.codekraft.it\/ravaglioli.it\/wp-content\/uploads\/brb_media\/00506693_g1000a36-150x150.png","url":"https:\/\/dev.codekraft.it\/ravaglioli.it\/de\/product\/wulstkettenverlangerung-auf-28%e2%80%b3-fur-g1000a32\/"},{"id":155569,"mpn":"G1000A7","name":"Wulstniederhalterolle","description":"","thumbnail":"https:\/\/dev.codekraft.it\/ravaglioli.it\/wp-content\/uploads\/brb_media\/00506704_g1000a7-150x150.png","url":"https:\/\/dev.codekraft.it\/ravaglioli.it\/de\/product\/wulstniederhalterolle\/"},{"id":155461,"mpn":"G800A11","name":"Kunststoffschutz f\u00fcr Abdr\u00fcckschaufel","description":"1 St\u00fcck","thumbnail":"https:\/\/dev.codekraft.it\/ravaglioli.it\/wp-content\/uploads\/brb_media\/00506714_g800a11-01-150x150.png","url":"https:\/\/dev.codekraft.it\/ravaglioli.it\/de\/product\/kunststoffschutz-fur-abdruckschaufel\/"},{"id":155800,"mpn":"G800A11K","name":"Kunststoffschutz f\u00fcr Abdr\u00fcckschaufel","description":"5 St\u00fcck","thumbnail":"https:\/\/dev.codekraft.it\/ravaglioli.it\/wp-content\/uploads\/brb_media\/00506714_g800a11-01-150x150.png","url":"https:\/\/dev.codekraft.it\/ravaglioli.it\/de\/product\/kunststoffschutz-fur-abdruckschaufel-2\/"},{"id":155794,"mpn":"G800A32","name":"Kunststoffschutz f\u00fcr Felgenhorn","description":"Felgenhornwulstschutz f\u00fcr \u201eRun Flat-Reifen\u2033 | Im WDK-Kit enthalten | 1 St\u00fcck","thumbnail":"https:\/\/dev.codekraft.it\/ravaglioli.it\/wp-content\/uploads\/brb_media\/00506718_g800a32-150x150.png","url":"https:\/\/dev.codekraft.it\/ravaglioli.it\/de\/product\/kunststoffschutz-fur-felgenhorn\/"},{"id":155818,"mpn":"G1000A100K","name":"Wulstschutzfolien | mit WDK-Zulassung","description":"Im WDK-Kit enthalten | 1 Satz \/ 50 St\u00fcck","thumbnail":"https:\/\/dev.codekraft.it\/ravaglioli.it\/wp-content\/uploads\/brb_media\/00506667_g1000a100k-01-150x150.png","url":"https:\/\/dev.codekraft.it\/ravaglioli.it\/de\/product\/wulstschutzfolien-mit-wdk-zulassung\/"},{"id":155138,"mpn":"G1000A115","name":"WDK-Abdr\u00fcckschaufelbegrenzer","description":"","thumbnail":"https:\/\/dev.codekraft.it\/ravaglioli.it\/wp-content\/uploads\/brb_media\/00506673_g1000a115-150x150.png","url":"https:\/\/dev.codekraft.it\/ravaglioli.it\/de\/product\/wdk-abdruckschaufelbegrenzer\/"}],"components":[],"delivery":[{"id":152764,"mpn":"G1000A23","name":"Montagekopf-Kraftverst\u00e4rker","description":"Zubeh\u00f6r f\u00fcr Reifenmontiermaschinen","thumbnail":"https:\/\/dev.codekraft.it\/ravaglioli.it\/wp-content\/uploads\/brb_media\/00506679_g1000a132-150x150.png","url":"https:\/\/dev.codekraft.it\/ravaglioli.it\/de\/product\/montagekopf-kraftverstarker\/"},{"id":153720,"mpn":"G1000A119","name":"Wulstniederhalter WDK | f\u00fcr PLUS94","description":"","thumbnail":"https:\/\/dev.codekraft.it\/ravaglioli.it\/wp-content\/uploads\/brb_media\/00506672_g1000a111-150x150.png","url":"https:\/\/dev.codekraft.it\/ravaglioli.it\/de\/product\/wulstniederhalter-wdk-fur-plus94\/"},{"id":152939,"mpn":"PLUS94","name":"Hilfsmontagearm pneumatisch | linksseitige Montage","description":"Drehender pneumatischer Wulstniederhaltearm","thumbnail":"https:\/\/dev.codekraft.it\/ravaglioli.it\/wp-content\/uploads\/brb_media\/00506721_plus94-150x150.png","url":"https:\/\/dev.codekraft.it\/ravaglioli.it\/de\/product\/hilfsmontagearm-pneumatisch-links-montiert\/"},{"id":153317,"mpn":"G1000A42","name":"Sicherheitsvorrichtung mit Halterung","description":"Zubeh\u00f6r f\u00fcr Reifenmontiermaschinen | 1 Satz","thumbnail":"https:\/\/dev.codekraft.it\/ravaglioli.it\/wp-content\/uploads\/brb_media\/00506695_g1000a42-150x150.png","url":"https:\/\/dev.codekraft.it\/ravaglioli.it\/de\/product\/sicherheitsvorrichtung-mit-halterung\/"},{"id":153281,"mpn":"G1000A18","name":"Spannklauenadapter f\u00fcr Motorradr\u00e4der","description":"Motorcycle Kit - Adaptersatz f\u00fcr Motorr\u00e4der","thumbnail":"https:\/\/dev.codekraft.it\/ravaglioli.it\/wp-content\/uploads\/brb_media\/00506691_g1000a18-150x150.png","url":"https:\/\/dev.codekraft.it\/ravaglioli.it\/de\/product\/spannklauenadapter-fur-motorradrader\/"},{"id":152782,"mpn":"G1000A12K","name":"Kunststoffschutz f\u00fcr Ersatz-Montagekopf G1000A14","description":"Montagekopfschutz f\u00fcr Alufelgen | 50 St\u00fcck","thumbnail":"https:\/\/dev.codekraft.it\/ravaglioli.it\/wp-content\/uploads\/brb_media\/00506677_g1000a12k-01-150x150.png","url":"https:\/\/dev.codekraft.it\/ravaglioli.it\/de\/product\/kunststoffschutz-fur-ersatz-montagekopf-g1000a14\/"},{"id":152788,"mpn":"G1000A13K","name":"Montagehebel-Alufelgenschutz f\u00fcr Montiereisen | 1 Satz \/ 50 St\u00fcck","description":"","thumbnail":"https:\/\/dev.codekraft.it\/ravaglioli.it\/wp-content\/uploads\/brb_media\/00506686_g1000a13k-150x150.png","url":"https:\/\/dev.codekraft.it\/ravaglioli.it\/de\/product\/montagehebel-alufelgenschutz-fur-montiereisen-1-satz-50-stuck\/"},{"id":152801,"mpn":"G1000A15","name":"Montagekopf f\u00fcr Motorr\u00e4der | Kunststoff","description":"","thumbnail":"https:\/\/dev.codekraft.it\/ravaglioli.it\/wp-content\/uploads\/brb_media\/00506690_g1000a15-150x150.png","url":"https:\/\/dev.codekraft.it\/ravaglioli.it\/de\/product\/montagekopf-fur-motorrader-kunststoff\/"},{"id":152963,"mpn":"G1000A129NP","name":"Radheber mit Positionsstop","description":"","thumbnail":"https:\/\/dev.codekraft.it\/ravaglioli.it\/wp-content\/uploads\/brb_media\/00536825_tyre-changers-g1000a129np-mi-150x150.png","url":"https:\/\/dev.codekraft.it\/ravaglioli.it\/de\/product\/radheber-mit-positionsstop\/"},{"id":152263,"mpn":"G1000A55","name":"Ablagefach","description":"","thumbnail":"https:\/\/dev.codekraft.it\/ravaglioli.it\/wp-content\/uploads\/brb_media\/00506697_g1000a55-150x150.png","url":"https:\/\/dev.codekraft.it\/ravaglioli.it\/de\/product\/ablagefach\/"},{"id":155818,"mpn":"G1000A100K","name":"Wulstschutzfolien | mit WDK-Zulassung","description":"Im WDK-Kit enthalten | 1 Satz \/ 50 St\u00fcck","thumbnail":"https:\/\/dev.codekraft.it\/ravaglioli.it\/wp-content\/uploads\/brb_media\/00506667_g1000a100k-01-150x150.png","url":"https:\/\/dev.codekraft.it\/ravaglioli.it\/de\/product\/wulstschutzfolien-mit-wdk-zulassung\/"},{"id":155144,"mpn":"G1000A67","name":"WulstBoy mit Zugvorrichtung und Wulstkette bis 28\u2033","description":"","thumbnail":"https:\/\/dev.codekraft.it\/ravaglioli.it\/wp-content\/uploads\/brb_media\/00506701_g1000a67-150x150.png","url":"https:\/\/dev.codekraft.it\/ravaglioli.it\/de\/product\/wulstboy-mit-zugvorrichtung-und-wulstkette-bis-28%e2%80%b3\/"},{"id":155150,"mpn":"G1000A56","name":"WulstBoy mit Zugvorrichtung und Wulstkette bis 22\u2033","description":"","thumbnail":"https:\/\/dev.codekraft.it\/ravaglioli.it\/wp-content\/uploads\/brb_media\/00506698_g1000a56-150x150.png","url":"https:\/\/dev.codekraft.it\/ravaglioli.it\/de\/product\/wulstboy-mit-zugvorrichtung-und-wulstkette-bis-22%e2%80%b3\/"},{"id":155794,"mpn":"G800A32","name":"Kunststoffschutz f\u00fcr Felgenhorn","description":"Felgenhornwulstschutz f\u00fcr \u201eRun Flat-Reifen\u2033 | Im WDK-Kit enthalten | 1 St\u00fcck","thumbnail":"https:\/\/dev.codekraft.it\/ravaglioli.it\/wp-content\/uploads\/brb_media\/00506718_g800a32-150x150.png","url":"https:\/\/dev.codekraft.it\/ravaglioli.it\/de\/product\/kunststoffschutz-fur-felgenhorn\/"},{"id":155138,"mpn":"G1000A115","name":"WDK-Abdr\u00fcckschaufelbegrenzer","description":"","thumbnail":"https:\/\/dev.codekraft.it\/ravaglioli.it\/wp-content\/uploads\/brb_media\/00506673_g1000a115-150x150.png","url":"https:\/\/dev.codekraft.it\/ravaglioli.it\/de\/product\/wdk-abdruckschaufelbegrenzer\/"},{"id":155461,"mpn":"G800A11","name":"Kunststoffschutz f\u00fcr Abdr\u00fcckschaufel","description":"1 St\u00fcck","thumbnail":"https:\/\/dev.codekraft.it\/ravaglioli.it\/wp-content\/uploads\/brb_media\/00506714_g800a11-01-150x150.png","url":"https:\/\/dev.codekraft.it\/ravaglioli.it\/de\/product\/kunststoffschutz-fur-abdruckschaufel\/"},{"id":155800,"mpn":"G800A11K","name":"Kunststoffschutz f\u00fcr Abdr\u00fcckschaufel","description":"5 St\u00fcck","thumbnail":"https:\/\/dev.codekraft.it\/ravaglioli.it\/wp-content\/uploads\/brb_media\/00506714_g800a11-01-150x150.png","url":"https:\/\/dev.codekraft.it\/ravaglioli.it\/de\/product\/kunststoffschutz-fur-abdruckschaufel-2\/"},{"id":155920,"mpn":"G1000A14","name":"Ersatz-Montagekopf f\u00fcr Pkw | Kunststoff","description":"","thumbnail":"https:\/\/dev.codekraft.it\/ravaglioli.it\/wp-content\/uploads\/brb_media\/00506687_g1000a14-150x150.png","url":"https:\/\/dev.codekraft.it\/ravaglioli.it\/de\/product\/ersatz-montagekopf-fur-pkw-kunststoff\/"},{"id":155569,"mpn":"G1000A7","name":"Wulstniederhalterolle","description":"","thumbnail":"https:\/\/dev.codekraft.it\/ravaglioli.it\/wp-content\/uploads\/brb_media\/00506704_g1000a7-150x150.png","url":"https:\/\/dev.codekraft.it\/ravaglioli.it\/de\/product\/wulstniederhalterolle\/"},{"id":155515,"mpn":"G800A38","name":"Pinsel Kunststoff","description":"","thumbnail":"https:\/\/dev.codekraft.it\/ravaglioli.it\/wp-content\/uploads\/brb_media\/00506719_g800a38-150x150.png","url":"https:\/\/dev.codekraft.it\/ravaglioli.it\/de\/product\/pinsel-kunststoff\/"},{"id":154922,"mpn":"G108A16","name":"Pinsel Holz, abgewinkelt","description":"F\u00fcr Radmontagemaschinen","thumbnail":"https:\/\/dev.codekraft.it\/ravaglioli.it\/wp-content\/uploads\/brb_media\/00506731_g108a16-150x114.png","url":"https:\/\/dev.codekraft.it\/ravaglioli.it\/de\/product\/pinsel-holz-abgewinkelt\/"},{"id":155914,"mpn":"G800A37","name":"Montagepaste | 3,5 kg","description":"","thumbnail":"https:\/\/dev.codekraft.it\/ravaglioli.it\/wp-content\/uploads\/brb_media\/00506743_g800a37-150x150.png","url":"https:\/\/dev.codekraft.it\/ravaglioli.it\/de\/product\/montagepaste-35-kg\/"},{"id":155328,"mpn":"G1000A36","name":"Wulstkettenverl\u00e4ngerung auf 28\u2033 | f\u00fcr G1000A32","description":"Im WDK-Kit enthalten","thumbnail":"https:\/\/dev.codekraft.it\/ravaglioli.it\/wp-content\/uploads\/brb_media\/00506693_g1000a36-150x150.png","url":"https:\/\/dev.codekraft.it\/ravaglioli.it\/de\/product\/wulstkettenverlangerung-auf-28%e2%80%b3-fur-g1000a32\/"}],"package":[],"related":[],"similar":[{"id":154154,"mpn":"RAV.G7641.200907","name":"Reifenmontiermaschine G7641D.24PLUS","description":"Montagekopf und Montiereisen, automatisch, Spanntisch mit 2 Positionen, max. Geschwindigkeit 16 U\/min, Pkw, Felgendurchmesser 10 - 26,5\u2033, neues und verst\u00e4rktes Geh\u00e4use, max. Felgenbreite 381 mm | Blau (RAL 5005)","thumbnail":"https:\/\/dev.codekraft.it\/ravaglioli.it\/wp-content\/uploads\/brb_media\/00550327_tyre-changer-g7641v22-mi-150x150.png","url":"https:\/\/dev.codekraft.it\/ravaglioli.it\/de\/product\/reifenmontiermaschine-g7641d-24plus\/"},{"id":154166,"mpn":"RAV.G7641.201041","name":"Reifenmontiermaschine G7641ID.24","description":"Montagekopf und Montiereisen, automatisch, Spanntisch mit 2 Positionen, max. Geschwindigkeit 16 U\/min, Pkw, Felgendurchmesser 10 - 26,5\u2033, neues und verst\u00e4rktes Geh\u00e4use, max. Felgenbreite 381 mm | Blau (RAL 5005)","thumbnail":"https:\/\/dev.codekraft.it\/ravaglioli.it\/wp-content\/uploads\/brb_media\/00508615_tyre-changer-g7641v-24-mi-150x150.png","url":"https:\/\/dev.codekraft.it\/ravaglioli.it\/de\/product\/reifenmontiermaschine-g7641id-24\/"},{"id":154160,"mpn":"RAV.G7641.200945","name":"Reifenmontiermaschine G7641D.24","description":"Montagekopf und Montiereisen, automatisch, Spanntisch mit 2 Positionen, max. Geschwindigkeit 16 U\/min, Pkw, Felgendurchmesser 10 - 26,5\u2033, neues und verst\u00e4rktes Geh\u00e4use, max. Felgenbreite 381 mm | Blau (RAL 5005)","thumbnail":"https:\/\/dev.codekraft.it\/ravaglioli.it\/wp-content\/uploads\/brb_media\/00550327_tyre-changer-g7641v22-mi-150x150.png","url":"https:\/\/dev.codekraft.it\/ravaglioli.it\/de\/product\/reifenmontiermaschine-g7641d-24\/"},{"id":154227,"mpn":"RAV.G1065.200792","name":"Reifenmontiermaschine G1065.N","description":"Montagekopf und Montiereisen, Zentralspannung, max. Geschwindigkeit 15 U\/min, Pkw, Felgendurchmesser 12 - 24\u2033, max. Felgenbreite 381 mm | Blau (RAL 5005)","thumbnail":"https:\/\/dev.codekraft.it\/ravaglioli.it\/wp-content\/uploads\/brb_media\/00508664_tyre-changer-g1065n-mi-150x150.png","url":"https:\/\/dev.codekraft.it\/ravaglioli.it\/de\/product\/reifenmontiermaschine-g1065-n\/"}],"page_logo_src":"https:\/\/dev.codekraft.it\/ravaglioli.it\/wp-content\/uploads\/2026\/04\/rav-negative-logo-1.png","lang":"de","translations":{"de":154215,"en":154213,"fr":154216,"it":154217,"es":154218,"ru":154219},"pll_sync_post":[],"_links":{"self":[{"href":"https:\/\/dev.codekraft.it\/ravaglioli.it\/wp-json\/wp\/v2\/product\/154215","targetHints":{"allow":["GET"]}}],"collection":[{"href":"https:\/\/dev.codekraft.it\/ravaglioli.it\/wp-json\/wp\/v2\/product"}],"about":[{"href":"https:\/\/dev.codekraft.it\/ravaglioli.it\/wp-json\/wp\/v2\/types\/product"}],"wp:featuredmedia":[{"embeddable":true,"href":"https:\/\/dev.codekraft.it\/ravaglioli.it\/wp-json\/wp\/v2\/media\/43008"}],"wp:attachment":[{"href":"https:\/\/dev.codekraft.it\/ravaglioli.it\/wp-json\/wp\/v2\/media?parent=154215"}],"wp:term":[{"taxonomy":"product_brand","embeddable":true,"href":"https:\/\/dev.codekraft.it\/ravaglioli.it\/wp-json\/wp\/v2\/product_brand?post=154215"},{"taxonomy":"product_cat","embeddable":true,"href":"https:\/\/dev.codekraft.it\/ravaglioli.it\/wp-json\/wp\/v2\/product_cat?post=154215"},{"taxonomy":"product_tag","embeddable":true,"href":"https:\/\/dev.codekraft.it\/ravaglioli.it\/wp-json\/wp\/v2\/product_tag?post=154215"},{"taxonomy":"product_approvals","embeddable":true,"href":"https:\/\/dev.codekraft.it\/ravaglioli.it\/wp-json\/wp\/v2\/product_approvals?post=154215"},{"taxonomy":"product_application","embeddable":true,"href":"https:\/\/dev.codekraft.it\/ravaglioli.it\/wp-json\/wp\/v2\/product_application?post=154215"}],"curies":[{"name":"wp","href":"https:\/\/api.w.org\/{rel}","templated":true}]}}