{"id":154211,"date":"2025-10-30T14:31:24","date_gmt":"2025-10-30T14:31:24","guid":{"rendered":"https:\/\/dev.codekraft.it\/ravaglioli.it\/product\/desmontadora-de-neumaticos-g7240-bike\/"},"modified":"2026-01-14T21:01:42","modified_gmt":"2026-01-14T21:01:42","slug":"desmontadora-de-neumaticos-g7240-bike","status":"publish","type":"product","link":"https:\/\/dev.codekraft.it\/ravaglioli.it\/es\/product\/desmontadora-de-neumaticos-g7240-bike\/","title":{"rendered":"Desmontadora de neum\u00e1ticos G7240.BIKE"},"content":{"rendered":"<p>Desmontadoras fabricadas especialmente para ruedas de moto<\/p>\n<ul>\n<li>Bloqueo exterior 6 &#8211; 24\u2033<\/li>\n<\/ul>\n","protected":false},"excerpt":{"rendered":"<p>Serie swing, con mandril Bike, velocidad max. 7,3 r\/min, moto, di\u00e1metro de llanta 6 &#8211; 24\u2033, anchura llanta m\u00e1x. 304 mm | Azul (RAL 5005)<\/p>\n","protected":false},"featured_media":43000,"template":"","meta":[],"product_brand":[],"product_cat":[57904],"product_tag":[58400,58417],"product_approvals":[],"product_application":[],"class_list":{"0":"post-154211","1":"product","2":"type-product","3":"status-publish","4":"has-post-thumbnail","6":"product_cat-desmontadoras-es","7":"product_tag-motorbikes-es","8":"product_tag-scooter-es","10":"first","11":"instock","12":"shipping-taxable","13":"product-type-simple"},"approvals":[],"application":[],"brb_media_brochure":[{"id":150439,"url":"https:\/\/dev.codekraft.it\/ravaglioli.it\/wp-content\/uploads\/brb_media\/00521444_tyre-changer-g7240-bike-br-multi-2023-09-screen.pdf","title":"Tyre Changer G7240 BIKE BR multi 2023 09 screen","mpn":"","thumbnail":"https:\/\/dev.codekraft.it\/ravaglioli.it\/wp-content\/uploads\/brb_media\/00521444_tyre-changer-g7240-bike-br-multi-2023-09-screen-pdf-106x150.png","description":""}],"brb_media_drawing":"","brb_media_manuals":[{"id":150437,"url":"https:\/\/dev.codekraft.it\/ravaglioli.it\/wp-content\/uploads\/brb_media\/00539695_tyre-changer-rot-rav-pc240bike-pc240bike-mf-g7240bike-g7240bike-mf-g724020-g7240i22a-g7246id26a-im-7300-m051-01_vsg_rev01-multi-2024-07.pdf","title":"tyre changer rot rav pc240bike pc240bike mf g7240bike g7240bike mf g724020 g7240i22a g7246id26a im 7300 m051 01 vsg rev01 multi 2024 07","mpn":"","thumbnail":"https:\/\/dev.codekraft.it\/ravaglioli.it\/wp-content\/uploads\/brb_media\/00539695_tyre-changer-rot-rav-pc240bike-pc240bike-mf-g7240bike-g7240bike-mf-g724020-g7240i22a-g7246id26a-im-7300-m051-01_vsg_rev01-multi-2024-07-pdf-106x150.png","description":""}],"brb_media_safety_datasheets":"","brb_media_spare_parts":[],"_cdmm_p_id":"502502","_company":"Ravaglioli","_gtin":"5063084200730","accessories":[{"id":153272,"mpn":"G800A8","name":"Protecci\u00f3n de pl\u00e1stico para cabezal de montaje | Leverless","description":"Protecciones \u00fatil para llantas de aleaci\u00f3n | 1 juego","thumbnail":"https:\/\/dev.codekraft.it\/ravaglioli.it\/wp-content\/uploads\/brb_media\/00506649_g800a8-150x150.png","url":"https:\/\/dev.codekraft.it\/ravaglioli.it\/es\/product\/proteccion-de-plastico-para-cabezal-de-montaje-leverless\/"},{"id":153693,"mpn":"G800A8K","name":"Protecci\u00f3n de pl\u00e1stico para cabezal de montaje | Leverless","description":"Protecciones \u00fatil para llantas de aleaci\u00f3n | 10 juegos","thumbnail":"https:\/\/dev.codekraft.it\/ravaglioli.it\/wp-content\/uploads\/brb_media\/00506649_g800a8-150x150.png","url":"https:\/\/dev.codekraft.it\/ravaglioli.it\/es\/product\/proteccion-de-plastico-para-cabezal-de-montaje-leverless-2\/"},{"id":153705,"mpn":"G84A17K","name":"Protecci\u00f3n de pl\u00e1stico para cabezal de montaje G800A110","description":"Protecciones \u00fatil para llantas de aleaci\u00f3n | para maquinas con \u00fatil | 10 juegos","thumbnail":"https:\/\/dev.codekraft.it\/ravaglioli.it\/wp-content\/uploads\/brb_media\/00506657_g84a17-150x150.png","url":"https:\/\/dev.codekraft.it\/ravaglioli.it\/es\/product\/proteccion-de-plastico-para-cabezal-de-montaje-g800a110\/"},{"id":152791,"mpn":"G1000A13K","name":"Protecciones palanca levanta talones para palanca | 1 juego \/ 50 piezas","description":"","thumbnail":"https:\/\/dev.codekraft.it\/ravaglioli.it\/wp-content\/uploads\/brb_media\/00506686_g1000a13k-150x150.png","url":"https:\/\/dev.codekraft.it\/ravaglioli.it\/es\/product\/protecciones-palanca-levanta-talones-para-palanca-1-juego-50-piezas\/"},{"id":155524,"mpn":"G800A35","name":"Elevador para ruedas neum\u00e1tico","description":"","thumbnail":"https:\/\/dev.codekraft.it\/ravaglioli.it\/wp-content\/uploads\/brb_media\/00506634_g800a35-150x150.png","url":"https:\/\/dev.codekraft.it\/ravaglioli.it\/es\/product\/elevador-para-ruedas-neumatico\/"},{"id":155470,"mpn":"G800A70","name":"Juego enganche r\u00e1pido \u00fatiles | sin \u00fatil","description":"El juego G800A70 reduce la altura m\u00e1xima de rueda de 2\u2033","thumbnail":"https:\/\/dev.codekraft.it\/ravaglioli.it\/wp-content\/uploads\/brb_media\/00506641_g800a70-150x150.png","url":"https:\/\/dev.codekraft.it\/ravaglioli.it\/es\/product\/juego-enganche-rapido-utiles-sin-util\/"},{"id":155488,"mpn":"G800A76","name":"Cabezal de montaje para ruedas ATV","description":"Para todos los modelos con enganche r\u00e1pido | completo de soporte para enganche rapido","thumbnail":"https:\/\/dev.codekraft.it\/ravaglioli.it\/wp-content\/uploads\/brb_media\/00506645_g800a76-150x150.png","url":"https:\/\/dev.codekraft.it\/ravaglioli.it\/es\/product\/cabezal-de-montaje-para-ruedas-atv\/"},{"id":155809,"mpn":"G800A77","name":"Juego contenedor para v\u00e1lvulas\/accesorios | con palo de fijaci\u00f3n","description":"","thumbnail":"https:\/\/dev.codekraft.it\/ravaglioli.it\/wp-content\/uploads\/brb_media\/00506646_g800a77-02-150x150.png","url":"https:\/\/dev.codekraft.it\/ravaglioli.it\/es\/product\/juego-contenedor-para-valvulas-accesorios-con-palo-de-fijacion\/"},{"id":155827,"mpn":"G1000A160","name":"Palanca | en forma de \u201cpl\u00e1tano\u201d","description":"","thumbnail":"https:\/\/dev.codekraft.it\/ravaglioli.it\/wp-content\/uploads\/brb_media\/00506725_b2440002-150x150.png","url":"https:\/\/dev.codekraft.it\/ravaglioli.it\/es\/product\/palanca-en-forma-de-platano\/"},{"id":155821,"mpn":"G1000A100K","name":"Pel\u00edculas de protecci\u00f3n de tal\u00f3n | con homologaci\u00f3n WDK","description":"Incluido en el kit WDK | 1 juego \/ 50 piezas","thumbnail":"https:\/\/dev.codekraft.it\/ravaglioli.it\/wp-content\/uploads\/brb_media\/00506667_g1000a100k-01-150x150.png","url":"https:\/\/dev.codekraft.it\/ravaglioli.it\/es\/product\/peliculas-de-proteccion-de-talon-con-homologacion-wdk\/"},{"id":155917,"mpn":"G800A37","name":"Jab\u00f3n lubricante para montaje\/desmontaje neum\u00e1ticos | 3,5 kg","description":"","thumbnail":"https:\/\/dev.codekraft.it\/ravaglioli.it\/wp-content\/uploads\/brb_media\/00506743_g800a37-150x150.png","url":"https:\/\/dev.codekraft.it\/ravaglioli.it\/es\/product\/jabon-lubricante-para-montaje-desmontaje-neumaticos-35-kg\/"}],"components":[],"delivery":[{"id":155494,"mpn":"G800A74","name":"Cabezal de montaje para motocicletas | en pl\u00e1stico","description":"Para todos los modelos con enganche r\u00e1pido | completo de casquillo para enganche r\u00e1pido","thumbnail":"https:\/\/dev.codekraft.it\/ravaglioli.it\/wp-content\/uploads\/brb_media\/00506643_g800a74-150x150.png","url":"https:\/\/dev.codekraft.it\/ravaglioli.it\/es\/product\/cabezal-de-montaje-para-motocicletas-en-plastico-2\/"},{"id":155159,"mpn":"G1000A52","name":"Palanca Est\u00e1ndar","description":"Turismos","thumbnail":"https:\/\/dev.codekraft.it\/ravaglioli.it\/wp-content\/uploads\/brb_media\/00506696_g1000a52-150x150.png","url":"https:\/\/dev.codekraft.it\/ravaglioli.it\/es\/product\/palanca-estandar\/"},{"id":155518,"mpn":"G800A38","name":"Brocha Pl\u00e1stico","description":"","thumbnail":"https:\/\/dev.codekraft.it\/ravaglioli.it\/wp-content\/uploads\/brb_media\/00506719_g800a38-150x150.png","url":"https:\/\/dev.codekraft.it\/ravaglioli.it\/es\/product\/brocha-plastico\/"}],"package":[],"related":[],"similar":[{"id":154144,"mpn":"RAV.G7441.200969","name":"Desmontadora de neum\u00e1ticos G7441.22","description":"Autom\u00e1tica, 2 velocidades (m\u00e1x. 13 r\/min), turismo, di\u00e1metro de llanta 10 - 24,5\u2033, anchura llanta m\u00e1x. 381 mm | Azul (RAL 5005)","thumbnail":"https:\/\/dev.codekraft.it\/ravaglioli.it\/wp-content\/uploads\/brb_media\/00509567_tyre-changer-g7441-mi-150x150.png","url":"https:\/\/dev.codekraft.it\/ravaglioli.it\/es\/product\/desmontadora-de-neumaticos-g7441-22\/"},{"id":154150,"mpn":"RAV.G7441.201140","name":"Desmontadora de neum\u00e1ticos G7441.20","description":"Autom\u00e1tica, velocidad m\u00e1x. 7,3 r\/min, turismo, di\u00e1metro de llanta 10 - 24,5\u2033, anchura llanta m\u00e1x. 381 mm | Azul (RAL 5005)","thumbnail":"https:\/\/dev.codekraft.it\/ravaglioli.it\/wp-content\/uploads\/brb_media\/00508600_tyre-changer-g7441v-20-mi-150x150.png","url":"https:\/\/dev.codekraft.it\/ravaglioli.it\/es\/product\/desmontadora-de-neumaticos-g7441-20\/"},{"id":154205,"mpn":"RAV.G7240.201157","name":"Desmontadora de neum\u00e1ticos G7240.20","description":"Semiautom\u00e1tica, serie swing, velocidad max. 7,3 r\/min, turismo, di\u00e1metro de llanta 10 - 22,5\u2033 (mandril 20\u2033), anchura llanta m\u00e1x. 305 mm | Azul (RAL 5005)","thumbnail":"https:\/\/dev.codekraft.it\/ravaglioli.it\/wp-content\/uploads\/brb_media\/00508632_tyre-changer-g7240-20-mi-01-150x150.png","url":"https:\/\/dev.codekraft.it\/ravaglioli.it\/es\/product\/desmontadora-de-neumaticos-g7240-20\/"}],"page_logo_src":"https:\/\/dev.codekraft.it\/ravaglioli.it\/wp-content\/uploads\/2026\/04\/rav-negative-logo-1.png","lang":"es","translations":{"es":154211,"en":154207,"de":154208,"fr":154209,"it":154210,"ru":154212},"pll_sync_post":[],"_links":{"self":[{"href":"https:\/\/dev.codekraft.it\/ravaglioli.it\/wp-json\/wp\/v2\/product\/154211","targetHints":{"allow":["GET"]}}],"collection":[{"href":"https:\/\/dev.codekraft.it\/ravaglioli.it\/wp-json\/wp\/v2\/product"}],"about":[{"href":"https:\/\/dev.codekraft.it\/ravaglioli.it\/wp-json\/wp\/v2\/types\/product"}],"wp:featuredmedia":[{"embeddable":true,"href":"https:\/\/dev.codekraft.it\/ravaglioli.it\/wp-json\/wp\/v2\/media\/43000"}],"wp:attachment":[{"href":"https:\/\/dev.codekraft.it\/ravaglioli.it\/wp-json\/wp\/v2\/media?parent=154211"}],"wp:term":[{"taxonomy":"product_brand","embeddable":true,"href":"https:\/\/dev.codekraft.it\/ravaglioli.it\/wp-json\/wp\/v2\/product_brand?post=154211"},{"taxonomy":"product_cat","embeddable":true,"href":"https:\/\/dev.codekraft.it\/ravaglioli.it\/wp-json\/wp\/v2\/product_cat?post=154211"},{"taxonomy":"product_tag","embeddable":true,"href":"https:\/\/dev.codekraft.it\/ravaglioli.it\/wp-json\/wp\/v2\/product_tag?post=154211"},{"taxonomy":"product_approvals","embeddable":true,"href":"https:\/\/dev.codekraft.it\/ravaglioli.it\/wp-json\/wp\/v2\/product_approvals?post=154211"},{"taxonomy":"product_application","embeddable":true,"href":"https:\/\/dev.codekraft.it\/ravaglioli.it\/wp-json\/wp\/v2\/product_application?post=154211"}],"curies":[{"name":"wp","href":"https:\/\/api.w.org\/{rel}","templated":true}]}}