{"id":154209,"date":"2025-10-30T14:31:24","date_gmt":"2025-10-30T14:31:24","guid":{"rendered":"https:\/\/dev.codekraft.it\/ravaglioli.it\/product\/demonte-pneu-g7240-bike\/"},"modified":"2026-01-14T21:01:40","modified_gmt":"2026-01-14T21:01:40","slug":"demonte-pneu-g7240-bike","status":"publish","type":"product","link":"https:\/\/dev.codekraft.it\/ravaglioli.it\/fr\/product\/demonte-pneu-g7240-bike\/","title":{"rendered":"D\u00e9monte-pneu G7240.BIKE"},"content":{"rendered":"<p>D\u00e9monte-pneus avec \u00e9quipement sp\u00e9cial pour les roues moto<\/p>\n<ul>\n<li>Blocage ext\u00e9rieur 6 &#8211; 24\u2033<\/li>\n<\/ul>\n","protected":false},"excerpt":{"rendered":"<p>S\u00e9rie swing, avec mandrin pour v\u00e9lo, vitesse max. 7,3 tr\/min, moto, diam\u00e8tre de jante 6 &#8211; 24\u2033, largeur de jante max. 304 mm | Bleu (RAL 5005)<\/p>\n","protected":false},"featured_media":43000,"template":"","meta":[],"product_brand":[],"product_cat":[57876],"product_tag":[58394,58411],"product_approvals":[],"product_application":[],"class_list":{"0":"post-154209","1":"product","2":"type-product","3":"status-publish","4":"has-post-thumbnail","6":"product_cat-demonte-pneus-fr","7":"product_tag-motorbikes-fr","8":"product_tag-scooter-fr","10":"first","11":"instock","12":"shipping-taxable","13":"product-type-simple"},"approvals":[],"application":[],"brb_media_brochure":[{"id":150439,"url":"https:\/\/dev.codekraft.it\/ravaglioli.it\/wp-content\/uploads\/brb_media\/00521444_tyre-changer-g7240-bike-br-multi-2023-09-screen.pdf","title":"Tyre Changer G7240 BIKE BR multi 2023 09 screen","mpn":"","thumbnail":"https:\/\/dev.codekraft.it\/ravaglioli.it\/wp-content\/uploads\/brb_media\/00521444_tyre-changer-g7240-bike-br-multi-2023-09-screen-pdf-106x150.png","description":""}],"brb_media_drawing":"","brb_media_manuals":[{"id":150437,"url":"https:\/\/dev.codekraft.it\/ravaglioli.it\/wp-content\/uploads\/brb_media\/00539695_tyre-changer-rot-rav-pc240bike-pc240bike-mf-g7240bike-g7240bike-mf-g724020-g7240i22a-g7246id26a-im-7300-m051-01_vsg_rev01-multi-2024-07.pdf","title":"tyre changer rot rav pc240bike pc240bike mf g7240bike g7240bike mf g724020 g7240i22a g7246id26a im 7300 m051 01 vsg rev01 multi 2024 07","mpn":"","thumbnail":"https:\/\/dev.codekraft.it\/ravaglioli.it\/wp-content\/uploads\/brb_media\/00539695_tyre-changer-rot-rav-pc240bike-pc240bike-mf-g7240bike-g7240bike-mf-g724020-g7240i22a-g7246id26a-im-7300-m051-01_vsg_rev01-multi-2024-07-pdf-106x150.png","description":""}],"brb_media_safety_datasheets":"","brb_media_spare_parts":[],"_cdmm_p_id":"502502","_company":"Ravaglioli","_gtin":"5063084200730","accessories":[{"id":153270,"mpn":"G800A8","name":"Protection plastique pour t\u00eate de montage | Leverless","description":"Kit de protection t\u00eate pour jantes en alliage | 1 jeu","thumbnail":"https:\/\/dev.codekraft.it\/ravaglioli.it\/wp-content\/uploads\/brb_media\/00506649_g800a8-150x150.png","url":"https:\/\/dev.codekraft.it\/ravaglioli.it\/fr\/product\/protection-plastique-pour-tete-de-montage-leverless\/"},{"id":153691,"mpn":"G800A8K","name":"Protection plastique pour t\u00eate de montage | Leverless","description":"Kit de protection t\u00eate pour jantes en alliage | 10 jeux","thumbnail":"https:\/\/dev.codekraft.it\/ravaglioli.it\/wp-content\/uploads\/brb_media\/00506649_g800a8-150x150.png","url":"https:\/\/dev.codekraft.it\/ravaglioli.it\/fr\/product\/protection-plastique-pour-tete-de-montage-leverless-2\/"},{"id":153703,"mpn":"G84A17K","name":"Protection plastique pour t\u00eate de montage G800A110","description":"Kit de protection t\u00eate pour jantes en alliage | pour appareils avec tete | 10 jeux","thumbnail":"https:\/\/dev.codekraft.it\/ravaglioli.it\/wp-content\/uploads\/brb_media\/00506657_g84a17-150x150.png","url":"https:\/\/dev.codekraft.it\/ravaglioli.it\/fr\/product\/protection-plastique-pour-tete-de-montage-g800a110\/"},{"id":152789,"mpn":"G1000A13K","name":"Protections levier pour t\u00eate de montage | 1 jeu \/ 50 pi\u00e8ces","description":"","thumbnail":"https:\/\/dev.codekraft.it\/ravaglioli.it\/wp-content\/uploads\/brb_media\/00506686_g1000a13k-150x150.png","url":"https:\/\/dev.codekraft.it\/ravaglioli.it\/fr\/product\/protections-levier-pour-tete-de-montage-1-jeu-50-pieces\/"},{"id":155522,"mpn":"G800A35","name":"\u00c8l\u00e9vateur de roue pneumatique","description":"","thumbnail":"https:\/\/dev.codekraft.it\/ravaglioli.it\/wp-content\/uploads\/brb_media\/00506634_g800a35-150x150.png","url":"https:\/\/dev.codekraft.it\/ravaglioli.it\/fr\/product\/elevateur-de-roue-pneumatique\/"},{"id":155468,"mpn":"G800A70","name":"Kit raccord rapide | sans outil","description":"El juego G800A70 reduce la altura m\u00e1xima de rueda de 2\u2033","thumbnail":"https:\/\/dev.codekraft.it\/ravaglioli.it\/wp-content\/uploads\/brb_media\/00506641_g800a70-150x150.png","url":"https:\/\/dev.codekraft.it\/ravaglioli.it\/fr\/product\/kit-raccord-rapide-sans-outil\/"},{"id":155486,"mpn":"G800A76","name":"T\u00eate de montage pour roues ATV","description":"Pour tous les mod\u00e8les de raccords rapides | avec moyeu \u00e0 serrage rapide","thumbnail":"https:\/\/dev.codekraft.it\/ravaglioli.it\/wp-content\/uploads\/brb_media\/00506645_g800a76-150x150.png","url":"https:\/\/dev.codekraft.it\/ravaglioli.it\/fr\/product\/tete-de-montage-pour-roues-atv\/"},{"id":155807,"mpn":"G800A77","name":"Bac pour valves\/accessoires | avec tuyau de fixation","description":"","thumbnail":"https:\/\/dev.codekraft.it\/ravaglioli.it\/wp-content\/uploads\/brb_media\/00506646_g800a77-02-150x150.png","url":"https:\/\/dev.codekraft.it\/ravaglioli.it\/fr\/product\/bac-pour-valves-accessoires-avec-tuyau-de-fixation\/"},{"id":155825,"mpn":"G1000A160","name":"Levier d\u00e9mi-lune","description":"","thumbnail":"https:\/\/dev.codekraft.it\/ravaglioli.it\/wp-content\/uploads\/brb_media\/00506725_b2440002-150x150.png","url":"https:\/\/dev.codekraft.it\/ravaglioli.it\/fr\/product\/levier-demi-lune\/"},{"id":155819,"mpn":"G1000A100K","name":"Plaques de protection de talon | approuv\u00e9es WDK","description":"Compris dans le kit WDK | 1\u00a0jeu \/ 50\u00a0pi\u00e8ces","thumbnail":"https:\/\/dev.codekraft.it\/ravaglioli.it\/wp-content\/uploads\/brb_media\/00506667_g1000a100k-01-150x150.png","url":"https:\/\/dev.codekraft.it\/ravaglioli.it\/fr\/product\/plaques-de-protection-de-talon-approuvees-wdk\/"},{"id":155915,"mpn":"G800A37","name":"P\u00e2te de montage\/d\u00e9montage | 3,5 kg","description":"","thumbnail":"https:\/\/dev.codekraft.it\/ravaglioli.it\/wp-content\/uploads\/brb_media\/00506743_g800a37-150x150.png","url":"https:\/\/dev.codekraft.it\/ravaglioli.it\/fr\/product\/pate-de-montage-demontage-35-kg\/"}],"components":[],"delivery":[{"id":155492,"mpn":"G800A74","name":"T\u00eate de montage pour motos | en mat\u00e9riel synth\u00e9tique VL","description":"Pour tous les mod\u00e8les de raccords rapides | complet de moyeu pour raccord rapide","thumbnail":"https:\/\/dev.codekraft.it\/ravaglioli.it\/wp-content\/uploads\/brb_media\/00506643_g800a74-150x150.png","url":"https:\/\/dev.codekraft.it\/ravaglioli.it\/fr\/product\/tete-de-montage-pour-motos-en-materiel-synthetique-vl-2\/"},{"id":155157,"mpn":"G1000A52","name":"Levier Standard","description":"Voitures particuli\u00e8res","thumbnail":"https:\/\/dev.codekraft.it\/ravaglioli.it\/wp-content\/uploads\/brb_media\/00506696_g1000a52-150x150.png","url":"https:\/\/dev.codekraft.it\/ravaglioli.it\/fr\/product\/levier-standard\/"},{"id":155516,"mpn":"G800A38","name":"Pinceau Plastique","description":"","thumbnail":"https:\/\/dev.codekraft.it\/ravaglioli.it\/wp-content\/uploads\/brb_media\/00506719_g800a38-150x150.png","url":"https:\/\/dev.codekraft.it\/ravaglioli.it\/fr\/product\/pinceau-plastique\/"}],"package":[],"related":[],"similar":[{"id":154142,"mpn":"RAV.G7441.200969","name":"D\u00e9monte-pneu G7441.22","description":"Automatique, 2 vitesses (max. 13 tr\/mn), voiture de tourisme, diam\u00e8tre de jante 10 - 24,5\u2033, argeur de jante max. 381 mm | Bleu (RAL 5005)","thumbnail":"https:\/\/dev.codekraft.it\/ravaglioli.it\/wp-content\/uploads\/brb_media\/00509567_tyre-changer-g7441-mi-150x150.png","url":"https:\/\/dev.codekraft.it\/ravaglioli.it\/fr\/product\/demonte-pneu-g7441-22\/"},{"id":154148,"mpn":"RAV.G7441.201140","name":"D\u00e9monte-pneu G7441.20","description":"Automatique, max. vitesse 7,3 tr\/mn, voiture de tourisme, diam\u00e8tre de jante 10 - 24,5\u2033, argeur de jante max. 381 mm | Bleu (RAL 5005)","thumbnail":"https:\/\/dev.codekraft.it\/ravaglioli.it\/wp-content\/uploads\/brb_media\/00508600_tyre-changer-g7441v-20-mi-150x150.png","url":"https:\/\/dev.codekraft.it\/ravaglioli.it\/fr\/product\/demonte-pneu-g7441-20\/"},{"id":154203,"mpn":"RAV.G7240.201157","name":"D\u00e9monte-pneu G7240.20","description":"Semi-automatique, s\u00e9rie swing, vitesse max. 7,3 tr\/min, voiture de tourisme, diam\u00e8tre de jante 10 - 22,5\u2033 (mandrin 20\u2033), largeur de jante max. 305 mm | Bleu (RAL 5005)","thumbnail":"https:\/\/dev.codekraft.it\/ravaglioli.it\/wp-content\/uploads\/brb_media\/00508632_tyre-changer-g7240-20-mi-01-150x150.png","url":"https:\/\/dev.codekraft.it\/ravaglioli.it\/fr\/product\/demonte-pneu-g7240-20\/"}],"page_logo_src":"https:\/\/dev.codekraft.it\/ravaglioli.it\/wp-content\/uploads\/2026\/04\/rav-negative-logo-1.png","lang":"fr","translations":{"fr":154209,"en":154207,"de":154208,"it":154210,"es":154211,"ru":154212},"pll_sync_post":[],"_links":{"self":[{"href":"https:\/\/dev.codekraft.it\/ravaglioli.it\/wp-json\/wp\/v2\/product\/154209","targetHints":{"allow":["GET"]}}],"collection":[{"href":"https:\/\/dev.codekraft.it\/ravaglioli.it\/wp-json\/wp\/v2\/product"}],"about":[{"href":"https:\/\/dev.codekraft.it\/ravaglioli.it\/wp-json\/wp\/v2\/types\/product"}],"wp:featuredmedia":[{"embeddable":true,"href":"https:\/\/dev.codekraft.it\/ravaglioli.it\/wp-json\/wp\/v2\/media\/43000"}],"wp:attachment":[{"href":"https:\/\/dev.codekraft.it\/ravaglioli.it\/wp-json\/wp\/v2\/media?parent=154209"}],"wp:term":[{"taxonomy":"product_brand","embeddable":true,"href":"https:\/\/dev.codekraft.it\/ravaglioli.it\/wp-json\/wp\/v2\/product_brand?post=154209"},{"taxonomy":"product_cat","embeddable":true,"href":"https:\/\/dev.codekraft.it\/ravaglioli.it\/wp-json\/wp\/v2\/product_cat?post=154209"},{"taxonomy":"product_tag","embeddable":true,"href":"https:\/\/dev.codekraft.it\/ravaglioli.it\/wp-json\/wp\/v2\/product_tag?post=154209"},{"taxonomy":"product_approvals","embeddable":true,"href":"https:\/\/dev.codekraft.it\/ravaglioli.it\/wp-json\/wp\/v2\/product_approvals?post=154209"},{"taxonomy":"product_application","embeddable":true,"href":"https:\/\/dev.codekraft.it\/ravaglioli.it\/wp-json\/wp\/v2\/product_application?post=154209"}],"curies":[{"name":"wp","href":"https:\/\/api.w.org\/{rel}","templated":true}]}}