{"id":154208,"date":"2025-10-30T14:31:24","date_gmt":"2025-10-30T14:31:24","guid":{"rendered":"https:\/\/dev.codekraft.it\/ravaglioli.it\/product\/reifenmontiermaschine-g7240-bike\/"},"modified":"2026-01-14T21:01:39","modified_gmt":"2026-01-14T21:01:39","slug":"reifenmontiermaschine-g7240-bike","status":"publish","type":"product","link":"https:\/\/dev.codekraft.it\/ravaglioli.it\/de\/product\/reifenmontiermaschine-g7240-bike\/","title":{"rendered":"Reifenmontiermaschine G7240.BIKE"},"content":{"rendered":"<p>Reifenmontierger\u00e4te speziell ausgestattet f\u00fcr die Montage von Motorradr\u00e4dern<\/p>\n<ul>\n<li>Aussengespannt 6 &#8211; 24\u2033<\/li>\n<\/ul>\n","protected":false},"excerpt":{"rendered":"<p>Swing-Serie, mit Motorrad-Spanntisch, max. Geschwindigkeit 7,3 U\/min, Motorrad, Felgendurchmesser 6 &#8211; 24\u2033, max. Felgenbreite 304 mm | Blau (RAL 5005)<\/p>\n","protected":false},"featured_media":43000,"template":"","meta":[],"product_brand":[],"product_cat":[57862],"product_tag":[58391,58408],"product_approvals":[],"product_application":[],"class_list":{"0":"post-154208","1":"product","2":"type-product","3":"status-publish","4":"has-post-thumbnail","6":"product_cat-reifenmontiermaschinen-de","7":"product_tag-motorbikes-de","8":"product_tag-scooter-de","10":"first","11":"instock","12":"shipping-taxable","13":"product-type-simple"},"approvals":[],"application":[],"brb_media_brochure":[{"id":150439,"url":"https:\/\/dev.codekraft.it\/ravaglioli.it\/wp-content\/uploads\/brb_media\/00521444_tyre-changer-g7240-bike-br-multi-2023-09-screen.pdf","title":"Tyre Changer G7240 BIKE BR multi 2023 09 screen","mpn":"","thumbnail":"https:\/\/dev.codekraft.it\/ravaglioli.it\/wp-content\/uploads\/brb_media\/00521444_tyre-changer-g7240-bike-br-multi-2023-09-screen-pdf-106x150.png","description":""}],"brb_media_drawing":"","brb_media_manuals":[{"id":150437,"url":"https:\/\/dev.codekraft.it\/ravaglioli.it\/wp-content\/uploads\/brb_media\/00539695_tyre-changer-rot-rav-pc240bike-pc240bike-mf-g7240bike-g7240bike-mf-g724020-g7240i22a-g7246id26a-im-7300-m051-01_vsg_rev01-multi-2024-07.pdf","title":"tyre changer rot rav pc240bike pc240bike mf g7240bike g7240bike mf g724020 g7240i22a g7246id26a im 7300 m051 01 vsg rev01 multi 2024 07","mpn":"","thumbnail":"https:\/\/dev.codekraft.it\/ravaglioli.it\/wp-content\/uploads\/brb_media\/00539695_tyre-changer-rot-rav-pc240bike-pc240bike-mf-g7240bike-g7240bike-mf-g724020-g7240i22a-g7246id26a-im-7300-m051-01_vsg_rev01-multi-2024-07-pdf-106x150.png","description":""}],"brb_media_safety_datasheets":"","brb_media_spare_parts":[],"_cdmm_p_id":"502502","_company":"Ravaglioli","_gtin":"5063084200730","accessories":[{"id":153269,"mpn":"G800A8","name":"Kunststoffschutz f\u00fcr Montagekopf | Leverless","description":"Montagekopf-Alufelgenschutz | 1 Satz","thumbnail":"https:\/\/dev.codekraft.it\/ravaglioli.it\/wp-content\/uploads\/brb_media\/00506649_g800a8-150x150.png","url":"https:\/\/dev.codekraft.it\/ravaglioli.it\/de\/product\/kunststoffschutz-fur-montagekopf-leverless\/"},{"id":153690,"mpn":"G800A8K","name":"Kunststoffschutz f\u00fcr Montagekopf | Leverless","description":"Montagekopf-Alufelgenschutz | 10 S\u00e4tze","thumbnail":"https:\/\/dev.codekraft.it\/ravaglioli.it\/wp-content\/uploads\/brb_media\/00506649_g800a8-150x150.png","url":"https:\/\/dev.codekraft.it\/ravaglioli.it\/de\/product\/kunststoffschutz-fur-montagekopf-leverless-2\/"},{"id":153702,"mpn":"G84A17K","name":"Kunststoffschutz f\u00fcr Montagekopf G800A110","description":"Montagekopf-Alufelgenschutz | f\u00fcr Versionen mit Montagekopf | 10 S\u00e4tze","thumbnail":"https:\/\/dev.codekraft.it\/ravaglioli.it\/wp-content\/uploads\/brb_media\/00506657_g84a17-150x150.png","url":"https:\/\/dev.codekraft.it\/ravaglioli.it\/de\/product\/kunststoffschutz-fur-montagekopf-g800a110\/"},{"id":152788,"mpn":"G1000A13K","name":"Montagehebel-Alufelgenschutz f\u00fcr Montiereisen | 1 Satz \/ 50 St\u00fcck","description":"","thumbnail":"https:\/\/dev.codekraft.it\/ravaglioli.it\/wp-content\/uploads\/brb_media\/00506686_g1000a13k-150x150.png","url":"https:\/\/dev.codekraft.it\/ravaglioli.it\/de\/product\/montagehebel-alufelgenschutz-fur-montiereisen-1-satz-50-stuck\/"},{"id":155521,"mpn":"G800A35","name":"Radheber pneumatisch","description":"","thumbnail":"https:\/\/dev.codekraft.it\/ravaglioli.it\/wp-content\/uploads\/brb_media\/00506634_g800a35-150x150.png","url":"https:\/\/dev.codekraft.it\/ravaglioli.it\/de\/product\/radheber-pneumatisch\/"},{"id":155467,"mpn":"G800A70","name":"Schnellsteckvorrichtung | ohne Montagekopf","description":"Der Einsatz vom G800A70 reduziert die max. Radbreite um 2\u2033","thumbnail":"https:\/\/dev.codekraft.it\/ravaglioli.it\/wp-content\/uploads\/brb_media\/00506641_g800a70-150x150.png","url":"https:\/\/dev.codekraft.it\/ravaglioli.it\/de\/product\/schnellsteckvorrichtung-ohne-montagekopf\/"},{"id":155485,"mpn":"G800A76","name":"Montagekopf f\u00fcr ATV-R\u00e4der","description":"F\u00fcr alle Modelle mit Schnellstecksystem | inkl. Adapter f\u00fcr Schnellsteckvorrichtung","thumbnail":"https:\/\/dev.codekraft.it\/ravaglioli.it\/wp-content\/uploads\/brb_media\/00506645_g800a76-150x150.png","url":"https:\/\/dev.codekraft.it\/ravaglioli.it\/de\/product\/montagekopf-fur-atv-rader\/"},{"id":155806,"mpn":"G800A77","name":"Ablagefach f\u00fcr Ventile\/Zubeh\u00f6r | mit Halterung","description":"","thumbnail":"https:\/\/dev.codekraft.it\/ravaglioli.it\/wp-content\/uploads\/brb_media\/00506646_g800a77-02-150x150.png","url":"https:\/\/dev.codekraft.it\/ravaglioli.it\/de\/product\/ablagefach-fur-ventile-zubehor-mit-halterung\/"},{"id":155824,"mpn":"G1000A160","name":"Montiereisen | halbmondf\u00f6rmig","description":"","thumbnail":"https:\/\/dev.codekraft.it\/ravaglioli.it\/wp-content\/uploads\/brb_media\/00506725_b2440002-150x150.png","url":"https:\/\/dev.codekraft.it\/ravaglioli.it\/de\/product\/montiereisen-halbmondformig\/"},{"id":155818,"mpn":"G1000A100K","name":"Wulstschutzfolien | mit WDK-Zulassung","description":"Im WDK-Kit enthalten | 1 Satz \/ 50 St\u00fcck","thumbnail":"https:\/\/dev.codekraft.it\/ravaglioli.it\/wp-content\/uploads\/brb_media\/00506667_g1000a100k-01-150x150.png","url":"https:\/\/dev.codekraft.it\/ravaglioli.it\/de\/product\/wulstschutzfolien-mit-wdk-zulassung\/"},{"id":155914,"mpn":"G800A37","name":"Montagepaste | 3,5 kg","description":"","thumbnail":"https:\/\/dev.codekraft.it\/ravaglioli.it\/wp-content\/uploads\/brb_media\/00506743_g800a37-150x150.png","url":"https:\/\/dev.codekraft.it\/ravaglioli.it\/de\/product\/montagepaste-35-kg\/"}],"components":[],"delivery":[{"id":155491,"mpn":"G800A74","name":"Montagekopf f\u00fcr Motorr\u00e4der | Kunststoff","description":"F\u00fcr alle Modelle mit Schnellstecksystem | inkl. Adapter f\u00fcr Schnellsteckvorrichtung","thumbnail":"https:\/\/dev.codekraft.it\/ravaglioli.it\/wp-content\/uploads\/brb_media\/00506643_g800a74-150x150.png","url":"https:\/\/dev.codekraft.it\/ravaglioli.it\/de\/product\/montagekopf-fur-motorrader-kunststoff-2\/"},{"id":155156,"mpn":"G1000A52","name":"Montiereisen Standard","description":"Pkw","thumbnail":"https:\/\/dev.codekraft.it\/ravaglioli.it\/wp-content\/uploads\/brb_media\/00506696_g1000a52-150x150.png","url":"https:\/\/dev.codekraft.it\/ravaglioli.it\/de\/product\/montiereisen-standard\/"},{"id":155515,"mpn":"G800A38","name":"Pinsel Kunststoff","description":"","thumbnail":"https:\/\/dev.codekraft.it\/ravaglioli.it\/wp-content\/uploads\/brb_media\/00506719_g800a38-150x150.png","url":"https:\/\/dev.codekraft.it\/ravaglioli.it\/de\/product\/pinsel-kunststoff\/"}],"package":[],"related":[],"similar":[{"id":154141,"mpn":"RAV.G7441.200969","name":"Reifenmontiermaschine G7441.22","description":"Automatisch, 2 Geschwindigkeiten (max. 13 U\/min), Pkw, Felgendurchmesser 10 - 24,5\u2033, max. Felgenbreite 381 mm | Blau (RAL 5005)","thumbnail":"https:\/\/dev.codekraft.it\/ravaglioli.it\/wp-content\/uploads\/brb_media\/00509567_tyre-changer-g7441-mi-150x150.png","url":"https:\/\/dev.codekraft.it\/ravaglioli.it\/de\/product\/reifenmontiermaschine-g7441-22\/"},{"id":154147,"mpn":"RAV.G7441.201140","name":"Reifenmontiermaschine G7441.20","description":"Automatisch, max. Geschwindigkeit 7,3 U\/min, Pkw, Felgendurchmesser 10 - 24,5\u2033, max. Felgenbreite 381 mm | Blau (RAL 5005)","thumbnail":"https:\/\/dev.codekraft.it\/ravaglioli.it\/wp-content\/uploads\/brb_media\/00508600_tyre-changer-g7441v-20-mi-150x150.png","url":"https:\/\/dev.codekraft.it\/ravaglioli.it\/de\/product\/reifenmontiermaschine-g7441-20\/"},{"id":154202,"mpn":"RAV.G7240.201157","name":"Reifenmontiermaschine G7240.20","description":"Halbautomatisch, Swing-Serie, max. Geschwindigkeit 7,3 U\/min, Pkw, Felgendurchmesser 10 - 22,5\u2033 (Spanntisch 20\u2033), max. Felgenbreite 305 mm | Blau (RAL 5005)","thumbnail":"https:\/\/dev.codekraft.it\/ravaglioli.it\/wp-content\/uploads\/brb_media\/00508632_tyre-changer-g7240-20-mi-01-150x150.png","url":"https:\/\/dev.codekraft.it\/ravaglioli.it\/de\/product\/reifenmontiermaschine-g7240-20\/"}],"page_logo_src":"https:\/\/dev.codekraft.it\/ravaglioli.it\/wp-content\/uploads\/2026\/04\/rav-negative-logo-1.png","lang":"de","translations":{"de":154208,"en":154207,"fr":154209,"it":154210,"es":154211,"ru":154212},"pll_sync_post":[],"_links":{"self":[{"href":"https:\/\/dev.codekraft.it\/ravaglioli.it\/wp-json\/wp\/v2\/product\/154208","targetHints":{"allow":["GET"]}}],"collection":[{"href":"https:\/\/dev.codekraft.it\/ravaglioli.it\/wp-json\/wp\/v2\/product"}],"about":[{"href":"https:\/\/dev.codekraft.it\/ravaglioli.it\/wp-json\/wp\/v2\/types\/product"}],"wp:featuredmedia":[{"embeddable":true,"href":"https:\/\/dev.codekraft.it\/ravaglioli.it\/wp-json\/wp\/v2\/media\/43000"}],"wp:attachment":[{"href":"https:\/\/dev.codekraft.it\/ravaglioli.it\/wp-json\/wp\/v2\/media?parent=154208"}],"wp:term":[{"taxonomy":"product_brand","embeddable":true,"href":"https:\/\/dev.codekraft.it\/ravaglioli.it\/wp-json\/wp\/v2\/product_brand?post=154208"},{"taxonomy":"product_cat","embeddable":true,"href":"https:\/\/dev.codekraft.it\/ravaglioli.it\/wp-json\/wp\/v2\/product_cat?post=154208"},{"taxonomy":"product_tag","embeddable":true,"href":"https:\/\/dev.codekraft.it\/ravaglioli.it\/wp-json\/wp\/v2\/product_tag?post=154208"},{"taxonomy":"product_approvals","embeddable":true,"href":"https:\/\/dev.codekraft.it\/ravaglioli.it\/wp-json\/wp\/v2\/product_approvals?post=154208"},{"taxonomy":"product_application","embeddable":true,"href":"https:\/\/dev.codekraft.it\/ravaglioli.it\/wp-json\/wp\/v2\/product_application?post=154208"}],"curies":[{"name":"wp","href":"https:\/\/api.w.org\/{rel}","templated":true}]}}