{"id":154205,"date":"2025-10-30T14:31:24","date_gmt":"2025-10-30T14:31:24","guid":{"rendered":"https:\/\/dev.codekraft.it\/ravaglioli.it\/product\/desmontadora-de-neumaticos-g7240-20\/"},"modified":"2026-01-14T21:00:53","modified_gmt":"2026-01-14T21:00:53","slug":"desmontadora-de-neumaticos-g7240-20","status":"publish","type":"product","link":"https:\/\/dev.codekraft.it\/ravaglioli.it\/es\/product\/desmontadora-de-neumaticos-g7240-20\/","title":{"rendered":"Desmontadora de neum\u00e1ticos G7240.20"},"content":{"rendered":"<ul>\n<li>Robusta estructura portante para garantizar la correcta condici\u00f3n de trabajo en cualquier situaci\u00f3n<\/li>\n<li>Cilindro cincado, de simple efecto<\/li>\n<li>Mandril autocentrador de gran rigidez y considerable campo de fijaci\u00f3n<\/li>\n<\/ul>\n<ul>\n<li>Es posible quitar f\u00e1cilmente los pedales<\/li>\n<li>Eso permite un mantenimiento \u00f3ptimo<\/li>\n<li>\u00datil con protecci\u00f3n integrada para llantas de aluminio<\/li>\n<\/ul>\n","protected":false},"excerpt":{"rendered":"<p>Semiautom\u00e1tica, serie swing, velocidad max. 7,3 r\/min, turismo, di\u00e1metro de llanta 10 &#8211; 22,5\u2033 (mandril 20\u2033), anchura llanta m\u00e1x. 305 mm | Azul (RAL 5005)<\/p>\n","protected":false},"featured_media":42992,"template":"","meta":[],"product_brand":[],"product_cat":[57904],"product_tag":[58349,58296,58332],"product_approvals":[],"product_application":[],"class_list":{"0":"post-154205","1":"product","2":"type-product","3":"status-publish","4":"has-post-thumbnail","6":"product_cat-desmontadoras-es","7":"product_tag-motor-homes-es","8":"product_tag-passenger-cars-es","9":"product_tag-light-commercial-es","11":"first","12":"instock","13":"shipping-taxable","14":"product-type-simple"},"approvals":[],"application":[],"brb_media_brochure":[{"id":150436,"url":"https:\/\/dev.codekraft.it\/ravaglioli.it\/wp-content\/uploads\/brb_media\/00521443_tyre-changer-g7240-20-br-multi-2023-09-screen.pdf","title":"Tyre changer G7240 20 BR multi 2023 09 screen","mpn":"","thumbnail":"https:\/\/dev.codekraft.it\/ravaglioli.it\/wp-content\/uploads\/brb_media\/00521443_tyre-changer-g7240-20-br-multi-2023-09-screen-pdf-106x150.png","description":""}],"brb_media_drawing":"","brb_media_manuals":[{"id":150437,"url":"https:\/\/dev.codekraft.it\/ravaglioli.it\/wp-content\/uploads\/brb_media\/00539695_tyre-changer-rot-rav-pc240bike-pc240bike-mf-g7240bike-g7240bike-mf-g724020-g7240i22a-g7246id26a-im-7300-m051-01_vsg_rev01-multi-2024-07.pdf","title":"tyre changer rot rav pc240bike pc240bike mf g7240bike g7240bike mf g724020 g7240i22a g7246id26a im 7300 m051 01 vsg rev01 multi 2024 07","mpn":"","thumbnail":"https:\/\/dev.codekraft.it\/ravaglioli.it\/wp-content\/uploads\/brb_media\/00539695_tyre-changer-rot-rav-pc240bike-pc240bike-mf-g7240bike-g7240bike-mf-g724020-g7240i22a-g7246id26a-im-7300-m051-01_vsg_rev01-multi-2024-07-pdf-106x150.png","description":""}],"brb_media_safety_datasheets":"","brb_media_spare_parts":[],"_cdmm_p_id":"502501","_company":"Ravaglioli","_gtin":"5063084201157","accessories":[{"id":153747,"mpn":"G1000A32","name":"WulstBoy con dispositivo de tracci\u00f3n y cadena de rosario de hasta 24\u2033","description":"","thumbnail":"https:\/\/dev.codekraft.it\/ravaglioli.it\/wp-content\/uploads\/brb_media\/00506619_g1000a32-150x150.png","url":"https:\/\/dev.codekraft.it\/ravaglioli.it\/es\/product\/wulstboy-con-dispositivo-de-traccion-y-cadena-de-rosario-de-hasta-24%e2%80%b3\/"},{"id":153753,"mpn":"G84A13","name":"Mordaza bloquea tal\u00f3n","description":"","thumbnail":"https:\/\/dev.codekraft.it\/ravaglioli.it\/wp-content\/uploads\/brb_media\/00506659_g84a13-150x150.png","url":"https:\/\/dev.codekraft.it\/ravaglioli.it\/es\/product\/mordaza-bloquea-talon\/"},{"id":152638,"mpn":"G800A73","name":"Cabezal de montaje para turismos | pivoteante | in plastica","description":"Para los modelos dotados de util rapido | completo de casquillo para enganche r\u00e1pido","thumbnail":"https:\/\/dev.codekraft.it\/ravaglioli.it\/wp-content\/uploads\/brb_media\/00506642_g800a73-150x150.png","url":"https:\/\/dev.codekraft.it\/ravaglioli.it\/es\/product\/cabezal-de-montaje-para-turismos-pivoteante-in-plastica\/"},{"id":152644,"mpn":"G800A126","name":"Cabezal de montaje para turismos | in plastica","description":"NO attacco rapido | para todos los modelos | completo de casquillo para enganche directamente al palo hexagonal de la m\u00e1quina","thumbnail":"","url":"https:\/\/dev.codekraft.it\/ravaglioli.it\/es\/product\/cabezal-de-montaje-para-turismos-in-plastica\/"},{"id":153699,"mpn":"G800A98K","name":"Protecci\u00f3n de pl\u00e1stico para mordazas de sujeci\u00f3n 20 &#8211; 22\u2033","description":"Protecciones para llantas de aleaci\u00f3n | 10 juegos \/ 40 piezas","thumbnail":"https:\/\/dev.codekraft.it\/ravaglioli.it\/wp-content\/uploads\/brb_media\/00539671_tyre-changers-g800a98-mi-150x150.png","url":"https:\/\/dev.codekraft.it\/ravaglioli.it\/es\/product\/proteccion-de-plastico-para-mordazas-de-sujecion-20-22%e2%80%b3\/"},{"id":153272,"mpn":"G800A8","name":"Protecci\u00f3n de pl\u00e1stico para cabezal de montaje | Leverless","description":"Protecciones \u00fatil para llantas de aleaci\u00f3n | 1 juego","thumbnail":"https:\/\/dev.codekraft.it\/ravaglioli.it\/wp-content\/uploads\/brb_media\/00506649_g800a8-150x150.png","url":"https:\/\/dev.codekraft.it\/ravaglioli.it\/es\/product\/proteccion-de-plastico-para-cabezal-de-montaje-leverless\/"},{"id":153693,"mpn":"G800A8K","name":"Protecci\u00f3n de pl\u00e1stico para cabezal de montaje | Leverless","description":"Protecciones \u00fatil para llantas de aleaci\u00f3n | 10 juegos","thumbnail":"https:\/\/dev.codekraft.it\/ravaglioli.it\/wp-content\/uploads\/brb_media\/00506649_g800a8-150x150.png","url":"https:\/\/dev.codekraft.it\/ravaglioli.it\/es\/product\/proteccion-de-plastico-para-cabezal-de-montaje-leverless-2\/"},{"id":153705,"mpn":"G84A17K","name":"Protecci\u00f3n de pl\u00e1stico para cabezal de montaje G800A110","description":"Protecciones \u00fatil para llantas de aleaci\u00f3n | para maquinas con \u00fatil | 10 juegos","thumbnail":"https:\/\/dev.codekraft.it\/ravaglioli.it\/wp-content\/uploads\/brb_media\/00506657_g84a17-150x150.png","url":"https:\/\/dev.codekraft.it\/ravaglioli.it\/es\/product\/proteccion-de-plastico-para-cabezal-de-montaje-g800a110\/"},{"id":152755,"mpn":"G800A99","name":"Mordazas de sujeci\u00f3n para motocicleta para platos de 20 &#8211; 22\u2033","description":"M\u00f3vil, ampl\u00eda el rango de sujeci\u00f3n en +5\u2033 del exterior | 1 juego \/ 4 piezas","thumbnail":"https:\/\/dev.codekraft.it\/ravaglioli.it\/wp-content\/uploads\/brb_media\/00506658_g84a5-150x150.png","url":"https:\/\/dev.codekraft.it\/ravaglioli.it\/es\/product\/mordazas-de-sujecion-para-motocicleta-para-platos-de-20-22%e2%80%b3\/"},{"id":152791,"mpn":"G1000A13K","name":"Protecciones palanca levanta talones para palanca | 1 juego \/ 50 piezas","description":"","thumbnail":"https:\/\/dev.codekraft.it\/ravaglioli.it\/wp-content\/uploads\/brb_media\/00506686_g1000a13k-150x150.png","url":"https:\/\/dev.codekraft.it\/ravaglioli.it\/es\/product\/protecciones-palanca-levanta-talones-para-palanca-1-juego-50-piezas\/"},{"id":155331,"mpn":"G1000A36","name":"Extensi\u00f3n para prensa tal\u00f3n a 28\u2033 | para G1000A32","description":"Incluido en el kit WDK","thumbnail":"https:\/\/dev.codekraft.it\/ravaglioli.it\/wp-content\/uploads\/brb_media\/00506693_g1000a36-150x150.png","url":"https:\/\/dev.codekraft.it\/ravaglioli.it\/es\/product\/extension-para-prensa-talon-a-28%e2%80%b3-para-g1000a32\/"},{"id":155524,"mpn":"G800A35","name":"Elevador para ruedas neum\u00e1tico","description":"","thumbnail":"https:\/\/dev.codekraft.it\/ravaglioli.it\/wp-content\/uploads\/brb_media\/00506634_g800a35-150x150.png","url":"https:\/\/dev.codekraft.it\/ravaglioli.it\/es\/product\/elevador-para-ruedas-neumatico\/"},{"id":155470,"mpn":"G800A70","name":"Juego enganche r\u00e1pido \u00fatiles | sin \u00fatil","description":"El juego G800A70 reduce la altura m\u00e1xima de rueda de 2\u2033","thumbnail":"https:\/\/dev.codekraft.it\/ravaglioli.it\/wp-content\/uploads\/brb_media\/00506641_g800a70-150x150.png","url":"https:\/\/dev.codekraft.it\/ravaglioli.it\/es\/product\/juego-enganche-rapido-utiles-sin-util\/"},{"id":155494,"mpn":"G800A74","name":"Cabezal de montaje para motocicletas | en pl\u00e1stico","description":"Para todos los modelos con enganche r\u00e1pido | completo de casquillo para enganche r\u00e1pido","thumbnail":"https:\/\/dev.codekraft.it\/ravaglioli.it\/wp-content\/uploads\/brb_media\/00506643_g800a74-150x150.png","url":"https:\/\/dev.codekraft.it\/ravaglioli.it\/es\/product\/cabezal-de-montaje-para-motocicletas-en-plastico-2\/"},{"id":155488,"mpn":"G800A76","name":"Cabezal de montaje para ruedas ATV","description":"Para todos los modelos con enganche r\u00e1pido | completo de soporte para enganche rapido","thumbnail":"https:\/\/dev.codekraft.it\/ravaglioli.it\/wp-content\/uploads\/brb_media\/00506645_g800a76-150x150.png","url":"https:\/\/dev.codekraft.it\/ravaglioli.it\/es\/product\/cabezal-de-montaje-para-ruedas-atv\/"},{"id":155476,"mpn":"G800A75","name":"Casquillo para enganche r\u00e1pido","description":"Para todos los modelos con enganche r\u00e1pido","thumbnail":"https:\/\/dev.codekraft.it\/ravaglioli.it\/wp-content\/uploads\/brb_media\/00506644_g800a75-150x150.png","url":"https:\/\/dev.codekraft.it\/ravaglioli.it\/es\/product\/casquillo-para-enganche-rapido\/"},{"id":155464,"mpn":"G800A11","name":"Protecci\u00f3n de pl\u00e1stico para pala destalonadora","description":"1 pieza","thumbnail":"https:\/\/dev.codekraft.it\/ravaglioli.it\/wp-content\/uploads\/brb_media\/00506714_g800a11-01-150x150.png","url":"https:\/\/dev.codekraft.it\/ravaglioli.it\/es\/product\/proteccion-de-plastico-para-pala-destalonadora\/"},{"id":155803,"mpn":"G800A11K","name":"Protecci\u00f3n de pl\u00e1stico para pala destalonadora","description":"5 piezas","thumbnail":"https:\/\/dev.codekraft.it\/ravaglioli.it\/wp-content\/uploads\/brb_media\/00506714_g800a11-01-150x150.png","url":"https:\/\/dev.codekraft.it\/ravaglioli.it\/es\/product\/proteccion-de-plastico-para-pala-destalonadora-2\/"},{"id":155797,"mpn":"G800A32","name":"Protecci\u00f3n de pl\u00e1stico para el borde de llanta","description":"Protecci\u00f3n tal\u00f3n para neum\u00e1ticos \u00abRun Flat\u00bb | Incluido en el kit WDK | 1 pieza","thumbnail":"https:\/\/dev.codekraft.it\/ravaglioli.it\/wp-content\/uploads\/brb_media\/00506718_g800a32-150x150.png","url":"https:\/\/dev.codekraft.it\/ravaglioli.it\/es\/product\/proteccion-de-plastico-para-el-borde-de-llanta\/"},{"id":155141,"mpn":"G1000A115","name":"Limitador de carrera del destalonador para homologaci\u00f3n WDK","description":"","thumbnail":"https:\/\/dev.codekraft.it\/ravaglioli.it\/wp-content\/uploads\/brb_media\/00506673_g1000a115-150x150.png","url":"https:\/\/dev.codekraft.it\/ravaglioli.it\/es\/product\/limitador-de-carrera-del-destalonador-para-homologacion-wdk\/"},{"id":154907,"mpn":"G800A117K","name":"Protecci\u00f3n de pl\u00e1stico para cabezal de montaje | Quick insert","description":"Protecciones para u\u00f1a de tipo encastre, para llantas de aleaci\u00f3n | 10 juegos","thumbnail":"https:\/\/dev.codekraft.it\/ravaglioli.it\/wp-content\/uploads\/brb_media\/00506624_g800a117-150x150.png","url":"https:\/\/dev.codekraft.it\/ravaglioli.it\/es\/product\/proteccion-de-plastico-para-cabezal-de-montaje-quick-insert-2\/"},{"id":155500,"mpn":"G800A111","name":"Adaptador de reducci\u00f3n","description":"Para mordazas de sujeci\u00f3n para motocicleta  | reducci\u00f3n hasta 8\u2033 | G800A99, G800A107 necesario | 1 juego \/ 4 pieza","thumbnail":"https:\/\/dev.codekraft.it\/ravaglioli.it\/wp-content\/uploads\/brb_media\/00506664_g84a24-150x150.png","url":"https:\/\/dev.codekraft.it\/ravaglioli.it\/es\/product\/adaptador-de-reduccion\/"},{"id":155809,"mpn":"G800A77","name":"Juego contenedor para v\u00e1lvulas\/accesorios | con palo de fijaci\u00f3n","description":"","thumbnail":"https:\/\/dev.codekraft.it\/ravaglioli.it\/wp-content\/uploads\/brb_media\/00506646_g800a77-02-150x150.png","url":"https:\/\/dev.codekraft.it\/ravaglioli.it\/es\/product\/juego-contenedor-para-valvulas-accesorios-con-palo-de-fijacion\/"},{"id":155827,"mpn":"G1000A160","name":"Palanca | en forma de \u201cpl\u00e1tano\u201d","description":"","thumbnail":"https:\/\/dev.codekraft.it\/ravaglioli.it\/wp-content\/uploads\/brb_media\/00506725_b2440002-150x150.png","url":"https:\/\/dev.codekraft.it\/ravaglioli.it\/es\/product\/palanca-en-forma-de-platano\/"},{"id":155821,"mpn":"G1000A100K","name":"Pel\u00edculas de protecci\u00f3n de tal\u00f3n | con homologaci\u00f3n WDK","description":"Incluido en el kit WDK | 1 juego \/ 50 piezas","thumbnail":"https:\/\/dev.codekraft.it\/ravaglioli.it\/wp-content\/uploads\/brb_media\/00506667_g1000a100k-01-150x150.png","url":"https:\/\/dev.codekraft.it\/ravaglioli.it\/es\/product\/peliculas-de-proteccion-de-talon-con-homologacion-wdk\/"},{"id":155917,"mpn":"G800A37","name":"Jab\u00f3n lubricante para montaje\/desmontaje neum\u00e1ticos | 3,5 kg","description":"","thumbnail":"https:\/\/dev.codekraft.it\/ravaglioli.it\/wp-content\/uploads\/brb_media\/00506743_g800a37-150x150.png","url":"https:\/\/dev.codekraft.it\/ravaglioli.it\/es\/product\/jabon-lubricante-para-montaje-desmontaje-neumaticos-35-kg\/"}],"components":[],"delivery":[{"id":153278,"mpn":"G800A117","name":"Protecci\u00f3n de pl\u00e1stico para cabezal de montaje | Quick insert","description":"Protecciones para u\u00f1a de tipo encastre, para llantas de aleaci\u00f3n | 1 juego","thumbnail":"https:\/\/dev.codekraft.it\/ravaglioli.it\/wp-content\/uploads\/brb_media\/00506624_g800a117-150x150.png","url":"https:\/\/dev.codekraft.it\/ravaglioli.it\/es\/product\/proteccion-de-plastico-para-cabezal-de-montaje-quick-insert\/"},{"id":153224,"mpn":"G800A122","name":"Puntas para garras plato","description":"Reemplazables | para desmontadoras | 1 juego \/ 8 piezas","thumbnail":"https:\/\/dev.codekraft.it\/ravaglioli.it\/wp-content\/uploads\/brb_media\/00506626_g800a122-150x150.png","url":"https:\/\/dev.codekraft.it\/ravaglioli.it\/es\/product\/puntas-para-garras-plato\/"},{"id":155905,"mpn":"G800A98","name":"Protecci\u00f3n de pl\u00e1stico para mordazas de sujeci\u00f3n 20 &#8211; 22\u2033","description":"Protecciones para llantas de aleaci\u00f3n | 1 juego \/ 4 piezas","thumbnail":"https:\/\/dev.codekraft.it\/ravaglioli.it\/wp-content\/uploads\/brb_media\/00539671_tyre-changers-g800a98-mi-150x150.png","url":"https:\/\/dev.codekraft.it\/ravaglioli.it\/es\/product\/proteccion-de-plastico-para-mordazas-de-sujecion-20-22%e2%80%b3-2\/"},{"id":155159,"mpn":"G1000A52","name":"Palanca Est\u00e1ndar","description":"Turismos","thumbnail":"https:\/\/dev.codekraft.it\/ravaglioli.it\/wp-content\/uploads\/brb_media\/00506696_g1000a52-150x150.png","url":"https:\/\/dev.codekraft.it\/ravaglioli.it\/es\/product\/palanca-estandar\/"},{"id":155518,"mpn":"G800A38","name":"Brocha Pl\u00e1stico","description":"","thumbnail":"https:\/\/dev.codekraft.it\/ravaglioli.it\/wp-content\/uploads\/brb_media\/00506719_g800a38-150x150.png","url":"https:\/\/dev.codekraft.it\/ravaglioli.it\/es\/product\/brocha-plastico\/"}],"package":[],"related":[],"similar":[{"id":154150,"mpn":"RAV.G7441.201140","name":"Desmontadora de neum\u00e1ticos G7441.20","description":"Autom\u00e1tica, velocidad m\u00e1x. 7,3 r\/min, turismo, di\u00e1metro de llanta 10 - 24,5\u2033, anchura llanta m\u00e1x. 381 mm | Azul (RAL 5005)","thumbnail":"https:\/\/dev.codekraft.it\/ravaglioli.it\/wp-content\/uploads\/brb_media\/00508600_tyre-changer-g7441v-20-mi-150x150.png","url":"https:\/\/dev.codekraft.it\/ravaglioli.it\/es\/product\/desmontadora-de-neumaticos-g7441-20\/"},{"id":154211,"mpn":"RAV.G7240.200730","name":"Desmontadora de neum\u00e1ticos G7240.BIKE","description":"Serie swing, con mandril Bike, velocidad max. 7,3 r\/min, moto, di\u00e1metro de llanta 6 - 24\u2033, anchura llanta m\u00e1x. 304 mm | Azul (RAL 5005)","thumbnail":"https:\/\/dev.codekraft.it\/ravaglioli.it\/wp-content\/uploads\/brb_media\/00508633_tyre-changer-g7240bike-mi-01-150x150.png","url":"https:\/\/dev.codekraft.it\/ravaglioli.it\/es\/product\/desmontadora-de-neumaticos-g7240-bike\/"},{"id":154544,"mpn":"RAV.G5140.206190","name":"Desmontadora G5140.22M","description":"\u00datil de montaje y palanca de montaje, semiautom\u00e1tica, incl. inflador de neum\u00e1ticos, velocidad max. 7\/14 r\/min, turismo, di\u00e1metro de llanta 10 - 24\u2033, anchura llante max. 420 mm | Azul (RAL 5005)","thumbnail":"https:\/\/dev.codekraft.it\/ravaglioli.it\/wp-content\/uploads\/brb_media\/00526504_tyre-changer-g514022-mi-01-150x150.png","url":"https:\/\/dev.codekraft.it\/ravaglioli.it\/es\/product\/desmontadora-g5140-22m\/"}],"page_logo_src":"https:\/\/dev.codekraft.it\/ravaglioli.it\/wp-content\/uploads\/2026\/04\/rav-negative-logo-1.png","lang":"es","translations":{"es":154205,"en":154201,"de":154202,"fr":154203,"it":154204,"ru":154206},"pll_sync_post":[],"_links":{"self":[{"href":"https:\/\/dev.codekraft.it\/ravaglioli.it\/wp-json\/wp\/v2\/product\/154205","targetHints":{"allow":["GET"]}}],"collection":[{"href":"https:\/\/dev.codekraft.it\/ravaglioli.it\/wp-json\/wp\/v2\/product"}],"about":[{"href":"https:\/\/dev.codekraft.it\/ravaglioli.it\/wp-json\/wp\/v2\/types\/product"}],"wp:featuredmedia":[{"embeddable":true,"href":"https:\/\/dev.codekraft.it\/ravaglioli.it\/wp-json\/wp\/v2\/media\/42992"}],"wp:attachment":[{"href":"https:\/\/dev.codekraft.it\/ravaglioli.it\/wp-json\/wp\/v2\/media?parent=154205"}],"wp:term":[{"taxonomy":"product_brand","embeddable":true,"href":"https:\/\/dev.codekraft.it\/ravaglioli.it\/wp-json\/wp\/v2\/product_brand?post=154205"},{"taxonomy":"product_cat","embeddable":true,"href":"https:\/\/dev.codekraft.it\/ravaglioli.it\/wp-json\/wp\/v2\/product_cat?post=154205"},{"taxonomy":"product_tag","embeddable":true,"href":"https:\/\/dev.codekraft.it\/ravaglioli.it\/wp-json\/wp\/v2\/product_tag?post=154205"},{"taxonomy":"product_approvals","embeddable":true,"href":"https:\/\/dev.codekraft.it\/ravaglioli.it\/wp-json\/wp\/v2\/product_approvals?post=154205"},{"taxonomy":"product_application","embeddable":true,"href":"https:\/\/dev.codekraft.it\/ravaglioli.it\/wp-json\/wp\/v2\/product_application?post=154205"}],"curies":[{"name":"wp","href":"https:\/\/api.w.org\/{rel}","templated":true}]}}