{"id":154203,"date":"2025-10-30T14:31:24","date_gmt":"2025-10-30T14:31:24","guid":{"rendered":"https:\/\/dev.codekraft.it\/ravaglioli.it\/product\/demonte-pneu-g7240-20\/"},"modified":"2026-01-14T21:00:51","modified_gmt":"2026-01-14T21:00:51","slug":"demonte-pneu-g7240-20","status":"publish","type":"product","link":"https:\/\/dev.codekraft.it\/ravaglioli.it\/fr\/product\/demonte-pneu-g7240-20\/","title":{"rendered":"D\u00e9monte-pneu G7240.20"},"content":{"rendered":"<ul>\n<li>Robuste structure portante pour garantir en toute situation des bonnes conditions de travail<\/li>\n<li>Cylindre zingu\u00e9, \u00e0 effet double<\/li>\n<li>Mandrin autocentreur de haute rigidit\u00e9 et vaste plage de serrage<\/li>\n<\/ul>\n<ul>\n<li>Le p\u00e9dalier peut donc \u00eatre facilement enlev\u00e9 pour un entretien optimal<\/li>\n<li>Outil avec protection int\u00e9gr\u00e9e pour jantes en alliage<\/li>\n<\/ul>\n","protected":false},"excerpt":{"rendered":"<p>Semi-automatique, s\u00e9rie swing, vitesse max. 7,3 tr\/min, voiture de tourisme, diam\u00e8tre de jante 10 &#8211; 22,5\u2033 (mandrin 20\u2033), largeur de jante max. 305 mm | Bleu (RAL 5005)<\/p>\n","protected":false},"featured_media":42992,"template":"","meta":[],"product_brand":[],"product_cat":[57876],"product_tag":[58343,58326,58290],"product_approvals":[],"product_application":[],"class_list":{"0":"post-154203","1":"product","2":"type-product","3":"status-publish","4":"has-post-thumbnail","6":"product_cat-demonte-pneus-fr","7":"product_tag-motor-homes-fr","8":"product_tag-light-commercial-fr","9":"product_tag-passenger-cars-fr","11":"first","12":"instock","13":"shipping-taxable","14":"product-type-simple"},"approvals":[],"application":[],"brb_media_brochure":[{"id":150436,"url":"https:\/\/dev.codekraft.it\/ravaglioli.it\/wp-content\/uploads\/brb_media\/00521443_tyre-changer-g7240-20-br-multi-2023-09-screen.pdf","title":"Tyre changer G7240 20 BR multi 2023 09 screen","mpn":"","thumbnail":"https:\/\/dev.codekraft.it\/ravaglioli.it\/wp-content\/uploads\/brb_media\/00521443_tyre-changer-g7240-20-br-multi-2023-09-screen-pdf-106x150.png","description":""}],"brb_media_drawing":"","brb_media_manuals":[{"id":150437,"url":"https:\/\/dev.codekraft.it\/ravaglioli.it\/wp-content\/uploads\/brb_media\/00539695_tyre-changer-rot-rav-pc240bike-pc240bike-mf-g7240bike-g7240bike-mf-g724020-g7240i22a-g7246id26a-im-7300-m051-01_vsg_rev01-multi-2024-07.pdf","title":"tyre changer rot rav pc240bike pc240bike mf g7240bike g7240bike mf g724020 g7240i22a g7246id26a im 7300 m051 01 vsg rev01 multi 2024 07","mpn":"","thumbnail":"https:\/\/dev.codekraft.it\/ravaglioli.it\/wp-content\/uploads\/brb_media\/00539695_tyre-changer-rot-rav-pc240bike-pc240bike-mf-g7240bike-g7240bike-mf-g724020-g7240i22a-g7246id26a-im-7300-m051-01_vsg_rev01-multi-2024-07-pdf-106x150.png","description":""}],"brb_media_safety_datasheets":"","brb_media_spare_parts":[],"_cdmm_p_id":"502501","_company":"Ravaglioli","_gtin":"5063084201157","accessories":[{"id":153745,"mpn":"G1000A32","name":"WulstBoy avec syst\u00e8me de traction et cha\u00eene de talon jusqu&#039;\u00e0 24\u2033","description":"","thumbnail":"https:\/\/dev.codekraft.it\/ravaglioli.it\/wp-content\/uploads\/brb_media\/00506619_g1000a32-150x150.png","url":"https:\/\/dev.codekraft.it\/ravaglioli.it\/fr\/product\/wulstboy-avec-systeme-de-traction-et-chaine-de-talon-jusqua-24%e2%80%b3\/"},{"id":153751,"mpn":"G84A13","name":"Etau bloque-talon","description":"","thumbnail":"https:\/\/dev.codekraft.it\/ravaglioli.it\/wp-content\/uploads\/brb_media\/00506659_g84a13-150x150.png","url":"https:\/\/dev.codekraft.it\/ravaglioli.it\/fr\/product\/etau-bloque-talon\/"},{"id":152636,"mpn":"G800A73","name":"T\u00eate de montage pour voitures particuli\u00e8res | basculante | en mat\u00e9riel synth\u00e9tique VL","description":"Pour les mod\u00e9les equip\u00e9s avec raccord rapide | complet de moyeu pour raccord rapide","thumbnail":"https:\/\/dev.codekraft.it\/ravaglioli.it\/wp-content\/uploads\/brb_media\/00506642_g800a73-150x150.png","url":"https:\/\/dev.codekraft.it\/ravaglioli.it\/fr\/product\/tete-de-montage-pour-voitures-particulieres-basculante-en-materiel-synthetique-vl\/"},{"id":152642,"mpn":"G800A126","name":"T\u00eate de montage pour voitures particuli\u00e8res | en mat\u00e9riel synth\u00e9tique VL","description":"NON montage rapide | pour tous les mod\u00e8les | complet de moyeu pour raccord direct \u00e0 l'arbre","thumbnail":"","url":"https:\/\/dev.codekraft.it\/ravaglioli.it\/fr\/product\/tete-de-montage-pour-voitures-particulieres-en-materiel-synthetique-vl\/"},{"id":153697,"mpn":"G800A98K","name":"Protection plastique pour mors de serrage 20 &#8211; 22\u2033","description":"Protections pour jantes en alliage | 10 jeux \/ 40 pi\u00e8ces","thumbnail":"https:\/\/dev.codekraft.it\/ravaglioli.it\/wp-content\/uploads\/brb_media\/00539671_tyre-changers-g800a98-mi-150x150.png","url":"https:\/\/dev.codekraft.it\/ravaglioli.it\/fr\/product\/protection-plastique-pour-mors-de-serrage-20-22%e2%80%b3\/"},{"id":153270,"mpn":"G800A8","name":"Protection plastique pour t\u00eate de montage | Leverless","description":"Kit de protection t\u00eate pour jantes en alliage | 1 jeu","thumbnail":"https:\/\/dev.codekraft.it\/ravaglioli.it\/wp-content\/uploads\/brb_media\/00506649_g800a8-150x150.png","url":"https:\/\/dev.codekraft.it\/ravaglioli.it\/fr\/product\/protection-plastique-pour-tete-de-montage-leverless\/"},{"id":153691,"mpn":"G800A8K","name":"Protection plastique pour t\u00eate de montage | Leverless","description":"Kit de protection t\u00eate pour jantes en alliage | 10 jeux","thumbnail":"https:\/\/dev.codekraft.it\/ravaglioli.it\/wp-content\/uploads\/brb_media\/00506649_g800a8-150x150.png","url":"https:\/\/dev.codekraft.it\/ravaglioli.it\/fr\/product\/protection-plastique-pour-tete-de-montage-leverless-2\/"},{"id":153703,"mpn":"G84A17K","name":"Protection plastique pour t\u00eate de montage G800A110","description":"Kit de protection t\u00eate pour jantes en alliage | pour appareils avec tete | 10 jeux","thumbnail":"https:\/\/dev.codekraft.it\/ravaglioli.it\/wp-content\/uploads\/brb_media\/00506657_g84a17-150x150.png","url":"https:\/\/dev.codekraft.it\/ravaglioli.it\/fr\/product\/protection-plastique-pour-tete-de-montage-g800a110\/"},{"id":152753,"mpn":"G800A99","name":"Mors de serrage de moto pour mandrin 20 &#8211; 22\u2033","description":"Mobiles, \u00e9tendre la plage de serrage de +5\u2033 de l'ext\u00e9rieur | 1 jeu \/ 4 pi\u00e8ces","thumbnail":"https:\/\/dev.codekraft.it\/ravaglioli.it\/wp-content\/uploads\/brb_media\/00506658_g84a5-150x150.png","url":"https:\/\/dev.codekraft.it\/ravaglioli.it\/fr\/product\/mors-de-serrage-de-moto-pour-mandrin-20-22%e2%80%b3\/"},{"id":152789,"mpn":"G1000A13K","name":"Protections levier pour t\u00eate de montage | 1 jeu \/ 50 pi\u00e8ces","description":"","thumbnail":"https:\/\/dev.codekraft.it\/ravaglioli.it\/wp-content\/uploads\/brb_media\/00506686_g1000a13k-150x150.png","url":"https:\/\/dev.codekraft.it\/ravaglioli.it\/fr\/product\/protections-levier-pour-tete-de-montage-1-jeu-50-pieces\/"},{"id":155329,"mpn":"G1000A36","name":"Rallonge pour pousse talon \u00e0 28\u2033 | pour G1000A32","description":"Compris dans le kit WDK","thumbnail":"https:\/\/dev.codekraft.it\/ravaglioli.it\/wp-content\/uploads\/brb_media\/00506693_g1000a36-150x150.png","url":"https:\/\/dev.codekraft.it\/ravaglioli.it\/fr\/product\/rallonge-pour-pousse-talon-a-28%e2%80%b3-pour-g1000a32\/"},{"id":155522,"mpn":"G800A35","name":"\u00c8l\u00e9vateur de roue pneumatique","description":"","thumbnail":"https:\/\/dev.codekraft.it\/ravaglioli.it\/wp-content\/uploads\/brb_media\/00506634_g800a35-150x150.png","url":"https:\/\/dev.codekraft.it\/ravaglioli.it\/fr\/product\/elevateur-de-roue-pneumatique\/"},{"id":155468,"mpn":"G800A70","name":"Kit raccord rapide | sans outil","description":"El juego G800A70 reduce la altura m\u00e1xima de rueda de 2\u2033","thumbnail":"https:\/\/dev.codekraft.it\/ravaglioli.it\/wp-content\/uploads\/brb_media\/00506641_g800a70-150x150.png","url":"https:\/\/dev.codekraft.it\/ravaglioli.it\/fr\/product\/kit-raccord-rapide-sans-outil\/"},{"id":155492,"mpn":"G800A74","name":"T\u00eate de montage pour motos | en mat\u00e9riel synth\u00e9tique VL","description":"Pour tous les mod\u00e8les de raccords rapides | complet de moyeu pour raccord rapide","thumbnail":"https:\/\/dev.codekraft.it\/ravaglioli.it\/wp-content\/uploads\/brb_media\/00506643_g800a74-150x150.png","url":"https:\/\/dev.codekraft.it\/ravaglioli.it\/fr\/product\/tete-de-montage-pour-motos-en-materiel-synthetique-vl-2\/"},{"id":155486,"mpn":"G800A76","name":"T\u00eate de montage pour roues ATV","description":"Pour tous les mod\u00e8les de raccords rapides | avec moyeu \u00e0 serrage rapide","thumbnail":"https:\/\/dev.codekraft.it\/ravaglioli.it\/wp-content\/uploads\/brb_media\/00506645_g800a76-150x150.png","url":"https:\/\/dev.codekraft.it\/ravaglioli.it\/fr\/product\/tete-de-montage-pour-roues-atv\/"},{"id":155474,"mpn":"G800A75","name":"Terminal arbre outil pour raccord rapide","description":"Pour tous les mod\u00e8les de raccords rapides","thumbnail":"https:\/\/dev.codekraft.it\/ravaglioli.it\/wp-content\/uploads\/brb_media\/00506644_g800a75-150x150.png","url":"https:\/\/dev.codekraft.it\/ravaglioli.it\/fr\/product\/terminal-arbre-outil-pour-raccord-rapide\/"},{"id":155462,"mpn":"G800A11","name":"Protection plastique pour pelle d\u00e9talonneuse","description":"Protection pelle d\u00e9talonneuse | 1 pi\u00e8ce","thumbnail":"https:\/\/dev.codekraft.it\/ravaglioli.it\/wp-content\/uploads\/brb_media\/00506714_g800a11-01-150x150.png","url":"https:\/\/dev.codekraft.it\/ravaglioli.it\/fr\/product\/protection-plastique-pour-pelle-detalonneuse\/"},{"id":155801,"mpn":"G800A11K","name":"Protection plastique pour pelle d\u00e9talonneuse","description":"Protection pelle d\u00e9talonneuse |  5 pi\u00e8ces","thumbnail":"https:\/\/dev.codekraft.it\/ravaglioli.it\/wp-content\/uploads\/brb_media\/00506714_g800a11-01-150x150.png","url":"https:\/\/dev.codekraft.it\/ravaglioli.it\/fr\/product\/protection-plastique-pour-pelle-detalonneuse-2\/"},{"id":155795,"mpn":"G800A32","name":"Protection plastique pour bride de jante","description":"Protection du talon pour pneus \u00ab\u00a0Run Flat\u00a0\u00bb | Compris dans le kit WDK | 1 pi\u00e8ce","thumbnail":"https:\/\/dev.codekraft.it\/ravaglioli.it\/wp-content\/uploads\/brb_media\/00506718_g800a32-150x150.png","url":"https:\/\/dev.codekraft.it\/ravaglioli.it\/fr\/product\/protection-plastique-pour-bride-de-jante\/"},{"id":155139,"mpn":"G1000A115","name":"Limitateur de course pour d\u00e9talloneur pour homologation WDK","description":"","thumbnail":"https:\/\/dev.codekraft.it\/ravaglioli.it\/wp-content\/uploads\/brb_media\/00506673_g1000a115-150x150.png","url":"https:\/\/dev.codekraft.it\/ravaglioli.it\/fr\/product\/limitateur-de-course-pour-detalloneur-pour-homologation-wdk\/"},{"id":154905,"mpn":"G800A117K","name":"Protection plastique pour t\u00eate de montage | Quick insert","description":"Kit de protection \u00e0 gorge pour outil, enfichable, pour jantes en alliage | 10 jeux","thumbnail":"https:\/\/dev.codekraft.it\/ravaglioli.it\/wp-content\/uploads\/brb_media\/00506624_g800a117-150x150.png","url":"https:\/\/dev.codekraft.it\/ravaglioli.it\/fr\/product\/protection-plastique-pour-tete-de-montage-quick-insert-2\/"},{"id":155498,"mpn":"G800A111","name":"Adaptateur de r\u00e9duction","description":"Pour mors de serrage de moto | r\u00e9duction \u00e0 8\u2033 du diam\u00e8tre des roues | G800A99, G800A107 n\u00e9cessaire | 1 jeu \/ 4 pi\u00e8ces","thumbnail":"https:\/\/dev.codekraft.it\/ravaglioli.it\/wp-content\/uploads\/brb_media\/00506664_g84a24-150x150.png","url":"https:\/\/dev.codekraft.it\/ravaglioli.it\/fr\/product\/adaptateur-de-reduction\/"},{"id":155807,"mpn":"G800A77","name":"Bac pour valves\/accessoires | avec tuyau de fixation","description":"","thumbnail":"https:\/\/dev.codekraft.it\/ravaglioli.it\/wp-content\/uploads\/brb_media\/00506646_g800a77-02-150x150.png","url":"https:\/\/dev.codekraft.it\/ravaglioli.it\/fr\/product\/bac-pour-valves-accessoires-avec-tuyau-de-fixation\/"},{"id":155825,"mpn":"G1000A160","name":"Levier d\u00e9mi-lune","description":"","thumbnail":"https:\/\/dev.codekraft.it\/ravaglioli.it\/wp-content\/uploads\/brb_media\/00506725_b2440002-150x150.png","url":"https:\/\/dev.codekraft.it\/ravaglioli.it\/fr\/product\/levier-demi-lune\/"},{"id":155819,"mpn":"G1000A100K","name":"Plaques de protection de talon | approuv\u00e9es WDK","description":"Compris dans le kit WDK | 1\u00a0jeu \/ 50\u00a0pi\u00e8ces","thumbnail":"https:\/\/dev.codekraft.it\/ravaglioli.it\/wp-content\/uploads\/brb_media\/00506667_g1000a100k-01-150x150.png","url":"https:\/\/dev.codekraft.it\/ravaglioli.it\/fr\/product\/plaques-de-protection-de-talon-approuvees-wdk\/"},{"id":155915,"mpn":"G800A37","name":"P\u00e2te de montage\/d\u00e9montage | 3,5 kg","description":"","thumbnail":"https:\/\/dev.codekraft.it\/ravaglioli.it\/wp-content\/uploads\/brb_media\/00506743_g800a37-150x150.png","url":"https:\/\/dev.codekraft.it\/ravaglioli.it\/fr\/product\/pate-de-montage-demontage-35-kg\/"}],"components":[],"delivery":[{"id":153276,"mpn":"G800A117","name":"Protection plastique pour t\u00eate de montage | Quick insert","description":"Kit de protection \u00e0 gorge pour outil, enfichable, pour jantes en alliage | 1 jeu","thumbnail":"https:\/\/dev.codekraft.it\/ravaglioli.it\/wp-content\/uploads\/brb_media\/00506624_g800a117-150x150.png","url":"https:\/\/dev.codekraft.it\/ravaglioli.it\/fr\/product\/protection-plastique-pour-tete-de-montage-quick-insert\/"},{"id":153222,"mpn":"G800A122","name":"Pointes pour griffes","description":"Rempla\u00e7ables | pour d\u00e9monte-pneus | 1 jeu \/ 8 pi\u00e8ces","thumbnail":"https:\/\/dev.codekraft.it\/ravaglioli.it\/wp-content\/uploads\/brb_media\/00506626_g800a122-150x150.png","url":"https:\/\/dev.codekraft.it\/ravaglioli.it\/fr\/product\/pointes-pour-griffes\/"},{"id":155903,"mpn":"G800A98","name":"Protection plastique pour mors de serrage 20 &#8211; 22\u2033","description":"Protections pour jantes en alliage | 1 jeu \/ 4 pi\u00e8ces","thumbnail":"https:\/\/dev.codekraft.it\/ravaglioli.it\/wp-content\/uploads\/brb_media\/00539671_tyre-changers-g800a98-mi-150x150.png","url":"https:\/\/dev.codekraft.it\/ravaglioli.it\/fr\/product\/protection-plastique-pour-mors-de-serrage-20-22%e2%80%b3-2\/"},{"id":155157,"mpn":"G1000A52","name":"Levier Standard","description":"Voitures particuli\u00e8res","thumbnail":"https:\/\/dev.codekraft.it\/ravaglioli.it\/wp-content\/uploads\/brb_media\/00506696_g1000a52-150x150.png","url":"https:\/\/dev.codekraft.it\/ravaglioli.it\/fr\/product\/levier-standard\/"},{"id":155516,"mpn":"G800A38","name":"Pinceau Plastique","description":"","thumbnail":"https:\/\/dev.codekraft.it\/ravaglioli.it\/wp-content\/uploads\/brb_media\/00506719_g800a38-150x150.png","url":"https:\/\/dev.codekraft.it\/ravaglioli.it\/fr\/product\/pinceau-plastique\/"}],"package":[],"related":[],"similar":[{"id":154148,"mpn":"RAV.G7441.201140","name":"D\u00e9monte-pneu G7441.20","description":"Automatique, max. vitesse 7,3 tr\/mn, voiture de tourisme, diam\u00e8tre de jante 10 - 24,5\u2033, argeur de jante max. 381 mm | Bleu (RAL 5005)","thumbnail":"https:\/\/dev.codekraft.it\/ravaglioli.it\/wp-content\/uploads\/brb_media\/00508600_tyre-changer-g7441v-20-mi-150x150.png","url":"https:\/\/dev.codekraft.it\/ravaglioli.it\/fr\/product\/demonte-pneu-g7441-20\/"},{"id":154209,"mpn":"RAV.G7240.200730","name":"D\u00e9monte-pneu G7240.BIKE","description":"S\u00e9rie swing, avec mandrin pour v\u00e9lo, vitesse max. 7,3 tr\/min, moto, diam\u00e8tre de jante 6 - 24\u2033, largeur de jante max. 304 mm | Bleu (RAL 5005)","thumbnail":"https:\/\/dev.codekraft.it\/ravaglioli.it\/wp-content\/uploads\/brb_media\/00508633_tyre-changer-g7240bike-mi-01-150x150.png","url":"https:\/\/dev.codekraft.it\/ravaglioli.it\/fr\/product\/demonte-pneu-g7240-bike\/"},{"id":154542,"mpn":"RAV.G5140.206190","name":"D\u00e9monte-pneu G5140.22M","description":"T\u00eate de montage et levier de montage, semi-automatique, incl. gonfleur de pneu, vitesse max. 7\/14 tr\/min, voiture de tourisme, diam\u00e8tre de jante 10 - 24\u2033, largeur de jante max. 420 mm | Bleu (RAL 5005)","thumbnail":"https:\/\/dev.codekraft.it\/ravaglioli.it\/wp-content\/uploads\/brb_media\/00526504_tyre-changer-g514022-mi-01-150x150.png","url":"https:\/\/dev.codekraft.it\/ravaglioli.it\/fr\/product\/demonte-pneu-g5140-22m\/"}],"page_logo_src":"https:\/\/dev.codekraft.it\/ravaglioli.it\/wp-content\/uploads\/2026\/04\/rav-negative-logo-1.png","lang":"fr","translations":{"fr":154203,"en":154201,"de":154202,"it":154204,"es":154205,"ru":154206},"pll_sync_post":[],"_links":{"self":[{"href":"https:\/\/dev.codekraft.it\/ravaglioli.it\/wp-json\/wp\/v2\/product\/154203","targetHints":{"allow":["GET"]}}],"collection":[{"href":"https:\/\/dev.codekraft.it\/ravaglioli.it\/wp-json\/wp\/v2\/product"}],"about":[{"href":"https:\/\/dev.codekraft.it\/ravaglioli.it\/wp-json\/wp\/v2\/types\/product"}],"wp:featuredmedia":[{"embeddable":true,"href":"https:\/\/dev.codekraft.it\/ravaglioli.it\/wp-json\/wp\/v2\/media\/42992"}],"wp:attachment":[{"href":"https:\/\/dev.codekraft.it\/ravaglioli.it\/wp-json\/wp\/v2\/media?parent=154203"}],"wp:term":[{"taxonomy":"product_brand","embeddable":true,"href":"https:\/\/dev.codekraft.it\/ravaglioli.it\/wp-json\/wp\/v2\/product_brand?post=154203"},{"taxonomy":"product_cat","embeddable":true,"href":"https:\/\/dev.codekraft.it\/ravaglioli.it\/wp-json\/wp\/v2\/product_cat?post=154203"},{"taxonomy":"product_tag","embeddable":true,"href":"https:\/\/dev.codekraft.it\/ravaglioli.it\/wp-json\/wp\/v2\/product_tag?post=154203"},{"taxonomy":"product_approvals","embeddable":true,"href":"https:\/\/dev.codekraft.it\/ravaglioli.it\/wp-json\/wp\/v2\/product_approvals?post=154203"},{"taxonomy":"product_application","embeddable":true,"href":"https:\/\/dev.codekraft.it\/ravaglioli.it\/wp-json\/wp\/v2\/product_application?post=154203"}],"curies":[{"name":"wp","href":"https:\/\/api.w.org\/{rel}","templated":true}]}}