{"id":154167,"date":"2025-10-30T14:31:24","date_gmt":"2025-10-30T14:31:24","guid":{"rendered":"https:\/\/dev.codekraft.it\/ravaglioli.it\/product\/demonte-pneu-g7641id-24\/"},"modified":"2026-01-14T20:54:52","modified_gmt":"2026-01-14T20:54:52","slug":"demonte-pneu-g7641id-24","status":"publish","type":"product","link":"https:\/\/dev.codekraft.it\/ravaglioli.it\/fr\/product\/demonte-pneu-g7641id-24\/","title":{"rendered":"D\u00e9monte-pneu G7641ID.24"},"content":{"rendered":"<ul>\n<li>Plateau \u00e0 double positionnement 10\u2033 &#8211; 24\u2033.<\/li>\n<li>Le ch\u00e2ssis large et renforc\u00e9 garantit une grande rigidit\u00e9 \u00e0 la structure et stabilit\u00e9 au plateau.<\/li>\n<li>Le montage du r\u00e9ducteur entre deux plaques en acier emp\u00eache toute flexion.<\/li>\n<li>La hauteur consid\u00e9rable de la colonne et de l\u2019arbre porte-outil permettent de travailler sur des roues jusqu\u2019\u00e0 une largeur de 15\u2033 (381 mm).<\/li>\n<\/ul>\n<ul>\n<li>Nouvelle griffe standard avec prise optimis\u00e9e et pointes rempla\u00e7ables<\/li>\n<li>Guide r\u00e9glable<\/li>\n<li>V\u00e9rin en aluminium \u00e0 double effet<\/li>\n<\/ul>\n","protected":false},"excerpt":{"rendered":"<p>T\u00eate de montage et levier de montage, automatique, vitesse max. 16 tr\/min, voiture de tourisme, plateau \u00e0 double positionnement, diam\u00e8tre de jante 10 &#8211; 26,5\u2033, new reinforced frame, largeur de jante max. 381 mm | Bleu (RAL 5005)<\/p>\n","protected":false},"featured_media":42944,"template":"","meta":[],"product_brand":[],"product_cat":[57876],"product_tag":[58343,58326,58290],"product_approvals":[],"product_application":[],"class_list":{"0":"post-154167","1":"product","2":"type-product","3":"status-publish","4":"has-post-thumbnail","6":"product_cat-demonte-pneus-fr","7":"product_tag-motor-homes-fr","8":"product_tag-light-commercial-fr","9":"product_tag-passenger-cars-fr","11":"first","12":"instock","13":"shipping-taxable","14":"product-type-simple"},"approvals":[],"application":[],"brb_media_brochure":[{"id":150435,"url":"https:\/\/dev.codekraft.it\/ravaglioli.it\/wp-content\/uploads\/brb_media\/00533765_tyre-changers-g7641-series-br-multi-2024-10-screen.pdf","title":"tyre changers g7641 series br multi 2024 10 screen","mpn":"","thumbnail":"https:\/\/dev.codekraft.it\/ravaglioli.it\/wp-content\/uploads\/brb_media\/00533765_tyre-changers-g7641-series-br-multi-2024-10-screen-pdf-106x150.png","description":""}],"brb_media_drawing":"","brb_media_manuals":[{"id":149972,"url":"https:\/\/dev.codekraft.it\/ravaglioli.it\/wp-content\/uploads\/brb_media\/00536837_tyre-changer-hp441-hp641-tc624-hp643-g7441-tc630-g7641-t2210-2-pro-g7645-g8645-ga2441-ga2641-ga2645-im-7300-m053-01_vsg_rev01_5l-multi-2024-07.pdf","title":"tyre changer hp441 hp641 tc624 hp643 g7441 tc630 g7641 t2210 2 pro g7645 g8645 ga2441 ga2641 ga2645 im 7300 m053 01 vsg rev01 5l multi 2024 07","mpn":"","thumbnail":"https:\/\/dev.codekraft.it\/ravaglioli.it\/wp-content\/uploads\/brb_media\/00536837_tyre-changer-hp441-hp641-tc624-hp643-g7441-tc630-g7641-t2210-2-pro-g7645-g8645-ga2441-ga2641-ga2645-im-7300-m053-01_vsg_rev01_5l-multi-2024-07-pdf-106x150.png","description":""}],"brb_media_safety_datasheets":"","brb_media_spare_parts":[],"_cdmm_p_id":"502495","_company":"Ravaglioli","_gtin":"5063084201041","accessories":[{"id":153697,"mpn":"G800A98K","name":"Protection plastique pour mors de serrage 20 &#8211; 22\u2033","description":"Protections pour jantes en alliage | 10 jeux \/ 40 pi\u00e8ces","thumbnail":"https:\/\/dev.codekraft.it\/ravaglioli.it\/wp-content\/uploads\/brb_media\/00539671_tyre-changers-g800a98-mi-150x150.png","url":"https:\/\/dev.codekraft.it\/ravaglioli.it\/fr\/product\/protection-plastique-pour-mors-de-serrage-20-22%e2%80%b3\/"},{"id":153270,"mpn":"G800A8","name":"Protection plastique pour t\u00eate de montage | Leverless","description":"Kit de protection t\u00eate pour jantes en alliage | 1 jeu","thumbnail":"https:\/\/dev.codekraft.it\/ravaglioli.it\/wp-content\/uploads\/brb_media\/00506649_g800a8-150x150.png","url":"https:\/\/dev.codekraft.it\/ravaglioli.it\/fr\/product\/protection-plastique-pour-tete-de-montage-leverless\/"},{"id":153691,"mpn":"G800A8K","name":"Protection plastique pour t\u00eate de montage | Leverless","description":"Kit de protection t\u00eate pour jantes en alliage | 10 jeux","thumbnail":"https:\/\/dev.codekraft.it\/ravaglioli.it\/wp-content\/uploads\/brb_media\/00506649_g800a8-150x150.png","url":"https:\/\/dev.codekraft.it\/ravaglioli.it\/fr\/product\/protection-plastique-pour-tete-de-montage-leverless-2\/"},{"id":153703,"mpn":"G84A17K","name":"Protection plastique pour t\u00eate de montage G800A110","description":"Kit de protection t\u00eate pour jantes en alliage | pour appareils avec tete | 10 jeux","thumbnail":"https:\/\/dev.codekraft.it\/ravaglioli.it\/wp-content\/uploads\/brb_media\/00506657_g84a17-150x150.png","url":"https:\/\/dev.codekraft.it\/ravaglioli.it\/fr\/product\/protection-plastique-pour-tete-de-montage-g800a110\/"},{"id":152342,"mpn":"G800A82","name":"Kit de transformation vers un montage sans levier","description":"Pour mise les d\u00e9monte-pneus traditionnels en mod\u00e8les sans levier","thumbnail":"https:\/\/dev.codekraft.it\/ravaglioli.it\/wp-content\/uploads\/brb_media\/00506650_g800a81-01-150x150.png","url":"https:\/\/dev.codekraft.it\/ravaglioli.it\/fr\/product\/kit-de-transformation-vers-un-montage-sans-levier\/"},{"id":152789,"mpn":"G1000A13K","name":"Protections levier pour t\u00eate de montage | 1 jeu \/ 50 pi\u00e8ces","description":"","thumbnail":"https:\/\/dev.codekraft.it\/ravaglioli.it\/wp-content\/uploads\/brb_media\/00506686_g1000a13k-150x150.png","url":"https:\/\/dev.codekraft.it\/ravaglioli.it\/fr\/product\/protections-levier-pour-tete-de-montage-1-jeu-50-pieces\/"},{"id":155462,"mpn":"G800A11","name":"Protection plastique pour pelle d\u00e9talonneuse","description":"Protection pelle d\u00e9talonneuse | 1 pi\u00e8ce","thumbnail":"https:\/\/dev.codekraft.it\/ravaglioli.it\/wp-content\/uploads\/brb_media\/00506714_g800a11-01-150x150.png","url":"https:\/\/dev.codekraft.it\/ravaglioli.it\/fr\/product\/protection-plastique-pour-pelle-detalonneuse\/"},{"id":155801,"mpn":"G800A11K","name":"Protection plastique pour pelle d\u00e9talonneuse","description":"Protection pelle d\u00e9talonneuse |  5 pi\u00e8ces","thumbnail":"https:\/\/dev.codekraft.it\/ravaglioli.it\/wp-content\/uploads\/brb_media\/00506714_g800a11-01-150x150.png","url":"https:\/\/dev.codekraft.it\/ravaglioli.it\/fr\/product\/protection-plastique-pour-pelle-detalonneuse-2\/"},{"id":155795,"mpn":"G800A32","name":"Protection plastique pour bride de jante","description":"Protection du talon pour pneus \u00ab\u00a0Run Flat\u00a0\u00bb | Compris dans le kit WDK | 1 pi\u00e8ce","thumbnail":"https:\/\/dev.codekraft.it\/ravaglioli.it\/wp-content\/uploads\/brb_media\/00506718_g800a32-150x150.png","url":"https:\/\/dev.codekraft.it\/ravaglioli.it\/fr\/product\/protection-plastique-pour-bride-de-jante\/"},{"id":155139,"mpn":"G1000A115","name":"Limitateur de course pour d\u00e9talloneur pour homologation WDK","description":"","thumbnail":"https:\/\/dev.codekraft.it\/ravaglioli.it\/wp-content\/uploads\/brb_media\/00506673_g1000a115-150x150.png","url":"https:\/\/dev.codekraft.it\/ravaglioli.it\/fr\/product\/limitateur-de-course-pour-detalloneur-pour-homologation-wdk\/"},{"id":154905,"mpn":"G800A117K","name":"Protection plastique pour t\u00eate de montage | Quick insert","description":"Kit de protection \u00e0 gorge pour outil, enfichable, pour jantes en alliage | 10 jeux","thumbnail":"https:\/\/dev.codekraft.it\/ravaglioli.it\/wp-content\/uploads\/brb_media\/00506624_g800a117-150x150.png","url":"https:\/\/dev.codekraft.it\/ravaglioli.it\/fr\/product\/protection-plastique-pour-tete-de-montage-quick-insert-2\/"},{"id":155504,"mpn":"G800A107","name":"Mors de serrage de moto pour mandrin 24 &#8211; 26\u2033","description":"Mobiles, \u00e9tendre la plage de serrage de +5\u2033 de l'ext\u00e9rieur | 1 jeu \/ 4 pi\u00e8ces","thumbnail":"https:\/\/dev.codekraft.it\/ravaglioli.it\/wp-content\/uploads\/brb_media\/00506658_g84a5-150x150.png","url":"https:\/\/dev.codekraft.it\/ravaglioli.it\/fr\/product\/mors-de-serrage-de-moto-pour-mandrin-24-26%e2%80%b3\/"},{"id":155498,"mpn":"G800A111","name":"Adaptateur de r\u00e9duction","description":"Pour mors de serrage de moto | r\u00e9duction \u00e0 8\u2033 du diam\u00e8tre des roues | G800A99, G800A107 n\u00e9cessaire | 1 jeu \/ 4 pi\u00e8ces","thumbnail":"https:\/\/dev.codekraft.it\/ravaglioli.it\/wp-content\/uploads\/brb_media\/00506664_g84a24-150x150.png","url":"https:\/\/dev.codekraft.it\/ravaglioli.it\/fr\/product\/adaptateur-de-reduction\/"},{"id":155510,"mpn":"G800A78","name":"Lame de d\u00e9collage de talon de moto","description":"","thumbnail":"https:\/\/dev.codekraft.it\/ravaglioli.it\/wp-content\/uploads\/brb_media\/00535969_tyre-changers-g800a78-mi-150x150.png","url":"https:\/\/dev.codekraft.it\/ravaglioli.it\/fr\/product\/lame-de-decollage-de-talon-de-moto\/"},{"id":155807,"mpn":"G800A77","name":"Bac pour valves\/accessoires | avec tuyau de fixation","description":"","thumbnail":"https:\/\/dev.codekraft.it\/ravaglioli.it\/wp-content\/uploads\/brb_media\/00506646_g800a77-02-150x150.png","url":"https:\/\/dev.codekraft.it\/ravaglioli.it\/fr\/product\/bac-pour-valves-accessoires-avec-tuyau-de-fixation\/"},{"id":155825,"mpn":"G1000A160","name":"Levier d\u00e9mi-lune","description":"","thumbnail":"https:\/\/dev.codekraft.it\/ravaglioli.it\/wp-content\/uploads\/brb_media\/00506725_b2440002-150x150.png","url":"https:\/\/dev.codekraft.it\/ravaglioli.it\/fr\/product\/levier-demi-lune\/"},{"id":155819,"mpn":"G1000A100K","name":"Plaques de protection de talon | approuv\u00e9es WDK","description":"Compris dans le kit WDK | 1\u00a0jeu \/ 50\u00a0pi\u00e8ces","thumbnail":"https:\/\/dev.codekraft.it\/ravaglioli.it\/wp-content\/uploads\/brb_media\/00506667_g1000a100k-01-150x150.png","url":"https:\/\/dev.codekraft.it\/ravaglioli.it\/fr\/product\/plaques-de-protection-de-talon-approuvees-wdk\/"},{"id":155915,"mpn":"G800A37","name":"P\u00e2te de montage\/d\u00e9montage | 3,5 kg","description":"","thumbnail":"https:\/\/dev.codekraft.it\/ravaglioli.it\/wp-content\/uploads\/brb_media\/00506743_g800a37-150x150.png","url":"https:\/\/dev.codekraft.it\/ravaglioli.it\/fr\/product\/pate-de-montage-demontage-35-kg\/"}],"components":[],"delivery":[{"id":153276,"mpn":"G800A117","name":"Protection plastique pour t\u00eate de montage | Quick insert","description":"Kit de protection \u00e0 gorge pour outil, enfichable, pour jantes en alliage | 1 jeu","thumbnail":"https:\/\/dev.codekraft.it\/ravaglioli.it\/wp-content\/uploads\/brb_media\/00506624_g800a117-150x150.png","url":"https:\/\/dev.codekraft.it\/ravaglioli.it\/fr\/product\/protection-plastique-pour-tete-de-montage-quick-insert\/"},{"id":153222,"mpn":"G800A122","name":"Pointes pour griffes","description":"Rempla\u00e7ables | pour d\u00e9monte-pneus | 1 jeu \/ 8 pi\u00e8ces","thumbnail":"https:\/\/dev.codekraft.it\/ravaglioli.it\/wp-content\/uploads\/brb_media\/00506626_g800a122-150x150.png","url":"https:\/\/dev.codekraft.it\/ravaglioli.it\/fr\/product\/pointes-pour-griffes\/"},{"id":155903,"mpn":"G800A98","name":"Protection plastique pour mors de serrage 20 &#8211; 22\u2033","description":"Protections pour jantes en alliage | 1 jeu \/ 4 pi\u00e8ces","thumbnail":"https:\/\/dev.codekraft.it\/ravaglioli.it\/wp-content\/uploads\/brb_media\/00539671_tyre-changers-g800a98-mi-150x150.png","url":"https:\/\/dev.codekraft.it\/ravaglioli.it\/fr\/product\/protection-plastique-pour-mors-de-serrage-20-22%e2%80%b3-2\/"},{"id":155157,"mpn":"G1000A52","name":"Levier Standard","description":"Voitures particuli\u00e8res","thumbnail":"https:\/\/dev.codekraft.it\/ravaglioli.it\/wp-content\/uploads\/brb_media\/00506696_g1000a52-150x150.png","url":"https:\/\/dev.codekraft.it\/ravaglioli.it\/fr\/product\/levier-standard\/"},{"id":155516,"mpn":"G800A38","name":"Pinceau Plastique","description":"","thumbnail":"https:\/\/dev.codekraft.it\/ravaglioli.it\/wp-content\/uploads\/brb_media\/00506719_g800a38-150x150.png","url":"https:\/\/dev.codekraft.it\/ravaglioli.it\/fr\/product\/pinceau-plastique\/"}],"package":[],"related":[],"similar":[{"id":154155,"mpn":"RAV.G7641.200907","name":"D\u00e9monte-pneu G7641D.24PLUS","description":"T\u00eate de montage et levier de montage, automatique, vitesse max. 16 tr\/min, voiture de tourisme, plateau \u00e0 double positionnement, diam\u00e8tre de jante 10 - 26,5\u2033, new reinforced frame, largeur de jante max. 381 mm | Bleu (RAL 5005)","thumbnail":"https:\/\/dev.codekraft.it\/ravaglioli.it\/wp-content\/uploads\/brb_media\/00550327_tyre-changer-g7641v22-mi-150x150.png","url":"https:\/\/dev.codekraft.it\/ravaglioli.it\/fr\/product\/demonte-pneu-g7641d-24plus\/"},{"id":154161,"mpn":"RAV.G7641.200945","name":"D\u00e9monte-pneu G7641D.24","description":"T\u00eate de montage et levier de montage, automatique, vitesse max. 16 tr\/min, voiture de tourisme, plateau \u00e0 double positionnement, diam\u00e8tre de jante 10 - 26,5\u2033, new reinforced frame, largeur de jante max. 381 mm | Bleu (RAL 5005)","thumbnail":"https:\/\/dev.codekraft.it\/ravaglioli.it\/wp-content\/uploads\/brb_media\/00550327_tyre-changer-g7641v22-mi-150x150.png","url":"https:\/\/dev.codekraft.it\/ravaglioli.it\/fr\/product\/demonte-pneu-g7641d-24\/"},{"id":154136,"mpn":"RAV.G7441.200877","name":"D\u00e9monte-pneu G7441IV.22","description":"Automatique, 2 vitesses (max. 13 tr\/mn), voiture de tourisme, diam\u00e8tre de jante 10 - 24,5\u2033, argeur de jante max. 381 mm | Bleu (RAL 5005)","thumbnail":"https:\/\/dev.codekraft.it\/ravaglioli.it\/wp-content\/uploads\/brb_media\/00509854_tyre-changer-g7441iv22-mi-150x150.png","url":"https:\/\/dev.codekraft.it\/ravaglioli.it\/fr\/product\/demonte-pneu-g7441iv-22\/"},{"id":154130,"mpn":"RAV.G7441.201119","name":"D\u00e9monte-pneu G7441V.22","description":"Automatique, 2 vitesses (max. 13 tr\/mn), voiture de tourisme, diam\u00e8tre de jante 10 - 24,5\u2033, argeur de jante max. 381 mm | Bleu (RAL 5005)","thumbnail":"https:\/\/dev.codekraft.it\/ravaglioli.it\/wp-content\/uploads\/brb_media\/00509855_tyre-changer-g7441v22-mi-01-150x150.png","url":"https:\/\/dev.codekraft.it\/ravaglioli.it\/fr\/product\/demonte-pneu-g7441v-22\/"},{"id":154173,"mpn":"RAV.G7641.201010","name":"D\u00e9monte-pneu G7641V.22","description":"T\u00eate de montage et levier de montage, automatique, 2 vitesses (max. 13 tr\/min), voiture de tourisme, plateau \u00e0 double positionnement, diam\u00e8tre de jante 11 - 24,5\u2033, new reinforced frame, largeur de jante max. 381 mm | Bleu (RAL 5005)","thumbnail":"https:\/\/dev.codekraft.it\/ravaglioli.it\/wp-content\/uploads\/brb_media\/00550327_tyre-changer-g7641v22-mi-150x150.png","url":"https:\/\/dev.codekraft.it\/ravaglioli.it\/fr\/product\/demonte-pneu-g7641v-22\/"},{"id":154179,"mpn":"RAV.G7641.201089","name":"D\u00e9monte-pneu G7641IV.22","description":"T\u00eate de montage et levier de montage, automatique, 2 vitesses (max. 13 tr\/min), voiture de tourisme, plateau \u00e0 double positionnement, diam\u00e8tre de jante 11 - 24,5\u2033, new reinforced frame, largeur de jante max. 381 mm | Bleu (RAL 5005)","thumbnail":"https:\/\/dev.codekraft.it\/ravaglioli.it\/wp-content\/uploads\/brb_media\/00508613_tyre-changer-g7641-22-mi-01-150x150.png","url":"https:\/\/dev.codekraft.it\/ravaglioli.it\/fr\/product\/demonte-pneu-g7641iv-22\/"},{"id":154228,"mpn":"RAV.G1065.200792","name":"D\u00e9monte-pneu G1065.N","description":"T\u00eate de montage et levier de montage, blocage central, vitesse max. 15 tr\/min, voiture de tourisme, diam\u00e8tre de jante 12 - 24\u2033, largeur de jante max. 381 mm | Bleu (RAL 5005)","thumbnail":"https:\/\/dev.codekraft.it\/ravaglioli.it\/wp-content\/uploads\/brb_media\/00508664_tyre-changer-g1065n-mi-150x150.png","url":"https:\/\/dev.codekraft.it\/ravaglioli.it\/fr\/product\/demonte-pneu-g1065-n\/"},{"id":154197,"mpn":"RAV.G7645.201232","name":"D\u00e9monte-pneu G7645D.26","description":"Automatique, vitesse max. 16 tr\/min, voiture de tourisme, diam\u00e8tre de jante 12 - 26\u2033, largeur de jante max. 431 mm | Bleu (RAL 5005)","thumbnail":"https:\/\/dev.codekraft.it\/ravaglioli.it\/wp-content\/uploads\/brb_media\/00508616_tyre-changer-g7645d-26-mi-01-150x150.png","url":"https:\/\/dev.codekraft.it\/ravaglioli.it\/fr\/product\/demonte-pneu-g7645d-26\/"},{"id":154216,"mpn":"RAV.G1001.200815","name":"D\u00e9monte-pneu G1001.24ELX","description":"T\u00eate de montage et levier de montage, automatique, mandrin auto-centreur tulipe, vitesse max. 15 tr\/min, voiture de tourisme, diam\u00e8tre de jante 12 - 24\u2033, largeur de jante max. 381 mm | Bleu (RAL 5005)","thumbnail":"https:\/\/dev.codekraft.it\/ravaglioli.it\/wp-content\/uploads\/brb_media\/00508639_tyre-changer-g1001-24elx-ral5005-mi-150x150.png","url":"https:\/\/dev.codekraft.it\/ravaglioli.it\/fr\/product\/demonte-pneu-g1001-24elx\/"}],"page_logo_src":"https:\/\/dev.codekraft.it\/ravaglioli.it\/wp-content\/uploads\/2026\/04\/rav-negative-logo-1.png","lang":"fr","translations":{"fr":154167,"en":154165,"de":154166,"it":154168,"es":154169,"ru":154170},"pll_sync_post":[],"_links":{"self":[{"href":"https:\/\/dev.codekraft.it\/ravaglioli.it\/wp-json\/wp\/v2\/product\/154167","targetHints":{"allow":["GET"]}}],"collection":[{"href":"https:\/\/dev.codekraft.it\/ravaglioli.it\/wp-json\/wp\/v2\/product"}],"about":[{"href":"https:\/\/dev.codekraft.it\/ravaglioli.it\/wp-json\/wp\/v2\/types\/product"}],"wp:featuredmedia":[{"embeddable":true,"href":"https:\/\/dev.codekraft.it\/ravaglioli.it\/wp-json\/wp\/v2\/media\/42944"}],"wp:attachment":[{"href":"https:\/\/dev.codekraft.it\/ravaglioli.it\/wp-json\/wp\/v2\/media?parent=154167"}],"wp:term":[{"taxonomy":"product_brand","embeddable":true,"href":"https:\/\/dev.codekraft.it\/ravaglioli.it\/wp-json\/wp\/v2\/product_brand?post=154167"},{"taxonomy":"product_cat","embeddable":true,"href":"https:\/\/dev.codekraft.it\/ravaglioli.it\/wp-json\/wp\/v2\/product_cat?post=154167"},{"taxonomy":"product_tag","embeddable":true,"href":"https:\/\/dev.codekraft.it\/ravaglioli.it\/wp-json\/wp\/v2\/product_tag?post=154167"},{"taxonomy":"product_approvals","embeddable":true,"href":"https:\/\/dev.codekraft.it\/ravaglioli.it\/wp-json\/wp\/v2\/product_approvals?post=154167"},{"taxonomy":"product_application","embeddable":true,"href":"https:\/\/dev.codekraft.it\/ravaglioli.it\/wp-json\/wp\/v2\/product_application?post=154167"}],"curies":[{"name":"wp","href":"https:\/\/api.w.org\/{rel}","templated":true}]}}