{"id":154138,"date":"2025-10-30T14:31:24","date_gmt":"2025-10-30T14:31:24","guid":{"rendered":"https:\/\/dev.codekraft.it\/ravaglioli.it\/product\/desmontadora-de-neumaticos-g7441iv-22\/"},"modified":"2026-01-14T20:52:31","modified_gmt":"2026-01-14T20:52:31","slug":"desmontadora-de-neumaticos-g7441iv-22","status":"publish","type":"product","link":"https:\/\/dev.codekraft.it\/ravaglioli.it\/es\/product\/desmontadora-de-neumaticos-g7441iv-22\/","title":{"rendered":"Desmontadora de neum\u00e1ticos G7441IV.22"},"content":{"rendered":"<ul>\n<li>Robusta estructura portante para garantizar la correcta condici\u00f3n de trabajo en cualquier situaci\u00f3n<\/li>\n<li>Leva para tal\u00f3n<\/li>\n<\/ul>\n<ul>\n<li>Mandos de accionamiento de bloqueo del \u00fatil con alejamiento autom\u00e1tico de la llanta<\/li>\n<li>Gu\u00eda reglable<\/li>\n<li>Nueva garra est\u00e1ndar con adherencia optimizada y puntas reemplazables<\/li>\n<li>\u00datil con protecci\u00f3n integrada para llantas de aluminio<\/li>\n<li>Grande paleta articulada y perfilada para facilitar la operaci\u00f3n de sustentaci\u00f3n, evitando posibles da\u00f1os en la llanta o en el neum\u00e1tico<\/li>\n<li>Pist\u00f3n destalonador de doble efecto en aleaci\u00f3n ligera<\/li>\n<\/ul>\n","protected":false},"excerpt":{"rendered":"<p>Autom\u00e1tica, 2 velocidades (m\u00e1x. 13 r\/min), turismo, di\u00e1metro de llanta 10 &#8211; 24,5\u2033, anchura llanta m\u00e1x. 381 mm | Azul (RAL 5005)<\/p>\n","protected":false},"featured_media":49167,"template":"","meta":[],"product_brand":[],"product_cat":[57904],"product_tag":[58349,58296,58332],"product_approvals":[],"product_application":[],"class_list":{"0":"post-154138","1":"product","2":"type-product","3":"status-publish","4":"has-post-thumbnail","6":"product_cat-desmontadoras-es","7":"product_tag-motor-homes-es","8":"product_tag-passenger-cars-es","9":"product_tag-light-commercial-es","11":"first","12":"instock","13":"shipping-taxable","14":"product-type-simple"},"approvals":[],"application":[],"brb_media_brochure":[{"id":149023,"url":"https:\/\/dev.codekraft.it\/ravaglioli.it\/wp-content\/uploads\/brb_media\/00521446_tyre-changers-g7441-series-br-multi-2023-09-screen.pdf","title":"Tyre changers G7441 Series BR multi 2023 09 screen","mpn":"","thumbnail":"https:\/\/dev.codekraft.it\/ravaglioli.it\/wp-content\/uploads\/brb_media\/00521446_tyre-changers-g7441-series-br-multi-2023-09-screen-pdf-106x150.png","description":""}],"brb_media_drawing":"","brb_media_manuals":[{"id":149972,"url":"https:\/\/dev.codekraft.it\/ravaglioli.it\/wp-content\/uploads\/brb_media\/00536837_tyre-changer-hp441-hp641-tc624-hp643-g7441-tc630-g7641-t2210-2-pro-g7645-g8645-ga2441-ga2641-ga2645-im-7300-m053-01_vsg_rev01_5l-multi-2024-07.pdf","title":"tyre changer hp441 hp641 tc624 hp643 g7441 tc630 g7641 t2210 2 pro g7645 g8645 ga2441 ga2641 ga2645 im 7300 m053 01 vsg rev01 5l multi 2024 07","mpn":"","thumbnail":"https:\/\/dev.codekraft.it\/ravaglioli.it\/wp-content\/uploads\/brb_media\/00536837_tyre-changer-hp441-hp641-tc624-hp643-g7441-tc630-g7641-t2210-2-pro-g7645-g8645-ga2441-ga2641-ga2645-im-7300-m053-01_vsg_rev01_5l-multi-2024-07-pdf-106x150.png","description":""}],"brb_media_safety_datasheets":"","brb_media_spare_parts":[],"_cdmm_p_id":"502488","_company":"Ravaglioli","_gtin":"5063084200877","accessories":[{"id":153747,"mpn":"G1000A32","name":"WulstBoy con dispositivo de tracci\u00f3n y cadena de rosario de hasta 24\u2033","description":"","thumbnail":"https:\/\/dev.codekraft.it\/ravaglioli.it\/wp-content\/uploads\/brb_media\/00506619_g1000a32-150x150.png","url":"https:\/\/dev.codekraft.it\/ravaglioli.it\/es\/product\/wulstboy-con-dispositivo-de-traccion-y-cadena-de-rosario-de-hasta-24%e2%80%b3\/"},{"id":153753,"mpn":"G84A13","name":"Mordaza bloquea tal\u00f3n","description":"","thumbnail":"https:\/\/dev.codekraft.it\/ravaglioli.it\/wp-content\/uploads\/brb_media\/00506659_g84a13-150x150.png","url":"https:\/\/dev.codekraft.it\/ravaglioli.it\/es\/product\/mordaza-bloquea-talon\/"},{"id":152954,"mpn":"PLUS83H","name":"Brazo de ayuda neum\u00e1tico | con brazo prensa tal\u00f3n rotatorio","description":"Dispositivo prensa tal\u00f3n neum\u00e1tico con brazo prensa tal\u00f3n rotatorio","thumbnail":"https:\/\/dev.codekraft.it\/ravaglioli.it\/wp-content\/uploads\/brb_media\/00506660_plus83h-150x150.png","url":"https:\/\/dev.codekraft.it\/ravaglioli.it\/es\/product\/brazo-de-ayuda-neumatico-con-brazo-prensa-talon-rotatorio-2\/"},{"id":152936,"mpn":"PLUS83H\/D","name":"Brazo de ayuda neum\u00e1tico | con brazo prensa tal\u00f3n rotatorio y dispositivo de prensado de tal\u00f3n WDK","description":"PLUS83 con presor WDK","thumbnail":"https:\/\/dev.codekraft.it\/ravaglioli.it\/wp-content\/uploads\/brb_media\/00506661_plus83hd-150x150.png","url":"https:\/\/dev.codekraft.it\/ravaglioli.it\/es\/product\/brazo-de-ayuda-neumatico-con-brazo-prensa-talon-rotatorio-y-dispositivo-de-prensado-de-talon-wdk\/"},{"id":153675,"mpn":"G800A114","name":"Extensi\u00f3n para prensor ruedas RFT","description":"","thumbnail":"https:\/\/dev.codekraft.it\/ravaglioli.it\/wp-content\/uploads\/brb_media\/00506622_g800a114-150x150.png","url":"https:\/\/dev.codekraft.it\/ravaglioli.it\/es\/product\/extension-para-prensor-ruedas-rft\/"},{"id":153512,"mpn":"G800A119","name":"Brazo suplementar lateral con disco","description":"Accesorio de desmontadoras | Sin opci\u00f3n brazo hexagonal!","thumbnail":"https:\/\/dev.codekraft.it\/ravaglioli.it\/wp-content\/uploads\/brb_media\/00506625_g800a119-150x150.png","url":"https:\/\/dev.codekraft.it\/ravaglioli.it\/es\/product\/brazo-suplementar-lateral-con-disco\/"},{"id":152236,"mpn":"G800A49","name":"Rodillo prensor | 45\u00b0 inclinado","description":"Con guardia para utilizar en combinaci\u00f3n con G800A51","thumbnail":"https:\/\/dev.codekraft.it\/ravaglioli.it\/wp-content\/uploads\/brb_media\/00506635_g800a49-150x150.png","url":"https:\/\/dev.codekraft.it\/ravaglioli.it\/es\/product\/rodillo-prensor-45-inclinado-2\/"},{"id":152230,"mpn":"G800A51","name":"Rodillo prensor | 45\u00b0 inclinado","description":"Utilizar en combinaci\u00f3n con G800A49 | necesario G800A119 para PLUS83H (configuraci\u00f3n WDK)","thumbnail":"https:\/\/dev.codekraft.it\/ravaglioli.it\/wp-content\/uploads\/brb_media\/00506636_g800a51-150x150.png","url":"https:\/\/dev.codekraft.it\/ravaglioli.it\/es\/product\/rodillo-prensor-45-inclinado\/"},{"id":152638,"mpn":"G800A73","name":"Cabezal de montaje para turismos | pivoteante | in plastica","description":"Para los modelos dotados de util rapido | completo de casquillo para enganche r\u00e1pido","thumbnail":"https:\/\/dev.codekraft.it\/ravaglioli.it\/wp-content\/uploads\/brb_media\/00506642_g800a73-150x150.png","url":"https:\/\/dev.codekraft.it\/ravaglioli.it\/es\/product\/cabezal-de-montaje-para-turismos-pivoteante-in-plastica\/"},{"id":152644,"mpn":"G800A126","name":"Cabezal de montaje para turismos | in plastica","description":"NO attacco rapido | para todos los modelos | completo de casquillo para enganche directamente al palo hexagonal de la m\u00e1quina","thumbnail":"","url":"https:\/\/dev.codekraft.it\/ravaglioli.it\/es\/product\/cabezal-de-montaje-para-turismos-in-plastica\/"},{"id":153699,"mpn":"G800A98K","name":"Protecci\u00f3n de pl\u00e1stico para mordazas de sujeci\u00f3n 20 &#8211; 22\u2033","description":"Protecciones para llantas de aleaci\u00f3n | 10 juegos \/ 40 piezas","thumbnail":"https:\/\/dev.codekraft.it\/ravaglioli.it\/wp-content\/uploads\/brb_media\/00539671_tyre-changers-g800a98-mi-150x150.png","url":"https:\/\/dev.codekraft.it\/ravaglioli.it\/es\/product\/proteccion-de-plastico-para-mordazas-de-sujecion-20-22%e2%80%b3\/"},{"id":153272,"mpn":"G800A8","name":"Protecci\u00f3n de pl\u00e1stico para cabezal de montaje | Leverless","description":"Protecciones \u00fatil para llantas de aleaci\u00f3n | 1 juego","thumbnail":"https:\/\/dev.codekraft.it\/ravaglioli.it\/wp-content\/uploads\/brb_media\/00506649_g800a8-150x150.png","url":"https:\/\/dev.codekraft.it\/ravaglioli.it\/es\/product\/proteccion-de-plastico-para-cabezal-de-montaje-leverless\/"},{"id":153693,"mpn":"G800A8K","name":"Protecci\u00f3n de pl\u00e1stico para cabezal de montaje | Leverless","description":"Protecciones \u00fatil para llantas de aleaci\u00f3n | 10 juegos","thumbnail":"https:\/\/dev.codekraft.it\/ravaglioli.it\/wp-content\/uploads\/brb_media\/00506649_g800a8-150x150.png","url":"https:\/\/dev.codekraft.it\/ravaglioli.it\/es\/product\/proteccion-de-plastico-para-cabezal-de-montaje-leverless-2\/"},{"id":153705,"mpn":"G84A17K","name":"Protecci\u00f3n de pl\u00e1stico para cabezal de montaje G800A110","description":"Protecciones \u00fatil para llantas de aleaci\u00f3n | para maquinas con \u00fatil | 10 juegos","thumbnail":"https:\/\/dev.codekraft.it\/ravaglioli.it\/wp-content\/uploads\/brb_media\/00506657_g84a17-150x150.png","url":"https:\/\/dev.codekraft.it\/ravaglioli.it\/es\/product\/proteccion-de-plastico-para-cabezal-de-montaje-g800a110\/"},{"id":152791,"mpn":"G1000A13K","name":"Protecciones palanca levanta talones para palanca | 1 juego \/ 50 piezas","description":"","thumbnail":"https:\/\/dev.codekraft.it\/ravaglioli.it\/wp-content\/uploads\/brb_media\/00506686_g1000a13k-150x150.png","url":"https:\/\/dev.codekraft.it\/ravaglioli.it\/es\/product\/protecciones-palanca-levanta-talones-para-palanca-1-juego-50-piezas\/"},{"id":153002,"mpn":"G84A1","name":"Pistola de inflado sin v\u00e1lvula inflado rapido con limitadora de presi\u00f3n","description":"Dispositivo de inflado para desmontadoras","thumbnail":"https:\/\/dev.codekraft.it\/ravaglioli.it\/wp-content\/uploads\/brb_media\/00506655_g84a1-150x150.png","url":"https:\/\/dev.codekraft.it\/ravaglioli.it\/es\/product\/pistola-de-inflado-sin-valvula-inflado-rapido-con-limitadora-de-presion\/"},{"id":152755,"mpn":"G800A99","name":"Mordazas de sujeci\u00f3n para motocicleta para platos de 20 &#8211; 22\u2033","description":"M\u00f3vil, ampl\u00eda el rango de sujeci\u00f3n en +5\u2033 del exterior | 1 juego \/ 4 piezas","thumbnail":"https:\/\/dev.codekraft.it\/ravaglioli.it\/wp-content\/uploads\/brb_media\/00506658_g84a5-150x150.png","url":"https:\/\/dev.codekraft.it\/ravaglioli.it\/es\/product\/mordazas-de-sujecion-para-motocicleta-para-platos-de-20-22%e2%80%b3\/"},{"id":155331,"mpn":"G1000A36","name":"Extensi\u00f3n para prensa tal\u00f3n a 28\u2033 | para G1000A32","description":"Incluido en el kit WDK","thumbnail":"https:\/\/dev.codekraft.it\/ravaglioli.it\/wp-content\/uploads\/brb_media\/00506693_g1000a36-150x150.png","url":"https:\/\/dev.codekraft.it\/ravaglioli.it\/es\/product\/extension-para-prensa-talon-a-28%e2%80%b3-para-g1000a32\/"},{"id":155135,"mpn":"PLUS73","name":"Brazo de ayuda neum\u00e1tico | con brazo prensa tal\u00f3n rotatorio","description":"Dispositivo prensa tal\u00f3n neum\u00e1tico con brazo prensa tal\u00f3n rotatorio","thumbnail":"https:\/\/dev.codekraft.it\/ravaglioli.it\/wp-content\/uploads\/brb_media\/00394187_tyre-changer-bead-pusher-oem-di-150x150.png","url":"https:\/\/dev.codekraft.it\/ravaglioli.it\/es\/product\/brazo-de-ayuda-neumatico-con-brazo-prensa-talon-rotatorio-3\/"},{"id":155815,"mpn":"G800A116","name":"Brazo suplementar lateral con rodillo cil\u00edndrico | sin disco elevador","description":"Accesorio de desmontadoras","thumbnail":"https:\/\/dev.codekraft.it\/ravaglioli.it\/wp-content\/uploads\/brb_media\/00506623_g800a116-150x150.png","url":"https:\/\/dev.codekraft.it\/ravaglioli.it\/es\/product\/brazo-suplementar-lateral-con-rodillo-cilindrico-sin-disco-elevador\/"},{"id":155524,"mpn":"G800A35","name":"Elevador para ruedas neum\u00e1tico","description":"","thumbnail":"https:\/\/dev.codekraft.it\/ravaglioli.it\/wp-content\/uploads\/brb_media\/00506634_g800a35-150x150.png","url":"https:\/\/dev.codekraft.it\/ravaglioli.it\/es\/product\/elevador-para-ruedas-neumatico\/"},{"id":155470,"mpn":"G800A70","name":"Juego enganche r\u00e1pido \u00fatiles | sin \u00fatil","description":"El juego G800A70 reduce la altura m\u00e1xima de rueda de 2\u2033","thumbnail":"https:\/\/dev.codekraft.it\/ravaglioli.it\/wp-content\/uploads\/brb_media\/00506641_g800a70-150x150.png","url":"https:\/\/dev.codekraft.it\/ravaglioli.it\/es\/product\/juego-enganche-rapido-utiles-sin-util\/"},{"id":155494,"mpn":"G800A74","name":"Cabezal de montaje para motocicletas | en pl\u00e1stico","description":"Para todos los modelos con enganche r\u00e1pido | completo de casquillo para enganche r\u00e1pido","thumbnail":"https:\/\/dev.codekraft.it\/ravaglioli.it\/wp-content\/uploads\/brb_media\/00506643_g800a74-150x150.png","url":"https:\/\/dev.codekraft.it\/ravaglioli.it\/es\/product\/cabezal-de-montaje-para-motocicletas-en-plastico-2\/"},{"id":155488,"mpn":"G800A76","name":"Cabezal de montaje para ruedas ATV","description":"Para todos los modelos con enganche r\u00e1pido | completo de soporte para enganche rapido","thumbnail":"https:\/\/dev.codekraft.it\/ravaglioli.it\/wp-content\/uploads\/brb_media\/00506645_g800a76-150x150.png","url":"https:\/\/dev.codekraft.it\/ravaglioli.it\/es\/product\/cabezal-de-montaje-para-ruedas-atv\/"},{"id":155476,"mpn":"G800A75","name":"Casquillo para enganche r\u00e1pido","description":"Para todos los modelos con enganche r\u00e1pido","thumbnail":"https:\/\/dev.codekraft.it\/ravaglioli.it\/wp-content\/uploads\/brb_media\/00506644_g800a75-150x150.png","url":"https:\/\/dev.codekraft.it\/ravaglioli.it\/es\/product\/casquillo-para-enganche-rapido\/"},{"id":155464,"mpn":"G800A11","name":"Protecci\u00f3n de pl\u00e1stico para pala destalonadora","description":"1 pieza","thumbnail":"https:\/\/dev.codekraft.it\/ravaglioli.it\/wp-content\/uploads\/brb_media\/00506714_g800a11-01-150x150.png","url":"https:\/\/dev.codekraft.it\/ravaglioli.it\/es\/product\/proteccion-de-plastico-para-pala-destalonadora\/"},{"id":155803,"mpn":"G800A11K","name":"Protecci\u00f3n de pl\u00e1stico para pala destalonadora","description":"5 piezas","thumbnail":"https:\/\/dev.codekraft.it\/ravaglioli.it\/wp-content\/uploads\/brb_media\/00506714_g800a11-01-150x150.png","url":"https:\/\/dev.codekraft.it\/ravaglioli.it\/es\/product\/proteccion-de-plastico-para-pala-destalonadora-2\/"},{"id":155797,"mpn":"G800A32","name":"Protecci\u00f3n de pl\u00e1stico para el borde de llanta","description":"Protecci\u00f3n tal\u00f3n para neum\u00e1ticos \u00abRun Flat\u00bb | Incluido en el kit WDK | 1 pieza","thumbnail":"https:\/\/dev.codekraft.it\/ravaglioli.it\/wp-content\/uploads\/brb_media\/00506718_g800a32-150x150.png","url":"https:\/\/dev.codekraft.it\/ravaglioli.it\/es\/product\/proteccion-de-plastico-para-el-borde-de-llanta\/"},{"id":155141,"mpn":"G1000A115","name":"Limitador de carrera del destalonador para homologaci\u00f3n WDK","description":"","thumbnail":"https:\/\/dev.codekraft.it\/ravaglioli.it\/wp-content\/uploads\/brb_media\/00506673_g1000a115-150x150.png","url":"https:\/\/dev.codekraft.it\/ravaglioli.it\/es\/product\/limitador-de-carrera-del-destalonador-para-homologacion-wdk\/"},{"id":154907,"mpn":"G800A117K","name":"Protecci\u00f3n de pl\u00e1stico para cabezal de montaje | Quick insert","description":"Protecciones para u\u00f1a de tipo encastre, para llantas de aleaci\u00f3n | 10 juegos","thumbnail":"https:\/\/dev.codekraft.it\/ravaglioli.it\/wp-content\/uploads\/brb_media\/00506624_g800a117-150x150.png","url":"https:\/\/dev.codekraft.it\/ravaglioli.it\/es\/product\/proteccion-de-plastico-para-cabezal-de-montaje-quick-insert-2\/"},{"id":155500,"mpn":"G800A111","name":"Adaptador de reducci\u00f3n","description":"Para mordazas de sujeci\u00f3n para motocicleta  | reducci\u00f3n hasta 8\u2033 | G800A99, G800A107 necesario | 1 juego \/ 4 pieza","thumbnail":"https:\/\/dev.codekraft.it\/ravaglioli.it\/wp-content\/uploads\/brb_media\/00506664_g84a24-150x150.png","url":"https:\/\/dev.codekraft.it\/ravaglioli.it\/es\/product\/adaptador-de-reduccion\/"},{"id":155512,"mpn":"G800A78","name":"Pala destalonadora para motocicleta","description":"","thumbnail":"https:\/\/dev.codekraft.it\/ravaglioli.it\/wp-content\/uploads\/brb_media\/00535969_tyre-changers-g800a78-mi-150x150.png","url":"https:\/\/dev.codekraft.it\/ravaglioli.it\/es\/product\/pala-destalonadora-para-motocicleta\/"},{"id":155809,"mpn":"G800A77","name":"Juego contenedor para v\u00e1lvulas\/accesorios | con palo de fijaci\u00f3n","description":"","thumbnail":"https:\/\/dev.codekraft.it\/ravaglioli.it\/wp-content\/uploads\/brb_media\/00506646_g800a77-02-150x150.png","url":"https:\/\/dev.codekraft.it\/ravaglioli.it\/es\/product\/juego-contenedor-para-valvulas-accesorios-con-palo-de-fijacion\/"},{"id":155159,"mpn":"G1000A52","name":"Palanca Est\u00e1ndar","description":"Turismos","thumbnail":"https:\/\/dev.codekraft.it\/ravaglioli.it\/wp-content\/uploads\/brb_media\/00506696_g1000a52-150x150.png","url":"https:\/\/dev.codekraft.it\/ravaglioli.it\/es\/product\/palanca-estandar\/"},{"id":155827,"mpn":"G1000A160","name":"Palanca | en forma de \u201cpl\u00e1tano\u201d","description":"","thumbnail":"https:\/\/dev.codekraft.it\/ravaglioli.it\/wp-content\/uploads\/brb_media\/00506725_b2440002-150x150.png","url":"https:\/\/dev.codekraft.it\/ravaglioli.it\/es\/product\/palanca-en-forma-de-platano\/"},{"id":155821,"mpn":"G1000A100K","name":"Pel\u00edculas de protecci\u00f3n de tal\u00f3n | con homologaci\u00f3n WDK","description":"Incluido en el kit WDK | 1 juego \/ 50 piezas","thumbnail":"https:\/\/dev.codekraft.it\/ravaglioli.it\/wp-content\/uploads\/brb_media\/00506667_g1000a100k-01-150x150.png","url":"https:\/\/dev.codekraft.it\/ravaglioli.it\/es\/product\/peliculas-de-proteccion-de-talon-con-homologacion-wdk\/"},{"id":155917,"mpn":"G800A37","name":"Jab\u00f3n lubricante para montaje\/desmontaje neum\u00e1ticos | 3,5 kg","description":"","thumbnail":"https:\/\/dev.codekraft.it\/ravaglioli.it\/wp-content\/uploads\/brb_media\/00506743_g800a37-150x150.png","url":"https:\/\/dev.codekraft.it\/ravaglioli.it\/es\/product\/jabon-lubricante-para-montaje-desmontaje-neumaticos-35-kg\/"}],"components":[],"delivery":[{"id":153278,"mpn":"G800A117","name":"Protecci\u00f3n de pl\u00e1stico para cabezal de montaje | Quick insert","description":"Protecciones para u\u00f1a de tipo encastre, para llantas de aleaci\u00f3n | 1 juego","thumbnail":"https:\/\/dev.codekraft.it\/ravaglioli.it\/wp-content\/uploads\/brb_media\/00506624_g800a117-150x150.png","url":"https:\/\/dev.codekraft.it\/ravaglioli.it\/es\/product\/proteccion-de-plastico-para-cabezal-de-montaje-quick-insert\/"},{"id":153224,"mpn":"G800A122","name":"Puntas para garras plato","description":"Reemplazables | para desmontadoras | 1 juego \/ 8 piezas","thumbnail":"https:\/\/dev.codekraft.it\/ravaglioli.it\/wp-content\/uploads\/brb_media\/00506626_g800a122-150x150.png","url":"https:\/\/dev.codekraft.it\/ravaglioli.it\/es\/product\/puntas-para-garras-plato\/"},{"id":155905,"mpn":"G800A98","name":"Protecci\u00f3n de pl\u00e1stico para mordazas de sujeci\u00f3n 20 &#8211; 22\u2033","description":"Protecciones para llantas de aleaci\u00f3n | 1 juego \/ 4 piezas","thumbnail":"https:\/\/dev.codekraft.it\/ravaglioli.it\/wp-content\/uploads\/brb_media\/00539671_tyre-changers-g800a98-mi-150x150.png","url":"https:\/\/dev.codekraft.it\/ravaglioli.it\/es\/product\/proteccion-de-plastico-para-mordazas-de-sujecion-20-22%e2%80%b3-2\/"},{"id":155827,"mpn":"G1000A160","name":"Palanca | en forma de \u201cpl\u00e1tano\u201d","description":"","thumbnail":"https:\/\/dev.codekraft.it\/ravaglioli.it\/wp-content\/uploads\/brb_media\/00506725_b2440002-150x150.png","url":"https:\/\/dev.codekraft.it\/ravaglioli.it\/es\/product\/palanca-en-forma-de-platano\/"},{"id":155518,"mpn":"G800A38","name":"Brocha Pl\u00e1stico","description":"","thumbnail":"https:\/\/dev.codekraft.it\/ravaglioli.it\/wp-content\/uploads\/brb_media\/00506719_g800a38-150x150.png","url":"https:\/\/dev.codekraft.it\/ravaglioli.it\/es\/product\/brocha-plastico\/"}],"package":[],"related":[],"similar":[{"id":154126,"mpn":"RAV.G7441.200921","name":"Desmontadora de neum\u00e1ticos G7441V.22PLUS","description":"Autom\u00e1tica, 2 velocidades (m\u00e1x. 13 r\/min), turismo, di\u00e1metro de llanta 10 - 24,5\u2033, anchura llanta m\u00e1x. 381 mm | Azul (RAL 5005)","thumbnail":"https:\/\/dev.codekraft.it\/ravaglioli.it\/wp-content\/uploads\/brb_media\/00509565_tyre-changer-g7441v22-plus-mi-150x150.png","url":"https:\/\/dev.codekraft.it\/ravaglioli.it\/es\/product\/desmontadora-de-neumaticos-g7441v-22plus\/"},{"id":154132,"mpn":"RAV.G7441.201119","name":"Desmontadora de neum\u00e1ticos G7441V.22","description":"Autom\u00e1tica, 2 velocidades (m\u00e1x. 13 r\/min), turismo, di\u00e1metro de llanta 10 - 24,5\u2033, anchura llanta m\u00e1x. 381 mm | Azul (RAL 5005)","thumbnail":"https:\/\/dev.codekraft.it\/ravaglioli.it\/wp-content\/uploads\/brb_media\/00509855_tyre-changer-g7441v22-mi-01-150x150.png","url":"https:\/\/dev.codekraft.it\/ravaglioli.it\/es\/product\/desmontadora-de-neumaticos-g7441v-22\/"},{"id":154144,"mpn":"RAV.G7441.200969","name":"Desmontadora de neum\u00e1ticos G7441.22","description":"Autom\u00e1tica, 2 velocidades (m\u00e1x. 13 r\/min), turismo, di\u00e1metro de llanta 10 - 24,5\u2033, anchura llanta m\u00e1x. 381 mm | Azul (RAL 5005)","thumbnail":"https:\/\/dev.codekraft.it\/ravaglioli.it\/wp-content\/uploads\/brb_media\/00509567_tyre-changer-g7441-mi-150x150.png","url":"https:\/\/dev.codekraft.it\/ravaglioli.it\/es\/product\/desmontadora-de-neumaticos-g7441-22\/"},{"id":154150,"mpn":"RAV.G7441.201140","name":"Desmontadora de neum\u00e1ticos G7441.20","description":"Autom\u00e1tica, velocidad m\u00e1x. 7,3 r\/min, turismo, di\u00e1metro de llanta 10 - 24,5\u2033, anchura llanta m\u00e1x. 381 mm | Azul (RAL 5005)","thumbnail":"https:\/\/dev.codekraft.it\/ravaglioli.it\/wp-content\/uploads\/brb_media\/00508600_tyre-changer-g7441v-20-mi-150x150.png","url":"https:\/\/dev.codekraft.it\/ravaglioli.it\/es\/product\/desmontadora-de-neumaticos-g7441-20\/"},{"id":154218,"mpn":"RAV.G1001.200815","name":"Desmontadora de neum\u00e1ticos G1001.24ELX","description":"\u00datil de montaje y palanca de montaje, autom\u00e1tica, mandril de auto centrado en forma de tulipa, velocidad max. 15 r\/min, turismo, di\u00e1metro de llanta 12 - 24\u2033, anchura llanta m\u00e1x. 381 mm | Azul (RAL 5005)","thumbnail":"https:\/\/dev.codekraft.it\/ravaglioli.it\/wp-content\/uploads\/brb_media\/00508639_tyre-changer-g1001-24elx-ral5005-mi-150x150.png","url":"https:\/\/dev.codekraft.it\/ravaglioli.it\/es\/product\/desmontadora-de-neumaticos-g1001-24elx\/"},{"id":154175,"mpn":"RAV.G7641.201010","name":"Desmontadora de neum\u00e1ticos G7641V.22","description":"\u00datil de montaje y palanca de montaje, autom\u00e1tica, 2 velocidades (max. 13 r\/min), turismo, plato de dos posicione, di\u00e1metro de llanta 11 - 24,5\u2033, chasis reforzado, anchura llante max. 381 mm | Azul (RAL 5005)","thumbnail":"https:\/\/dev.codekraft.it\/ravaglioli.it\/wp-content\/uploads\/brb_media\/00550327_tyre-changer-g7641v22-mi-150x150.png","url":"https:\/\/dev.codekraft.it\/ravaglioli.it\/es\/product\/desmontadora-de-neumaticos-g7641v-22\/"},{"id":154514,"mpn":"RAV.G5440.206145","name":"Desmontadora G5440V.22G","description":"\u00datil de montaje y palanca de montaje, semiautom\u00e1tica, incl. inflador de neum\u00e1ticos, 2 velocidades (max. 13 r\/min), turismo, di\u00e1metro de llanta 10 - 24\u2033, anchura llante max. 330 mm | Gris (RAL 7016)","thumbnail":"https:\/\/dev.codekraft.it\/ravaglioli.it\/wp-content\/uploads\/brb_media\/00509351_tyre-changer-g544022-mi-150x150.png","url":"https:\/\/dev.codekraft.it\/ravaglioli.it\/es\/product\/desmontadora-g5440v-22g\/"}],"page_logo_src":"https:\/\/dev.codekraft.it\/ravaglioli.it\/wp-content\/uploads\/2026\/04\/rav-negative-logo-1.png","lang":"es","translations":{"es":154138,"en":154134,"de":154135,"fr":154136,"it":154137,"ru":154139},"pll_sync_post":[],"_links":{"self":[{"href":"https:\/\/dev.codekraft.it\/ravaglioli.it\/wp-json\/wp\/v2\/product\/154138","targetHints":{"allow":["GET"]}}],"collection":[{"href":"https:\/\/dev.codekraft.it\/ravaglioli.it\/wp-json\/wp\/v2\/product"}],"about":[{"href":"https:\/\/dev.codekraft.it\/ravaglioli.it\/wp-json\/wp\/v2\/types\/product"}],"wp:featuredmedia":[{"embeddable":true,"href":"https:\/\/dev.codekraft.it\/ravaglioli.it\/wp-json\/wp\/v2\/media\/49167"}],"wp:attachment":[{"href":"https:\/\/dev.codekraft.it\/ravaglioli.it\/wp-json\/wp\/v2\/media?parent=154138"}],"wp:term":[{"taxonomy":"product_brand","embeddable":true,"href":"https:\/\/dev.codekraft.it\/ravaglioli.it\/wp-json\/wp\/v2\/product_brand?post=154138"},{"taxonomy":"product_cat","embeddable":true,"href":"https:\/\/dev.codekraft.it\/ravaglioli.it\/wp-json\/wp\/v2\/product_cat?post=154138"},{"taxonomy":"product_tag","embeddable":true,"href":"https:\/\/dev.codekraft.it\/ravaglioli.it\/wp-json\/wp\/v2\/product_tag?post=154138"},{"taxonomy":"product_approvals","embeddable":true,"href":"https:\/\/dev.codekraft.it\/ravaglioli.it\/wp-json\/wp\/v2\/product_approvals?post=154138"},{"taxonomy":"product_application","embeddable":true,"href":"https:\/\/dev.codekraft.it\/ravaglioli.it\/wp-json\/wp\/v2\/product_application?post=154138"}],"curies":[{"name":"wp","href":"https:\/\/api.w.org\/{rel}","templated":true}]}}