{"id":154123,"date":"2025-11-20T10:26:31","date_gmt":"2025-11-20T10:26:31","guid":{"rendered":"https:\/\/dev.codekraft.it\/ravaglioli.it\/product\/reifenmontiermaschine-g7441v-22plus\/"},"modified":"2026-01-14T20:51:27","modified_gmt":"2026-01-14T20:51:27","slug":"reifenmontiermaschine-g7441v-22plus","status":"publish","type":"product","link":"https:\/\/dev.codekraft.it\/ravaglioli.it\/de\/product\/reifenmontiermaschine-g7441v-22plus\/","title":{"rendered":"Reifenmontiermaschine G7441V.22PLUS"},"content":{"rendered":"<ul>\n<li>Robuste Tragstruktur f\u00fcr einwandfreie Arbeitsbedingungen in jeder Situation<\/li>\n<li>Montiereisen<\/li>\n<\/ul>\n<ul>\n<li>Steuerung des Montagekopfes mit automatischer Absetzung von der Felge<\/li>\n<li>Einstellbare F\u00fchrung<\/li>\n<li>Neue Spannklauen mit optimaler Rutschfestigkeit und austauschbaren Haltek\u00f6rner<\/li>\n<li>Montagekopf mit Alufelgenschutz<\/li>\n<li>Schaufel gelenkig und geformt f\u00fcr einfacheres Abdr\u00fccken ohne Risiko der Felgen- oder Reifenbesch\u00e4digung<\/li>\n<li>Doppeltwirkender Abdr\u00fcckerkolben aus Leichtmetall<\/li>\n<\/ul>\n","protected":false},"excerpt":{"rendered":"<p>Automatisch, 2 Geschwindigkeiten (max. 13 U\/min), Pkw, Felgendurchmesser 10 &#8211; 24,5\u2033, max. Felgenbreite 381 mm | Blau (RAL 5005)<\/p>\n","protected":false},"featured_media":42888,"template":"","meta":[],"product_brand":[],"product_cat":[57862],"product_tag":[58287,63154,58323,58340],"product_approvals":[],"product_application":[],"class_list":{"0":"post-154123","1":"product","2":"type-product","3":"status-publish","4":"has-post-thumbnail","6":"product_cat-reifenmontiermaschinen-de","7":"product_tag-passenger-cars-de","8":"product_tag-quickship-de","9":"product_tag-light-commercial-de","10":"product_tag-motor-homes-de","12":"first","13":"instock","14":"shipping-taxable","15":"product-type-simple"},"approvals":[],"application":[],"brb_media_brochure":[{"id":149023,"url":"https:\/\/dev.codekraft.it\/ravaglioli.it\/wp-content\/uploads\/brb_media\/00521446_tyre-changers-g7441-series-br-multi-2023-09-screen.pdf","title":"Tyre changers G7441 Series BR multi 2023 09 screen","mpn":"","thumbnail":"https:\/\/dev.codekraft.it\/ravaglioli.it\/wp-content\/uploads\/brb_media\/00521446_tyre-changers-g7441-series-br-multi-2023-09-screen-pdf-106x150.png","description":""}],"brb_media_drawing":"","brb_media_manuals":[{"id":149972,"url":"https:\/\/dev.codekraft.it\/ravaglioli.it\/wp-content\/uploads\/brb_media\/00536837_tyre-changer-hp441-hp641-tc624-hp643-g7441-tc630-g7641-t2210-2-pro-g7645-g8645-ga2441-ga2641-ga2645-im-7300-m053-01_vsg_rev01_5l-multi-2024-07.pdf","title":"tyre changer hp441 hp641 tc624 hp643 g7441 tc630 g7641 t2210 2 pro g7645 g8645 ga2441 ga2641 ga2645 im 7300 m053 01 vsg rev01 5l multi 2024 07","mpn":"","thumbnail":"https:\/\/dev.codekraft.it\/ravaglioli.it\/wp-content\/uploads\/brb_media\/00536837_tyre-changer-hp441-hp641-tc624-hp643-g7441-tc630-g7641-t2210-2-pro-g7645-g8645-ga2441-ga2641-ga2645-im-7300-m053-01_vsg_rev01_5l-multi-2024-07-pdf-106x150.png","description":""}],"brb_media_safety_datasheets":"","brb_media_spare_parts":[],"_cdmm_p_id":"502486","_company":"Ravaglioli","_gtin":"5063084200921","accessories":[{"id":153750,"mpn":"G84A13","name":"Wulstklemme","description":"","thumbnail":"https:\/\/dev.codekraft.it\/ravaglioli.it\/wp-content\/uploads\/brb_media\/00506659_g84a13-150x150.png","url":"https:\/\/dev.codekraft.it\/ravaglioli.it\/de\/product\/wulstklemme\/"},{"id":153672,"mpn":"G800A114","name":"Verl\u00e4ngerung Wulstniederhalter f\u00fcr RFT-Reifen","description":"","thumbnail":"https:\/\/dev.codekraft.it\/ravaglioli.it\/wp-content\/uploads\/brb_media\/00506622_g800a114-150x150.png","url":"https:\/\/dev.codekraft.it\/ravaglioli.it\/de\/product\/verlangerung-wulstniederhalter-fur-rft-reifen\/"},{"id":153509,"mpn":"G800A119","name":"Seitlicher Zusatzarm mit Hilfsmontageteller","description":"Zubeh\u00f6r f\u00fcr Reifenmontiermaschinen | Kein weiterer zus\u00e4tzlicher Arm m\u00f6glich!","thumbnail":"https:\/\/dev.codekraft.it\/ravaglioli.it\/wp-content\/uploads\/brb_media\/00506625_g800a119-150x150.png","url":"https:\/\/dev.codekraft.it\/ravaglioli.it\/de\/product\/seitlicher-zusatzarm-mit-hilfsmontageteller\/"},{"id":152233,"mpn":"G800A49","name":"Wulstniederhalterolle | 45\u00b0 geneigt","description":"Zu benutzen mit G800A51","thumbnail":"https:\/\/dev.codekraft.it\/ravaglioli.it\/wp-content\/uploads\/brb_media\/00506635_g800a49-150x150.png","url":"https:\/\/dev.codekraft.it\/ravaglioli.it\/de\/product\/wulstniederhalterolle-45-geneigt-2\/"},{"id":152227,"mpn":"G800A51","name":"Wulstniederhalterolle | 45\u00b0 geneigt","description":"Zu benutzen mit G800A49 | G800A119 notwendig f\u00fcr PLUS83H (f\u00fcr WDK-Ausstattung)","thumbnail":"https:\/\/dev.codekraft.it\/ravaglioli.it\/wp-content\/uploads\/brb_media\/00506636_g800a51-150x150.png","url":"https:\/\/dev.codekraft.it\/ravaglioli.it\/de\/product\/wulstniederhalterolle-45-geneigt\/"},{"id":152635,"mpn":"G800A73","name":"Montagekopf f\u00fcr Pkw | schwenkbar | Kunststoff","description":"F\u00fcr Modelle ausgestattet mit Schnellkupplung | inkl. Adapter f\u00fcr Schnellsteckvorrichtung","thumbnail":"https:\/\/dev.codekraft.it\/ravaglioli.it\/wp-content\/uploads\/brb_media\/00506642_g800a73-150x150.png","url":"https:\/\/dev.codekraft.it\/ravaglioli.it\/de\/product\/montagekopf-fur-pkw-schwenkbar-kunststoff\/"},{"id":152641,"mpn":"G800A126","name":"Montagekopf f\u00fcr Pkw | Kunststoff","description":"F\u00fcr alle Modelle | mit Schnellsteckschraube","thumbnail":"","url":"https:\/\/dev.codekraft.it\/ravaglioli.it\/de\/product\/montagekopf-fur-pkw-kunststoff\/"},{"id":153696,"mpn":"G800A98K","name":"Kunststoffschutz f\u00fcr Spannklauen 20 &#8211; 22\u2033","description":"Spannklauen-Alufelgenschutz | 10 S\u00e4tze \/ 40 St\u00fcck","thumbnail":"https:\/\/dev.codekraft.it\/ravaglioli.it\/wp-content\/uploads\/brb_media\/00539671_tyre-changers-g800a98-mi-150x150.png","url":"https:\/\/dev.codekraft.it\/ravaglioli.it\/de\/product\/kunststoffschutz-fur-spannklauen-20-22%e2%80%b3\/"},{"id":153269,"mpn":"G800A8","name":"Kunststoffschutz f\u00fcr Montagekopf | Leverless","description":"Montagekopf-Alufelgenschutz | 1 Satz","thumbnail":"https:\/\/dev.codekraft.it\/ravaglioli.it\/wp-content\/uploads\/brb_media\/00506649_g800a8-150x150.png","url":"https:\/\/dev.codekraft.it\/ravaglioli.it\/de\/product\/kunststoffschutz-fur-montagekopf-leverless\/"},{"id":153690,"mpn":"G800A8K","name":"Kunststoffschutz f\u00fcr Montagekopf | Leverless","description":"Montagekopf-Alufelgenschutz | 10 S\u00e4tze","thumbnail":"https:\/\/dev.codekraft.it\/ravaglioli.it\/wp-content\/uploads\/brb_media\/00506649_g800a8-150x150.png","url":"https:\/\/dev.codekraft.it\/ravaglioli.it\/de\/product\/kunststoffschutz-fur-montagekopf-leverless-2\/"},{"id":153702,"mpn":"G84A17K","name":"Kunststoffschutz f\u00fcr Montagekopf G800A110","description":"Montagekopf-Alufelgenschutz | f\u00fcr Versionen mit Montagekopf | 10 S\u00e4tze","thumbnail":"https:\/\/dev.codekraft.it\/ravaglioli.it\/wp-content\/uploads\/brb_media\/00506657_g84a17-150x150.png","url":"https:\/\/dev.codekraft.it\/ravaglioli.it\/de\/product\/kunststoffschutz-fur-montagekopf-g800a110\/"},{"id":152788,"mpn":"G1000A13K","name":"Montagehebel-Alufelgenschutz f\u00fcr Montiereisen | 1 Satz \/ 50 St\u00fcck","description":"","thumbnail":"https:\/\/dev.codekraft.it\/ravaglioli.it\/wp-content\/uploads\/brb_media\/00506686_g1000a13k-150x150.png","url":"https:\/\/dev.codekraft.it\/ravaglioli.it\/de\/product\/montagehebel-alufelgenschutz-fur-montiereisen-1-satz-50-stuck\/"},{"id":152752,"mpn":"G800A99","name":"Motorrad-Spannklauen f\u00fcr 20 &#8211; 22\u2033-Spannteller","description":"Mobil, erweitern den Spannbereich um +5\u2033 von au\u00dfen | 1 Satz \/ 4 St\u00fcck","thumbnail":"https:\/\/dev.codekraft.it\/ravaglioli.it\/wp-content\/uploads\/brb_media\/00506658_g84a5-150x150.png","url":"https:\/\/dev.codekraft.it\/ravaglioli.it\/de\/product\/motorrad-spannklauen-fur-20-22%e2%80%b3-spannteller\/"},{"id":155328,"mpn":"G1000A36","name":"Wulstkettenverl\u00e4ngerung auf 28\u2033 | f\u00fcr G1000A32","description":"Im WDK-Kit enthalten","thumbnail":"https:\/\/dev.codekraft.it\/ravaglioli.it\/wp-content\/uploads\/brb_media\/00506693_g1000a36-150x150.png","url":"https:\/\/dev.codekraft.it\/ravaglioli.it\/de\/product\/wulstkettenverlangerung-auf-28%e2%80%b3-fur-g1000a32\/"},{"id":155521,"mpn":"G800A35","name":"Radheber pneumatisch","description":"","thumbnail":"https:\/\/dev.codekraft.it\/ravaglioli.it\/wp-content\/uploads\/brb_media\/00506634_g800a35-150x150.png","url":"https:\/\/dev.codekraft.it\/ravaglioli.it\/de\/product\/radheber-pneumatisch\/"},{"id":155467,"mpn":"G800A70","name":"Schnellsteckvorrichtung | ohne Montagekopf","description":"Der Einsatz vom G800A70 reduziert die max. Radbreite um 2\u2033","thumbnail":"https:\/\/dev.codekraft.it\/ravaglioli.it\/wp-content\/uploads\/brb_media\/00506641_g800a70-150x150.png","url":"https:\/\/dev.codekraft.it\/ravaglioli.it\/de\/product\/schnellsteckvorrichtung-ohne-montagekopf\/"},{"id":155491,"mpn":"G800A74","name":"Montagekopf f\u00fcr Motorr\u00e4der | Kunststoff","description":"F\u00fcr alle Modelle mit Schnellstecksystem | inkl. Adapter f\u00fcr Schnellsteckvorrichtung","thumbnail":"https:\/\/dev.codekraft.it\/ravaglioli.it\/wp-content\/uploads\/brb_media\/00506643_g800a74-150x150.png","url":"https:\/\/dev.codekraft.it\/ravaglioli.it\/de\/product\/montagekopf-fur-motorrader-kunststoff-2\/"},{"id":155485,"mpn":"G800A76","name":"Montagekopf f\u00fcr ATV-R\u00e4der","description":"F\u00fcr alle Modelle mit Schnellstecksystem | inkl. Adapter f\u00fcr Schnellsteckvorrichtung","thumbnail":"https:\/\/dev.codekraft.it\/ravaglioli.it\/wp-content\/uploads\/brb_media\/00506645_g800a76-150x150.png","url":"https:\/\/dev.codekraft.it\/ravaglioli.it\/de\/product\/montagekopf-fur-atv-rader\/"},{"id":155473,"mpn":"G800A75","name":"Montagekopf-Adapter f\u00fcr Schnellsteckvorrichtung","description":"F\u00fcr alle Modelle mit Schnellstecksystem","thumbnail":"https:\/\/dev.codekraft.it\/ravaglioli.it\/wp-content\/uploads\/brb_media\/00506644_g800a75-150x150.png","url":"https:\/\/dev.codekraft.it\/ravaglioli.it\/de\/product\/montagekopf-adapter-fur-schnellsteckvorrichtung\/"},{"id":155800,"mpn":"G800A11K","name":"Kunststoffschutz f\u00fcr Abdr\u00fcckschaufel","description":"5 St\u00fcck","thumbnail":"https:\/\/dev.codekraft.it\/ravaglioli.it\/wp-content\/uploads\/brb_media\/00506714_g800a11-01-150x150.png","url":"https:\/\/dev.codekraft.it\/ravaglioli.it\/de\/product\/kunststoffschutz-fur-abdruckschaufel-2\/"},{"id":155138,"mpn":"G1000A115","name":"WDK-Abdr\u00fcckschaufelbegrenzer","description":"","thumbnail":"https:\/\/dev.codekraft.it\/ravaglioli.it\/wp-content\/uploads\/brb_media\/00506673_g1000a115-150x150.png","url":"https:\/\/dev.codekraft.it\/ravaglioli.it\/de\/product\/wdk-abdruckschaufelbegrenzer\/"},{"id":154904,"mpn":"G800A117K","name":"Kunststoffschutz f\u00fcr Montagekopf | Quick insert","description":"Montagekopf-Steck-Alufelgenschutz | 10 S\u00e4tze","thumbnail":"https:\/\/dev.codekraft.it\/ravaglioli.it\/wp-content\/uploads\/brb_media\/00506624_g800a117-150x150.png","url":"https:\/\/dev.codekraft.it\/ravaglioli.it\/de\/product\/kunststoffschutz-fur-montagekopf-quick-insert-2\/"},{"id":155497,"mpn":"G800A111","name":"Reduzieradapter","description":"F\u00fcr Motorrad-Spannklauen | Reduzieren den Spannbereich auf 8\u2033 | G800A99, G800A107 erforderlich | 1 Satz \/ 4 St\u00fcck","thumbnail":"https:\/\/dev.codekraft.it\/ravaglioli.it\/wp-content\/uploads\/brb_media\/00506664_g84a24-150x150.png","url":"https:\/\/dev.codekraft.it\/ravaglioli.it\/de\/product\/reduzieradapter\/"},{"id":155509,"mpn":"G800A78","name":"Motorrad-Abdr\u00fcckschaufel","description":"","thumbnail":"https:\/\/dev.codekraft.it\/ravaglioli.it\/wp-content\/uploads\/brb_media\/00535969_tyre-changers-g800a78-mi-150x150.png","url":"https:\/\/dev.codekraft.it\/ravaglioli.it\/de\/product\/motorrad-abdruckschaufel\/"},{"id":155156,"mpn":"G1000A52","name":"Montiereisen Standard","description":"Pkw","thumbnail":"https:\/\/dev.codekraft.it\/ravaglioli.it\/wp-content\/uploads\/brb_media\/00506696_g1000a52-150x150.png","url":"https:\/\/dev.codekraft.it\/ravaglioli.it\/de\/product\/montiereisen-standard\/"},{"id":155824,"mpn":"G1000A160","name":"Montiereisen | halbmondf\u00f6rmig","description":"","thumbnail":"https:\/\/dev.codekraft.it\/ravaglioli.it\/wp-content\/uploads\/brb_media\/00506725_b2440002-150x150.png","url":"https:\/\/dev.codekraft.it\/ravaglioli.it\/de\/product\/montiereisen-halbmondformig\/"},{"id":155818,"mpn":"G1000A100K","name":"Wulstschutzfolien | mit WDK-Zulassung","description":"Im WDK-Kit enthalten | 1 Satz \/ 50 St\u00fcck","thumbnail":"https:\/\/dev.codekraft.it\/ravaglioli.it\/wp-content\/uploads\/brb_media\/00506667_g1000a100k-01-150x150.png","url":"https:\/\/dev.codekraft.it\/ravaglioli.it\/de\/product\/wulstschutzfolien-mit-wdk-zulassung\/"}],"components":[],"delivery":[{"id":153744,"mpn":"G1000A32","name":"WulstBoy mit Zugvorrichtung und Wulstkette bis 24\u2033","description":"","thumbnail":"https:\/\/dev.codekraft.it\/ravaglioli.it\/wp-content\/uploads\/brb_media\/00506619_g1000a32-150x150.png","url":"https:\/\/dev.codekraft.it\/ravaglioli.it\/de\/product\/wulstboy-mit-zugvorrichtung-und-wulstkette-bis-24%e2%80%b3\/"},{"id":152933,"mpn":"PLUS83H\/D","name":"Hilfsmontagearm pneumatisch | mit Zusatzhilfsarm und WDK-Wulstniederhalter","description":"PLUS83 mit WDK-Wulstniederhalter","thumbnail":"https:\/\/dev.codekraft.it\/ravaglioli.it\/wp-content\/uploads\/brb_media\/00506661_plus83hd-150x150.png","url":"https:\/\/dev.codekraft.it\/ravaglioli.it\/de\/product\/hilfsmontagearm-pneumatisch-mit-zusatzhilfsarm-und-wdk-wulstniederhalter\/"},{"id":153275,"mpn":"G800A117","name":"Kunststoffschutz f\u00fcr Montagekopf | Quick insert","description":"Montagekopf-Steck-Alufelgenschutz | 1 Satz","thumbnail":"https:\/\/dev.codekraft.it\/ravaglioli.it\/wp-content\/uploads\/brb_media\/00506624_g800a117-150x150.png","url":"https:\/\/dev.codekraft.it\/ravaglioli.it\/de\/product\/kunststoffschutz-fur-montagekopf-quick-insert\/"},{"id":153221,"mpn":"G800A122","name":"Haltek\u00f6rner","description":"Austauschbar | f\u00fcr Reifenmontiermaschinen | 1 Satz \/ 8 St\u00fcck","thumbnail":"https:\/\/dev.codekraft.it\/ravaglioli.it\/wp-content\/uploads\/brb_media\/00506626_g800a122-150x150.png","url":"https:\/\/dev.codekraft.it\/ravaglioli.it\/de\/product\/haltekorner\/"},{"id":155812,"mpn":"G800A116","name":"Seitlicher Zusatzarm mit konischer Rolle | ohne Hilfsmontageteller","description":"Zubeh\u00f6r f\u00fcr Reifenmontiermaschinen","thumbnail":"https:\/\/dev.codekraft.it\/ravaglioli.it\/wp-content\/uploads\/brb_media\/00506623_g800a116-150x150.png","url":"https:\/\/dev.codekraft.it\/ravaglioli.it\/de\/product\/seitlicher-zusatzarm-mit-konischer-rolle-ohne-hilfsmontageteller\/"},{"id":155902,"mpn":"G800A98","name":"Kunststoffschutz f\u00fcr Spannklauen 20 &#8211; 22\u2033","description":"Spannklauen-Alufelgenschutz | 1 Satz \/ 4 St\u00fcck","thumbnail":"https:\/\/dev.codekraft.it\/ravaglioli.it\/wp-content\/uploads\/brb_media\/00539671_tyre-changers-g800a98-mi-150x150.png","url":"https:\/\/dev.codekraft.it\/ravaglioli.it\/de\/product\/kunststoffschutz-fur-spannklauen-20-22%e2%80%b3-2\/"},{"id":155461,"mpn":"G800A11","name":"Kunststoffschutz f\u00fcr Abdr\u00fcckschaufel","description":"1 St\u00fcck","thumbnail":"https:\/\/dev.codekraft.it\/ravaglioli.it\/wp-content\/uploads\/brb_media\/00506714_g800a11-01-150x150.png","url":"https:\/\/dev.codekraft.it\/ravaglioli.it\/de\/product\/kunststoffschutz-fur-abdruckschaufel\/"},{"id":155794,"mpn":"G800A32","name":"Kunststoffschutz f\u00fcr Felgenhorn","description":"Felgenhornwulstschutz f\u00fcr \u201eRun Flat-Reifen\u2033 | Im WDK-Kit enthalten | 1 St\u00fcck","thumbnail":"https:\/\/dev.codekraft.it\/ravaglioli.it\/wp-content\/uploads\/brb_media\/00506718_g800a32-150x150.png","url":"https:\/\/dev.codekraft.it\/ravaglioli.it\/de\/product\/kunststoffschutz-fur-felgenhorn\/"},{"id":155806,"mpn":"G800A77","name":"Ablagefach f\u00fcr Ventile\/Zubeh\u00f6r | mit Halterung","description":"","thumbnail":"https:\/\/dev.codekraft.it\/ravaglioli.it\/wp-content\/uploads\/brb_media\/00506646_g800a77-02-150x150.png","url":"https:\/\/dev.codekraft.it\/ravaglioli.it\/de\/product\/ablagefach-fur-ventile-zubehor-mit-halterung\/"},{"id":155824,"mpn":"G1000A160","name":"Montiereisen | halbmondf\u00f6rmig","description":"","thumbnail":"https:\/\/dev.codekraft.it\/ravaglioli.it\/wp-content\/uploads\/brb_media\/00506725_b2440002-150x150.png","url":"https:\/\/dev.codekraft.it\/ravaglioli.it\/de\/product\/montiereisen-halbmondformig\/"},{"id":155914,"mpn":"G800A37","name":"Montagepaste | 3,5 kg","description":"","thumbnail":"https:\/\/dev.codekraft.it\/ravaglioli.it\/wp-content\/uploads\/brb_media\/00506743_g800a37-150x150.png","url":"https:\/\/dev.codekraft.it\/ravaglioli.it\/de\/product\/montagepaste-35-kg\/"},{"id":155515,"mpn":"G800A38","name":"Pinsel Kunststoff","description":"","thumbnail":"https:\/\/dev.codekraft.it\/ravaglioli.it\/wp-content\/uploads\/brb_media\/00506719_g800a38-150x150.png","url":"https:\/\/dev.codekraft.it\/ravaglioli.it\/de\/product\/pinsel-kunststoff\/"}],"package":[],"related":[],"similar":[{"id":154129,"mpn":"RAV.G7441.201119","name":"Reifenmontiermaschine G7441V.22","description":"Automatisch, 2 Geschwindigkeiten (max. 13 U\/min), Pkw, Felgendurchmesser 10 - 24,5\u2033, max. Felgenbreite 381 mm | Blau (RAL 5005)","thumbnail":"https:\/\/dev.codekraft.it\/ravaglioli.it\/wp-content\/uploads\/brb_media\/00509855_tyre-changer-g7441v22-mi-01-150x150.png","url":"https:\/\/dev.codekraft.it\/ravaglioli.it\/de\/product\/reifenmontiermaschine-g7441v-22\/"},{"id":154135,"mpn":"RAV.G7441.200877","name":"Reifenmontiermaschine G7441IV.22","description":"Automatisch, 2 Geschwindigkeiten (max. 13 U\/min), Pkw, Felgendurchmesser 10 - 24,5\u2033, max. Felgenbreite 381 mm | Blau (RAL 5005)","thumbnail":"https:\/\/dev.codekraft.it\/ravaglioli.it\/wp-content\/uploads\/brb_media\/00509854_tyre-changer-g7441iv22-mi-150x150.png","url":"https:\/\/dev.codekraft.it\/ravaglioli.it\/de\/product\/reifenmontiermaschine-g7441iv-22\/"},{"id":154141,"mpn":"RAV.G7441.200969","name":"Reifenmontiermaschine G7441.22","description":"Automatisch, 2 Geschwindigkeiten (max. 13 U\/min), Pkw, Felgendurchmesser 10 - 24,5\u2033, max. Felgenbreite 381 mm | Blau (RAL 5005)","thumbnail":"https:\/\/dev.codekraft.it\/ravaglioli.it\/wp-content\/uploads\/brb_media\/00509567_tyre-changer-g7441-mi-150x150.png","url":"https:\/\/dev.codekraft.it\/ravaglioli.it\/de\/product\/reifenmontiermaschine-g7441-22\/"},{"id":154147,"mpn":"RAV.G7441.201140","name":"Reifenmontiermaschine G7441.20","description":"Automatisch, max. Geschwindigkeit 7,3 U\/min, Pkw, Felgendurchmesser 10 - 24,5\u2033, max. Felgenbreite 381 mm | Blau (RAL 5005)","thumbnail":"https:\/\/dev.codekraft.it\/ravaglioli.it\/wp-content\/uploads\/brb_media\/00508600_tyre-changer-g7441v-20-mi-150x150.png","url":"https:\/\/dev.codekraft.it\/ravaglioli.it\/de\/product\/reifenmontiermaschine-g7441-20\/"},{"id":154215,"mpn":"RAV.G1001.200815","name":"Reifenmontiermaschine G1001.24ELX","description":"Montagekopf und Montiereisen, automatisch, selbstzentrierende Tulpenspannung, max. Geschwindigkeit 15 U\/min, Pkw, Felgendurchmesser 12 - 24\u2033, max. Felgenbreite 381 mm | Blau (RAL 5005)","thumbnail":"https:\/\/dev.codekraft.it\/ravaglioli.it\/wp-content\/uploads\/brb_media\/00508639_tyre-changer-g1001-24elx-ral5005-mi-150x150.png","url":"https:\/\/dev.codekraft.it\/ravaglioli.it\/de\/product\/reifenmontiermaschine-g1001-24elx\/"},{"id":154154,"mpn":"RAV.G7641.200907","name":"Reifenmontiermaschine G7641D.24PLUS","description":"Montagekopf und Montiereisen, automatisch, Spanntisch mit 2 Positionen, max. Geschwindigkeit 16 U\/min, Pkw, Felgendurchmesser 10 - 26,5\u2033, neues und verst\u00e4rktes Geh\u00e4use, max. Felgenbreite 381 mm | Blau (RAL 5005)","thumbnail":"https:\/\/dev.codekraft.it\/ravaglioli.it\/wp-content\/uploads\/brb_media\/00550327_tyre-changer-g7641v22-mi-150x150.png","url":"https:\/\/dev.codekraft.it\/ravaglioli.it\/de\/product\/reifenmontiermaschine-g7641d-24plus\/"},{"id":154178,"mpn":"RAV.G7641.201089","name":"Reifenmontiermaschine G7641IV.22","description":"Montagekopf und Montiereisen, automatisch, Spanntisch mit 2 Positionen, 2 Geschwindigkeiten (max. 13 U\/min), Pkw, Felgendurchmesser 11 - 24,5\u2033, neues und verst\u00e4rktes Geh\u00e4use, max. Felgenbreite 381 mm | Blau (RAL 5005)","thumbnail":"https:\/\/dev.codekraft.it\/ravaglioli.it\/wp-content\/uploads\/brb_media\/00508613_tyre-changer-g7641-22-mi-01-150x150.png","url":"https:\/\/dev.codekraft.it\/ravaglioli.it\/de\/product\/reifenmontiermaschine-g7641iv-22\/"}],"page_logo_src":"https:\/\/dev.codekraft.it\/ravaglioli.it\/wp-content\/uploads\/2026\/04\/rav-negative-logo-1.png","lang":"de","translations":{"de":154123,"en":154122,"fr":154124,"it":154125,"es":154126,"ru":154127},"pll_sync_post":[],"_links":{"self":[{"href":"https:\/\/dev.codekraft.it\/ravaglioli.it\/wp-json\/wp\/v2\/product\/154123","targetHints":{"allow":["GET"]}}],"collection":[{"href":"https:\/\/dev.codekraft.it\/ravaglioli.it\/wp-json\/wp\/v2\/product"}],"about":[{"href":"https:\/\/dev.codekraft.it\/ravaglioli.it\/wp-json\/wp\/v2\/types\/product"}],"wp:featuredmedia":[{"embeddable":true,"href":"https:\/\/dev.codekraft.it\/ravaglioli.it\/wp-json\/wp\/v2\/media\/42888"}],"wp:attachment":[{"href":"https:\/\/dev.codekraft.it\/ravaglioli.it\/wp-json\/wp\/v2\/media?parent=154123"}],"wp:term":[{"taxonomy":"product_brand","embeddable":true,"href":"https:\/\/dev.codekraft.it\/ravaglioli.it\/wp-json\/wp\/v2\/product_brand?post=154123"},{"taxonomy":"product_cat","embeddable":true,"href":"https:\/\/dev.codekraft.it\/ravaglioli.it\/wp-json\/wp\/v2\/product_cat?post=154123"},{"taxonomy":"product_tag","embeddable":true,"href":"https:\/\/dev.codekraft.it\/ravaglioli.it\/wp-json\/wp\/v2\/product_tag?post=154123"},{"taxonomy":"product_approvals","embeddable":true,"href":"https:\/\/dev.codekraft.it\/ravaglioli.it\/wp-json\/wp\/v2\/product_approvals?post=154123"},{"taxonomy":"product_application","embeddable":true,"href":"https:\/\/dev.codekraft.it\/ravaglioli.it\/wp-json\/wp\/v2\/product_application?post=154123"}],"curies":[{"name":"wp","href":"https:\/\/api.w.org\/{rel}","templated":true}]}}