{"id":154108,"date":"2025-09-08T09:01:42","date_gmt":"2025-09-08T08:01:42","guid":{"rendered":"https:\/\/dev.codekraft.it\/ravaglioli.it\/product\/elevador-para-liberar-ejes-kp118p\/"},"modified":"2026-01-14T20:50:14","modified_gmt":"2026-01-14T20:50:14","slug":"elevador-para-liberar-ejes-kp118p","status":"publish","type":"product","link":"https:\/\/dev.codekraft.it\/ravaglioli.it\/es\/product\/elevador-para-liberar-ejes-kp118p\/","title":{"rendered":"Elevador para liberar ejes KP118P"},"content":{"rendered":"<ul>\n<li>Montable s\u00f3lo en gatos de foso<\/li>\n<\/ul>\n","protected":false},"excerpt":{"rendered":"<p>13,5 t, neumohidr\u00e1ulico<\/p>\n","protected":false},"featured_media":42862,"template":"","meta":[],"product_brand":[],"product_cat":[74],"product_tag":[58296,58332],"product_approvals":[],"product_application":[],"class_list":{"0":"post-154108","1":"product","2":"type-product","3":"status-publish","4":"has-post-thumbnail","6":"product_cat-uncategorized-es","7":"product_tag-passenger-cars-es","8":"product_tag-light-commercial-es","10":"first","11":"instock","12":"shipping-taxable","13":"product-type-simple"},"approvals":[],"application":[],"brb_media_brochure":[{"id":147446,"url":"https:\/\/dev.codekraft.it\/ravaglioli.it\/wp-content\/uploads\/brb_media\/00521416_jacking-beams-catalogue-br-multi-2023-09-screen.pdf","title":"Jacking beams catalogue BR multi 2023 09 screen","mpn":"","thumbnail":"https:\/\/dev.codekraft.it\/ravaglioli.it\/wp-content\/uploads\/brb_media\/00521416_jacking-beams-catalogue-br-multi-2023-09-screen-pdf-106x150.png","description":""}],"brb_media_drawing":[{"id":87117,"url":"https:\/\/dev.codekraft.it\/ravaglioli.it\/wp-content\/uploads\/brb_media\/00510433_jacking-beam-kp118p-td-0424_0705_0_00-it-2005-08.pdf","title":"Jacking beam KP118P TD 0424 0705 0 00 it 2005 08","mpn":"","thumbnail":"https:\/\/dev.codekraft.it\/ravaglioli.it\/wp-content\/uploads\/brb_media\/00510433_jacking-beam-kp118p-td-0424_0705_0_00-it-2005-08-pdf-106x150.png","description":""}],"brb_media_manuals":[{"id":87109,"url":"https:\/\/dev.codekraft.it\/ravaglioli.it\/wp-content\/uploads\/brb_media\/00510430_jacking-beams-kp118-p-n-np-y-py-im-0424-m001-2-rev0-2023-06.pdf","title":"Jacking beams KP118 P N NP Y PY IM 0424 M001 2 rev0 2023 06","mpn":"","thumbnail":"https:\/\/dev.codekraft.it\/ravaglioli.it\/wp-content\/uploads\/brb_media\/00510430_jacking-beams-kp118-p-n-np-y-py-im-0424-m001-2-rev0-2023-06-pdf-106x150.png","description":""}],"brb_media_safety_datasheets":"","brb_media_spare_parts":[],"_cdmm_p_id":"502473","_company":"Ravaglioli","_gtin":"5063084901484","accessories":[],"components":[],"delivery":[],"package":[],"related":[],"similar":[{"id":154102,"mpn":"VSG.KP118.901651","name":"Elevador para liberar ejes KP118","description":"13,5 t, hidr\u00e1ulica, accionamiento a trav\u00e9s de bomba a mano","thumbnail":"https:\/\/dev.codekraft.it\/ravaglioli.it\/wp-content\/uploads\/brb_media\/00508592_jacking-beam-kp118-mi-150x150.png","url":"https:\/\/dev.codekraft.it\/ravaglioli.it\/es\/product\/elevador-para-liberar-ejes-kp118\/"},{"id":154114,"mpn":"VSG.KP118.901293","name":"Elevador para liberar ejes KP118NP","description":"13,5 t, neumohidr\u00e1ulico, accionamiento a trav\u00e9s de bomba a mano o neumohidr\u00e1ulica, presi\u00f3n de trabajo 6 - 10 bar, traslaci\u00f3n sobre esferas","thumbnail":"https:\/\/dev.codekraft.it\/ravaglioli.it\/wp-content\/uploads\/brb_media\/00508595_jacking-beam-kp118-440p_kp118np-mi-150x150.png","url":"https:\/\/dev.codekraft.it\/ravaglioli.it\/es\/product\/elevador-para-liberar-ejes-kp118np\/"}],"page_logo_src":"https:\/\/dev.codekraft.it\/ravaglioli.it\/wp-content\/uploads\/2026\/04\/rav-negative-logo-1.png","lang":"es","translations":{"es":154108,"en":154104,"de":154105,"fr":154106,"it":154107,"ru":154109},"pll_sync_post":[],"_links":{"self":[{"href":"https:\/\/dev.codekraft.it\/ravaglioli.it\/wp-json\/wp\/v2\/product\/154108","targetHints":{"allow":["GET"]}}],"collection":[{"href":"https:\/\/dev.codekraft.it\/ravaglioli.it\/wp-json\/wp\/v2\/product"}],"about":[{"href":"https:\/\/dev.codekraft.it\/ravaglioli.it\/wp-json\/wp\/v2\/types\/product"}],"wp:featuredmedia":[{"embeddable":true,"href":"https:\/\/dev.codekraft.it\/ravaglioli.it\/wp-json\/wp\/v2\/media\/42862"}],"wp:attachment":[{"href":"https:\/\/dev.codekraft.it\/ravaglioli.it\/wp-json\/wp\/v2\/media?parent=154108"}],"wp:term":[{"taxonomy":"product_brand","embeddable":true,"href":"https:\/\/dev.codekraft.it\/ravaglioli.it\/wp-json\/wp\/v2\/product_brand?post=154108"},{"taxonomy":"product_cat","embeddable":true,"href":"https:\/\/dev.codekraft.it\/ravaglioli.it\/wp-json\/wp\/v2\/product_cat?post=154108"},{"taxonomy":"product_tag","embeddable":true,"href":"https:\/\/dev.codekraft.it\/ravaglioli.it\/wp-json\/wp\/v2\/product_tag?post=154108"},{"taxonomy":"product_approvals","embeddable":true,"href":"https:\/\/dev.codekraft.it\/ravaglioli.it\/wp-json\/wp\/v2\/product_approvals?post=154108"},{"taxonomy":"product_application","embeddable":true,"href":"https:\/\/dev.codekraft.it\/ravaglioli.it\/wp-json\/wp\/v2\/product_application?post=154108"}],"curies":[{"name":"wp","href":"https:\/\/api.w.org\/{rel}","templated":true}]}}