{"id":154096,"date":"2025-09-08T09:01:42","date_gmt":"2025-09-08T08:01:42","guid":{"rendered":"https:\/\/dev.codekraft.it\/ravaglioli.it\/product\/elevador-para-liberar-ejes-j50pha\/"},"modified":"2026-01-14T20:49:12","modified_gmt":"2026-01-14T20:49:12","slug":"elevador-para-liberar-ejes-j50pha","status":"publish","type":"product","link":"https:\/\/dev.codekraft.it\/ravaglioli.it\/es\/product\/elevador-para-liberar-ejes-j50pha\/","title":{"rendered":"Elevador para liberar ejes J50PHA"},"content":{"rendered":"<ul>\n<li>Grande altura de elevaci\u00f3n<\/li>\n<li>Montable s\u00f3lo en los elevadores de 4 columnas electrohidraulicos<\/li>\n<li>6,5 t + S4651LA1<\/li>\n<li>8 t + S4800A4<\/li>\n<\/ul>\n","protected":false},"excerpt":{"rendered":"<p>5,0 t, neumohidr\u00e1ulico<\/p>\n","protected":false},"featured_media":42848,"template":"","meta":[],"product_brand":[],"product_cat":[74],"product_tag":[58296,58332],"product_approvals":[],"product_application":[],"class_list":{"0":"post-154096","1":"product","2":"type-product","3":"status-publish","4":"has-post-thumbnail","6":"product_cat-uncategorized-es","7":"product_tag-passenger-cars-es","8":"product_tag-light-commercial-es","10":"first","11":"instock","12":"shipping-taxable","13":"product-type-simple"},"approvals":[],"application":[],"brb_media_brochure":[{"id":147446,"url":"https:\/\/dev.codekraft.it\/ravaglioli.it\/wp-content\/uploads\/brb_media\/00521416_jacking-beams-catalogue-br-multi-2023-09-screen.pdf","title":"Jacking beams catalogue BR multi 2023 09 screen","mpn":"","thumbnail":"https:\/\/dev.codekraft.it\/ravaglioli.it\/wp-content\/uploads\/brb_media\/00521416_jacking-beams-catalogue-br-multi-2023-09-screen-pdf-106x150.png","description":""}],"brb_media_drawing":[{"id":87102,"url":"https:\/\/dev.codekraft.it\/ravaglioli.it\/wp-content\/uploads\/brb_media\/00510428_jacking-beam-j50pha-td-043107041-2023-01.pdf","title":"Jacking beam J50PHA TD 043107041 2023 01","mpn":"","thumbnail":"https:\/\/dev.codekraft.it\/ravaglioli.it\/wp-content\/uploads\/brb_media\/00510428_jacking-beam-j50pha-td-043107041-2023-01-pdf-107x150.png","description":""}],"brb_media_manuals":[{"id":83240,"url":"https:\/\/dev.codekraft.it\/ravaglioli.it\/wp-content\/uploads\/brb_media\/00510426_jacking-beams-j50he-phe-ht-pht-ha-pha-im-0431-m001-2-rev6-multi-2023-06.pdf","title":"Jacking beams J50HE PHE HT PHT HA PHA IM 0431 M001 2 rev6 multi 2023 06","mpn":"","thumbnail":"https:\/\/dev.codekraft.it\/ravaglioli.it\/wp-content\/uploads\/brb_media\/00510426_jacking-beams-j50he-phe-ht-pht-ha-pha-im-0431-m001-2-rev6-multi-2023-06-pdf-106x150.png","description":""}],"brb_media_safety_datasheets":"","brb_media_spare_parts":[],"_cdmm_p_id":"502471","_company":"Ravaglioli","_gtin":"5063084902177","accessories":[{"id":152290,"mpn":"S4800A4","name":"Gu\u00edas para gato entre plataformas J50HA-PHA-J30K-KL-PK-PKL","description":"J50HA-PHA-J30K-KL-PK-PKL","thumbnail":"","url":"https:\/\/dev.codekraft.it\/ravaglioli.it\/es\/product\/guias-para-gato-entre-plataformas-j50ha-pha-j30k-kl-pk-pkl\/"},{"id":152284,"mpn":"S4651LA1","name":"Gu\u00edas para gato entre plataformas J50HA-PHA","description":"J50HA-PHA","thumbnail":"","url":"https:\/\/dev.codekraft.it\/ravaglioli.it\/es\/product\/guias-para-gato-entre-plataformas-j50ha-pha\/"}],"components":[],"delivery":[],"package":[],"related":[],"similar":[{"id":155785,"mpn":"VSG.J50PH.902238","name":"Elevador para liberar ejes J50PHT","description":"5 t, 392 mm carrera, neumohidr\u00e1ulico, gato de pist\u00f3n telesc\u00f3pico, rodamientos de rodillos en la v\u00eda, suministro de aire en el lugar de instalaci\u00f3n","thumbnail":"https:\/\/dev.codekraft.it\/ravaglioli.it\/wp-content\/uploads\/brb_media\/00511153_jacking-beam-j50pht-mi-150x150.png","url":"https:\/\/dev.codekraft.it\/ravaglioli.it\/es\/product\/elevador-para-liberar-ejes-j50pht\/"}],"page_logo_src":"https:\/\/dev.codekraft.it\/ravaglioli.it\/wp-content\/uploads\/2026\/04\/rav-negative-logo-1.png","lang":"es","translations":{"es":154096,"en":154092,"de":154093,"fr":154094,"it":154095,"ru":154097},"pll_sync_post":[],"_links":{"self":[{"href":"https:\/\/dev.codekraft.it\/ravaglioli.it\/wp-json\/wp\/v2\/product\/154096","targetHints":{"allow":["GET"]}}],"collection":[{"href":"https:\/\/dev.codekraft.it\/ravaglioli.it\/wp-json\/wp\/v2\/product"}],"about":[{"href":"https:\/\/dev.codekraft.it\/ravaglioli.it\/wp-json\/wp\/v2\/types\/product"}],"wp:featuredmedia":[{"embeddable":true,"href":"https:\/\/dev.codekraft.it\/ravaglioli.it\/wp-json\/wp\/v2\/media\/42848"}],"wp:attachment":[{"href":"https:\/\/dev.codekraft.it\/ravaglioli.it\/wp-json\/wp\/v2\/media?parent=154096"}],"wp:term":[{"taxonomy":"product_brand","embeddable":true,"href":"https:\/\/dev.codekraft.it\/ravaglioli.it\/wp-json\/wp\/v2\/product_brand?post=154096"},{"taxonomy":"product_cat","embeddable":true,"href":"https:\/\/dev.codekraft.it\/ravaglioli.it\/wp-json\/wp\/v2\/product_cat?post=154096"},{"taxonomy":"product_tag","embeddable":true,"href":"https:\/\/dev.codekraft.it\/ravaglioli.it\/wp-json\/wp\/v2\/product_tag?post=154096"},{"taxonomy":"product_approvals","embeddable":true,"href":"https:\/\/dev.codekraft.it\/ravaglioli.it\/wp-json\/wp\/v2\/product_approvals?post=154096"},{"taxonomy":"product_application","embeddable":true,"href":"https:\/\/dev.codekraft.it\/ravaglioli.it\/wp-json\/wp\/v2\/product_application?post=154096"}],"curies":[{"name":"wp","href":"https:\/\/api.w.org\/{rel}","templated":true}]}}