{"id":154094,"date":"2025-09-08T09:01:42","date_gmt":"2025-09-08T08:01:42","guid":{"rendered":"https:\/\/dev.codekraft.it\/ravaglioli.it\/product\/traverse-de-levage-j50pha\/"},"modified":"2026-01-14T20:49:11","modified_gmt":"2026-01-14T20:49:11","slug":"traverse-de-levage-j50pha","status":"publish","type":"product","link":"https:\/\/dev.codekraft.it\/ravaglioli.it\/fr\/product\/traverse-de-levage-j50pha\/","title":{"rendered":"Traverse de levage J50PHA"},"content":{"rendered":"<ul>\n<li>Grande course de levage<\/li>\n<li>Montable uniquement sur les ponts \u00e9l\u00e9vateurs \u00e0 4 colonnes \u00e9lectro-hydrauliques<\/li>\n<li>6,5 t + S4651LA1<\/li>\n<li>8 t + S4800A4<\/li>\n<\/ul>\n","protected":false},"excerpt":{"rendered":"<p>5,0 t, hydropneumatique<\/p>\n","protected":false},"featured_media":42848,"template":"","meta":[],"product_brand":[],"product_cat":[66],"product_tag":[58326,58290],"product_approvals":[],"product_application":[],"class_list":{"0":"post-154094","1":"product","2":"type-product","3":"status-publish","4":"has-post-thumbnail","6":"product_cat-uncategorized-fr","7":"product_tag-light-commercial-fr","8":"product_tag-passenger-cars-fr","10":"first","11":"instock","12":"shipping-taxable","13":"product-type-simple"},"approvals":[],"application":[],"brb_media_brochure":[{"id":147446,"url":"https:\/\/dev.codekraft.it\/ravaglioli.it\/wp-content\/uploads\/brb_media\/00521416_jacking-beams-catalogue-br-multi-2023-09-screen.pdf","title":"Jacking beams catalogue BR multi 2023 09 screen","mpn":"","thumbnail":"https:\/\/dev.codekraft.it\/ravaglioli.it\/wp-content\/uploads\/brb_media\/00521416_jacking-beams-catalogue-br-multi-2023-09-screen-pdf-106x150.png","description":""}],"brb_media_drawing":[{"id":87102,"url":"https:\/\/dev.codekraft.it\/ravaglioli.it\/wp-content\/uploads\/brb_media\/00510428_jacking-beam-j50pha-td-043107041-2023-01.pdf","title":"Jacking beam J50PHA TD 043107041 2023 01","mpn":"","thumbnail":"https:\/\/dev.codekraft.it\/ravaglioli.it\/wp-content\/uploads\/brb_media\/00510428_jacking-beam-j50pha-td-043107041-2023-01-pdf-107x150.png","description":""}],"brb_media_manuals":[{"id":83240,"url":"https:\/\/dev.codekraft.it\/ravaglioli.it\/wp-content\/uploads\/brb_media\/00510426_jacking-beams-j50he-phe-ht-pht-ha-pha-im-0431-m001-2-rev6-multi-2023-06.pdf","title":"Jacking beams J50HE PHE HT PHT HA PHA IM 0431 M001 2 rev6 multi 2023 06","mpn":"","thumbnail":"https:\/\/dev.codekraft.it\/ravaglioli.it\/wp-content\/uploads\/brb_media\/00510426_jacking-beams-j50he-phe-ht-pht-ha-pha-im-0431-m001-2-rev6-multi-2023-06-pdf-106x150.png","description":""}],"brb_media_safety_datasheets":"","brb_media_spare_parts":[],"_cdmm_p_id":"502471","_company":"Ravaglioli","_gtin":"5063084902177","accessories":[{"id":152288,"mpn":"S4800A4","name":"Guides pour traverses de levage J50HA-PHA-J30K-KL-PK-PKL","description":"J50HA-PHA-J30K-KL-PK-PKL","thumbnail":"","url":"https:\/\/dev.codekraft.it\/ravaglioli.it\/fr\/product\/guides-pour-traverses-de-levage-j50ha-pha-j30k-kl-pk-pkl\/"},{"id":152282,"mpn":"S4651LA1","name":"Guides pour traverses de levage pour J50HA-PHA","description":"pour J50HA-PHA","thumbnail":"","url":"https:\/\/dev.codekraft.it\/ravaglioli.it\/fr\/product\/guides-pour-traverses-de-levage-pour-j50ha-pha\/"}],"components":[],"delivery":[],"package":[],"related":[],"similar":[{"id":155783,"mpn":"VSG.J50PH.902238","name":"Traverse de levage J50PHT","description":"5 t, 392\u00a0mm course, hydropneumatique, f\u00fbt t\u00e9lescopique, roulement \u00e0 rouleaux dans la voie, alimentation en air sur site","thumbnail":"https:\/\/dev.codekraft.it\/ravaglioli.it\/wp-content\/uploads\/brb_media\/00511153_jacking-beam-j50pht-mi-150x150.png","url":"https:\/\/dev.codekraft.it\/ravaglioli.it\/fr\/product\/traverse-de-levage-j50pht\/"}],"page_logo_src":"https:\/\/dev.codekraft.it\/ravaglioli.it\/wp-content\/uploads\/2026\/04\/rav-negative-logo-1.png","lang":"fr","translations":{"fr":154094,"en":154092,"de":154093,"it":154095,"es":154096,"ru":154097},"pll_sync_post":[],"_links":{"self":[{"href":"https:\/\/dev.codekraft.it\/ravaglioli.it\/wp-json\/wp\/v2\/product\/154094","targetHints":{"allow":["GET"]}}],"collection":[{"href":"https:\/\/dev.codekraft.it\/ravaglioli.it\/wp-json\/wp\/v2\/product"}],"about":[{"href":"https:\/\/dev.codekraft.it\/ravaglioli.it\/wp-json\/wp\/v2\/types\/product"}],"wp:featuredmedia":[{"embeddable":true,"href":"https:\/\/dev.codekraft.it\/ravaglioli.it\/wp-json\/wp\/v2\/media\/42848"}],"wp:attachment":[{"href":"https:\/\/dev.codekraft.it\/ravaglioli.it\/wp-json\/wp\/v2\/media?parent=154094"}],"wp:term":[{"taxonomy":"product_brand","embeddable":true,"href":"https:\/\/dev.codekraft.it\/ravaglioli.it\/wp-json\/wp\/v2\/product_brand?post=154094"},{"taxonomy":"product_cat","embeddable":true,"href":"https:\/\/dev.codekraft.it\/ravaglioli.it\/wp-json\/wp\/v2\/product_cat?post=154094"},{"taxonomy":"product_tag","embeddable":true,"href":"https:\/\/dev.codekraft.it\/ravaglioli.it\/wp-json\/wp\/v2\/product_tag?post=154094"},{"taxonomy":"product_approvals","embeddable":true,"href":"https:\/\/dev.codekraft.it\/ravaglioli.it\/wp-json\/wp\/v2\/product_approvals?post=154094"},{"taxonomy":"product_application","embeddable":true,"href":"https:\/\/dev.codekraft.it\/ravaglioli.it\/wp-json\/wp\/v2\/product_application?post=154094"}],"curies":[{"name":"wp","href":"https:\/\/api.w.org\/{rel}","templated":true}]}}