{"id":154072,"date":"2025-09-08T09:01:42","date_gmt":"2025-09-08T08:01:42","guid":{"rendered":"https:\/\/dev.codekraft.it\/ravaglioli.it\/product\/elevador-para-liberar-ejes-j40prl\/"},"modified":"2026-01-14T20:48:10","modified_gmt":"2026-01-14T20:48:10","slug":"elevador-para-liberar-ejes-j40prl","status":"publish","type":"product","link":"https:\/\/dev.codekraft.it\/ravaglioli.it\/es\/product\/elevador-para-liberar-ejes-j40prl\/","title":{"rendered":"Elevador para liberar ejes J40PRL"},"content":{"rendered":"<ul>\n<li>Grande altura de elevaci\u00f3n<\/li>\n<li>Dispositivo de traslaci\u00f3n sobre rodillos el\u00e1sticos<\/li>\n<li>Dispositivo de bloqueo mec\u00e1nico a inserci\u00f3n autom\u00e1tica y desbloqueo manual<\/li>\n<li>Mando de bajada a dos manos de tipo hombre presente<\/li>\n<li>&gt;\/= 6 t<\/li>\n<li>Extra baja<\/li>\n<\/ul>\n","protected":false},"excerpt":{"rendered":"<p>4,0 t, neumohidr\u00e1ulico<\/p>\n","protected":false},"featured_media":42823,"template":"","meta":[],"product_brand":[],"product_cat":[74],"product_tag":[58296,58332],"product_approvals":[],"product_application":[],"class_list":{"0":"post-154072","1":"product","2":"type-product","3":"status-publish","4":"has-post-thumbnail","6":"product_cat-uncategorized-es","7":"product_tag-passenger-cars-es","8":"product_tag-light-commercial-es","10":"first","11":"instock","12":"shipping-taxable","13":"product-type-simple"},"approvals":[],"application":[],"brb_media_brochure":[{"id":147446,"url":"https:\/\/dev.codekraft.it\/ravaglioli.it\/wp-content\/uploads\/brb_media\/00521416_jacking-beams-catalogue-br-multi-2023-09-screen.pdf","title":"Jacking beams catalogue BR multi 2023 09 screen","mpn":"","thumbnail":"https:\/\/dev.codekraft.it\/ravaglioli.it\/wp-content\/uploads\/brb_media\/00521416_jacking-beams-catalogue-br-multi-2023-09-screen-pdf-106x150.png","description":""}],"brb_media_drawing":[{"id":87073,"url":"https:\/\/dev.codekraft.it\/ravaglioli.it\/wp-content\/uploads\/brb_media\/00510421_jacking-beam-j40prl-td-043507102_00-it-2019-07.pdf","title":"Jacking beam J40PRL TD 043507102 00 it 2019 07","mpn":"","thumbnail":"https:\/\/dev.codekraft.it\/ravaglioli.it\/wp-content\/uploads\/brb_media\/00510421_jacking-beam-j40prl-td-043507102_00-it-2019-07-pdf-150x106.png","description":""}],"brb_media_manuals":[{"id":87072,"url":"https:\/\/dev.codekraft.it\/ravaglioli.it\/wp-content\/uploads\/brb_media\/00510419_jacking-beams-j40pxl-prl-pkl-im-0435-m001-1-rev2-multi-2023-06.pdf","title":"Jacking beams J40PXL PRL PKL IM 0435 M001 1 rev2 multi 2023 06","mpn":"","thumbnail":"https:\/\/dev.codekraft.it\/ravaglioli.it\/wp-content\/uploads\/brb_media\/00510419_jacking-beams-j40pxl-prl-pkl-im-0435-m001-1-rev2-multi-2023-06-pdf-106x150.png","description":""}],"brb_media_safety_datasheets":"","brb_media_spare_parts":[],"_cdmm_p_id":"502467","_company":"Ravaglioli","_gtin":"5063084901965","accessories":[],"components":[],"delivery":[],"package":[],"related":[],"similar":[{"id":154078,"mpn":"VSG.J40PX.902191","name":"Elevador para liberar ejes J40PXL","description":"4,0 t, neumohidr\u00e1ulico","thumbnail":"https:\/\/dev.codekraft.it\/ravaglioli.it\/wp-content\/uploads\/brb_media\/00508590_jacking-beam-j40pxl-mi-150x150.png","url":"https:\/\/dev.codekraft.it\/ravaglioli.it\/es\/product\/elevador-para-liberar-ejes-j40pxl\/"},{"id":154084,"mpn":"VSG.J40PK.901880","name":"Elevador para liberar ejes J40PKL","description":"4,0 t, neumohidr\u00e1ulico","thumbnail":"https:\/\/dev.codekraft.it\/ravaglioli.it\/wp-content\/uploads\/brb_media\/00508590_jacking-beam-j40pxl-mi-150x150.png","url":"https:\/\/dev.codekraft.it\/ravaglioli.it\/es\/product\/elevador-para-liberar-ejes-j40pkl\/"},{"id":154090,"mpn":"VSG.J40PY.902214","name":"Elevador para liberar ejes J40PY","description":"4,0 t, neumohidr\u00e1ulico","thumbnail":"https:\/\/dev.codekraft.it\/ravaglioli.it\/wp-content\/uploads\/brb_media\/00508590_jacking-beam-j40pxl-mi-150x150.png","url":"https:\/\/dev.codekraft.it\/ravaglioli.it\/es\/product\/elevador-para-liberar-ejes-j40py\/"}],"page_logo_src":"https:\/\/dev.codekraft.it\/ravaglioli.it\/wp-content\/uploads\/2026\/04\/rav-negative-logo-1.png","lang":"es","translations":{"es":154072,"en":154068,"de":154069,"fr":154070,"it":154071,"ru":154073},"pll_sync_post":[],"_links":{"self":[{"href":"https:\/\/dev.codekraft.it\/ravaglioli.it\/wp-json\/wp\/v2\/product\/154072","targetHints":{"allow":["GET"]}}],"collection":[{"href":"https:\/\/dev.codekraft.it\/ravaglioli.it\/wp-json\/wp\/v2\/product"}],"about":[{"href":"https:\/\/dev.codekraft.it\/ravaglioli.it\/wp-json\/wp\/v2\/types\/product"}],"wp:featuredmedia":[{"embeddable":true,"href":"https:\/\/dev.codekraft.it\/ravaglioli.it\/wp-json\/wp\/v2\/media\/42823"}],"wp:attachment":[{"href":"https:\/\/dev.codekraft.it\/ravaglioli.it\/wp-json\/wp\/v2\/media?parent=154072"}],"wp:term":[{"taxonomy":"product_brand","embeddable":true,"href":"https:\/\/dev.codekraft.it\/ravaglioli.it\/wp-json\/wp\/v2\/product_brand?post=154072"},{"taxonomy":"product_cat","embeddable":true,"href":"https:\/\/dev.codekraft.it\/ravaglioli.it\/wp-json\/wp\/v2\/product_cat?post=154072"},{"taxonomy":"product_tag","embeddable":true,"href":"https:\/\/dev.codekraft.it\/ravaglioli.it\/wp-json\/wp\/v2\/product_tag?post=154072"},{"taxonomy":"product_approvals","embeddable":true,"href":"https:\/\/dev.codekraft.it\/ravaglioli.it\/wp-json\/wp\/v2\/product_approvals?post=154072"},{"taxonomy":"product_application","embeddable":true,"href":"https:\/\/dev.codekraft.it\/ravaglioli.it\/wp-json\/wp\/v2\/product_application?post=154072"}],"curies":[{"name":"wp","href":"https:\/\/api.w.org\/{rel}","templated":true}]}}