{"id":154046,"date":"2025-09-08T09:01:42","date_gmt":"2025-09-08T08:01:42","guid":{"rendered":"https:\/\/dev.codekraft.it\/ravaglioli.it\/product\/traverse-de-levage-j30px\/"},"modified":"2026-01-14T20:47:08","modified_gmt":"2026-01-14T20:47:08","slug":"traverse-de-levage-j30px","status":"publish","type":"product","link":"https:\/\/dev.codekraft.it\/ravaglioli.it\/fr\/product\/traverse-de-levage-j30px\/","title":{"rendered":"Traverse de levage J30PX"},"content":{"rendered":"<ul>\n<li>Grande course de levage<\/li>\n<li>Dispositif de translation sur rouleaux \u00e9lastiques<\/li>\n<li>Dispositif d\u2019arr\u00eat m\u00e9canique \u00e0 introduction automatique et d\u00e9gagement manuel<\/li>\n<li>Commande de descente \u00e0 deux mains de type \u00ab\u00a0homme mort\u00a0\u00bb<\/li>\n<li>&gt;\/= 4 t &#8211; pas 8 t<\/li>\n<\/ul>\n","protected":false},"excerpt":{"rendered":"<p>3,0 t, hydropneumatique<\/p>\n","protected":false},"featured_media":42786,"template":"","meta":[],"product_brand":[],"product_cat":[66],"product_tag":[58326,58290],"product_approvals":[],"product_application":[],"class_list":{"0":"post-154046","1":"product","2":"type-product","3":"status-publish","4":"has-post-thumbnail","6":"product_cat-uncategorized-fr","7":"product_tag-light-commercial-fr","8":"product_tag-passenger-cars-fr","10":"first","11":"instock","12":"shipping-taxable","13":"product-type-simple"},"approvals":[],"application":[],"brb_media_brochure":[{"id":147446,"url":"https:\/\/dev.codekraft.it\/ravaglioli.it\/wp-content\/uploads\/brb_media\/00521416_jacking-beams-catalogue-br-multi-2023-09-screen.pdf","title":"Jacking beams catalogue BR multi 2023 09 screen","mpn":"","thumbnail":"https:\/\/dev.codekraft.it\/ravaglioli.it\/wp-content\/uploads\/brb_media\/00521416_jacking-beams-catalogue-br-multi-2023-09-screen-pdf-106x150.png","description":""}],"brb_media_drawing":[{"id":87044,"url":"https:\/\/dev.codekraft.it\/ravaglioli.it\/wp-content\/uploads\/brb_media\/00510415_jacking-beam-j30px-td-043407191-it-2019-07.pdf","title":"Jacking beam J30PX TD 043407191 it 2019 07","mpn":"","thumbnail":"https:\/\/dev.codekraft.it\/ravaglioli.it\/wp-content\/uploads\/brb_media\/00510415_jacking-beam-j30px-td-043407191-it-2019-07-pdf-150x106.png","description":""}],"brb_media_manuals":[{"id":87029,"url":"https:\/\/dev.codekraft.it\/ravaglioli.it\/wp-content\/uploads\/brb_media\/00510410_jacking-beams-j30pk-pkl-r-pr-prl-x-px-pxl-prev-plrev-im-0434-m001-1-rev2-multi-2023-06.pdf","title":"Jacking beams J30PK PKL R PR PRL X PX PXL PREV PLREV IM 0434 M001 1 rev2 multi 2023 06","mpn":"","thumbnail":"https:\/\/dev.codekraft.it\/ravaglioli.it\/wp-content\/uploads\/brb_media\/00510410_jacking-beams-j30pk-pkl-r-pr-prl-x-px-pxl-prev-plrev-im-0434-m001-1-rev2-multi-2023-06-pdf-106x150.png","description":""}],"brb_media_safety_datasheets":"","brb_media_spare_parts":[],"_cdmm_p_id":"502463","_company":"Ravaglioli","_gtin":"5063084901781","accessories":[],"components":[],"delivery":[],"package":[],"related":[],"similar":[{"id":154040,"mpn":"VSG.J30XX.901514","name":"Traverse de levage J30X","description":"3,0 t, hydraulique, actionnement par pompe manuelle","thumbnail":"https:\/\/dev.codekraft.it\/ravaglioli.it\/wp-content\/uploads\/brb_media\/00508589_jacking-beam-j30pxl-mi-150x150.png","url":"https:\/\/dev.codekraft.it\/ravaglioli.it\/fr\/product\/traverse-de-levage-j30x\/"},{"id":154058,"mpn":"VSG.J30PR.901392","name":"Traverse de levage J30PR","description":"3,0 t, hydropneumatique","thumbnail":"https:\/\/dev.codekraft.it\/ravaglioli.it\/wp-content\/uploads\/brb_media\/00508589_jacking-beam-j30pxl-mi-150x150.png","url":"https:\/\/dev.codekraft.it\/ravaglioli.it\/fr\/product\/traverse-de-levage-j30pr\/"}],"page_logo_src":"https:\/\/dev.codekraft.it\/ravaglioli.it\/wp-content\/uploads\/2026\/04\/rav-negative-logo-1.png","lang":"fr","translations":{"fr":154046,"en":154044,"de":154045,"it":154047,"es":154048,"ru":154049},"pll_sync_post":[],"_links":{"self":[{"href":"https:\/\/dev.codekraft.it\/ravaglioli.it\/wp-json\/wp\/v2\/product\/154046","targetHints":{"allow":["GET"]}}],"collection":[{"href":"https:\/\/dev.codekraft.it\/ravaglioli.it\/wp-json\/wp\/v2\/product"}],"about":[{"href":"https:\/\/dev.codekraft.it\/ravaglioli.it\/wp-json\/wp\/v2\/types\/product"}],"wp:featuredmedia":[{"embeddable":true,"href":"https:\/\/dev.codekraft.it\/ravaglioli.it\/wp-json\/wp\/v2\/media\/42786"}],"wp:attachment":[{"href":"https:\/\/dev.codekraft.it\/ravaglioli.it\/wp-json\/wp\/v2\/media?parent=154046"}],"wp:term":[{"taxonomy":"product_brand","embeddable":true,"href":"https:\/\/dev.codekraft.it\/ravaglioli.it\/wp-json\/wp\/v2\/product_brand?post=154046"},{"taxonomy":"product_cat","embeddable":true,"href":"https:\/\/dev.codekraft.it\/ravaglioli.it\/wp-json\/wp\/v2\/product_cat?post=154046"},{"taxonomy":"product_tag","embeddable":true,"href":"https:\/\/dev.codekraft.it\/ravaglioli.it\/wp-json\/wp\/v2\/product_tag?post=154046"},{"taxonomy":"product_approvals","embeddable":true,"href":"https:\/\/dev.codekraft.it\/ravaglioli.it\/wp-json\/wp\/v2\/product_approvals?post=154046"},{"taxonomy":"product_application","embeddable":true,"href":"https:\/\/dev.codekraft.it\/ravaglioli.it\/wp-json\/wp\/v2\/product_application?post=154046"}],"curies":[{"name":"wp","href":"https:\/\/api.w.org\/{rel}","templated":true}]}}