{"id":154018,"date":"2025-09-08T09:01:42","date_gmt":"2025-09-08T08:01:42","guid":{"rendered":"https:\/\/dev.codekraft.it\/ravaglioli.it\/product\/elevador-para-liberar-ejes-js30pr\/"},"modified":"2026-01-14T20:45:59","modified_gmt":"2026-01-14T20:45:59","slug":"elevador-para-liberar-ejes-js30pr","status":"publish","type":"product","link":"https:\/\/dev.codekraft.it\/ravaglioli.it\/es\/product\/elevador-para-liberar-ejes-js30pr\/","title":{"rendered":"Elevador para liberar ejes JS30PR"},"content":{"rendered":"<ul>\n<li>Grande altura de elevaci\u00f3n<\/li>\n<li>Dispositivo de traslaci\u00f3n sobre rodillos el\u00e1sticos<\/li>\n<li>Dispositivo de bloqueo mec\u00e1nico a inserci\u00f3n autom\u00e1tica y desbloqueo manual<\/li>\n<li>Mando de bajada a dos manos de tipo hombre presente<\/li>\n<li>Montable s\u00f3lo en los elevadores de la serie 600N<\/li>\n<\/ul>\n","protected":false},"excerpt":{"rendered":"<p>3,0 t, neumohidr\u00e1ulico<\/p>\n","protected":false},"featured_media":42767,"template":"","meta":[],"product_brand":[],"product_cat":[74],"product_tag":[58296,58332],"product_approvals":[],"product_application":[],"class_list":{"0":"post-154018","1":"product","2":"type-product","3":"status-publish","4":"has-post-thumbnail","6":"product_cat-uncategorized-es","7":"product_tag-passenger-cars-es","8":"product_tag-light-commercial-es","10":"first","11":"instock","12":"shipping-taxable","13":"product-type-simple"},"approvals":[],"application":[],"brb_media_brochure":[{"id":147446,"url":"https:\/\/dev.codekraft.it\/ravaglioli.it\/wp-content\/uploads\/brb_media\/00521416_jacking-beams-catalogue-br-multi-2023-09-screen.pdf","title":"Jacking beams catalogue BR multi 2023 09 screen","mpn":"","thumbnail":"https:\/\/dev.codekraft.it\/ravaglioli.it\/wp-content\/uploads\/brb_media\/00521416_jacking-beams-catalogue-br-multi-2023-09-screen-pdf-106x150.png","description":""}],"brb_media_drawing":[{"id":87008,"url":"https:\/\/dev.codekraft.it\/ravaglioli.it\/wp-content\/uploads\/brb_media\/00510400_jacking-beam-js30pr-td-043407350-it-2021-01.pdf","title":"Jacking beam JS30PR TD 043407350 it 2021 01","mpn":"","thumbnail":"https:\/\/dev.codekraft.it\/ravaglioli.it\/wp-content\/uploads\/brb_media\/00510400_jacking-beam-js30pr-td-043407350-it-2021-01-pdf-150x107.png","description":""}],"brb_media_manuals":[{"id":86950,"url":"https:\/\/dev.codekraft.it\/ravaglioli.it\/wp-content\/uploads\/brb_media\/00510395_jacking-beams-js17-js20-js30-js40-im-0433-m007-0-rev1-multi-2023-06.pdf","title":"Jacking beams JS17 JS20 JS30 JS40 IM 0433 M007 0 rev1 MULTI 2023 06","mpn":"","thumbnail":"https:\/\/dev.codekraft.it\/ravaglioli.it\/wp-content\/uploads\/brb_media\/00510395_jacking-beams-js17-js20-js30-js40-im-0433-m007-0-rev1-multi-2023-06-pdf-106x150.png","description":""}],"brb_media_safety_datasheets":"","brb_media_spare_parts":[],"_cdmm_p_id":"502458","_company":"Ravaglioli","_gtin":"5063084901569","accessories":[],"components":[],"delivery":[],"package":[],"related":[],"similar":[{"id":154024,"mpn":"VSG.JS30P.901736","name":"Elevador para liberar ejes JS30PRL","description":"3,0 t, neumohidr\u00e1ulico","thumbnail":"https:\/\/dev.codekraft.it\/ravaglioli.it\/wp-content\/uploads\/brb_media\/00509563_jacking-beam-js30-40-mi-150x150.png","url":"https:\/\/dev.codekraft.it\/ravaglioli.it\/es\/product\/elevador-para-liberar-ejes-js30prl\/"}],"page_logo_src":"https:\/\/dev.codekraft.it\/ravaglioli.it\/wp-content\/uploads\/2026\/04\/rav-negative-logo-1.png","lang":"es","translations":{"es":154018,"en":154014,"de":154015,"fr":154016,"it":154017,"ru":154019},"pll_sync_post":[],"_links":{"self":[{"href":"https:\/\/dev.codekraft.it\/ravaglioli.it\/wp-json\/wp\/v2\/product\/154018","targetHints":{"allow":["GET"]}}],"collection":[{"href":"https:\/\/dev.codekraft.it\/ravaglioli.it\/wp-json\/wp\/v2\/product"}],"about":[{"href":"https:\/\/dev.codekraft.it\/ravaglioli.it\/wp-json\/wp\/v2\/types\/product"}],"wp:featuredmedia":[{"embeddable":true,"href":"https:\/\/dev.codekraft.it\/ravaglioli.it\/wp-json\/wp\/v2\/media\/42767"}],"wp:attachment":[{"href":"https:\/\/dev.codekraft.it\/ravaglioli.it\/wp-json\/wp\/v2\/media?parent=154018"}],"wp:term":[{"taxonomy":"product_brand","embeddable":true,"href":"https:\/\/dev.codekraft.it\/ravaglioli.it\/wp-json\/wp\/v2\/product_brand?post=154018"},{"taxonomy":"product_cat","embeddable":true,"href":"https:\/\/dev.codekraft.it\/ravaglioli.it\/wp-json\/wp\/v2\/product_cat?post=154018"},{"taxonomy":"product_tag","embeddable":true,"href":"https:\/\/dev.codekraft.it\/ravaglioli.it\/wp-json\/wp\/v2\/product_tag?post=154018"},{"taxonomy":"product_approvals","embeddable":true,"href":"https:\/\/dev.codekraft.it\/ravaglioli.it\/wp-json\/wp\/v2\/product_approvals?post=154018"},{"taxonomy":"product_application","embeddable":true,"href":"https:\/\/dev.codekraft.it\/ravaglioli.it\/wp-json\/wp\/v2\/product_application?post=154018"}],"curies":[{"name":"wp","href":"https:\/\/api.w.org\/{rel}","templated":true}]}}