{"id":153994,"date":"2025-09-08T09:01:42","date_gmt":"2025-09-08T08:01:42","guid":{"rendered":"https:\/\/dev.codekraft.it\/ravaglioli.it\/product\/elevador-para-liberar-ejes-j20pnr\/"},"modified":"2026-01-14T20:44:48","modified_gmt":"2026-01-14T20:44:48","slug":"elevador-para-liberar-ejes-j20pnr","status":"publish","type":"product","link":"https:\/\/dev.codekraft.it\/ravaglioli.it\/es\/product\/elevador-para-liberar-ejes-j20pnr\/","title":{"rendered":"Elevador para liberar ejes J20PNR"},"content":{"rendered":"<ul>\n<li>Grande altura de elevaci\u00f3n<\/li>\n<li>Dispositivo de traslaci\u00f3n sobre rodillos el\u00e1sticos<\/li>\n<li>Dispositivo de bloqueo mec\u00e1nico a inserci\u00f3n autom\u00e1tica y desbloqueo manual<\/li>\n<li>Mando de bajada a dos manos de tipo hombre presente<\/li>\n<\/ul>\n","protected":false},"excerpt":{"rendered":"<p>2,0 t, neumohidr\u00e1ulico<\/p>\n","protected":false},"featured_media":37910,"template":"","meta":[],"product_brand":[],"product_cat":[74],"product_tag":[58296,58332],"product_approvals":[],"product_application":[],"class_list":{"0":"post-153994","1":"product","2":"type-product","3":"status-publish","4":"has-post-thumbnail","6":"product_cat-uncategorized-es","7":"product_tag-passenger-cars-es","8":"product_tag-light-commercial-es","10":"first","11":"instock","12":"shipping-taxable","13":"product-type-simple"},"approvals":[],"application":[],"brb_media_brochure":[{"id":147446,"url":"https:\/\/dev.codekraft.it\/ravaglioli.it\/wp-content\/uploads\/brb_media\/00521416_jacking-beams-catalogue-br-multi-2023-09-screen.pdf","title":"Jacking beams catalogue BR multi 2023 09 screen","mpn":"","thumbnail":"https:\/\/dev.codekraft.it\/ravaglioli.it\/wp-content\/uploads\/brb_media\/00521416_jacking-beams-catalogue-br-multi-2023-09-screen-pdf-106x150.png","description":""}],"brb_media_drawing":[{"id":86980,"url":"https:\/\/dev.codekraft.it\/ravaglioli.it\/wp-content\/uploads\/brb_media\/00510408_jacking-beam-j20pnr-td-043307130.pdf","title":"Jacking beam J20PNR TD 043307130","mpn":"","thumbnail":"https:\/\/dev.codekraft.it\/ravaglioli.it\/wp-content\/uploads\/brb_media\/00510408_jacking-beam-j20pnr-td-043307130-pdf-150x107.png","description":""}],"brb_media_manuals":[{"id":86958,"url":"https:\/\/dev.codekraft.it\/ravaglioli.it\/wp-content\/uploads\/brb_media\/00510403_jacking-beams-j17x_j20nx_j20pnxact-im-0433-m001-2-rev2-multi-2023-06.pdf","title":"Jacking beams J17X J20NX J20PNXACT IM 0433 M001 2 rev2 multi 2023 06","mpn":"","thumbnail":"https:\/\/dev.codekraft.it\/ravaglioli.it\/wp-content\/uploads\/brb_media\/00510403_jacking-beams-j17x_j20nx_j20pnxact-im-0433-m001-2-rev2-multi-2023-06-pdf-106x150.png","description":""}],"brb_media_safety_datasheets":"","brb_media_spare_parts":[],"_cdmm_p_id":"502454","_company":"Ravaglioli","_gtin":"5063084901583","accessories":[],"components":[],"delivery":[],"package":[],"related":[],"similar":[{"id":154000,"mpn":"VSG.J20PN.901422","name":"Elevador para liberar ejes J20PNRL","description":"2,0 t, neumohidr\u00e1ulico","thumbnail":"https:\/\/dev.codekraft.it\/ravaglioli.it\/wp-content\/uploads\/brb_media\/00508587_jacking-beam-j20pnx-mi-01-150x150.png","url":"https:\/\/dev.codekraft.it\/ravaglioli.it\/es\/product\/elevador-para-liberar-ejes-j20pnrl\/"}],"page_logo_src":"https:\/\/dev.codekraft.it\/ravaglioli.it\/wp-content\/uploads\/2026\/04\/rav-negative-logo-1.png","lang":"es","translations":{"es":153994,"en":153990,"de":153991,"fr":153992,"it":153993,"ru":153995},"pll_sync_post":[],"_links":{"self":[{"href":"https:\/\/dev.codekraft.it\/ravaglioli.it\/wp-json\/wp\/v2\/product\/153994","targetHints":{"allow":["GET"]}}],"collection":[{"href":"https:\/\/dev.codekraft.it\/ravaglioli.it\/wp-json\/wp\/v2\/product"}],"about":[{"href":"https:\/\/dev.codekraft.it\/ravaglioli.it\/wp-json\/wp\/v2\/types\/product"}],"wp:featuredmedia":[{"embeddable":true,"href":"https:\/\/dev.codekraft.it\/ravaglioli.it\/wp-json\/wp\/v2\/media\/37910"}],"wp:attachment":[{"href":"https:\/\/dev.codekraft.it\/ravaglioli.it\/wp-json\/wp\/v2\/media?parent=153994"}],"wp:term":[{"taxonomy":"product_brand","embeddable":true,"href":"https:\/\/dev.codekraft.it\/ravaglioli.it\/wp-json\/wp\/v2\/product_brand?post=153994"},{"taxonomy":"product_cat","embeddable":true,"href":"https:\/\/dev.codekraft.it\/ravaglioli.it\/wp-json\/wp\/v2\/product_cat?post=153994"},{"taxonomy":"product_tag","embeddable":true,"href":"https:\/\/dev.codekraft.it\/ravaglioli.it\/wp-json\/wp\/v2\/product_tag?post=153994"},{"taxonomy":"product_approvals","embeddable":true,"href":"https:\/\/dev.codekraft.it\/ravaglioli.it\/wp-json\/wp\/v2\/product_approvals?post=153994"},{"taxonomy":"product_application","embeddable":true,"href":"https:\/\/dev.codekraft.it\/ravaglioli.it\/wp-json\/wp\/v2\/product_application?post=153994"}],"curies":[{"name":"wp","href":"https:\/\/api.w.org\/{rel}","templated":true}]}}