{"id":153974,"date":"2025-09-08T09:01:42","date_gmt":"2025-09-08T08:01:42","guid":{"rendered":"https:\/\/dev.codekraft.it\/ravaglioli.it\/product\/traverse-de-levage-j20nx\/"},"modified":"2026-01-14T20:43:12","modified_gmt":"2026-01-14T20:43:12","slug":"traverse-de-levage-j20nx","status":"publish","type":"product","link":"https:\/\/dev.codekraft.it\/ravaglioli.it\/fr\/product\/traverse-de-levage-j20nx\/","title":{"rendered":"Traverse de levage J20NX"},"content":{"rendered":"<ul>\n<li>Actionnement au moyen d\u2019une pompe manuelle<\/li>\n<li>Grande course de levage<\/li>\n<li>Dispositif de translation sur rouleaux \u00e9lastiques<\/li>\n<li>Dispositif d\u2019arr\u00eat m\u00e9canique \u00e0 introduction automatique et d\u00e9gagement manuel<\/li>\n<li>Commande de descente \u00e0 deux mains de type \u00ab\u00a0homme mort\u00a0\u00bb<\/li>\n<li>Pas 8 t<\/li>\n<li>Devant ouvert<\/li>\n<li>Extra plat<\/li>\n<\/ul>\n","protected":false},"excerpt":{"rendered":"<p>2,0 t, hydraulique, actionnement par pompe manuelle<\/p>\n","protected":false},"featured_media":37910,"template":"","meta":[],"product_brand":[],"product_cat":[66],"product_tag":[58326,58290],"product_approvals":[],"product_application":[],"class_list":{"0":"post-153974","1":"product","2":"type-product","3":"status-publish","4":"has-post-thumbnail","6":"product_cat-uncategorized-fr","7":"product_tag-light-commercial-fr","8":"product_tag-passenger-cars-fr","10":"first","11":"instock","12":"shipping-taxable","13":"product-type-simple"},"approvals":[],"application":[],"brb_media_brochure":[{"id":147446,"url":"https:\/\/dev.codekraft.it\/ravaglioli.it\/wp-content\/uploads\/brb_media\/00521416_jacking-beams-catalogue-br-multi-2023-09-screen.pdf","title":"Jacking beams catalogue BR multi 2023 09 screen","mpn":"","thumbnail":"https:\/\/dev.codekraft.it\/ravaglioli.it\/wp-content\/uploads\/brb_media\/00521416_jacking-beams-catalogue-br-multi-2023-09-screen-pdf-106x150.png","description":""}],"brb_media_drawing":[{"id":86959,"url":"https:\/\/dev.codekraft.it\/ravaglioli.it\/wp-content\/uploads\/brb_media\/00510405_jacking-beam-j20nx-td-043307051-it-2019-02.pdf","title":"Jacking beam J20NX TD 043307051 IT 2019 02","mpn":"","thumbnail":"https:\/\/dev.codekraft.it\/ravaglioli.it\/wp-content\/uploads\/brb_media\/00510405_jacking-beam-j20nx-td-043307051-it-2019-02-pdf-150x106.png","description":""}],"brb_media_manuals":[{"id":86958,"url":"https:\/\/dev.codekraft.it\/ravaglioli.it\/wp-content\/uploads\/brb_media\/00510403_jacking-beams-j17x_j20nx_j20pnxact-im-0433-m001-2-rev2-multi-2023-06.pdf","title":"Jacking beams J17X J20NX J20PNXACT IM 0433 M001 2 rev2 multi 2023 06","mpn":"","thumbnail":"https:\/\/dev.codekraft.it\/ravaglioli.it\/wp-content\/uploads\/brb_media\/00510403_jacking-beams-j17x_j20nx_j20pnxact-im-0433-m001-2-rev2-multi-2023-06-pdf-106x150.png","description":""}],"brb_media_safety_datasheets":"","brb_media_spare_parts":[],"_cdmm_p_id":"502451","_company":"Ravaglioli","_gtin":"5063084901941","accessories":[],"components":[],"delivery":[],"package":[],"related":[],"similar":[{"id":153980,"mpn":"VSG.J20PN.901767","name":"Traverse de levage J20PNX","description":"2,0 t, hydropneumatique","thumbnail":"https:\/\/dev.codekraft.it\/ravaglioli.it\/wp-content\/uploads\/brb_media\/00508587_jacking-beam-j20pnx-mi-01-150x150.png","url":"https:\/\/dev.codekraft.it\/ravaglioli.it\/fr\/product\/traverse-de-levage-j20pnx\/"},{"id":153986,"mpn":"VSG.J20PN.901682","name":"Traverse de levage J20PNXL","description":"2,0 t, hydropneumatique","thumbnail":"https:\/\/dev.codekraft.it\/ravaglioli.it\/wp-content\/uploads\/brb_media\/00508587_jacking-beam-j20pnx-mi-01-150x150.png","url":"https:\/\/dev.codekraft.it\/ravaglioli.it\/fr\/product\/traverse-de-levage-j20pnxl\/"}],"page_logo_src":"https:\/\/dev.codekraft.it\/ravaglioli.it\/wp-content\/uploads\/2026\/04\/rav-negative-logo-1.png","lang":"fr","translations":{"fr":153974,"en":153972,"de":153973,"it":153975,"es":153976,"ru":153977},"pll_sync_post":[],"_links":{"self":[{"href":"https:\/\/dev.codekraft.it\/ravaglioli.it\/wp-json\/wp\/v2\/product\/153974","targetHints":{"allow":["GET"]}}],"collection":[{"href":"https:\/\/dev.codekraft.it\/ravaglioli.it\/wp-json\/wp\/v2\/product"}],"about":[{"href":"https:\/\/dev.codekraft.it\/ravaglioli.it\/wp-json\/wp\/v2\/types\/product"}],"wp:featuredmedia":[{"embeddable":true,"href":"https:\/\/dev.codekraft.it\/ravaglioli.it\/wp-json\/wp\/v2\/media\/37910"}],"wp:attachment":[{"href":"https:\/\/dev.codekraft.it\/ravaglioli.it\/wp-json\/wp\/v2\/media?parent=153974"}],"wp:term":[{"taxonomy":"product_brand","embeddable":true,"href":"https:\/\/dev.codekraft.it\/ravaglioli.it\/wp-json\/wp\/v2\/product_brand?post=153974"},{"taxonomy":"product_cat","embeddable":true,"href":"https:\/\/dev.codekraft.it\/ravaglioli.it\/wp-json\/wp\/v2\/product_cat?post=153974"},{"taxonomy":"product_tag","embeddable":true,"href":"https:\/\/dev.codekraft.it\/ravaglioli.it\/wp-json\/wp\/v2\/product_tag?post=153974"},{"taxonomy":"product_approvals","embeddable":true,"href":"https:\/\/dev.codekraft.it\/ravaglioli.it\/wp-json\/wp\/v2\/product_approvals?post=153974"},{"taxonomy":"product_application","embeddable":true,"href":"https:\/\/dev.codekraft.it\/ravaglioli.it\/wp-json\/wp\/v2\/product_application?post=153974"}],"curies":[{"name":"wp","href":"https:\/\/api.w.org\/{rel}","templated":true}]}}