{"id":153964,"date":"2025-09-08T09:01:42","date_gmt":"2025-09-08T08:01:42","guid":{"rendered":"https:\/\/dev.codekraft.it\/ravaglioli.it\/product\/frenometro-de-rodillos-ravrt122p4f\/"},"modified":"2026-01-14T20:42:27","modified_gmt":"2026-01-14T20:42:27","slug":"frenometro-de-rodillos-ravrt122p4f","status":"publish","type":"product","link":"https:\/\/dev.codekraft.it\/ravaglioli.it\/es\/product\/frenometro-de-rodillos-ravrt122p4f\/","title":{"rendered":"Frenometro de rodillos RAVRT122P4F"},"content":{"rendered":"<p>Soluciones para el diagn\u00f3stico de los frenos<\/p>\n<p>Gracias a los rodillos de 100 cm de largo y al marco reducido del bastidor, el frenometro RAVRT122P4F permite realizar pruebas de frenado muy precisas en una amplia variedad de veh\u00edculos: ciclomotores\/motocicletas de 2, 3 y 4 ruedas, turismos, veh\u00edculos comerciales y autocaravanas con un peso m\u00e1ximo de 3,5 t.<\/p>\n<ul>\n<li>Facilidad de uso: el software intuitivo, con interfaz gr\u00e1fica simplificada, gu\u00eda al operario en todas las fases de la prueba con la m\u00e1xima seguridad<\/li>\n<li>Gran versatilidad: compatible con todo tipo de veh\u00edculos, desde motos hasta autocaravanas<\/li>\n<li>Todo en uno: un solo fren\u00f3metro para ahorrar espacio \u00fatil de trabajo en el taller<\/li>\n<\/ul>\n<ul>\n<li>Los juegos de tapas permiten adaptar r\u00e1pidamente la configuraci\u00f3n del fren\u00f3metro, de la versi\u00f3n para coches a la versi\u00f3n para motos. En esta \u00faltima versi\u00f3n, durante la prueba se reducen notablemente los desplazamientos laterales para garantizar la m\u00e1xima seguridad del operario.<\/li>\n<li>Rodillos con revestimiento de corind\u00f3n de cristales de silicio: Para incrementar su durabilidad incluso en caso de uso intenso &#8211; Excelente coeficiente de fricci\u00f3n<\/li>\n<li>Banco de prueba de velocidad Speedometer: Banco de pruebas de velocidad doble dotado de freno de corrientes pasivas para ciclomotores de 2 ruedas, triciclos y cuadriciclos (por ejemplo, APE, QUAD y MICROVEH\u00cdCULOS) &#8211; modelo RAVRT094MVBX + RAVRT094MTRBX\n<ul>\n<li>Necesario como complemento para las pruebas anticontaminaci\u00f3n (MCTCNet2)<\/li>\n<li>Disponible en versi\u00f3n simple para veh\u00edculos de 2 ruedas, modelo RAVRT094MVBX<\/li>\n<\/ul>\n<\/li>\n<li>Al integrar el banco de prueba de velocidad simple (RAVRT094M) o doble (RAVRT094MVBX + RAVTR094MTRBX), es posible realizar todas las pruebas requeridas por la ITV para veh\u00edculos de 2, 3 y 4 ruedas (por ejemplo, an\u00e1lisis de gases de escape), as\u00ed como pruebas de velocidad m\u00e1xima en ciclomotores.<\/li>\n<li>Compatible con el sistema TEq-Link<\/li>\n<li>Conexi\u00f3n a internet\n<ul>\n<li>Env\u00edo de resultados a los clientes<\/li>\n<li>Asistencia remota<\/li>\n<\/ul>\n<\/li>\n<\/ul>\n<ul>\n<li>Equipado con:\n<ul>\n<li>Motores autofrenados de 4,7 kW<\/li>\n<li>Sistema de pesaje de cuatro celdas integrado<\/li>\n<\/ul>\n<\/li>\n<li>Se puede integrar en el banco de prueba de velocidad<\/li>\n<li>\u00datil para veh\u00edculos con ancho de v\u00eda reducido<\/li>\n<li>Se adapta a diferentes tipos de veh\u00edculos<\/li>\n<li>Software de gesti\u00f3n integrado, compatible con el sistema MCTCNet2<\/li>\n<li>Reparto de frenado entre el eje delantero y el eje trasero<\/li>\n<li>Peso del eje<\/li>\n<li>Fuerza en el pedal (s\u00f3lo con SRT047M)<\/li>\n<li>Resistencia al giro libre en cada rueda<\/li>\n<li>Ovalidad de frenos en cada rueda<\/li>\n<li>Fuerza m\u00e1xima de frenado en cada rueda, en el eje y total<\/li>\n<li>Desequilibrio m\u00e1ximo de la fuerza de frenado del eje en porcentaje<\/li>\n<li>Eficacia total del sistema de frenado del freno de servicio y de estacionamiento en porcentaje<\/li>\n<\/ul>\n","protected":false},"excerpt":{"rendered":"<p>Plataforma universal coche\/moto, 2,5 t de carga por eje, 6000 N<\/p>\n","protected":false},"featured_media":37722,"template":"","meta":[],"product_brand":[],"product_cat":[57998],"product_tag":[58296,58400,58434,58417],"product_approvals":[],"product_application":[],"class_list":{"0":"post-153964","1":"product","2":"type-product","3":"status-publish","4":"has-post-thumbnail","6":"product_cat-frenometros-lineas-itv-es","7":"product_tag-passenger-cars-es","8":"product_tag-motorbikes-es","9":"product_tag-quad-bikes-es","10":"product_tag-scooter-es","12":"first","13":"instock","14":"shipping-taxable","15":"product-type-simple"},"approvals":[],"application":[],"brb_media_brochure":[{"id":42678,"url":"https:\/\/dev.codekraft.it\/ravaglioli.it\/wp-content\/uploads\/brb_media\/00508569_brake-testers-test-lanes-ravrt122p4f-br-de-2023-04-screen.pdf","title":"Brake testers Test lanes RAVRT122P4F BR de 2023 04 screen","mpn":"","thumbnail":"https:\/\/dev.codekraft.it\/ravaglioli.it\/wp-content\/uploads\/brb_media\/00508569_brake-testers-test-lanes-ravrt122p4f-br-de-2023-04-screen-pdf-106x150.png","description":""},{"id":42679,"url":"https:\/\/dev.codekraft.it\/ravaglioli.it\/wp-content\/uploads\/brb_media\/00508570_brake-testers-test-lanes-ravrt122p4f-br-en-2023-04-screen.pdf","title":"Brake testers Test lanes RAVRT122P4F BR en 2023 04 screen","mpn":"","thumbnail":"https:\/\/dev.codekraft.it\/ravaglioli.it\/wp-content\/uploads\/brb_media\/00508570_brake-testers-test-lanes-ravrt122p4f-br-en-2023-04-screen-pdf-106x150.png","description":""},{"id":42680,"url":"https:\/\/dev.codekraft.it\/ravaglioli.it\/wp-content\/uploads\/brb_media\/00508571_brake-testers-test-lanes-ravrt122p4f-br-fr-2023-04-screen.pdf","title":"Brake testers Test lanes RAVRT122P4F BR fr 2023 04 screen","mpn":"","thumbnail":"https:\/\/dev.codekraft.it\/ravaglioli.it\/wp-content\/uploads\/brb_media\/00508571_brake-testers-test-lanes-ravrt122p4f-br-fr-2023-04-screen-pdf-106x150.png","description":""},{"id":42681,"url":"https:\/\/dev.codekraft.it\/ravaglioli.it\/wp-content\/uploads\/brb_media\/00508572_brake-testers-test-lanes-ravrt122p4f-br-it-2023-04-screen.pdf","title":"Brake testers Test lanes RAVRT122P4F BR it 2023 04 screen","mpn":"","thumbnail":"https:\/\/dev.codekraft.it\/ravaglioli.it\/wp-content\/uploads\/brb_media\/00508572_brake-testers-test-lanes-ravrt122p4f-br-it-2023-04-screen-pdf-106x150.png","description":""},{"id":42682,"url":"https:\/\/dev.codekraft.it\/ravaglioli.it\/wp-content\/uploads\/brb_media\/00508573_brake-testers-test-lanes-ravrt122p4f-br-es-2023-04-screen.pdf","title":"Brake testers Test lanes RAVRT122P4F BR es 2023 04 screen","mpn":"","thumbnail":"https:\/\/dev.codekraft.it\/ravaglioli.it\/wp-content\/uploads\/brb_media\/00508573_brake-testers-test-lanes-ravrt122p4f-br-es-2023-04-screen-pdf-106x150.png","description":""},{"id":42683,"url":"https:\/\/dev.codekraft.it\/ravaglioli.it\/wp-content\/uploads\/brb_media\/00508574_brake-testers-test-lanes-ravrt122p4f-br-ru-2023-04-screen.pdf","title":"Brake testers Test lanes RAVRT122P4F BR ru 2023 04 screen","mpn":"","thumbnail":"https:\/\/dev.codekraft.it\/ravaglioli.it\/wp-content\/uploads\/brb_media\/00508574_brake-testers-test-lanes-ravrt122p4f-br-ru-2023-04-screen-pdf-106x150.png","description":""}],"brb_media_drawing":"","brb_media_manuals":"","brb_media_safety_datasheets":"","brb_media_spare_parts":[],"_cdmm_p_id":"502445","_company":"Ravaglioli","_gtin":"","accessories":[{"id":153940,"mpn":"SRT047U","name":"Medidor de esfuerzo de la palanca de freno para motoveh\u00edculos con mando a distancia Bluetooth y pulsador de seguridad de \u00abhombre presente\u00bb","description":"","thumbnail":"https:\/\/dev.codekraft.it\/ravaglioli.it\/wp-content\/uploads\/brb_media\/00508537_brake-testers-test-lanes-srt047u-mi-150x150.png","url":"https:\/\/dev.codekraft.it\/ravaglioli.it\/es\/product\/medidor-de-esfuerzo-de-la-palanca-de-freno-para-motovehiculos-con-mando-a-distancia-bluetooth-y-pulsador-de-seguridad-de-hombre-presente\/"},{"id":153946,"mpn":"SRT047LMA","name":"Medidor de esfuerzo de la palanca de freno adicional para motoveh\u00edculos para medidor de esfuerzo de la palanca de freno para motoveh\u00edculos SRT047U o SRT047LMBTH","description":"","thumbnail":"https:\/\/dev.codekraft.it\/ravaglioli.it\/wp-content\/uploads\/brb_media\/00508547_brake-testers-test-lanes-srt047lma-mi-150x150.png","url":"https:\/\/dev.codekraft.it\/ravaglioli.it\/es\/product\/medidor-de-esfuerzo-de-la-palanca-de-freno-adicional-para-motovehiculos-para-medidor-de-esfuerzo-de-la-palanca-de-freno-para-motovehiculos-srt047u-o-srt047lmbth\/"},{"id":153140,"mpn":"SRT101","name":"Peanas apoyapi\u00e9s m\u00f3viles","description":"Para banco prueba frenos | 1 juego \/ 4 piezas","thumbnail":"https:\/\/dev.codekraft.it\/ravaglioli.it\/wp-content\/uploads\/brb_media\/00508553_brake-testers-test-lanes-srt101-mi-150x150.png","url":"https:\/\/dev.codekraft.it\/ravaglioli.it\/es\/product\/peanas-apoyapies-moviles\/"},{"id":153110,"mpn":"SRT102L","name":"Tapas transitables para bancos prueba frenos universales | 1 juego \/ 2 piezas","description":"","thumbnail":"https:\/\/dev.codekraft.it\/ravaglioli.it\/wp-content\/uploads\/brb_media\/00508556_brake-testers-test-lanes-srt102l-mi-150x150.png","url":"https:\/\/dev.codekraft.it\/ravaglioli.it\/es\/product\/tapas-transitables-para-bancos-prueba-frenos-universales-1-juego-2-piezas\/"},{"id":153952,"mpn":"SRT079M","name":"Adaptadores para medidor de esfuerzo del pedal SRT047M","description":"","thumbnail":"https:\/\/dev.codekraft.it\/ravaglioli.it\/wp-content\/uploads\/brb_media\/00508550_brake-testers-test-lanes-srt079m-mi-01-150x150.png","url":"https:\/\/dev.codekraft.it\/ravaglioli.it\/es\/product\/adaptadores-para-medidor-de-esfuerzo-del-pedal-srt047m\/"},{"id":153230,"mpn":"SRT105","name":"Correas de retenci\u00f3n 1 juego \/ 2 piezas","description":"1 juego \/ 2 piezas","thumbnail":"https:\/\/dev.codekraft.it\/ravaglioli.it\/wp-content\/uploads\/brb_media\/00508557_brake-testers-test-lanes-srt105-mi-150x150.png","url":"https:\/\/dev.codekraft.it\/ravaglioli.it\/es\/product\/correas-de-retencion-1-juego-2-piezas\/"},{"id":153958,"mpn":"SRT047M","name":"Medidor de esfuerzo del pedal para motoveh\u00edculos con mando mixto (palanca + pedal)","description":"","thumbnail":"https:\/\/dev.codekraft.it\/ravaglioli.it\/wp-content\/uploads\/brb_media\/00508548_brake-testers-test-lanes-srt047m-mi-150x150.png","url":"https:\/\/dev.codekraft.it\/ravaglioli.it\/es\/product\/medidor-de-esfuerzo-del-pedal-para-motovehiculos-con-mando-mixto-palanca-pedal\/"},{"id":152302,"mpn":"SRT048","name":"Adaptador para utilizar medidor de esfuerzo del pedal SRT047M para palanca de freno de mano","description":"","thumbnail":"https:\/\/dev.codekraft.it\/ravaglioli.it\/wp-content\/uploads\/brb_media\/00508549_brake-testers-test-lanes-srt048-mi-150x150.png","url":"https:\/\/dev.codekraft.it\/ravaglioli.it\/es\/product\/adaptador-para-utilizar-medidor-de-esfuerzo-del-pedal-srt047m-para-palanca-de-freno-de-mano\/"}],"components":[],"delivery":[],"package":[],"related":[],"similar":[],"page_logo_src":"https:\/\/dev.codekraft.it\/ravaglioli.it\/wp-content\/uploads\/2026\/04\/rav-negative-logo-1.png","lang":"es","translations":{"es":153964,"en":153960,"de":153961,"fr":153962,"it":153963,"ru":153965},"pll_sync_post":[],"_links":{"self":[{"href":"https:\/\/dev.codekraft.it\/ravaglioli.it\/wp-json\/wp\/v2\/product\/153964","targetHints":{"allow":["GET"]}}],"collection":[{"href":"https:\/\/dev.codekraft.it\/ravaglioli.it\/wp-json\/wp\/v2\/product"}],"about":[{"href":"https:\/\/dev.codekraft.it\/ravaglioli.it\/wp-json\/wp\/v2\/types\/product"}],"wp:featuredmedia":[{"embeddable":true,"href":"https:\/\/dev.codekraft.it\/ravaglioli.it\/wp-json\/wp\/v2\/media\/37722"}],"wp:attachment":[{"href":"https:\/\/dev.codekraft.it\/ravaglioli.it\/wp-json\/wp\/v2\/media?parent=153964"}],"wp:term":[{"taxonomy":"product_brand","embeddable":true,"href":"https:\/\/dev.codekraft.it\/ravaglioli.it\/wp-json\/wp\/v2\/product_brand?post=153964"},{"taxonomy":"product_cat","embeddable":true,"href":"https:\/\/dev.codekraft.it\/ravaglioli.it\/wp-json\/wp\/v2\/product_cat?post=153964"},{"taxonomy":"product_tag","embeddable":true,"href":"https:\/\/dev.codekraft.it\/ravaglioli.it\/wp-json\/wp\/v2\/product_tag?post=153964"},{"taxonomy":"product_approvals","embeddable":true,"href":"https:\/\/dev.codekraft.it\/ravaglioli.it\/wp-json\/wp\/v2\/product_approvals?post=153964"},{"taxonomy":"product_application","embeddable":true,"href":"https:\/\/dev.codekraft.it\/ravaglioli.it\/wp-json\/wp\/v2\/product_application?post=153964"}],"curies":[{"name":"wp","href":"https:\/\/api.w.org\/{rel}","templated":true}]}}