{"id":153962,"date":"2025-09-08T09:01:42","date_gmt":"2025-09-08T08:01:42","guid":{"rendered":"https:\/\/dev.codekraft.it\/ravaglioli.it\/product\/banc-dessai-de-freins-a-rouleaux-ravrt122p4f\/"},"modified":"2026-01-14T20:42:25","modified_gmt":"2026-01-14T20:42:25","slug":"banc-dessai-de-freins-a-rouleaux-ravrt122p4f","status":"publish","type":"product","link":"https:\/\/dev.codekraft.it\/ravaglioli.it\/fr\/product\/banc-dessai-de-freins-a-rouleaux-ravrt122p4f\/","title":{"rendered":"Banc d\u2019essai de freins \u00e0 rouleaux RAVRT122P4F"},"content":{"rendered":"<p>Solutions pour le diagnostic du freinage<\/p>\n<p>Gr\u00e2ce aux rouleaux de 100 cm de longueur et \u00e0 un cadre r\u00e9duit du ch\u00e2ssis, le banc d\u2019essai de freins RAVRT122P4F permet d\u2019effectuer des tests de freinage sur une vaste gamme de v\u00e9hicules\u00a0: cyclomoteurs\/motos \u00e0 2-3-4 roues, voitures, v\u00e9hicules commerciaux et camping-cars d\u2019un poids max de 3,5 t.<\/p>\n<ul>\n<li>Simplicit\u00e9 d\u2019utilisation\u00a0: le logiciel intuitif, \u00e0 interface graphique simplifi\u00e9e, guide l\u2019op\u00e9rateur lors de chaque phase de l\u2019essai en conditions de s\u00e9curit\u00e9 maximale<\/li>\n<li>Grande flexibilit\u00e9\u00a0: contr\u00f4le de chaque type de v\u00e9hicule, de la moto au camping-car<\/li>\n<li>All-in-One\u00a0: unique banc d\u2019essai de freins pour \u00e9conomiser de l\u2019espace utile au sein de l\u2019atelier<\/li>\n<\/ul>\n<ul>\n<li>Les jeux de couvertures permettent d\u2019adapter rapidement le banc d\u2019essai de frein pour passer d\u2019auto \u00e0 moto. Pendant l\u2019essai, ils r\u00e9duisent consid\u00e9rablement le d\u00e9placement lat\u00e9ral, garantissant de la sorte la s\u00e9curit\u00e9 maximale de l\u2019op\u00e9rateur.<\/li>\n<li>Rev\u00eatement des rouleaux en cristaux de silice: Pour une plus longue dur\u00e9e dans le temps en cas d\u2019utilisation intensive &#8211; Tr\u00e8s haut coefficient d\u2019adh\u00e9rence.<\/li>\n<li>Banc d\u2019essai de vitesse Speedometer: Banc d\u2019essai de vitesse double, dot\u00e9 de frein \u00e0 courants passifs pour cyclomoteurs \u00e0 2 roues, tricycles et quadricycles (par exemple APE, QUAD et MICRO CAR) &#8211; mod\u00e8le RAVRT094MVBX + RAVRT094MTRBX\n<ul>\n<li>N\u00e9cessaire pour les essais anti-pollution (MCTCNet2)<\/li>\n<li>(Disponible en version simple pour les seuls 2-roues &#8211; mod\u00e8le RAVRT094MVBX<\/li>\n<\/ul>\n<\/li>\n<li>En int\u00e9grant le banc d\u2019essai de vitesse simple (RAVRT094M) ou double (RAVRT094MVBX + RAVTR094MTRBX), il est possible d\u2019effectuer tous les essais. Requis par les services de la motorisation pour les v\u00e9hicules \u00e0 2, 3 et 4 roues (par exemple l\u2019analyse des gaz) ainsi que les essais de vitesse maximale pour les cyclomoteurs.<\/li>\n<li>Compatible avec le syst\u00e8me TEq-Link<\/li>\n<li>Connexion internet\n<ul>\n<li>Envoi des r\u00e9sultats aux clients<\/li>\n<li>Assistance \u00e0 distance<\/li>\n<\/ul>\n<\/li>\n<\/ul>\n<ul>\n<li>Dot\u00e9 de:\n<ul>\n<li>Moteurs \u00e0 autofreinage de 4,7 kW<\/li>\n<li>Syst\u00e8me de pesage int\u00e9gr\u00e9 \u00e0 quatre cellules<\/li>\n<\/ul>\n<\/li>\n<li>Possibilit\u00e9 d\u2019int\u00e9grer le banc d\u2019essai de vitesse<\/li>\n<li>Utile pour les v\u00e9hicules \u00e0 voie \u00e9troite<\/li>\n<li>Adaptable \u00e0 plusieurs types de v\u00e9hicules<\/li>\n<li>Logiciel de gestion int\u00e9gr\u00e9, compatible avec le syst\u00e8me MCTCNet2<\/li>\n<li>R\u00e9partition du freinage entre essieu avant et essieu arri\u00e8re<\/li>\n<li>Poids de l\u2019axe<\/li>\n<li>Force sur la p\u00e9dale (uniquement avec SRT047M)<\/li>\n<li>R\u00e9sistance au roulement libre sur chaque roue<\/li>\n<li>Ovalisation des freins sur chaque roue<\/li>\n<li>Force de freinage maximale sur la roue, sur l\u2019axe et totale<\/li>\n<li>D\u00e9s\u00e9quilibre maximal de la force de freinage de l\u2019axe en pourcentage<\/li>\n<li>Efficacit\u00e9 totale du syst\u00e8me de freinage du frein de service et du frein de stationnement en pourcentage<\/li>\n<\/ul>\n","protected":false},"excerpt":{"rendered":"<p>Essai de freins \u00e0 plate-forme universelle auto\/moto, 2,5 t charge par essieu, 6000 N<\/p>\n","protected":false},"featured_media":37722,"template":"","meta":[],"product_brand":[],"product_cat":[57966],"product_tag":[58394,58428,58411,58290],"product_approvals":[],"product_application":[],"class_list":{"0":"post-153962","1":"product","2":"type-product","3":"status-publish","4":"has-post-thumbnail","6":"product_cat-bancs-dessai-de-freins-chaines-de-controle-fr","7":"product_tag-motorbikes-fr","8":"product_tag-quad-bikes-fr","9":"product_tag-scooter-fr","10":"product_tag-passenger-cars-fr","12":"first","13":"instock","14":"shipping-taxable","15":"product-type-simple"},"approvals":[],"application":[],"brb_media_brochure":[{"id":42678,"url":"https:\/\/dev.codekraft.it\/ravaglioli.it\/wp-content\/uploads\/brb_media\/00508569_brake-testers-test-lanes-ravrt122p4f-br-de-2023-04-screen.pdf","title":"Brake testers Test lanes RAVRT122P4F BR de 2023 04 screen","mpn":"","thumbnail":"https:\/\/dev.codekraft.it\/ravaglioli.it\/wp-content\/uploads\/brb_media\/00508569_brake-testers-test-lanes-ravrt122p4f-br-de-2023-04-screen-pdf-106x150.png","description":""},{"id":42679,"url":"https:\/\/dev.codekraft.it\/ravaglioli.it\/wp-content\/uploads\/brb_media\/00508570_brake-testers-test-lanes-ravrt122p4f-br-en-2023-04-screen.pdf","title":"Brake testers Test lanes RAVRT122P4F BR en 2023 04 screen","mpn":"","thumbnail":"https:\/\/dev.codekraft.it\/ravaglioli.it\/wp-content\/uploads\/brb_media\/00508570_brake-testers-test-lanes-ravrt122p4f-br-en-2023-04-screen-pdf-106x150.png","description":""},{"id":42680,"url":"https:\/\/dev.codekraft.it\/ravaglioli.it\/wp-content\/uploads\/brb_media\/00508571_brake-testers-test-lanes-ravrt122p4f-br-fr-2023-04-screen.pdf","title":"Brake testers Test lanes RAVRT122P4F BR fr 2023 04 screen","mpn":"","thumbnail":"https:\/\/dev.codekraft.it\/ravaglioli.it\/wp-content\/uploads\/brb_media\/00508571_brake-testers-test-lanes-ravrt122p4f-br-fr-2023-04-screen-pdf-106x150.png","description":""},{"id":42681,"url":"https:\/\/dev.codekraft.it\/ravaglioli.it\/wp-content\/uploads\/brb_media\/00508572_brake-testers-test-lanes-ravrt122p4f-br-it-2023-04-screen.pdf","title":"Brake testers Test lanes RAVRT122P4F BR it 2023 04 screen","mpn":"","thumbnail":"https:\/\/dev.codekraft.it\/ravaglioli.it\/wp-content\/uploads\/brb_media\/00508572_brake-testers-test-lanes-ravrt122p4f-br-it-2023-04-screen-pdf-106x150.png","description":""},{"id":42682,"url":"https:\/\/dev.codekraft.it\/ravaglioli.it\/wp-content\/uploads\/brb_media\/00508573_brake-testers-test-lanes-ravrt122p4f-br-es-2023-04-screen.pdf","title":"Brake testers Test lanes RAVRT122P4F BR es 2023 04 screen","mpn":"","thumbnail":"https:\/\/dev.codekraft.it\/ravaglioli.it\/wp-content\/uploads\/brb_media\/00508573_brake-testers-test-lanes-ravrt122p4f-br-es-2023-04-screen-pdf-106x150.png","description":""},{"id":42683,"url":"https:\/\/dev.codekraft.it\/ravaglioli.it\/wp-content\/uploads\/brb_media\/00508574_brake-testers-test-lanes-ravrt122p4f-br-ru-2023-04-screen.pdf","title":"Brake testers Test lanes RAVRT122P4F BR ru 2023 04 screen","mpn":"","thumbnail":"https:\/\/dev.codekraft.it\/ravaglioli.it\/wp-content\/uploads\/brb_media\/00508574_brake-testers-test-lanes-ravrt122p4f-br-ru-2023-04-screen-pdf-106x150.png","description":""}],"brb_media_drawing":"","brb_media_manuals":"","brb_media_safety_datasheets":"","brb_media_spare_parts":[],"_cdmm_p_id":"502445","_company":"Ravaglioli","_gtin":"","accessories":[{"id":153938,"mpn":"SRT047U","name":"Mesureur d&#039;effort sur le levier de frein v\u00e9hicules \u00e0 moteur avec t\u00e9l\u00e9commande Bluetooth et bouton de s\u00e9curit\u00e9 \u00ab\u00a0homme mort\u00a0\u00bb","description":"","thumbnail":"https:\/\/dev.codekraft.it\/ravaglioli.it\/wp-content\/uploads\/brb_media\/00508537_brake-testers-test-lanes-srt047u-mi-150x150.png","url":"https:\/\/dev.codekraft.it\/ravaglioli.it\/fr\/product\/mesureur-deffort-sur-le-levier-de-frein-vehicules-a-moteur-avec-telecommande-bluetooth-et-bouton-de-securite-homme-mort\/"},{"id":153944,"mpn":"SRT047LMA","name":"Mesureur d\u2019effort sur le levier de frein suppl\u00e9mentaire des v\u00e9hicules \u00e0 moteur pour mesureur d&#039;effort sur le levier de frein v\u00e9hicules \u00e0 moteur SRT047U ou SRT047LMBTH","description":"","thumbnail":"https:\/\/dev.codekraft.it\/ravaglioli.it\/wp-content\/uploads\/brb_media\/00508547_brake-testers-test-lanes-srt047lma-mi-150x150.png","url":"https:\/\/dev.codekraft.it\/ravaglioli.it\/fr\/product\/mesureur-deffort-sur-le-levier-de-frein-supplementaire-des-vehicules-a-moteur-pour-mesureur-deffort-sur-le-levier-de-frein-vehicules-a-moteur-srt047u-ou-srt047lmbth\/"},{"id":153138,"mpn":"SRT101","name":"Repose-pieds mobiles","description":"Pour banc de freinage | 1 jeu \/ 4 pi\u00e8ces","thumbnail":"https:\/\/dev.codekraft.it\/ravaglioli.it\/wp-content\/uploads\/brb_media\/00508553_brake-testers-test-lanes-srt101-mi-150x150.png","url":"https:\/\/dev.codekraft.it\/ravaglioli.it\/fr\/product\/repose-pieds-mobiles\/"},{"id":153108,"mpn":"SRT102L","name":"Couvertures carrossables pour bancs de freinage universels | 1 jeu \/ 2 pi\u00e8ces","description":"","thumbnail":"https:\/\/dev.codekraft.it\/ravaglioli.it\/wp-content\/uploads\/brb_media\/00508556_brake-testers-test-lanes-srt102l-mi-150x150.png","url":"https:\/\/dev.codekraft.it\/ravaglioli.it\/fr\/product\/couvertures-carrossables-pour-bancs-de-freinage-universels-1-jeu-2-pieces\/"},{"id":153950,"mpn":"SRT079M","name":"Adaptateurs pour mesureur d\u2019effort sur la p\u00e9dale SRT047M","description":"","thumbnail":"https:\/\/dev.codekraft.it\/ravaglioli.it\/wp-content\/uploads\/brb_media\/00508550_brake-testers-test-lanes-srt079m-mi-01-150x150.png","url":"https:\/\/dev.codekraft.it\/ravaglioli.it\/fr\/product\/adaptateurs-pour-mesureur-deffort-sur-la-pedale-srt047m\/"},{"id":153228,"mpn":"SRT105","name":"Sangles de retenue 1 jeu \/ 2 pi\u00e8ces","description":"1 jeu \/ 2 pi\u00e8ces","thumbnail":"https:\/\/dev.codekraft.it\/ravaglioli.it\/wp-content\/uploads\/brb_media\/00508557_brake-testers-test-lanes-srt105-mi-150x150.png","url":"https:\/\/dev.codekraft.it\/ravaglioli.it\/fr\/product\/sangles-de-retenue-1-jeu-2-pieces\/"},{"id":153956,"mpn":"SRT047M","name":"Mesureur de l&#039;effort \u00e0 la p\u00e9dale pour v\u00e9hicules \u00e0 moteur avec commande mixte (levier + p\u00e9dale)","description":"","thumbnail":"https:\/\/dev.codekraft.it\/ravaglioli.it\/wp-content\/uploads\/brb_media\/00508548_brake-testers-test-lanes-srt047m-mi-150x150.png","url":"https:\/\/dev.codekraft.it\/ravaglioli.it\/fr\/product\/mesureur-de-leffort-a-la-pedale-pour-vehicules-a-moteur-avec-commande-mixte-levier-pedale\/"},{"id":152300,"mpn":"SRT048","name":"Adaptateur pour utiliser le mesureur d&#039;effort sur la p\u00e9dale SRT047M pour le frein \u00e0 main","description":"","thumbnail":"https:\/\/dev.codekraft.it\/ravaglioli.it\/wp-content\/uploads\/brb_media\/00508549_brake-testers-test-lanes-srt048-mi-150x150.png","url":"https:\/\/dev.codekraft.it\/ravaglioli.it\/fr\/product\/adaptateur-pour-utiliser-le-mesureur-deffort-sur-la-pedale-srt047m-pour-le-frein-a-main\/"}],"components":[],"delivery":[],"package":[],"related":[],"similar":[],"page_logo_src":"https:\/\/dev.codekraft.it\/ravaglioli.it\/wp-content\/uploads\/2026\/04\/rav-negative-logo-1.png","lang":"fr","translations":{"fr":153962,"en":153960,"de":153961,"it":153963,"es":153964,"ru":153965},"pll_sync_post":[],"_links":{"self":[{"href":"https:\/\/dev.codekraft.it\/ravaglioli.it\/wp-json\/wp\/v2\/product\/153962","targetHints":{"allow":["GET"]}}],"collection":[{"href":"https:\/\/dev.codekraft.it\/ravaglioli.it\/wp-json\/wp\/v2\/product"}],"about":[{"href":"https:\/\/dev.codekraft.it\/ravaglioli.it\/wp-json\/wp\/v2\/types\/product"}],"wp:featuredmedia":[{"embeddable":true,"href":"https:\/\/dev.codekraft.it\/ravaglioli.it\/wp-json\/wp\/v2\/media\/37722"}],"wp:attachment":[{"href":"https:\/\/dev.codekraft.it\/ravaglioli.it\/wp-json\/wp\/v2\/media?parent=153962"}],"wp:term":[{"taxonomy":"product_brand","embeddable":true,"href":"https:\/\/dev.codekraft.it\/ravaglioli.it\/wp-json\/wp\/v2\/product_brand?post=153962"},{"taxonomy":"product_cat","embeddable":true,"href":"https:\/\/dev.codekraft.it\/ravaglioli.it\/wp-json\/wp\/v2\/product_cat?post=153962"},{"taxonomy":"product_tag","embeddable":true,"href":"https:\/\/dev.codekraft.it\/ravaglioli.it\/wp-json\/wp\/v2\/product_tag?post=153962"},{"taxonomy":"product_approvals","embeddable":true,"href":"https:\/\/dev.codekraft.it\/ravaglioli.it\/wp-json\/wp\/v2\/product_approvals?post=153962"},{"taxonomy":"product_application","embeddable":true,"href":"https:\/\/dev.codekraft.it\/ravaglioli.it\/wp-json\/wp\/v2\/product_application?post=153962"}],"curies":[{"name":"wp","href":"https:\/\/api.w.org\/{rel}","templated":true}]}}