{"id":153914,"date":"2025-10-30T14:31:24","date_gmt":"2025-10-30T14:31:24","guid":{"rendered":"https:\/\/dev.codekraft.it\/ravaglioli.it\/product\/geometrie-3d-ravtd3200sp-4\/"},"modified":"2026-01-14T20:38:20","modified_gmt":"2026-01-14T20:38:20","slug":"geometrie-3d-ravtd3200sp-4","status":"publish","type":"product","link":"https:\/\/dev.codekraft.it\/ravaglioli.it\/fr\/product\/geometrie-3d-ravtd3200sp-4\/","title":{"rendered":"G\u00e9om\u00e9trie 3D RAVTD3200SP.4"},"content":{"rendered":"<p>The New Power of 3D Aligners<\/p>\n<ul>\n<li>Nouvelles t\u00eates de mesure 3D : plus compactes et plus performantes<\/li>\n<li>Eco Cabinet : cabine r\u00e9alis\u00e9e avec un mat\u00e9riau \u00e0 faible impact environnemental<\/li>\n<li>Technologie smart : logiciel avec graphisme actualis\u00e9, interface utilisateur intuitive, animations et aides au r\u00e9glage, pour un travail rapide et efficace<\/li>\n<\/ul>\n<p>La s\u00e9rie TD3200 repr\u00e9sente la deuxi\u00e8me g\u00e9n\u00e9ration des syst\u00e8mes de g\u00e9om\u00e9trie de roues 3D de Ravaglioli. Son syst\u00e8me innovant de cam\u00e9ras 3D \u00e0 transmission Bluetooth peut \u00eatre utilis\u00e9 sur diff\u00e9rents types de ponts \u00e9l\u00e9vateurs gr\u00e2ce \u00e0 une compensation automatique de la plan\u00e9it\u00e9. Ses dimensions compactes permettent de l\u2019utiliser m\u00eame dans les ateliers o\u00f9 l\u2019espace est limit\u00e9.<\/p>\n<ul>\n<li>Les t\u00eates de mesure 3D int\u00e9gr\u00e9es dans le pont \u00e9l\u00e9vateur permettent d\u2019effectuer les mesures sans aucun obstacle.<\/li>\n<li>Communication entre les t\u00eates de mesure 3D et la console via Bluetooth.<\/li>\n<li>Atelier plus efficace en termes d\u2019espace et d\u2019op\u00e9rativit\u00e9 :\n<ul>\n<li>Aucun obstacle &#8211; Maximisation de l\u2019espace de travail.<\/li>\n<li>Transmission rapide &#8211; Efficace m\u00eame dans des conditions d\u2019\u00e9clairage critiques.<\/li>\n<li>Effort minime &#8211; Compensation rapide et peu encombrante du d\u00e9centrage.<\/li>\n<li>Syst\u00e8me de g\u00e9om\u00e9trie de roues versatile &#8211; Utilisation du syst\u00e8me de g\u00e9om\u00e9trie de roues sur plusieurs zones de travail.<\/li>\n<\/ul>\n<\/li>\n<li>Caract\u00e9ristiques des t\u00eates de mesure 3D :\n<ul>\n<li>\u00c9cran LCD pour les informations essentielles.<\/li>\n<li>Cinq touches de navigation dans le logiciel \u00e9galement activables \u00e0 distance.<\/li>\n<li>Mesure et compensation automatique de la plan\u00e9it\u00e9 du pont \u00e9l\u00e9vateur avec des cam\u00e9ras haute r\u00e9solution.<\/li>\n<li>Fonction de commande \u00e0 distance.<\/li>\n<li>R\u00e9p\u00e9titeurs LED d\u2019aide en phase d\u2019enregistrement.<\/li>\n<li>Unique position d\u2019installation des t\u00eates pour la mesure sur v\u00e9hicules \u00e0 empattement diff\u00e9rent.<\/li>\n<li>Poids 3 kg.<\/li>\n<\/ul>\n<\/li>\n<li>Remplacement de la batterie au moyen d\u2019un syst\u00e8me de fixation rapide.<\/li>\n<li>L\u2019autonomie de la batterie de 8 heures permet de travailler toute la journ\u00e9e sans interruptions.<\/li>\n<li>Syst\u00e8me rapide de fixation au pont \u00e9l\u00e9vateur, pivotant pour \u00e9viter les dommages en cas d\u2019obstacles en descente.<\/li>\n<li>Protection en caoutchouc antichoc int\u00e9gr\u00e9e et poign\u00e9e avec protection en plastique.<\/li>\n<\/ul>\n<ul>\n<li>Compartiments con\u00e7us pour s\u2019adapter parfaitement aux t\u00eates de mesure 3D, \u00e9vitant de les endommager ou de les perdre.<\/li>\n<li>Logiciel de gestion et de visualisation, simple et intuitif, sous Microsoft Windows : Le graphisme haute r\u00e9solution rend l\u2019exp\u00e9rience utilisateur simple et intuitive.<\/li>\n<li>Base de donn\u00e9es internationale avec fiches techniques de v\u00e9hicules et possibilit\u00e9 de cr\u00e9er une base de donn\u00e9es clients pour enregistrer les interventions.<\/li>\n<li>Compatible avec le syst\u00e8me TEq-Link et ADAS Shoot&amp;Go.<\/li>\n<li>Mesure rapide et pr\u00e9cise : Les t\u00eates de mesure 3D mesurent en quelques secondes et avec une pr\u00e9cision extr\u00eame tous les angles du v\u00e9hicule.<\/li>\n<li>Jeu de 4 griffes autocentreuses \u00e0 4 points + option : STDA38K permet d\u2019\u00e9viter les proc\u00e9dures de devoilage des roues.<\/li>\n<li>Les cibles Real 3D install\u00e9es sur les griffes sont extr\u00eamement l\u00e9g\u00e8res, exemptes d\u2019entretien et sans composants \u00e9lectroniques.<\/li>\n<li>Les cibles Real 3D permettent d\u2019\u00e9viter la proc\u00e9dure de devoilage des roues, ce qui acc\u00e9l\u00e8re le travail de l\u2019op\u00e9rateur et maximise l\u2019efficacit\u00e9 de l\u2019atelier.<\/li>\n<\/ul>\n","protected":false},"excerpt":{"rendered":"<p>G\u00e9om\u00e9trie de roues 3D avec t\u00eates de mesure 3D avec r\u00e9solution HQ et communication donn\u00e9es Bluetoot | incl. griffes autocentreuses \u00e0 4 points, TFT affichage 22\u2033 et cabine ferm\u00e9e | Bleu (RAL 5005)<\/p>\n","protected":false},"featured_media":149017,"template":"","meta":[],"product_brand":[],"product_cat":[57878],"product_tag":[58343,58326,58290],"product_approvals":[],"product_application":[],"class_list":{"0":"post-153914","1":"product","2":"type-product","3":"status-publish","4":"has-post-thumbnail","6":"product_cat-geometries-des-roues-fr","7":"product_tag-motor-homes-fr","8":"product_tag-light-commercial-fr","9":"product_tag-passenger-cars-fr","11":"first","12":"instock","13":"shipping-taxable","14":"product-type-simple"},"approvals":[],"application":[],"brb_media_brochure":[{"id":149008,"url":"https:\/\/dev.codekraft.it\/ravaglioli.it\/wp-content\/uploads\/brb_media\/00522149_wheel-aligner-ravtd3200-br-de-2023-11-screen.pdf","title":"Wheel aligner RAVTD3200 BR de 2023 11 screen","mpn":"","thumbnail":"https:\/\/dev.codekraft.it\/ravaglioli.it\/wp-content\/uploads\/brb_media\/00522149_wheel-aligner-ravtd3200-br-de-2023-11-screen-pdf-106x150.png","description":""},{"id":149009,"url":"https:\/\/dev.codekraft.it\/ravaglioli.it\/wp-content\/uploads\/brb_media\/00522150_wheel-aligner-ravtd3200-br-en-2023-11-screen.pdf","title":"Wheel aligner RAVTD3200 BR en 2023 11 screen","mpn":"","thumbnail":"https:\/\/dev.codekraft.it\/ravaglioli.it\/wp-content\/uploads\/brb_media\/00522150_wheel-aligner-ravtd3200-br-en-2023-11-screen-pdf-106x150.png","description":""},{"id":149010,"url":"https:\/\/dev.codekraft.it\/ravaglioli.it\/wp-content\/uploads\/brb_media\/00522151_wheel-aligner-ravtd3200-br-fr-2023-11-screen.pdf","title":"Wheel aligner RAVTD3200 BR fr 2023 11 screen","mpn":"","thumbnail":"https:\/\/dev.codekraft.it\/ravaglioli.it\/wp-content\/uploads\/brb_media\/00522151_wheel-aligner-ravtd3200-br-fr-2023-11-screen-pdf-106x150.png","description":""},{"id":149011,"url":"https:\/\/dev.codekraft.it\/ravaglioli.it\/wp-content\/uploads\/brb_media\/00522152_wheel-aligner-ravtd3200-br-it-2023-11-screen.pdf","title":"Wheel aligner RAVTD3200 BR it 2023 11 screen","mpn":"","thumbnail":"https:\/\/dev.codekraft.it\/ravaglioli.it\/wp-content\/uploads\/brb_media\/00522152_wheel-aligner-ravtd3200-br-it-2023-11-screen-pdf-106x150.png","description":""},{"id":149012,"url":"https:\/\/dev.codekraft.it\/ravaglioli.it\/wp-content\/uploads\/brb_media\/00522153_wheel-aligner-ravtd3200-br-es-2023-11-screen.pdf","title":"Wheel aligner RAVTD3200 BR es 2023 11 screen","mpn":"","thumbnail":"https:\/\/dev.codekraft.it\/ravaglioli.it\/wp-content\/uploads\/brb_media\/00522153_wheel-aligner-ravtd3200-br-es-2023-11-screen-pdf-106x150.png","description":""},{"id":149013,"url":"https:\/\/dev.codekraft.it\/ravaglioli.it\/wp-content\/uploads\/brb_media\/00522154_wheel-aligner-ravtd3200-br-ru-2023-11-screen.pdf","title":"Wheel aligner RAVTD3200 BR ru 2023 11 screen","mpn":"","thumbnail":"https:\/\/dev.codekraft.it\/ravaglioli.it\/wp-content\/uploads\/brb_media\/00522154_wheel-aligner-ravtd3200-br-ru-2023-11-screen-pdf-106x150.png","description":""}],"brb_media_drawing":"","brb_media_manuals":[{"id":149963,"url":"https:\/\/dev.codekraft.it\/ravaglioli.it\/wp-content\/uploads\/brb_media\/00539656_wheel-aligner-ravd32hp-ravd32sp-ravd32lt-rotd32hp-rotd32hp-rotd32lt-im-2025-m362-00_vsg_00_rev00_multi-2024-09.pdf","title":"wheel aligner ravd32hp ravd32sp ravd32lt rotd32hp rotd32hp rotd32lt im 2025 m362 00 vsg 00 rev00 multi 2024 09","mpn":"","thumbnail":"https:\/\/dev.codekraft.it\/ravaglioli.it\/wp-content\/uploads\/brb_media\/00539656_wheel-aligner-ravd32hp-ravd32sp-ravd32lt-rotd32hp-rotd32hp-rotd32lt-im-2025-m362-00_vsg_00_rev00_multi-2024-09-pdf-106x150.png","description":""}],"brb_media_safety_datasheets":"","brb_media_spare_parts":[],"_cdmm_p_id":"502439","_company":"Ravaglioli","_gtin":"5063084700988","accessories":[{"id":153132,"mpn":"STDA160","name":"Bater\u00edas de repuesto pour appar\u00e8il de g\u00e9om\u00e8tire 3D | 1 jeu \/ 2 pi\u00e8ces","description":"","thumbnail":"","url":"https:\/\/dev.codekraft.it\/ravaglioli.it\/fr\/product\/baterias-de-repuesto-pour-appareil-de-geometire-3d-1-jeu-2-pieces\/"},{"id":155654,"mpn":"STDA38K","name":"Bras de blocage rapide STDA38K","description":"pour la mise \u00e0 niveau des griffes de roue \u00e0 4 points STDA33EU-34E en griffes en appui STDA46EU-35E | permet d\u2019\u00e9viter les proc\u00e9dures de devoilage des roues | incl. embouts \u00e0 ongles en ABS | \u00d8 des pneus 480 - 760 mm | 2 jeux \/ 4 pi\u00e8ces","thumbnail":"https:\/\/dev.codekraft.it\/ravaglioli.it\/wp-content\/uploads\/brb_media\/00509911_wheel-aligner-stda38k-mi-150x150.png","url":"https:\/\/dev.codekraft.it\/ravaglioli.it\/fr\/product\/bras-de-blocage-rapide-stda38k\/"},{"id":155741,"mpn":"STDA124","name":"Plateaux pivotants Premium STDA124","description":"HD | \u00d8 360 mm | 1 jeu \/ 2 pi\u00e8ces","thumbnail":"https:\/\/dev.codekraft.it\/ravaglioli.it\/wp-content\/uploads\/brb_media\/00509909_wheel-aligner-stda124-mi-150x150.png","url":"https:\/\/dev.codekraft.it\/ravaglioli.it\/fr\/product\/plateaux-pivotants-premium-stda124\/"},{"id":155672,"mpn":"STDA149","name":"Niveaux a bulle pour cibles | 1 jeu \/ 4 pi\u00e8ces","description":"","thumbnail":"https:\/\/dev.codekraft.it\/ravaglioli.it\/wp-content\/uploads\/brb_media\/00528340_wheel-aligner-stda149-mi-150x150.png","url":"https:\/\/dev.codekraft.it\/ravaglioli.it\/fr\/product\/niveaux-a-bulle-pour-cibles-1-jeu-4-pieces\/"},{"id":154875,"mpn":"STDA141","name":"Token Aligner Connect","description":"Affichage \u00e0 distance sur appareil mobile | pour utilisation de l'app de visualisation pour tablet et smartphone","thumbnail":"https:\/\/dev.codekraft.it\/ravaglioli.it\/wp-content\/uploads\/brb_media\/00528337_wheel-aligner-stda141-mi-150x150.png","url":"https:\/\/dev.codekraft.it\/ravaglioli.it\/fr\/product\/token-aligner-connect-3\/"},{"id":155660,"mpn":"STDA141ADAS","name":"Token","description":"Activation de l'application pour les fonctions ADAS","thumbnail":"https:\/\/dev.codekraft.it\/ravaglioli.it\/wp-content\/uploads\/brb_media\/00528336_wheel-aligner-stda141adas-mi-150x150.png","url":"https:\/\/dev.codekraft.it\/ravaglioli.it\/fr\/product\/token-12\/"},{"id":155678,"mpn":"STDAShoot","name":"Token","description":"Cl\u00e9 virtuelle pour la consultation de la base de donn\u00e9es en ligne sur demande du Bureau f\u00e9d\u00e9ral allemand des v\u00e9hicules motoris\u00e9s et des conducteurs (KBA) | incl. 200 requ\u00eates","thumbnail":"https:\/\/dev.codekraft.it\/ravaglioli.it\/wp-content\/uploads\/brb_media\/00510471_wheel-aligners-shootgo-mi-150x150.png","url":"https:\/\/dev.codekraft.it\/ravaglioli.it\/fr\/product\/token-17\/"},{"id":154899,"mpn":"STDAS200","name":"Cr\u00e9dit de requ\u00eate de base de donn\u00e9es Shoot &amp; Go 200","description":"Pack de cr\u00e9dits pour consulter la base de donn\u00e9es en ligne sur demande KBA (Bureau f\u00e9d\u00e9ral allemand des v\u00e9hicules motoris\u00e9s et des conducteurs) | 200 requ\u00eates","thumbnail":"https:\/\/dev.codekraft.it\/ravaglioli.it\/wp-content\/uploads\/brb_media\/00510471_wheel-aligners-shootgo-mi-150x150.png","url":"https:\/\/dev.codekraft.it\/ravaglioli.it\/fr\/product\/credit-de-requete-de-base-de-donnees-shoot-go-200\/"},{"id":155236,"mpn":"STDAS500","name":"Cr\u00e9dit de requ\u00eate de base de donn\u00e9es Shoot &amp; Go 500","description":"Pack de cr\u00e9dits pour consulter la base de donn\u00e9es en ligne sur demande KBA (Bureau f\u00e9d\u00e9ral allemand des v\u00e9hicules motoris\u00e9s et des conducteurs) | 500 requ\u00eates","thumbnail":"https:\/\/dev.codekraft.it\/ravaglioli.it\/wp-content\/uploads\/brb_media\/00510471_wheel-aligners-shootgo-mi-150x150.png","url":"https:\/\/dev.codekraft.it\/ravaglioli.it\/fr\/product\/credit-de-requete-de-base-de-donnees-shoot-go-500\/"},{"id":155765,"mpn":"STDAPREMIUM","name":"Token","description":"Activation de fonctions d'aide suppl\u00e9mentaires","thumbnail":"","url":"https:\/\/dev.codekraft.it\/ravaglioli.it\/fr\/product\/token-21\/"},{"id":157376,"mpn":"VSG.IDC50.701886","name":"Kit de diagnostic STDADIAG","description":"IDC5 KIT TEXA - pour le diagnostic de l'alignement des roues | kit pour ceux qui n'ont que l'alignement des roues et qui n'ont pas d'accessoires TEXA","thumbnail":"https:\/\/dev.codekraft.it\/ravaglioli.it\/wp-content\/uploads\/brb_media\/00527952_wheel-aligners-accessories-stdadiag-all-configurations-mi-150x150.png","url":"https:\/\/dev.codekraft.it\/ravaglioli.it\/fr\/product\/kit-de-diagnostic-stdadiag\/"},{"id":157382,"mpn":"VSG.SW500.701893","name":"Kit de diagnostic STDADIAG\/SW","description":"TEXA IDC5 SW KIT - pour le diagnostic de la configuration | kit pour ceux qui ont d\u00e9j\u00e0 des dispositifs TEXA (par exemple, ADAS RCSS)","thumbnail":"https:\/\/dev.codekraft.it\/ravaglioli.it\/wp-content\/uploads\/brb_media\/00527953_wheel-aligners-accessories-stdadiag-ws-all-configurations-mi-150x150.png","url":"https:\/\/dev.codekraft.it\/ravaglioli.it\/fr\/product\/kit-de-diagnostic-stdadiag-sw\/"},{"id":157397,"mpn":"VSG.FC167.701916","name":"Griffes de roue Fast clamps","description":"Clips de montage rapide | pour l\u2019alignement 3D, voiture de tourisme, taille du pneu 21 - 31\", \u00d8 de roue 540 - 780 mm, poids des graffes 3,5 kg (par jeu) | 1 jeu \/ 2 pi\u00e8ces","thumbnail":"https:\/\/dev.codekraft.it\/ravaglioli.it\/wp-content\/uploads\/brb_media\/00528113_wheel-aligner-accessories-vsgfc167701916-mi-150x150.png","url":"https:\/\/dev.codekraft.it\/ravaglioli.it\/fr\/product\/griffes-de-roue-fast-clamps\/"},{"id":157417,"mpn":"STDAS350","name":"Cr\u00e9dit de requ\u00eate de base de donn\u00e9es Shoot &amp; Go 350","description":"Pack de cr\u00e9dits pour consulter la base de donn\u00e9es en ligne sur demande KBA (Bureau f\u00e9d\u00e9ral allemand des v\u00e9hicules motoris\u00e9s et des conducteurs) | 350 requ\u00eates","thumbnail":"https:\/\/dev.codekraft.it\/ravaglioli.it\/wp-content\/uploads\/brb_media\/00510471_wheel-aligners-shootgo-mi-150x150.png","url":"https:\/\/dev.codekraft.it\/ravaglioli.it\/fr\/product\/credit-de-requete-de-base-de-donnees-shoot-go-350\/"}],"components":[],"delivery":[{"id":152384,"mpn":"S110A7","name":"Plateaux pivotants Standard","description":"\u00d8 300 mm, capacit\u00e9 de charge 1000 kg | 1 jeu \/ 2 pi\u00e8ces","thumbnail":"https:\/\/dev.codekraft.it\/ravaglioli.it\/wp-content\/uploads\/brb_media\/00535628_wheel-aligners-s110a7-mi-150x150.png","url":"https:\/\/dev.codekraft.it\/ravaglioli.it\/fr\/product\/plateaux-pivotants-standard\/"},{"id":155729,"mpn":"STDA33EU\/3D","name":"Griffes de roue \u00e0 4 points | \u00d8 de jante 10 &#8211; 24\u2033","description":"Griffes autocentreuses \u00e0 4 points | incl. onglets amovibles | 1 jeu \/ 2 pi\u00e8ces","thumbnail":"https:\/\/dev.codekraft.it\/ravaglioli.it\/wp-content\/uploads\/brb_media\/00510475_wheel-aligners-stda33eu-mi-150x150.png","url":"https:\/\/dev.codekraft.it\/ravaglioli.it\/fr\/product\/griffes-de-roue-a-4-points-o-de-jante-10-24%e2%80%b3-2\/"},{"id":155717,"mpn":"STDA162","name":"Brides de fixation pont pour transducteur de mesure 3D | 1 jeu \/ 2 pi\u00e8ces","description":"","thumbnail":"https:\/\/dev.codekraft.it\/ravaglioli.it\/wp-content\/uploads\/brb_media\/00495669_wheel-aligner-3d-wifi-stda162-rotary-di-150x150.png","url":"https:\/\/dev.codekraft.it\/ravaglioli.it\/fr\/product\/brides-de-fixation-pont-pour-transducteur-de-mesure-3d-1-jeu-2-pieces\/"},{"id":155771,"mpn":"STDA110","name":"Base de donn\u00e9es v\u00e9hicules","description":"","thumbnail":"https:\/\/dev.codekraft.it\/ravaglioli.it\/wp-content\/uploads\/brb_media\/00509910_wheel-aligner-stda110-mi-150x150.png","url":"https:\/\/dev.codekraft.it\/ravaglioli.it\/fr\/product\/base-de-donnees-vehicules\/"},{"id":155753,"mpn":"10479","name":"Pousse pedale de frein","description":"","thumbnail":"https:\/\/dev.codekraft.it\/ravaglioli.it\/wp-content\/uploads\/brb_media\/00509913_wheel-aligner-10479-mi-150x150.png","url":"https:\/\/dev.codekraft.it\/ravaglioli.it\/fr\/product\/pousse-pedale-de-frein\/"},{"id":155747,"mpn":"STDA161","name":"Bloque volant","description":"Blocage volant en mat\u00e9riau plastique avec protections en caoutchouc antid\u00e9rapant pour volant et si\u00e8ge","thumbnail":"https:\/\/dev.codekraft.it\/ravaglioli.it\/wp-content\/uploads\/brb_media\/00509908_wheel-aligner-stda161-mi-150x150.png","url":"https:\/\/dev.codekraft.it\/ravaglioli.it\/fr\/product\/bloque-volant\/"},{"id":155759,"mpn":"STDA158","name":"Antenne de connexion Wi-Fi","description":"Wheelalignment-On, incl. Wi-Fi USB","thumbnail":"https:\/\/dev.codekraft.it\/ravaglioli.it\/wp-content\/uploads\/brb_media\/00528348_wheel-aligner-stda158-mi-150x150.png","url":"https:\/\/dev.codekraft.it\/ravaglioli.it\/fr\/product\/antenne-de-connexion-wi-fi\/"}],"package":[],"related":[],"similar":[{"id":156023,"mpn":"RAV.3DWAL.701053","name":"G\u00e9om\u00e9trie 3D RAV3D2.0WALL.4S | Version Light","description":"G\u00e9om\u00e9trie de roues 3D \u00e0 panneau mural | Transmission de donn\u00e9es via Bluetooth | incl. support destin\u00e9 aux griffes \u00e0 4 points et pourvu de crochets pratiques, des stations de charge pour t\u00eates de mesure 3D et batteries dot\u00e9es d'aimants","thumbnail":"https:\/\/dev.codekraft.it\/ravaglioli.it\/wp-content\/uploads\/brb_media\/00505449_wheel-aligner-rav3d-2-wall-light-version-4-point-clamps-mi-150x150.png","url":"https:\/\/dev.codekraft.it\/ravaglioli.it\/fr\/product\/geometrie-3d-rav3d2-0wall-4s-version-light\/"}],"page_logo_src":"https:\/\/dev.codekraft.it\/ravaglioli.it\/wp-content\/uploads\/2026\/04\/rav-negative-logo-1.png","lang":"fr","translations":{"fr":153914,"en":153912,"de":153913,"it":153915,"es":153916,"ru":153917},"pll_sync_post":[],"_links":{"self":[{"href":"https:\/\/dev.codekraft.it\/ravaglioli.it\/wp-json\/wp\/v2\/product\/153914","targetHints":{"allow":["GET"]}}],"collection":[{"href":"https:\/\/dev.codekraft.it\/ravaglioli.it\/wp-json\/wp\/v2\/product"}],"about":[{"href":"https:\/\/dev.codekraft.it\/ravaglioli.it\/wp-json\/wp\/v2\/types\/product"}],"wp:featuredmedia":[{"embeddable":true,"href":"https:\/\/dev.codekraft.it\/ravaglioli.it\/wp-json\/wp\/v2\/media\/149017"}],"wp:attachment":[{"href":"https:\/\/dev.codekraft.it\/ravaglioli.it\/wp-json\/wp\/v2\/media?parent=153914"}],"wp:term":[{"taxonomy":"product_brand","embeddable":true,"href":"https:\/\/dev.codekraft.it\/ravaglioli.it\/wp-json\/wp\/v2\/product_brand?post=153914"},{"taxonomy":"product_cat","embeddable":true,"href":"https:\/\/dev.codekraft.it\/ravaglioli.it\/wp-json\/wp\/v2\/product_cat?post=153914"},{"taxonomy":"product_tag","embeddable":true,"href":"https:\/\/dev.codekraft.it\/ravaglioli.it\/wp-json\/wp\/v2\/product_tag?post=153914"},{"taxonomy":"product_approvals","embeddable":true,"href":"https:\/\/dev.codekraft.it\/ravaglioli.it\/wp-json\/wp\/v2\/product_approvals?post=153914"},{"taxonomy":"product_application","embeddable":true,"href":"https:\/\/dev.codekraft.it\/ravaglioli.it\/wp-json\/wp\/v2\/product_application?post=153914"}],"curies":[{"name":"wp","href":"https:\/\/api.w.org\/{rel}","templated":true}]}}