{"id":153913,"date":"2025-10-30T14:31:24","date_gmt":"2025-10-30T14:31:24","guid":{"rendered":"https:\/\/dev.codekraft.it\/ravaglioli.it\/product\/3d-achsmessgerat-ravtd3200sp-4\/"},"modified":"2026-01-14T20:38:19","modified_gmt":"2026-01-14T20:38:19","slug":"3d-achsmessgerat-ravtd3200sp-4","status":"publish","type":"product","link":"https:\/\/dev.codekraft.it\/ravaglioli.it\/de\/product\/3d-achsmessgerat-ravtd3200sp-4\/","title":{"rendered":"3D-Achsmessger\u00e4t RAVTD3200SP.4"},"content":{"rendered":"<p>The New Power of 3D Aligners<\/p>\n<ul>\n<li>Neue 3D-Messk\u00f6pfe: kompakter und leistungsst\u00e4rker<\/li>\n<li>Eco Cabinet: Fahrwagen aus Materialien mit geringer Umweltbelastung<\/li>\n<li>Intelligente Technologie: Software mit verbesserten Grafiken, intuitiver Benutzeroberfl\u00e4che, Animationen und Einstellungshilfen f\u00fcr schnelles und effektives Arbeiten<\/li>\n<\/ul>\n<p>Die Baureihe TD3200 repr\u00e4sentiert die zweite Generation der 3D-Achsmessger\u00e4te von Ravaglioli. Ihr innovatives 3D Kamerasystem mit Bluetooth-Daten\u00fcbertragung kann dank des automatischen Niveauausgleiches an verschiedenen Hebeb\u00fchnentypen eingesetzt werden. Durch ihre kompakten Abmessungen eignen sich die Ger\u00e4te auch f\u00fcr Kfz-Werkst\u00e4tten mit geringem Platzangebot.<\/p>\n<ul>\n<li>Die in die Hebebr\u00fccke integrierten 3D-Messk\u00f6pfe gew\u00e4hrleisten st\u00f6rungsfreie Messungen.<\/li>\n<li>Bluetooth-Kommunikation zwischen den 3D-Messk\u00f6pfen und den Konsolen mit dem PC.<\/li>\n<li>Verbesserte Effizienz in der Werkstatt in Bezug auf Platz und Betrieb:\n<ul>\n<li>Keine Behinderung &#8211; Maximierung des Arbeitsraums.<\/li>\n<li>Schnelle \u00dcbertragung &#8211; Auch bei kritischen Lichtverh\u00e4ltnissen effizient.<\/li>\n<li>Minimale Belastung &#8211; Schneller Ausgleich und auf geringem Raum.<\/li>\n<li>Vielseitiges Achsmessger\u00e4t &#8211; Einsatz des Achsmessger\u00e4tes in mehreren Arbeitsbereichen.<\/li>\n<\/ul>\n<\/li>\n<li>Merkmale der 3D-Messk\u00f6pfe:\n<ul>\n<li>LCD-Display f\u00fcr die wichtigsten Informationen.<\/li>\n<li>F\u00fcnf Software-Navigationstasten, die auch per Fernbedienung bedient werden k\u00f6nnen.<\/li>\n<li>Automatische Messung und Ausgleich des Niveaus der Hebeb\u00fchne mit hochaufl\u00f6senden Kameras.<\/li>\n<li>Fernbedienungsfunktion.<\/li>\n<li>LED-Repeater f\u00fcr die Unterst\u00fctzung bei der Fahrzeugeinstellung.<\/li>\n<li>Eine einzige Position f\u00fcr die Messkopfhalter reicht f\u00fcr die Vermessung von Fahrzeugen mit verschiedenen Radst\u00e4nden aus.<\/li>\n<li>Gewicht 3 kg.<\/li>\n<\/ul>\n<\/li>\n<li>Austausch der Batterie \u00fcber ein Schnellaustauschsystem.<\/li>\n<li>Die Batterielaufzeit von 8 Stunden erm\u00f6glicht ein unterbrechungsfreies Arbeiten \u00fcber den ganzen Tag.<\/li>\n<li>Schnellstecksystem an der Hebeb\u00fchne und nach oben schwenkbar um Sch\u00e4den am Messkopf zu verhindern, sollte die Hebeb\u00fchne versehentlich in das Fundament gefahren werden.<\/li>\n<li>Integrierter Sto\u00dfschutz aus Gummi und Griff mit Kunststoffschutz.<\/li>\n<\/ul>\n<ul>\n<li>Die F\u00e4cher sind optimal f\u00fcr die 3D-Messk\u00f6pfe konzipiert, sodass diese nicht besch\u00e4digt werden oder verloren gehen k\u00f6nnen.<\/li>\n<li>Einfache und intuitive Management- und Visualisierungssoftware in Microsoft Windows-Umgebung: Die hochaufl\u00f6senden Grafiken machen die Bedienung einfach und intuitiv.<\/li>\n<li>Internationale Datenbank mit technischen Daten der Fahrzeuge und M\u00f6glichkeit der Erstellung einer Kundendatenbank zur Registrierung der Eingriffe.<\/li>\n<li>Kompatibel mit dem System TEq-Link und ADAS Shoot&amp;Go.<\/li>\n<li>Schnelle und genaue Messung: Die 3D-Messk\u00f6pfe erfassen s\u00e4mtliche Winkel des Fahrzeugs innerhalb von Sekunden und mit h\u00f6chster Genauigkeit.<\/li>\n<li>Satz mit 4 St\u00fcck selbstzentrierenden 4-Punkt-Radklammern\u00a0+ Optional: STDA38K, um auf die Rundlaufkorrektur verzichten zu k\u00f6nnen.<\/li>\n<li>Die an den Radklammern installierten Targets in Real 3D-Struktur sind extrem leicht, wartungsfrei und ohne elektronische Bauteile.<\/li>\n<li>Die Real 3D-Targets erm\u00f6glichen den Verzicht auf die Rundlaufkorrektur, wodurch die Arbeit des Bedieners beschleunigt und die Effizienz der Werkstatt maximiert wird.<\/li>\n<\/ul>\n","protected":false},"excerpt":{"rendered":"<p>3D-Achsmessger\u00e4t mit HQ 3D-Messk\u00f6pfen und Bluetooth-Daten\u00fcbertragung | inkl. selbstzentrierenden 4-Punkt-Schnellspann-Radklammern, 22\u2033-TFT-Display und geschlossenem Fahrwagen | Blau (RAL 5005)<\/p>\n","protected":false},"featured_media":149017,"template":"","meta":[],"product_brand":[],"product_cat":[57864],"product_tag":[58287,58323,58340],"product_approvals":[],"product_application":[],"class_list":{"0":"post-153913","1":"product","2":"type-product","3":"status-publish","4":"has-post-thumbnail","6":"product_cat-achsmessgerate-de","7":"product_tag-passenger-cars-de","8":"product_tag-light-commercial-de","9":"product_tag-motor-homes-de","11":"first","12":"instock","13":"shipping-taxable","14":"product-type-simple"},"approvals":[],"application":[],"brb_media_brochure":[{"id":149008,"url":"https:\/\/dev.codekraft.it\/ravaglioli.it\/wp-content\/uploads\/brb_media\/00522149_wheel-aligner-ravtd3200-br-de-2023-11-screen.pdf","title":"Wheel aligner RAVTD3200 BR de 2023 11 screen","mpn":"","thumbnail":"https:\/\/dev.codekraft.it\/ravaglioli.it\/wp-content\/uploads\/brb_media\/00522149_wheel-aligner-ravtd3200-br-de-2023-11-screen-pdf-106x150.png","description":""},{"id":149009,"url":"https:\/\/dev.codekraft.it\/ravaglioli.it\/wp-content\/uploads\/brb_media\/00522150_wheel-aligner-ravtd3200-br-en-2023-11-screen.pdf","title":"Wheel aligner RAVTD3200 BR en 2023 11 screen","mpn":"","thumbnail":"https:\/\/dev.codekraft.it\/ravaglioli.it\/wp-content\/uploads\/brb_media\/00522150_wheel-aligner-ravtd3200-br-en-2023-11-screen-pdf-106x150.png","description":""},{"id":149010,"url":"https:\/\/dev.codekraft.it\/ravaglioli.it\/wp-content\/uploads\/brb_media\/00522151_wheel-aligner-ravtd3200-br-fr-2023-11-screen.pdf","title":"Wheel aligner RAVTD3200 BR fr 2023 11 screen","mpn":"","thumbnail":"https:\/\/dev.codekraft.it\/ravaglioli.it\/wp-content\/uploads\/brb_media\/00522151_wheel-aligner-ravtd3200-br-fr-2023-11-screen-pdf-106x150.png","description":""},{"id":149011,"url":"https:\/\/dev.codekraft.it\/ravaglioli.it\/wp-content\/uploads\/brb_media\/00522152_wheel-aligner-ravtd3200-br-it-2023-11-screen.pdf","title":"Wheel aligner RAVTD3200 BR it 2023 11 screen","mpn":"","thumbnail":"https:\/\/dev.codekraft.it\/ravaglioli.it\/wp-content\/uploads\/brb_media\/00522152_wheel-aligner-ravtd3200-br-it-2023-11-screen-pdf-106x150.png","description":""},{"id":149012,"url":"https:\/\/dev.codekraft.it\/ravaglioli.it\/wp-content\/uploads\/brb_media\/00522153_wheel-aligner-ravtd3200-br-es-2023-11-screen.pdf","title":"Wheel aligner RAVTD3200 BR es 2023 11 screen","mpn":"","thumbnail":"https:\/\/dev.codekraft.it\/ravaglioli.it\/wp-content\/uploads\/brb_media\/00522153_wheel-aligner-ravtd3200-br-es-2023-11-screen-pdf-106x150.png","description":""},{"id":149013,"url":"https:\/\/dev.codekraft.it\/ravaglioli.it\/wp-content\/uploads\/brb_media\/00522154_wheel-aligner-ravtd3200-br-ru-2023-11-screen.pdf","title":"Wheel aligner RAVTD3200 BR ru 2023 11 screen","mpn":"","thumbnail":"https:\/\/dev.codekraft.it\/ravaglioli.it\/wp-content\/uploads\/brb_media\/00522154_wheel-aligner-ravtd3200-br-ru-2023-11-screen-pdf-106x150.png","description":""}],"brb_media_drawing":"","brb_media_manuals":[{"id":149963,"url":"https:\/\/dev.codekraft.it\/ravaglioli.it\/wp-content\/uploads\/brb_media\/00539656_wheel-aligner-ravd32hp-ravd32sp-ravd32lt-rotd32hp-rotd32hp-rotd32lt-im-2025-m362-00_vsg_00_rev00_multi-2024-09.pdf","title":"wheel aligner ravd32hp ravd32sp ravd32lt rotd32hp rotd32hp rotd32lt im 2025 m362 00 vsg 00 rev00 multi 2024 09","mpn":"","thumbnail":"https:\/\/dev.codekraft.it\/ravaglioli.it\/wp-content\/uploads\/brb_media\/00539656_wheel-aligner-ravd32hp-ravd32sp-ravd32lt-rotd32hp-rotd32hp-rotd32lt-im-2025-m362-00_vsg_00_rev00_multi-2024-09-pdf-106x150.png","description":""}],"brb_media_safety_datasheets":"","brb_media_spare_parts":[],"_cdmm_p_id":"502439","_company":"Ravaglioli","_gtin":"5063084700988","accessories":[{"id":153131,"mpn":"STDA160","name":"Ersatzbatterien f\u00fcr 3D-Achsmessger\u00e4te | 1 Satz \/ 2 St\u00fcck","description":"","thumbnail":"","url":"https:\/\/dev.codekraft.it\/ravaglioli.it\/de\/product\/ersatzbatterien-fur-3d-achsmessgerate-1-satz-2-stuck-2\/"},{"id":155653,"mpn":"STDA38K","name":"Schnellradspanner","description":"zur Aufr\u00fcstung von 4-Punkt-Haltern STDA33EU-34E auf die STDA46EU-35E | erm\u00f6glicht es auf die Rundlaufkorrektur verzichten zu k\u00f6nnen | inkl. Kunststofffinger | Reifen-\u00d8 480 - 760 mm | 2 S\u00e4tze \/ 4 St\u00fcck","thumbnail":"https:\/\/dev.codekraft.it\/ravaglioli.it\/wp-content\/uploads\/brb_media\/00509911_wheel-aligner-stda38k-mi-150x150.png","url":"https:\/\/dev.codekraft.it\/ravaglioli.it\/de\/product\/schnellradspanner\/"},{"id":155740,"mpn":"STDA124","name":"Drehteller Premium STDA124","description":"HD | \u00d8 360 mm | 1 Satz \/ 2 St\u00fcck","thumbnail":"https:\/\/dev.codekraft.it\/ravaglioli.it\/wp-content\/uploads\/brb_media\/00509909_wheel-aligner-stda124-mi-150x150.png","url":"https:\/\/dev.codekraft.it\/ravaglioli.it\/de\/product\/drehteller-premium-stda124\/"},{"id":155671,"mpn":"STDA149","name":"Wasserwaagen f\u00fcr Targets | 1 Satz \/ 4 St\u00fcck","description":"","thumbnail":"https:\/\/dev.codekraft.it\/ravaglioli.it\/wp-content\/uploads\/brb_media\/00528340_wheel-aligner-stda149-mi-150x150.png","url":"https:\/\/dev.codekraft.it\/ravaglioli.it\/de\/product\/wasserwaagen-fur-targets-1-satz-4-stuck\/"},{"id":154874,"mpn":"STDA141","name":"Token Aligner Connect","description":"Fernanzeige auf ein mobiles Ger\u00e4t | f\u00fcr Tablet- und Smartphone-App","thumbnail":"https:\/\/dev.codekraft.it\/ravaglioli.it\/wp-content\/uploads\/brb_media\/00528337_wheel-aligner-stda141-mi-150x150.png","url":"https:\/\/dev.codekraft.it\/ravaglioli.it\/de\/product\/token-aligner-connect-2\/"},{"id":155659,"mpn":"STDA141ADAS","name":"Token","description":"Anwendungsfreigabe der ADAS-Funktionen","thumbnail":"https:\/\/dev.codekraft.it\/ravaglioli.it\/wp-content\/uploads\/brb_media\/00528336_wheel-aligner-stda141adas-mi-150x150.png","url":"https:\/\/dev.codekraft.it\/ravaglioli.it\/de\/product\/token-11\/"},{"id":155677,"mpn":"STDAShoot","name":"Token","description":"Virtueller Schl\u00fcssel f\u00fcr die Konsultation der Online-Datenbank \u00fcber KBA-Abfrage | inkl. 200 Abfragen","thumbnail":"https:\/\/dev.codekraft.it\/ravaglioli.it\/wp-content\/uploads\/brb_media\/00510471_wheel-aligners-shootgo-mi-150x150.png","url":"https:\/\/dev.codekraft.it\/ravaglioli.it\/de\/product\/token-16\/"},{"id":154898,"mpn":"STDAS200","name":"Datenbankabfrage-Guthaben Shoot &amp; Go 200","description":"Guthaben-Paket f\u00fcr die Konsultationen der Online-Datenbank \u00fcber KBA-Abfrage | 200 Abfragen","thumbnail":"https:\/\/dev.codekraft.it\/ravaglioli.it\/wp-content\/uploads\/brb_media\/00510471_wheel-aligners-shootgo-mi-150x150.png","url":"https:\/\/dev.codekraft.it\/ravaglioli.it\/de\/product\/datenbankabfrage-guthaben-shoot-go-200\/"},{"id":155235,"mpn":"STDAS500","name":"Datenbankabfrage-Guthaben Shoot &amp; Go 500","description":"Guthaben-Paket f\u00fcr die Konsultationen der Online-Datenbank \u00fcber KBA-Abfrage | 500 Abfragen","thumbnail":"https:\/\/dev.codekraft.it\/ravaglioli.it\/wp-content\/uploads\/brb_media\/00510471_wheel-aligners-shootgo-mi-150x150.png","url":"https:\/\/dev.codekraft.it\/ravaglioli.it\/de\/product\/datenbankabfrage-guthaben-shoot-go-500\/"},{"id":155764,"mpn":"STDAPREMIUM","name":"Token","description":"Anwendungsfreigabe zus\u00e4tzlicher Hilfsfunktionen","thumbnail":"","url":"https:\/\/dev.codekraft.it\/ravaglioli.it\/de\/product\/token-20\/"},{"id":157375,"mpn":"VSG.IDC50.701886","name":"Diagnosekit STDADIAG","description":"IDC5 KIT TEXA - f\u00fcr die Diagnose der Achsvermessung | Kit f\u00fcr diejenigen, die ein Achsmessger\u00e4t besitzen, aber kein TEXA-Zubeh\u00f6r","thumbnail":"https:\/\/dev.codekraft.it\/ravaglioli.it\/wp-content\/uploads\/brb_media\/00527952_wheel-aligners-accessories-stdadiag-all-configurations-mi-150x150.png","url":"https:\/\/dev.codekraft.it\/ravaglioli.it\/de\/product\/diagnosekit-stdadiag\/"},{"id":157381,"mpn":"VSG.SW500.701893","name":"Diagnosekit STDADIAG\/SW","description":"TEXA IDC5 SW KIT - f\u00fcr die Diagnose der Achsvermessung | Kit f\u00fcr diejenigen, die bereits TEXA-Ger\u00e4te besitzen (z. B. ADAS RCSS)","thumbnail":"https:\/\/dev.codekraft.it\/ravaglioli.it\/wp-content\/uploads\/brb_media\/00527953_wheel-aligners-accessories-stdadiag-ws-all-configurations-mi-150x150.png","url":"https:\/\/dev.codekraft.it\/ravaglioli.it\/de\/product\/diagnosekit-stdadiag-sw\/"},{"id":157396,"mpn":"VSG.FC167.701916","name":"Radklammern Fast clamps","description":"Schnellspann-Radklammern | f\u00fcr 3D-Achsmessger\u00e4te, Pkw, Radgr\u00f6\u00dfe 21 - 31\", Rad-\u00d8 540 - 780 mm, Gewicht pro Radklammer-Satz 3,5 kg | 1 Satz \/ 2 St\u00fcck","thumbnail":"https:\/\/dev.codekraft.it\/ravaglioli.it\/wp-content\/uploads\/brb_media\/00528113_wheel-aligner-accessories-vsgfc167701916-mi-150x150.png","url":"https:\/\/dev.codekraft.it\/ravaglioli.it\/de\/product\/radklammern-fast-clamps\/"},{"id":157416,"mpn":"STDAS350","name":"Datenbankabfrage-Guthaben Shoot &amp; Go 350","description":"Guthaben-Paket f\u00fcr die Konsultationen der Online-Datenbank \u00fcber KBA-Abfrage | 350 Abfragen","thumbnail":"https:\/\/dev.codekraft.it\/ravaglioli.it\/wp-content\/uploads\/brb_media\/00510471_wheel-aligners-shootgo-mi-150x150.png","url":"https:\/\/dev.codekraft.it\/ravaglioli.it\/de\/product\/datenbankabfrage-guthaben-shoot-go-350\/"}],"components":[],"delivery":[{"id":152383,"mpn":"S110A7","name":"Drehteller Standard","description":"\u00d8 300 mm, Tragf\u00e4higkeit 1000 kg | 1 Satz \/ 2 St\u00fcck","thumbnail":"https:\/\/dev.codekraft.it\/ravaglioli.it\/wp-content\/uploads\/brb_media\/00535628_wheel-aligners-s110a7-mi-150x150.png","url":"https:\/\/dev.codekraft.it\/ravaglioli.it\/de\/product\/drehteller-standard\/"},{"id":155728,"mpn":"STDA33EU\/3D","name":"Radklammern 4-Punkt | Felgen-\u00d8 10 &#8211; 24\u2033","description":"Selbstzentrierende 4-Punkt-Halter | inkl. entfernbarer Klauen | 1 Satz \/ 2 St\u00fcck","thumbnail":"https:\/\/dev.codekraft.it\/ravaglioli.it\/wp-content\/uploads\/brb_media\/00510475_wheel-aligners-stda33eu-mi-150x150.png","url":"https:\/\/dev.codekraft.it\/ravaglioli.it\/de\/product\/radklammern-4-punkt-felgen-o-10-24%e2%80%b3-2\/"},{"id":155716,"mpn":"STDA162","name":"Hebeb\u00fchnen-Halterungen f\u00fcr 3D-Messwertaufnehmer | 1 Satz \/ 2 St\u00fcck","description":"","thumbnail":"https:\/\/dev.codekraft.it\/ravaglioli.it\/wp-content\/uploads\/brb_media\/00495669_wheel-aligner-3d-wifi-stda162-rotary-di-150x150.png","url":"https:\/\/dev.codekraft.it\/ravaglioli.it\/de\/product\/hebebuhnen-halterungen-fur-3d-messwertaufnehmer-1-satz-2-stuck\/"},{"id":155770,"mpn":"STDA110","name":"Fahrzeugdatenbank","description":"","thumbnail":"https:\/\/dev.codekraft.it\/ravaglioli.it\/wp-content\/uploads\/brb_media\/00509910_wheel-aligner-stda110-mi-150x150.png","url":"https:\/\/dev.codekraft.it\/ravaglioli.it\/de\/product\/fahrzeugdatenbank\/"},{"id":155752,"mpn":"10479","name":"Bremspedalfeststeller","description":"","thumbnail":"https:\/\/dev.codekraft.it\/ravaglioli.it\/wp-content\/uploads\/brb_media\/00509913_wheel-aligner-10479-mi-150x150.png","url":"https:\/\/dev.codekraft.it\/ravaglioli.it\/de\/product\/bremspedalfeststeller\/"},{"id":155746,"mpn":"STDA161","name":"Lenkradfeststeller","description":"Aus Kunststoff, mit rutschhemmendem Gummischutz f\u00fcr Lenkrad und Sitz","thumbnail":"https:\/\/dev.codekraft.it\/ravaglioli.it\/wp-content\/uploads\/brb_media\/00509908_wheel-aligner-stda161-mi-150x150.png","url":"https:\/\/dev.codekraft.it\/ravaglioli.it\/de\/product\/lenkradfeststeller\/"},{"id":155758,"mpn":"STDA158","name":"Wi-Fi-Antenne","description":"Wheelalignment-On, inkl. USB-Stick","thumbnail":"https:\/\/dev.codekraft.it\/ravaglioli.it\/wp-content\/uploads\/brb_media\/00528348_wheel-aligner-stda158-mi-150x150.png","url":"https:\/\/dev.codekraft.it\/ravaglioli.it\/de\/product\/wi-fi-antenne-2\/"}],"package":[],"related":[],"similar":[{"id":156022,"mpn":"RAV.3DWAL.701053","name":"3D-Achsmessger\u00e4t RAV3D2.0WALL.4S | Light-Ausf\u00fchrung","description":"3D-Achsmessger\u00e4t mit Wandpanel | Bluetooth-Daten\u00fcbertragung | inkl. 4-Punkt-Schnellspann-Radklammern mit Halterungen, Ladestationen f\u00fcr 3D-Messk\u00f6pfe und Batterien mit Magneten","thumbnail":"https:\/\/dev.codekraft.it\/ravaglioli.it\/wp-content\/uploads\/brb_media\/00505449_wheel-aligner-rav3d-2-wall-light-version-4-point-clamps-mi-150x150.png","url":"https:\/\/dev.codekraft.it\/ravaglioli.it\/de\/product\/3d-achsmessgerat-rav3d2-0wall-4s-light-ausfuhrung\/"}],"page_logo_src":"https:\/\/dev.codekraft.it\/ravaglioli.it\/wp-content\/uploads\/2026\/04\/rav-negative-logo-1.png","lang":"de","translations":{"de":153913,"en":153912,"fr":153914,"it":153915,"es":153916,"ru":153917},"pll_sync_post":[],"_links":{"self":[{"href":"https:\/\/dev.codekraft.it\/ravaglioli.it\/wp-json\/wp\/v2\/product\/153913","targetHints":{"allow":["GET"]}}],"collection":[{"href":"https:\/\/dev.codekraft.it\/ravaglioli.it\/wp-json\/wp\/v2\/product"}],"about":[{"href":"https:\/\/dev.codekraft.it\/ravaglioli.it\/wp-json\/wp\/v2\/types\/product"}],"wp:featuredmedia":[{"embeddable":true,"href":"https:\/\/dev.codekraft.it\/ravaglioli.it\/wp-json\/wp\/v2\/media\/149017"}],"wp:attachment":[{"href":"https:\/\/dev.codekraft.it\/ravaglioli.it\/wp-json\/wp\/v2\/media?parent=153913"}],"wp:term":[{"taxonomy":"product_brand","embeddable":true,"href":"https:\/\/dev.codekraft.it\/ravaglioli.it\/wp-json\/wp\/v2\/product_brand?post=153913"},{"taxonomy":"product_cat","embeddable":true,"href":"https:\/\/dev.codekraft.it\/ravaglioli.it\/wp-json\/wp\/v2\/product_cat?post=153913"},{"taxonomy":"product_tag","embeddable":true,"href":"https:\/\/dev.codekraft.it\/ravaglioli.it\/wp-json\/wp\/v2\/product_tag?post=153913"},{"taxonomy":"product_approvals","embeddable":true,"href":"https:\/\/dev.codekraft.it\/ravaglioli.it\/wp-json\/wp\/v2\/product_approvals?post=153913"},{"taxonomy":"product_application","embeddable":true,"href":"https:\/\/dev.codekraft.it\/ravaglioli.it\/wp-json\/wp\/v2\/product_application?post=153913"}],"curies":[{"name":"wp","href":"https:\/\/api.w.org\/{rel}","templated":true}]}}