{"id":153745,"date":"2025-09-08T09:01:42","date_gmt":"2025-09-08T08:01:42","guid":{"rendered":"https:\/\/dev.codekraft.it\/ravaglioli.it\/product\/wulstboy-avec-systeme-de-traction-et-chaine-de-talon-jusqua-24%e2%80%b3\/"},"modified":"2026-01-14T20:27:48","modified_gmt":"2026-01-14T20:27:48","slug":"wulstboy-avec-systeme-de-traction-et-chaine-de-talon-jusqua-24%e2%80%b3","status":"publish","type":"product","link":"https:\/\/dev.codekraft.it\/ravaglioli.it\/fr\/product\/wulstboy-avec-systeme-de-traction-et-chaine-de-talon-jusqua-24%e2%80%b3\/","title":{"rendered":"WulstBoy avec syst\u00e8me de traction et cha\u00eene de talon jusqu&#039;\u00e0 24\u2033"},"content":{"rendered":"","protected":false},"excerpt":{"rendered":"","protected":false},"featured_media":42339,"template":"","meta":[],"product_brand":[],"product_cat":[57882],"product_tag":[],"product_approvals":[],"product_application":[],"class_list":{"0":"post-153745","1":"product","2":"type-product","3":"status-publish","4":"has-post-thumbnail","6":"product_cat-accessoires-demonte-pneu-fr","8":"first","9":"instock","10":"shipping-taxable","11":"product-type-simple"},"approvals":[],"application":[],"brb_media_brochure":"","brb_media_drawing":"","brb_media_manuals":"","brb_media_safety_datasheets":"","brb_media_spare_parts":[],"_cdmm_p_id":"502335","_company":"VSG","_gtin":"4057612806717","accessories":[],"components":[],"delivery":[],"package":[],"related":[],"similar":[],"page_logo_src":"https:\/\/dev.codekraft.it\/ravaglioli.it\/wp-content\/uploads\/2026\/04\/rav-negative-logo-1.png","lang":"fr","translations":{"fr":153745,"en":153743,"de":153744,"it":153746,"es":153747,"ru":153748},"pll_sync_post":[],"_links":{"self":[{"href":"https:\/\/dev.codekraft.it\/ravaglioli.it\/wp-json\/wp\/v2\/product\/153745","targetHints":{"allow":["GET"]}}],"collection":[{"href":"https:\/\/dev.codekraft.it\/ravaglioli.it\/wp-json\/wp\/v2\/product"}],"about":[{"href":"https:\/\/dev.codekraft.it\/ravaglioli.it\/wp-json\/wp\/v2\/types\/product"}],"wp:featuredmedia":[{"embeddable":true,"href":"https:\/\/dev.codekraft.it\/ravaglioli.it\/wp-json\/wp\/v2\/media\/42339"}],"wp:attachment":[{"href":"https:\/\/dev.codekraft.it\/ravaglioli.it\/wp-json\/wp\/v2\/media?parent=153745"}],"wp:term":[{"taxonomy":"product_brand","embeddable":true,"href":"https:\/\/dev.codekraft.it\/ravaglioli.it\/wp-json\/wp\/v2\/product_brand?post=153745"},{"taxonomy":"product_cat","embeddable":true,"href":"https:\/\/dev.codekraft.it\/ravaglioli.it\/wp-json\/wp\/v2\/product_cat?post=153745"},{"taxonomy":"product_tag","embeddable":true,"href":"https:\/\/dev.codekraft.it\/ravaglioli.it\/wp-json\/wp\/v2\/product_tag?post=153745"},{"taxonomy":"product_approvals","embeddable":true,"href":"https:\/\/dev.codekraft.it\/ravaglioli.it\/wp-json\/wp\/v2\/product_approvals?post=153745"},{"taxonomy":"product_application","embeddable":true,"href":"https:\/\/dev.codekraft.it\/ravaglioli.it\/wp-json\/wp\/v2\/product_application?post=153745"}],"curies":[{"name":"wp","href":"https:\/\/api.w.org\/{rel}","templated":true}]}}