{"id":153594,"date":"2025-12-11T10:11:40","date_gmt":"2025-12-11T10:11:40","guid":{"rendered":"https:\/\/dev.codekraft.it\/ravaglioli.it\/product\/barre-de-traction-de-levage-hydraulique-pour-artislift-mrg-55\/"},"modified":"2026-01-14T20:25:25","modified_gmt":"2026-01-14T20:25:25","slug":"barre-de-traction-de-levage-hydraulique-pour-artislift-mrg-55","status":"publish","type":"product","link":"https:\/\/dev.codekraft.it\/ravaglioli.it\/fr\/product\/barre-de-traction-de-levage-hydraulique-pour-artislift-mrg-55\/","title":{"rendered":"Barre de traction de levage hydraulique pour ArtisLift MRG-55"},"content":{"rendered":"","protected":false},"excerpt":{"rendered":"<p>Timon avec \u00e9l\u00e9vateur hydraulique, mont\u00e9 en usine \u00e0 la place du timon m\u00e9canique de s\u00e9rie | 1 pi\u00e8ce<\/p>\n","protected":false},"featured_media":149956,"template":"","meta":[],"product_brand":[],"product_cat":[58240],"product_tag":[],"product_approvals":[],"product_application":[],"class_list":{"0":"post-153594","1":"product","2":"type-product","3":"status-publish","4":"has-post-thumbnail","6":"product_cat-accessoires-ponts-elevateurs-a-colonnes-mobiles-fr","8":"first","9":"instock","10":"shipping-taxable","11":"product-type-simple"},"approvals":[],"application":[],"brb_media_brochure":"","brb_media_drawing":"","brb_media_manuals":"","brb_media_safety_datasheets":"","brb_media_spare_parts":[],"_cdmm_p_id":"502295","_company":"VSG","_gtin":"4057612819878","accessories":[],"components":[],"delivery":[],"package":[],"related":[],"similar":[],"page_logo_src":"https:\/\/dev.codekraft.it\/ravaglioli.it\/wp-content\/uploads\/2026\/04\/rav-negative-logo-1.png","lang":"fr","translations":{"fr":153594,"en":153592,"de":153593,"it":153595,"es":153596,"ru":153597},"pll_sync_post":[],"_links":{"self":[{"href":"https:\/\/dev.codekraft.it\/ravaglioli.it\/wp-json\/wp\/v2\/product\/153594","targetHints":{"allow":["GET"]}}],"collection":[{"href":"https:\/\/dev.codekraft.it\/ravaglioli.it\/wp-json\/wp\/v2\/product"}],"about":[{"href":"https:\/\/dev.codekraft.it\/ravaglioli.it\/wp-json\/wp\/v2\/types\/product"}],"wp:featuredmedia":[{"embeddable":true,"href":"https:\/\/dev.codekraft.it\/ravaglioli.it\/wp-json\/wp\/v2\/media\/149956"}],"wp:attachment":[{"href":"https:\/\/dev.codekraft.it\/ravaglioli.it\/wp-json\/wp\/v2\/media?parent=153594"}],"wp:term":[{"taxonomy":"product_brand","embeddable":true,"href":"https:\/\/dev.codekraft.it\/ravaglioli.it\/wp-json\/wp\/v2\/product_brand?post=153594"},{"taxonomy":"product_cat","embeddable":true,"href":"https:\/\/dev.codekraft.it\/ravaglioli.it\/wp-json\/wp\/v2\/product_cat?post=153594"},{"taxonomy":"product_tag","embeddable":true,"href":"https:\/\/dev.codekraft.it\/ravaglioli.it\/wp-json\/wp\/v2\/product_tag?post=153594"},{"taxonomy":"product_approvals","embeddable":true,"href":"https:\/\/dev.codekraft.it\/ravaglioli.it\/wp-json\/wp\/v2\/product_approvals?post=153594"},{"taxonomy":"product_application","embeddable":true,"href":"https:\/\/dev.codekraft.it\/ravaglioli.it\/wp-json\/wp\/v2\/product_application?post=153594"}],"curies":[{"name":"wp","href":"https:\/\/api.w.org\/{rel}","templated":true}]}}