{"id":153509,"date":"2025-09-08T09:01:41","date_gmt":"2025-09-08T08:01:41","guid":{"rendered":"https:\/\/dev.codekraft.it\/ravaglioli.it\/product\/seitlicher-zusatzarm-mit-hilfsmontageteller\/"},"modified":"2026-01-14T20:24:33","modified_gmt":"2026-01-14T20:24:33","slug":"seitlicher-zusatzarm-mit-hilfsmontageteller","status":"publish","type":"product","link":"https:\/\/dev.codekraft.it\/ravaglioli.it\/de\/product\/seitlicher-zusatzarm-mit-hilfsmontageteller\/","title":{"rendered":"Seitlicher Zusatzarm mit Hilfsmontageteller"},"content":{"rendered":"","protected":false},"excerpt":{"rendered":"<p>Zubeh\u00f6r f\u00fcr Reifenmontiermaschinen | Kein weiterer zus\u00e4tzlicher Arm m\u00f6glich!<\/p>\n","protected":false},"featured_media":41986,"template":"","meta":[],"product_brand":[],"product_cat":[57868],"product_tag":[],"product_approvals":[],"product_application":[],"class_list":{"0":"post-153509","1":"product","2":"type-product","3":"status-publish","4":"has-post-thumbnail","6":"product_cat-zubehor-reifenmontiermaschinen-de","8":"first","9":"instock","10":"shipping-taxable","11":"product-type-simple"},"approvals":[],"application":[],"brb_media_brochure":"","brb_media_drawing":"","brb_media_manuals":"","brb_media_safety_datasheets":"","brb_media_spare_parts":[],"_cdmm_p_id":"502272","_company":"VSG","_gtin":"4057612808759","accessories":[],"components":[],"delivery":[],"package":[],"related":[],"similar":[{"id":155812,"mpn":"G800A116","name":"Seitlicher Zusatzarm mit konischer Rolle | ohne Hilfsmontageteller","description":"Zubeh\u00f6r f\u00fcr Reifenmontiermaschinen","thumbnail":"https:\/\/dev.codekraft.it\/ravaglioli.it\/wp-content\/uploads\/brb_media\/00506623_g800a116-150x150.png","url":"https:\/\/dev.codekraft.it\/ravaglioli.it\/de\/product\/seitlicher-zusatzarm-mit-konischer-rolle-ohne-hilfsmontageteller\/"}],"page_logo_src":"https:\/\/dev.codekraft.it\/ravaglioli.it\/wp-content\/uploads\/2026\/04\/rav-negative-logo-1.png","lang":"de","translations":{"de":153509,"en":153508,"fr":153510,"it":153511,"es":153512,"ru":153513},"pll_sync_post":[],"_links":{"self":[{"href":"https:\/\/dev.codekraft.it\/ravaglioli.it\/wp-json\/wp\/v2\/product\/153509","targetHints":{"allow":["GET"]}}],"collection":[{"href":"https:\/\/dev.codekraft.it\/ravaglioli.it\/wp-json\/wp\/v2\/product"}],"about":[{"href":"https:\/\/dev.codekraft.it\/ravaglioli.it\/wp-json\/wp\/v2\/types\/product"}],"wp:featuredmedia":[{"embeddable":true,"href":"https:\/\/dev.codekraft.it\/ravaglioli.it\/wp-json\/wp\/v2\/media\/41986"}],"wp:attachment":[{"href":"https:\/\/dev.codekraft.it\/ravaglioli.it\/wp-json\/wp\/v2\/media?parent=153509"}],"wp:term":[{"taxonomy":"product_brand","embeddable":true,"href":"https:\/\/dev.codekraft.it\/ravaglioli.it\/wp-json\/wp\/v2\/product_brand?post=153509"},{"taxonomy":"product_cat","embeddable":true,"href":"https:\/\/dev.codekraft.it\/ravaglioli.it\/wp-json\/wp\/v2\/product_cat?post=153509"},{"taxonomy":"product_tag","embeddable":true,"href":"https:\/\/dev.codekraft.it\/ravaglioli.it\/wp-json\/wp\/v2\/product_tag?post=153509"},{"taxonomy":"product_approvals","embeddable":true,"href":"https:\/\/dev.codekraft.it\/ravaglioli.it\/wp-json\/wp\/v2\/product_approvals?post=153509"},{"taxonomy":"product_application","embeddable":true,"href":"https:\/\/dev.codekraft.it\/ravaglioli.it\/wp-json\/wp\/v2\/product_application?post=153509"}],"curies":[{"name":"wp","href":"https:\/\/api.w.org\/{rel}","templated":true}]}}