{"id":153488,"date":"2025-09-08T09:01:41","date_gmt":"2025-09-08T08:01:41","guid":{"rendered":"https:\/\/dev.codekraft.it\/ravaglioli.it\/product\/proteccion-centralita-para-elevadores-electrohidraulicos-de-tijera-pantografos\/"},"modified":"2026-01-14T20:24:09","modified_gmt":"2026-01-14T20:24:09","slug":"proteccion-centralita-para-elevadores-electrohidraulicos-de-tijera-pantografos","status":"publish","type":"product","link":"https:\/\/dev.codekraft.it\/ravaglioli.it\/es\/product\/proteccion-centralita-para-elevadores-electrohidraulicos-de-tijera-pantografos\/","title":{"rendered":"Protecci\u00f3n centralita para elevadores electrohidr\u00e1ulicos de tijera pant\u00f3grafos"},"content":{"rendered":"","protected":false},"excerpt":{"rendered":"<p>Para proteger el panel de control | para todos los modelos<\/p>\n","protected":false},"featured_media":41952,"template":"","meta":[],"product_brand":[],"product_cat":[58186],"product_tag":[],"product_approvals":[],"product_application":[],"class_list":{"0":"post-153488","1":"product","2":"type-product","3":"status-publish","4":"has-post-thumbnail","6":"product_cat-accesorios-elevadores-de-tijeras-es","8":"first","9":"instock","10":"shipping-taxable","11":"product-type-simple"},"approvals":[],"application":[],"brb_media_brochure":"","brb_media_drawing":"","brb_media_manuals":"","brb_media_safety_datasheets":"","brb_media_spare_parts":[],"_cdmm_p_id":"502267","_company":"Ravaglioli","_gtin":"4057612822830","accessories":[],"components":[],"delivery":[],"package":[],"related":[],"similar":[],"page_logo_src":"https:\/\/dev.codekraft.it\/ravaglioli.it\/wp-content\/uploads\/2026\/04\/rav-negative-logo-1.png","lang":"es","translations":{"es":153488,"en":153484,"de":153485,"fr":153486,"it":153487,"ru":153489},"pll_sync_post":[],"_links":{"self":[{"href":"https:\/\/dev.codekraft.it\/ravaglioli.it\/wp-json\/wp\/v2\/product\/153488","targetHints":{"allow":["GET"]}}],"collection":[{"href":"https:\/\/dev.codekraft.it\/ravaglioli.it\/wp-json\/wp\/v2\/product"}],"about":[{"href":"https:\/\/dev.codekraft.it\/ravaglioli.it\/wp-json\/wp\/v2\/types\/product"}],"wp:featuredmedia":[{"embeddable":true,"href":"https:\/\/dev.codekraft.it\/ravaglioli.it\/wp-json\/wp\/v2\/media\/41952"}],"wp:attachment":[{"href":"https:\/\/dev.codekraft.it\/ravaglioli.it\/wp-json\/wp\/v2\/media?parent=153488"}],"wp:term":[{"taxonomy":"product_brand","embeddable":true,"href":"https:\/\/dev.codekraft.it\/ravaglioli.it\/wp-json\/wp\/v2\/product_brand?post=153488"},{"taxonomy":"product_cat","embeddable":true,"href":"https:\/\/dev.codekraft.it\/ravaglioli.it\/wp-json\/wp\/v2\/product_cat?post=153488"},{"taxonomy":"product_tag","embeddable":true,"href":"https:\/\/dev.codekraft.it\/ravaglioli.it\/wp-json\/wp\/v2\/product_tag?post=153488"},{"taxonomy":"product_approvals","embeddable":true,"href":"https:\/\/dev.codekraft.it\/ravaglioli.it\/wp-json\/wp\/v2\/product_approvals?post=153488"},{"taxonomy":"product_application","embeddable":true,"href":"https:\/\/dev.codekraft.it\/ravaglioli.it\/wp-json\/wp\/v2\/product_application?post=153488"}],"curies":[{"name":"wp","href":"https:\/\/api.w.org\/{rel}","templated":true}]}}