{"id":153470,"date":"2025-09-08T09:01:41","date_gmt":"2025-09-08T08:01:41","guid":{"rendered":"https:\/\/dev.codekraft.it\/ravaglioli.it\/product\/placas-estabilizadoras-para-suelos-con-hormigon-100-150-mm-15-mm-2\/"},"modified":"2026-01-14T20:23:54","modified_gmt":"2026-01-14T20:23:54","slug":"placas-estabilizadoras-para-suelos-con-hormigon-100-150-mm-15-mm-2","status":"publish","type":"product","link":"https:\/\/dev.codekraft.it\/ravaglioli.it\/es\/product\/placas-estabilizadoras-para-suelos-con-hormigon-100-150-mm-15-mm-2\/","title":{"rendered":"Placas estabilizadoras para suelos con hormig\u00f3n 100 &#8211; 150 mm | (+ 15 mm)"},"content":{"rendered":"","protected":false},"excerpt":{"rendered":"<p>Placas de soporte para las bases de las columnas para montaje de 2 columnas en suelos con caracter\u00edsticas insuficientes | Espesor m\u00ednimo recomendado 100 &#8211; 150 mm, hormig\u00f3n R\u2019bk 200 | 1 juego \/ 2 piezas<\/p>\n","protected":false},"featured_media":0,"template":"","meta":[],"product_brand":[],"product_cat":[57908],"product_tag":[],"product_approvals":[],"product_application":[],"class_list":{"0":"post-153470","1":"product","2":"type-product","3":"status-publish","5":"product_cat-accesorios-elevadores-de-2-columnas-es","7":"first","8":"instock","9":"shipping-taxable","10":"product-type-simple"},"approvals":[],"application":[],"brb_media_brochure":"","brb_media_drawing":"","brb_media_manuals":"","brb_media_safety_datasheets":"","brb_media_spare_parts":[],"_cdmm_p_id":"502264","_company":"Ravaglioli","_gtin":"4057612820737","accessories":[],"components":[],"delivery":[],"package":[],"related":[],"similar":[],"page_logo_src":"https:\/\/dev.codekraft.it\/ravaglioli.it\/wp-content\/uploads\/2026\/04\/rav-negative-logo-1.png","lang":"es","translations":{"es":153470,"en":153466,"de":153467,"fr":153468,"it":153469,"ru":153471},"pll_sync_post":[],"_links":{"self":[{"href":"https:\/\/dev.codekraft.it\/ravaglioli.it\/wp-json\/wp\/v2\/product\/153470","targetHints":{"allow":["GET"]}}],"collection":[{"href":"https:\/\/dev.codekraft.it\/ravaglioli.it\/wp-json\/wp\/v2\/product"}],"about":[{"href":"https:\/\/dev.codekraft.it\/ravaglioli.it\/wp-json\/wp\/v2\/types\/product"}],"wp:attachment":[{"href":"https:\/\/dev.codekraft.it\/ravaglioli.it\/wp-json\/wp\/v2\/media?parent=153470"}],"wp:term":[{"taxonomy":"product_brand","embeddable":true,"href":"https:\/\/dev.codekraft.it\/ravaglioli.it\/wp-json\/wp\/v2\/product_brand?post=153470"},{"taxonomy":"product_cat","embeddable":true,"href":"https:\/\/dev.codekraft.it\/ravaglioli.it\/wp-json\/wp\/v2\/product_cat?post=153470"},{"taxonomy":"product_tag","embeddable":true,"href":"https:\/\/dev.codekraft.it\/ravaglioli.it\/wp-json\/wp\/v2\/product_tag?post=153470"},{"taxonomy":"product_approvals","embeddable":true,"href":"https:\/\/dev.codekraft.it\/ravaglioli.it\/wp-json\/wp\/v2\/product_approvals?post=153470"},{"taxonomy":"product_application","embeddable":true,"href":"https:\/\/dev.codekraft.it\/ravaglioli.it\/wp-json\/wp\/v2\/product_application?post=153470"}],"curies":[{"name":"wp","href":"https:\/\/api.w.org\/{rel}","templated":true}]}}