{"id":153462,"date":"2025-10-30T14:31:24","date_gmt":"2025-10-30T14:31:24","guid":{"rendered":"https:\/\/dev.codekraft.it\/ravaglioli.it\/product\/plaques-de-repartition-pour-sols-avec-une-couche-de-beton-100-150-mm-15-mm\/"},"modified":"2025-11-05T19:16:41","modified_gmt":"2025-11-05T19:16:41","slug":"plaques-de-repartition-pour-sols-avec-une-couche-de-beton-100-150-mm-15-mm","status":"publish","type":"product","link":"https:\/\/dev.codekraft.it\/ravaglioli.it\/fr\/product\/plaques-de-repartition-pour-sols-avec-une-couche-de-beton-100-150-mm-15-mm\/","title":{"rendered":"Plaques de r\u00e9partition pour sols avec une couche de b\u00e9ton 100 &#8211; 150 mm (+ 15 mm)"},"content":{"rendered":"","protected":false},"excerpt":{"rendered":"<p>Plateaux pour installer les \u00e9l\u00e9vateurs 2 colonnes sur un sol de qualit\u00e9 insuffisante | \u00c9paisseur mini 100 &#8211; 150 mm avec beton R\u2019bk 200 | 1 jeu \/ 2 pi\u00e8ces<\/p>\n","protected":false},"featured_media":0,"template":"","meta":[],"product_brand":[],"product_cat":[57880],"product_tag":[],"product_approvals":[],"product_application":[],"class_list":{"0":"post-153462","1":"product","2":"type-product","3":"status-publish","5":"product_cat-accessoires-ponts-elevateurs-a-2-colonnes-fr","7":"first","8":"instock","9":"shipping-taxable","10":"product-type-simple"},"approvals":[],"application":[],"brb_media_brochure":"","brb_media_drawing":"","brb_media_manuals":"","brb_media_safety_datasheets":"","brb_media_spare_parts":[],"_cdmm_p_id":"502263","_company":"Ravaglioli","_gtin":"4057612820614","accessories":[],"components":[],"delivery":[],"package":[],"related":[],"similar":[],"page_logo_src":"https:\/\/dev.codekraft.it\/ravaglioli.it\/wp-content\/uploads\/2026\/04\/rav-negative-logo-1.png","lang":"fr","translations":{"fr":153462,"de":153461,"it":153463,"es":153464,"ru":153465},"pll_sync_post":[],"_links":{"self":[{"href":"https:\/\/dev.codekraft.it\/ravaglioli.it\/wp-json\/wp\/v2\/product\/153462","targetHints":{"allow":["GET"]}}],"collection":[{"href":"https:\/\/dev.codekraft.it\/ravaglioli.it\/wp-json\/wp\/v2\/product"}],"about":[{"href":"https:\/\/dev.codekraft.it\/ravaglioli.it\/wp-json\/wp\/v2\/types\/product"}],"wp:attachment":[{"href":"https:\/\/dev.codekraft.it\/ravaglioli.it\/wp-json\/wp\/v2\/media?parent=153462"}],"wp:term":[{"taxonomy":"product_brand","embeddable":true,"href":"https:\/\/dev.codekraft.it\/ravaglioli.it\/wp-json\/wp\/v2\/product_brand?post=153462"},{"taxonomy":"product_cat","embeddable":true,"href":"https:\/\/dev.codekraft.it\/ravaglioli.it\/wp-json\/wp\/v2\/product_cat?post=153462"},{"taxonomy":"product_tag","embeddable":true,"href":"https:\/\/dev.codekraft.it\/ravaglioli.it\/wp-json\/wp\/v2\/product_tag?post=153462"},{"taxonomy":"product_approvals","embeddable":true,"href":"https:\/\/dev.codekraft.it\/ravaglioli.it\/wp-json\/wp\/v2\/product_approvals?post=153462"},{"taxonomy":"product_application","embeddable":true,"href":"https:\/\/dev.codekraft.it\/ravaglioli.it\/wp-json\/wp\/v2\/product_application?post=153462"}],"curies":[{"name":"wp","href":"https:\/\/api.w.org\/{rel}","templated":true}]}}