{"id":153390,"date":"2025-09-08T09:01:41","date_gmt":"2025-09-08T08:01:41","guid":{"rendered":"https:\/\/dev.codekraft.it\/ravaglioli.it\/product\/kit-de-rampes-1350-mm-rampes-au-sol\/"},"modified":"2026-01-14T20:23:15","modified_gmt":"2026-01-14T20:23:15","slug":"kit-de-rampes-1350-mm-rampes-au-sol","status":"publish","type":"product","link":"https:\/\/dev.codekraft.it\/ravaglioli.it\/fr\/product\/kit-de-rampes-1350-mm-rampes-au-sol\/","title":{"rendered":"Kit de rampes 1350 mm, rampes au sol"},"content":{"rendered":"<ul>\n<li>Tous les ponts sont fournis en version encastr\u00e9e dans le sol &#8211; Le kit de rampes permet de transformer tous les mod\u00e8les en version au sol<\/li>\n<\/ul>\n","protected":false},"excerpt":{"rendered":"<p>Kit installation \u00e9l\u00e9vateur au sol, pour s\u00e9rie 600N avec traverse de levage | 1 jeu \/ 2 pi\u00e8ces<\/p>\n","protected":false},"featured_media":41842,"template":"","meta":[],"product_brand":[],"product_cat":[58174],"product_tag":[],"product_approvals":[],"product_application":[],"class_list":{"0":"post-153390","1":"product","2":"type-product","3":"status-publish","4":"has-post-thumbnail","6":"product_cat-accessoires-ponts-elevateurs-a-ciseaux-fr","8":"first","9":"instock","10":"shipping-taxable","11":"product-type-simple"},"approvals":[],"application":[],"brb_media_brochure":"","brb_media_drawing":"","brb_media_manuals":"","brb_media_safety_datasheets":"","brb_media_spare_parts":[],"_cdmm_p_id":"502248","_company":"Ravaglioli","_gtin":"","accessories":[],"components":[],"delivery":[],"package":[],"related":[],"similar":[],"page_logo_src":"https:\/\/dev.codekraft.it\/ravaglioli.it\/wp-content\/uploads\/2026\/04\/rav-negative-logo-1.png","lang":"fr","translations":{"fr":153390,"en":153388,"de":153389,"it":153391,"es":153392,"ru":153393},"pll_sync_post":[],"_links":{"self":[{"href":"https:\/\/dev.codekraft.it\/ravaglioli.it\/wp-json\/wp\/v2\/product\/153390","targetHints":{"allow":["GET"]}}],"collection":[{"href":"https:\/\/dev.codekraft.it\/ravaglioli.it\/wp-json\/wp\/v2\/product"}],"about":[{"href":"https:\/\/dev.codekraft.it\/ravaglioli.it\/wp-json\/wp\/v2\/types\/product"}],"wp:featuredmedia":[{"embeddable":true,"href":"https:\/\/dev.codekraft.it\/ravaglioli.it\/wp-json\/wp\/v2\/media\/41842"}],"wp:attachment":[{"href":"https:\/\/dev.codekraft.it\/ravaglioli.it\/wp-json\/wp\/v2\/media?parent=153390"}],"wp:term":[{"taxonomy":"product_brand","embeddable":true,"href":"https:\/\/dev.codekraft.it\/ravaglioli.it\/wp-json\/wp\/v2\/product_brand?post=153390"},{"taxonomy":"product_cat","embeddable":true,"href":"https:\/\/dev.codekraft.it\/ravaglioli.it\/wp-json\/wp\/v2\/product_cat?post=153390"},{"taxonomy":"product_tag","embeddable":true,"href":"https:\/\/dev.codekraft.it\/ravaglioli.it\/wp-json\/wp\/v2\/product_tag?post=153390"},{"taxonomy":"product_approvals","embeddable":true,"href":"https:\/\/dev.codekraft.it\/ravaglioli.it\/wp-json\/wp\/v2\/product_approvals?post=153390"},{"taxonomy":"product_application","embeddable":true,"href":"https:\/\/dev.codekraft.it\/ravaglioli.it\/wp-json\/wp\/v2\/product_application?post=153390"}],"curies":[{"name":"wp","href":"https:\/\/api.w.org\/{rel}","templated":true}]}}