{"id":153240,"date":"2025-09-08T09:01:41","date_gmt":"2025-09-08T08:01:41","guid":{"rendered":"https:\/\/dev.codekraft.it\/ravaglioli.it\/product\/adaptateurs-agricoles-1-jeu-2-pieces\/"},"modified":"2026-01-14T20:22:07","modified_gmt":"2026-01-14T20:22:07","slug":"adaptateurs-agricoles-1-jeu-2-pieces","status":"publish","type":"product","link":"https:\/\/dev.codekraft.it\/ravaglioli.it\/fr\/product\/adaptateurs-agricoles-1-jeu-2-pieces\/","title":{"rendered":"Adaptateurs agricoles 1 jeu \/ 2 pi\u00e8ces"},"content":{"rendered":"","protected":false},"excerpt":{"rendered":"<p>Pour le l\u00e9vage des tracteurs agricoles | adaptateur avant et arri\u00e8re<\/p>\n","protected":false},"featured_media":41614,"template":"","meta":[],"product_brand":[],"product_cat":[58240],"product_tag":[],"product_approvals":[],"product_application":[],"class_list":{"0":"post-153240","1":"product","2":"type-product","3":"status-publish","4":"has-post-thumbnail","6":"product_cat-accessoires-ponts-elevateurs-a-colonnes-mobiles-fr","8":"first","9":"instock","10":"shipping-taxable","11":"product-type-simple"},"approvals":[],"application":[],"brb_media_brochure":"","brb_media_drawing":"","brb_media_manuals":"","brb_media_safety_datasheets":"","brb_media_spare_parts":[],"_cdmm_p_id":"502213","_company":"VSG","_gtin":"4057612820478","accessories":[],"components":[],"delivery":[],"package":[],"related":[],"similar":[],"page_logo_src":"https:\/\/dev.codekraft.it\/ravaglioli.it\/wp-content\/uploads\/2026\/04\/rav-negative-logo-1.png","lang":"fr","translations":{"fr":153240,"en":153238,"de":153239,"it":153241,"es":153242,"ru":153243},"pll_sync_post":[],"_links":{"self":[{"href":"https:\/\/dev.codekraft.it\/ravaglioli.it\/wp-json\/wp\/v2\/product\/153240","targetHints":{"allow":["GET"]}}],"collection":[{"href":"https:\/\/dev.codekraft.it\/ravaglioli.it\/wp-json\/wp\/v2\/product"}],"about":[{"href":"https:\/\/dev.codekraft.it\/ravaglioli.it\/wp-json\/wp\/v2\/types\/product"}],"wp:featuredmedia":[{"embeddable":true,"href":"https:\/\/dev.codekraft.it\/ravaglioli.it\/wp-json\/wp\/v2\/media\/41614"}],"wp:attachment":[{"href":"https:\/\/dev.codekraft.it\/ravaglioli.it\/wp-json\/wp\/v2\/media?parent=153240"}],"wp:term":[{"taxonomy":"product_brand","embeddable":true,"href":"https:\/\/dev.codekraft.it\/ravaglioli.it\/wp-json\/wp\/v2\/product_brand?post=153240"},{"taxonomy":"product_cat","embeddable":true,"href":"https:\/\/dev.codekraft.it\/ravaglioli.it\/wp-json\/wp\/v2\/product_cat?post=153240"},{"taxonomy":"product_tag","embeddable":true,"href":"https:\/\/dev.codekraft.it\/ravaglioli.it\/wp-json\/wp\/v2\/product_tag?post=153240"},{"taxonomy":"product_approvals","embeddable":true,"href":"https:\/\/dev.codekraft.it\/ravaglioli.it\/wp-json\/wp\/v2\/product_approvals?post=153240"},{"taxonomy":"product_application","embeddable":true,"href":"https:\/\/dev.codekraft.it\/ravaglioli.it\/wp-json\/wp\/v2\/product_application?post=153240"}],"curies":[{"name":"wp","href":"https:\/\/api.w.org\/{rel}","templated":true}]}}