{"id":153126,"date":"2025-12-11T10:11:40","date_gmt":"2025-12-11T10:11:40","guid":{"rendered":"https:\/\/dev.codekraft.it\/ravaglioli.it\/product\/reduction-de-fourche-de-roue-pour-ponts-elevateurs-a-colonnes-mobiles-pneus-o-900-800-mm\/"},"modified":"2026-01-14T20:20:09","modified_gmt":"2026-01-14T20:20:09","slug":"reduction-de-fourche-de-roue-pour-ponts-elevateurs-a-colonnes-mobiles-pneus-o-900-800-mm","status":"publish","type":"product","link":"https:\/\/dev.codekraft.it\/ravaglioli.it\/fr\/product\/reduction-de-fourche-de-roue-pour-ponts-elevateurs-a-colonnes-mobiles-pneus-o-900-800-mm\/","title":{"rendered":"R\u00e9duction de fourche de roue pour ponts \u00e9l\u00e9vateurs \u00e0 colonnes mobiles | pneus \u00d8 900 &#8211; 800 mm"},"content":{"rendered":"","protected":false},"excerpt":{"rendered":"<p>R\u00e9duction de la fourche de roue pour pneus de \u00d8 900 mm \u00e0 \u00d8 800 mm | 1 pi\u00e8ce\/par colonne<\/p>\n","protected":false},"featured_media":149949,"template":"","meta":[],"product_brand":[],"product_cat":[58240],"product_tag":[],"product_approvals":[],"product_application":[],"class_list":{"0":"post-153126","1":"product","2":"type-product","3":"status-publish","4":"has-post-thumbnail","6":"product_cat-accessoires-ponts-elevateurs-a-colonnes-mobiles-fr","8":"first","9":"instock","10":"shipping-taxable","11":"product-type-simple"},"approvals":[],"application":[],"brb_media_brochure":"","brb_media_drawing":"","brb_media_manuals":"","brb_media_safety_datasheets":"","brb_media_spare_parts":[],"_cdmm_p_id":"502179","_company":"VSG","_gtin":"4057612820232","accessories":[],"components":[],"delivery":[],"package":[],"related":[],"similar":[],"page_logo_src":"https:\/\/dev.codekraft.it\/ravaglioli.it\/wp-content\/uploads\/2026\/04\/rav-negative-logo-1.png","lang":"fr","translations":{"fr":153126,"en":153124,"de":153125,"it":153127,"es":153128,"ru":153129},"pll_sync_post":[],"_links":{"self":[{"href":"https:\/\/dev.codekraft.it\/ravaglioli.it\/wp-json\/wp\/v2\/product\/153126","targetHints":{"allow":["GET"]}}],"collection":[{"href":"https:\/\/dev.codekraft.it\/ravaglioli.it\/wp-json\/wp\/v2\/product"}],"about":[{"href":"https:\/\/dev.codekraft.it\/ravaglioli.it\/wp-json\/wp\/v2\/types\/product"}],"wp:featuredmedia":[{"embeddable":true,"href":"https:\/\/dev.codekraft.it\/ravaglioli.it\/wp-json\/wp\/v2\/media\/149949"}],"wp:attachment":[{"href":"https:\/\/dev.codekraft.it\/ravaglioli.it\/wp-json\/wp\/v2\/media?parent=153126"}],"wp:term":[{"taxonomy":"product_brand","embeddable":true,"href":"https:\/\/dev.codekraft.it\/ravaglioli.it\/wp-json\/wp\/v2\/product_brand?post=153126"},{"taxonomy":"product_cat","embeddable":true,"href":"https:\/\/dev.codekraft.it\/ravaglioli.it\/wp-json\/wp\/v2\/product_cat?post=153126"},{"taxonomy":"product_tag","embeddable":true,"href":"https:\/\/dev.codekraft.it\/ravaglioli.it\/wp-json\/wp\/v2\/product_tag?post=153126"},{"taxonomy":"product_approvals","embeddable":true,"href":"https:\/\/dev.codekraft.it\/ravaglioli.it\/wp-json\/wp\/v2\/product_approvals?post=153126"},{"taxonomy":"product_application","embeddable":true,"href":"https:\/\/dev.codekraft.it\/ravaglioli.it\/wp-json\/wp\/v2\/product_application?post=153126"}],"curies":[{"name":"wp","href":"https:\/\/api.w.org\/{rel}","templated":true}]}}