{"id":153060,"date":"2025-12-11T10:11:42","date_gmt":"2025-12-11T10:11:42","guid":{"rendered":"https:\/\/dev.codekraft.it\/ravaglioli.it\/product\/adaptateurs-pour-griffes-3-points-pour-lalignement-ccd-sur-ponts-2-colonnes-120-mm\/"},"modified":"2026-01-14T20:19:36","modified_gmt":"2026-01-14T20:19:36","slug":"adaptateurs-pour-griffes-3-points-pour-lalignement-ccd-sur-ponts-2-colonnes-120-mm","status":"publish","type":"product","link":"https:\/\/dev.codekraft.it\/ravaglioli.it\/fr\/product\/adaptateurs-pour-griffes-3-points-pour-lalignement-ccd-sur-ponts-2-colonnes-120-mm\/","title":{"rendered":"Adaptateurs pour griffes 3 points pour l&#039;alignement CCD sur ponts 2 colonnes | -120 mm"},"content":{"rendered":"","protected":false},"excerpt":{"rendered":"<p>Permet de positionner les t\u00eates de mesure plus bas et \u00e9vite ainsi les interf\u00e9rences avec la transmission provoqu\u00e9es par les bras de levage \u00e0 2 colonnes | 1 ensemble \/ 4 pi\u00e8ces<\/p>\n","protected":false},"featured_media":149566,"template":"","meta":[],"product_brand":[],"product_cat":[57884],"product_tag":[],"product_approvals":[],"product_application":[],"class_list":{"0":"post-153060","1":"product","2":"type-product","3":"status-publish","4":"has-post-thumbnail","6":"product_cat-accessoires-controles-de-geometrie-fr","8":"first","9":"instock","10":"shipping-taxable","11":"product-type-simple"},"approvals":[],"application":[],"brb_media_brochure":"","brb_media_drawing":"","brb_media_manuals":"","brb_media_safety_datasheets":"","brb_media_spare_parts":[],"_cdmm_p_id":"502160","_company":"VSG","_gtin":"4057612825015","accessories":[],"components":[],"delivery":[],"package":[],"related":[],"similar":[],"page_logo_src":"https:\/\/dev.codekraft.it\/ravaglioli.it\/wp-content\/uploads\/2026\/04\/rav-negative-logo-1.png","lang":"fr","translations":{"fr":153060,"en":153058,"de":153059,"it":153061,"es":153062,"ru":153063},"pll_sync_post":[],"_links":{"self":[{"href":"https:\/\/dev.codekraft.it\/ravaglioli.it\/wp-json\/wp\/v2\/product\/153060","targetHints":{"allow":["GET"]}}],"collection":[{"href":"https:\/\/dev.codekraft.it\/ravaglioli.it\/wp-json\/wp\/v2\/product"}],"about":[{"href":"https:\/\/dev.codekraft.it\/ravaglioli.it\/wp-json\/wp\/v2\/types\/product"}],"wp:featuredmedia":[{"embeddable":true,"href":"https:\/\/dev.codekraft.it\/ravaglioli.it\/wp-json\/wp\/v2\/media\/149566"}],"wp:attachment":[{"href":"https:\/\/dev.codekraft.it\/ravaglioli.it\/wp-json\/wp\/v2\/media?parent=153060"}],"wp:term":[{"taxonomy":"product_brand","embeddable":true,"href":"https:\/\/dev.codekraft.it\/ravaglioli.it\/wp-json\/wp\/v2\/product_brand?post=153060"},{"taxonomy":"product_cat","embeddable":true,"href":"https:\/\/dev.codekraft.it\/ravaglioli.it\/wp-json\/wp\/v2\/product_cat?post=153060"},{"taxonomy":"product_tag","embeddable":true,"href":"https:\/\/dev.codekraft.it\/ravaglioli.it\/wp-json\/wp\/v2\/product_tag?post=153060"},{"taxonomy":"product_approvals","embeddable":true,"href":"https:\/\/dev.codekraft.it\/ravaglioli.it\/wp-json\/wp\/v2\/product_approvals?post=153060"},{"taxonomy":"product_application","embeddable":true,"href":"https:\/\/dev.codekraft.it\/ravaglioli.it\/wp-json\/wp\/v2\/product_application?post=153060"}],"curies":[{"name":"wp","href":"https:\/\/api.w.org\/{rel}","templated":true}]}}