{"id":152994,"date":"2025-02-24T15:09:08","date_gmt":"2025-02-24T15:09:08","guid":{"rendered":"https:\/\/dev.codekraft.it\/ravaglioli.it\/product\/rallonge-de-tuyau-8\/"},"modified":"2026-01-14T20:18:31","modified_gmt":"2026-01-14T20:18:31","slug":"rallonge-de-tuyau-8","status":"publish","type":"product","link":"https:\/\/dev.codekraft.it\/ravaglioli.it\/fr\/product\/rallonge-de-tuyau-8\/","title":{"rendered":"Rallonge de tuyau"},"content":{"rendered":"","protected":false},"excerpt":{"rendered":"<p>\u00ab\u00a0m\u00a0\u00bb m\u00e8tres, contr\u00f4le \u00e0 droite | montage du bo\u00eetier de commande dans une position sp\u00e9ciale &#8211; dans le sens d&#8217;approche \u00ab \u00e0 droite \u00bb de la plate-forme, \u00e0 une distance de \u00ab\u00a0m\u00a0\u00bb m\u00e8tres | vendu au m\u00e8tre<\/p>\n","protected":false},"featured_media":0,"template":"","meta":[],"product_brand":[],"product_cat":[58174],"product_tag":[],"product_approvals":[],"product_application":[],"class_list":{"0":"post-152994","1":"product","2":"type-product","3":"status-publish","5":"product_cat-accessoires-ponts-elevateurs-a-ciseaux-fr","7":"first","8":"instock","9":"shipping-taxable","10":"product-type-simple"},"approvals":[],"application":[],"brb_media_brochure":"","brb_media_drawing":"","brb_media_manuals":"","brb_media_safety_datasheets":"","brb_media_spare_parts":[],"_cdmm_p_id":"502134","_company":"VSG","_gtin":"4057612823035","accessories":[],"components":[],"delivery":[],"package":[],"related":[],"similar":[],"page_logo_src":"https:\/\/dev.codekraft.it\/ravaglioli.it\/wp-content\/uploads\/2026\/04\/rav-negative-logo-1.png","lang":"fr","translations":{"fr":152994,"en":152992,"de":152993,"it":152995,"es":152996,"ru":152997},"pll_sync_post":[],"_links":{"self":[{"href":"https:\/\/dev.codekraft.it\/ravaglioli.it\/wp-json\/wp\/v2\/product\/152994","targetHints":{"allow":["GET"]}}],"collection":[{"href":"https:\/\/dev.codekraft.it\/ravaglioli.it\/wp-json\/wp\/v2\/product"}],"about":[{"href":"https:\/\/dev.codekraft.it\/ravaglioli.it\/wp-json\/wp\/v2\/types\/product"}],"wp:attachment":[{"href":"https:\/\/dev.codekraft.it\/ravaglioli.it\/wp-json\/wp\/v2\/media?parent=152994"}],"wp:term":[{"taxonomy":"product_brand","embeddable":true,"href":"https:\/\/dev.codekraft.it\/ravaglioli.it\/wp-json\/wp\/v2\/product_brand?post=152994"},{"taxonomy":"product_cat","embeddable":true,"href":"https:\/\/dev.codekraft.it\/ravaglioli.it\/wp-json\/wp\/v2\/product_cat?post=152994"},{"taxonomy":"product_tag","embeddable":true,"href":"https:\/\/dev.codekraft.it\/ravaglioli.it\/wp-json\/wp\/v2\/product_tag?post=152994"},{"taxonomy":"product_approvals","embeddable":true,"href":"https:\/\/dev.codekraft.it\/ravaglioli.it\/wp-json\/wp\/v2\/product_approvals?post=152994"},{"taxonomy":"product_application","embeddable":true,"href":"https:\/\/dev.codekraft.it\/ravaglioli.it\/wp-json\/wp\/v2\/product_application?post=152994"}],"curies":[{"name":"wp","href":"https:\/\/api.w.org\/{rel}","templated":true}]}}