{"id":152948,"date":"2024-06-20T12:08:02","date_gmt":"2024-06-20T11:08:02","guid":{"rendered":"https:\/\/dev.codekraft.it\/ravaglioli.it\/product\/brazo-de-ayuda-neumatico-con-brazo-prensa-talon-rotatorio\/"},"modified":"2026-01-14T20:18:01","modified_gmt":"2026-01-14T20:18:01","slug":"brazo-de-ayuda-neumatico-con-brazo-prensa-talon-rotatorio","status":"publish","type":"product","link":"https:\/\/dev.codekraft.it\/ravaglioli.it\/es\/product\/brazo-de-ayuda-neumatico-con-brazo-prensa-talon-rotatorio\/","title":{"rendered":"Brazo de ayuda neum\u00e1tico | con brazo prensa tal\u00f3n rotatorio"},"content":{"rendered":"","protected":false},"excerpt":{"rendered":"<p>Dispositivo prensa tal\u00f3n neum\u00e1tico con brazo prensa tal\u00f3n rotatorio<\/p>\n","protected":false},"featured_media":0,"template":"","meta":[],"product_brand":[],"product_cat":[57910],"product_tag":[],"product_approvals":[],"product_application":[],"class_list":{"0":"post-152948","1":"product","2":"type-product","3":"status-publish","5":"product_cat-accesorios-desmontadoras-es","7":"first","8":"instock","9":"shipping-taxable","10":"product-type-simple"},"approvals":[],"application":[],"brb_media_brochure":"","brb_media_drawing":"","brb_media_manuals":"","brb_media_safety_datasheets":"","brb_media_spare_parts":[],"_cdmm_p_id":"502113","_company":"VSG","_gtin":"","accessories":[],"components":[],"delivery":[],"package":[],"related":[],"similar":[],"page_logo_src":"https:\/\/dev.codekraft.it\/ravaglioli.it\/wp-content\/uploads\/2026\/04\/rav-negative-logo-1.png","lang":"es","translations":{"es":152948,"en":152944,"de":152945,"fr":152946,"it":152947,"ru":152949},"pll_sync_post":[],"_links":{"self":[{"href":"https:\/\/dev.codekraft.it\/ravaglioli.it\/wp-json\/wp\/v2\/product\/152948","targetHints":{"allow":["GET"]}}],"collection":[{"href":"https:\/\/dev.codekraft.it\/ravaglioli.it\/wp-json\/wp\/v2\/product"}],"about":[{"href":"https:\/\/dev.codekraft.it\/ravaglioli.it\/wp-json\/wp\/v2\/types\/product"}],"wp:attachment":[{"href":"https:\/\/dev.codekraft.it\/ravaglioli.it\/wp-json\/wp\/v2\/media?parent=152948"}],"wp:term":[{"taxonomy":"product_brand","embeddable":true,"href":"https:\/\/dev.codekraft.it\/ravaglioli.it\/wp-json\/wp\/v2\/product_brand?post=152948"},{"taxonomy":"product_cat","embeddable":true,"href":"https:\/\/dev.codekraft.it\/ravaglioli.it\/wp-json\/wp\/v2\/product_cat?post=152948"},{"taxonomy":"product_tag","embeddable":true,"href":"https:\/\/dev.codekraft.it\/ravaglioli.it\/wp-json\/wp\/v2\/product_tag?post=152948"},{"taxonomy":"product_approvals","embeddable":true,"href":"https:\/\/dev.codekraft.it\/ravaglioli.it\/wp-json\/wp\/v2\/product_approvals?post=152948"},{"taxonomy":"product_application","embeddable":true,"href":"https:\/\/dev.codekraft.it\/ravaglioli.it\/wp-json\/wp\/v2\/product_application?post=152948"}],"curies":[{"name":"wp","href":"https:\/\/api.w.org\/{rel}","templated":true}]}}