{"id":152885,"date":"2025-09-08T09:01:41","date_gmt":"2025-09-08T08:01:41","guid":{"rendered":"https:\/\/dev.codekraft.it\/ravaglioli.it\/product\/auffahrrampen-kit-9\/"},"modified":"2026-01-14T20:17:18","modified_gmt":"2026-01-14T20:17:18","slug":"auffahrrampen-kit-9","status":"publish","type":"product","link":"https:\/\/dev.codekraft.it\/ravaglioli.it\/de\/product\/auffahrrampen-kit-9\/","title":{"rendered":"Auffahrrampen-Kit"},"content":{"rendered":"","protected":false},"excerpt":{"rendered":"<p>Lang, 1500 mm | f\u00fcr 4-S\u00e4ulen-Hebeb\u00fchnen RAV4406LSI, RAV4502LSI | 1 Paar<\/p>\n","protected":false},"featured_media":0,"template":"","meta":[],"product_brand":[],"product_cat":[57952],"product_tag":[],"product_approvals":[],"product_application":[],"class_list":{"0":"post-152885","1":"product","2":"type-product","3":"status-publish","5":"product_cat-zubehor-4-saulen-hebebuhnen-de","7":"first","8":"instock","9":"shipping-taxable","10":"product-type-simple"},"approvals":[],"application":[],"brb_media_brochure":"","brb_media_drawing":"","brb_media_manuals":"","brb_media_safety_datasheets":"","brb_media_spare_parts":[],"_cdmm_p_id":"502079","_company":"Ravaglioli","_gtin":"4057612821819","accessories":[],"components":[],"delivery":[],"package":[],"related":[],"similar":[],"page_logo_src":"https:\/\/dev.codekraft.it\/ravaglioli.it\/wp-content\/uploads\/2026\/04\/rav-negative-logo-1.png","lang":"de","translations":{"de":152885,"en":152884,"fr":152886,"it":152887,"es":152888,"ru":152889},"pll_sync_post":[],"_links":{"self":[{"href":"https:\/\/dev.codekraft.it\/ravaglioli.it\/wp-json\/wp\/v2\/product\/152885","targetHints":{"allow":["GET"]}}],"collection":[{"href":"https:\/\/dev.codekraft.it\/ravaglioli.it\/wp-json\/wp\/v2\/product"}],"about":[{"href":"https:\/\/dev.codekraft.it\/ravaglioli.it\/wp-json\/wp\/v2\/types\/product"}],"wp:attachment":[{"href":"https:\/\/dev.codekraft.it\/ravaglioli.it\/wp-json\/wp\/v2\/media?parent=152885"}],"wp:term":[{"taxonomy":"product_brand","embeddable":true,"href":"https:\/\/dev.codekraft.it\/ravaglioli.it\/wp-json\/wp\/v2\/product_brand?post=152885"},{"taxonomy":"product_cat","embeddable":true,"href":"https:\/\/dev.codekraft.it\/ravaglioli.it\/wp-json\/wp\/v2\/product_cat?post=152885"},{"taxonomy":"product_tag","embeddable":true,"href":"https:\/\/dev.codekraft.it\/ravaglioli.it\/wp-json\/wp\/v2\/product_tag?post=152885"},{"taxonomy":"product_approvals","embeddable":true,"href":"https:\/\/dev.codekraft.it\/ravaglioli.it\/wp-json\/wp\/v2\/product_approvals?post=152885"},{"taxonomy":"product_application","embeddable":true,"href":"https:\/\/dev.codekraft.it\/ravaglioli.it\/wp-json\/wp\/v2\/product_application?post=152885"}],"curies":[{"name":"wp","href":"https:\/\/api.w.org\/{rel}","templated":true}]}}