{"id":152372,"date":"2025-09-08T09:01:41","date_gmt":"2025-09-08T08:01:41","guid":{"rendered":"https:\/\/dev.codekraft.it\/ravaglioli.it\/product\/repetiteur-digital-pour-camion-unites-de-commande-a-double-vitesse\/"},"modified":"2026-01-14T20:12:09","modified_gmt":"2026-01-14T20:12:09","slug":"repetiteur-digital-pour-camion-unites-de-commande-a-double-vitesse","status":"publish","type":"product","link":"https:\/\/dev.codekraft.it\/ravaglioli.it\/fr\/product\/repetiteur-digital-pour-camion-unites-de-commande-a-double-vitesse\/","title":{"rendered":"R\u00e9p\u00e9titeur digital pour camion \/ unit\u00e9s de commande \u00e0 double vitesse"},"content":{"rendered":"","protected":false},"excerpt":{"rendered":"<p>Pour la r\u00e9p\u00e9tition des donn\u00e9es de pes\u00e9e et freinage<\/p>\n","protected":false},"featured_media":40011,"template":"","meta":[],"product_brand":[],"product_cat":[57974],"product_tag":[],"product_approvals":[],"product_application":[],"class_list":{"0":"post-152372","1":"product","2":"type-product","3":"status-publish","4":"has-post-thumbnail","6":"product_cat-accessoires-bancs-de-freinage-chaines-de-controles-fr","8":"first","9":"instock","10":"shipping-taxable","11":"product-type-simple"},"approvals":[],"application":[],"brb_media_brochure":"","brb_media_drawing":"","brb_media_manuals":"","brb_media_safety_datasheets":"","brb_media_spare_parts":[],"_cdmm_p_id":"501954","_company":"Ravaglioli","_gtin":"","accessories":[],"components":[],"delivery":[],"package":[],"related":[],"similar":[],"page_logo_src":"https:\/\/dev.codekraft.it\/ravaglioli.it\/wp-content\/uploads\/2026\/04\/rav-negative-logo-1.png","lang":"fr","translations":{"fr":152372,"en":152370,"de":152371,"it":152373,"es":152374,"ru":152375},"pll_sync_post":[],"_links":{"self":[{"href":"https:\/\/dev.codekraft.it\/ravaglioli.it\/wp-json\/wp\/v2\/product\/152372","targetHints":{"allow":["GET"]}}],"collection":[{"href":"https:\/\/dev.codekraft.it\/ravaglioli.it\/wp-json\/wp\/v2\/product"}],"about":[{"href":"https:\/\/dev.codekraft.it\/ravaglioli.it\/wp-json\/wp\/v2\/types\/product"}],"wp:featuredmedia":[{"embeddable":true,"href":"https:\/\/dev.codekraft.it\/ravaglioli.it\/wp-json\/wp\/v2\/media\/40011"}],"wp:attachment":[{"href":"https:\/\/dev.codekraft.it\/ravaglioli.it\/wp-json\/wp\/v2\/media?parent=152372"}],"wp:term":[{"taxonomy":"product_brand","embeddable":true,"href":"https:\/\/dev.codekraft.it\/ravaglioli.it\/wp-json\/wp\/v2\/product_brand?post=152372"},{"taxonomy":"product_cat","embeddable":true,"href":"https:\/\/dev.codekraft.it\/ravaglioli.it\/wp-json\/wp\/v2\/product_cat?post=152372"},{"taxonomy":"product_tag","embeddable":true,"href":"https:\/\/dev.codekraft.it\/ravaglioli.it\/wp-json\/wp\/v2\/product_tag?post=152372"},{"taxonomy":"product_approvals","embeddable":true,"href":"https:\/\/dev.codekraft.it\/ravaglioli.it\/wp-json\/wp\/v2\/product_approvals?post=152372"},{"taxonomy":"product_application","embeddable":true,"href":"https:\/\/dev.codekraft.it\/ravaglioli.it\/wp-json\/wp\/v2\/product_application?post=152372"}],"curies":[{"name":"wp","href":"https:\/\/api.w.org\/{rel}","templated":true}]}}