{"id":152211,"date":"2025-09-08T09:01:40","date_gmt":"2025-09-08T08:01:40","guid":{"rendered":"https:\/\/dev.codekraft.it\/ravaglioli.it\/product\/graffe-ruota-3-punti-o-cerchioni-8-24%e2%80%b3-o-pneumatici-480-910-mm\/"},"modified":"2026-01-14T20:10:27","modified_gmt":"2026-01-14T20:10:27","slug":"graffe-ruota-3-punti-o-cerchioni-8-24%e2%80%b3-o-pneumatici-480-910-mm","status":"publish","type":"product","link":"https:\/\/dev.codekraft.it\/ravaglioli.it\/it\/product\/graffe-ruota-3-punti-o-cerchioni-8-24%e2%80%b3-o-pneumatici-480-910-mm\/","title":{"rendered":"Graffe ruota 3 punti | \u00d8 cerchioni 8 &#8211; 24\u2033, \u00d8 pneumatici 480 &#8211; 910 mm"},"content":{"rendered":"","protected":false},"excerpt":{"rendered":"<p>Graffe a 3 punti autocentranti e con bloccaggio rapido | 2 set \/ 4 pezzi<\/p>\n","protected":false},"featured_media":113716,"template":"","meta":[],"product_brand":[],"product_cat":[57898],"product_tag":[],"product_approvals":[],"product_application":[],"class_list":{"0":"post-152211","1":"product","2":"type-product","3":"status-publish","4":"has-post-thumbnail","6":"product_cat-accessori-assetti-ruote-it","8":"first","9":"instock","10":"shipping-taxable","11":"product-type-simple"},"approvals":[],"application":[],"brb_media_brochure":"","brb_media_drawing":"","brb_media_manuals":"","brb_media_safety_datasheets":"","brb_media_spare_parts":[],"_cdmm_p_id":"501914","_company":"VSG","_gtin":"4057612825275","accessories":[{"id":153061,"mpn":"STDA154","name":"Adattatori per graffe a 3 punti per assetto CCD su sollevatori a 2 colonne | -120 mm","description":"Permette di posizionare le teste di misura pi\u00f9 in profondit\u00e0 evitando cos\u00ec interferenze con la trasmissione causate dai bracci di sollevamento a 2 colonne | 1 set \/ 4 pezzi","thumbnail":"https:\/\/dev.codekraft.it\/ravaglioli.it\/wp-content\/uploads\/brb_media\/00528344_wheel-aligner-stda154-mi-150x150.png","url":"https:\/\/dev.codekraft.it\/ravaglioli.it\/it\/product\/adattatori-per-graffe-a-3-punti-per-assetto-ccd-su-sollevatori-a-2-colonne-120-mm\/"}],"components":[],"delivery":[],"package":[],"related":[],"similar":[],"page_logo_src":"https:\/\/dev.codekraft.it\/ravaglioli.it\/wp-content\/uploads\/2026\/04\/rav-negative-logo-1.png","lang":"it","translations":{"it":152211,"en":152208,"de":152209,"fr":152210,"es":152212,"ru":152213},"pll_sync_post":[],"_links":{"self":[{"href":"https:\/\/dev.codekraft.it\/ravaglioli.it\/wp-json\/wp\/v2\/product\/152211","targetHints":{"allow":["GET"]}}],"collection":[{"href":"https:\/\/dev.codekraft.it\/ravaglioli.it\/wp-json\/wp\/v2\/product"}],"about":[{"href":"https:\/\/dev.codekraft.it\/ravaglioli.it\/wp-json\/wp\/v2\/types\/product"}],"wp:featuredmedia":[{"embeddable":true,"href":"https:\/\/dev.codekraft.it\/ravaglioli.it\/wp-json\/wp\/v2\/media\/113716"}],"wp:attachment":[{"href":"https:\/\/dev.codekraft.it\/ravaglioli.it\/wp-json\/wp\/v2\/media?parent=152211"}],"wp:term":[{"taxonomy":"product_brand","embeddable":true,"href":"https:\/\/dev.codekraft.it\/ravaglioli.it\/wp-json\/wp\/v2\/product_brand?post=152211"},{"taxonomy":"product_cat","embeddable":true,"href":"https:\/\/dev.codekraft.it\/ravaglioli.it\/wp-json\/wp\/v2\/product_cat?post=152211"},{"taxonomy":"product_tag","embeddable":true,"href":"https:\/\/dev.codekraft.it\/ravaglioli.it\/wp-json\/wp\/v2\/product_tag?post=152211"},{"taxonomy":"product_approvals","embeddable":true,"href":"https:\/\/dev.codekraft.it\/ravaglioli.it\/wp-json\/wp\/v2\/product_approvals?post=152211"},{"taxonomy":"product_application","embeddable":true,"href":"https:\/\/dev.codekraft.it\/ravaglioli.it\/wp-json\/wp\/v2\/product_application?post=152211"}],"curies":[{"name":"wp","href":"https:\/\/api.w.org\/{rel}","templated":true}]}}