{"id":152173,"date":"2025-12-11T10:11:39","date_gmt":"2025-12-11T10:11:39","guid":{"rendered":"https:\/\/dev.codekraft.it\/ravaglioli.it\/product\/plaques-de-repartition\/"},"modified":"2026-01-14T20:10:01","modified_gmt":"2026-01-14T20:10:01","slug":"plaques-de-repartition","status":"publish","type":"product","link":"https:\/\/dev.codekraft.it\/ravaglioli.it\/fr\/product\/plaques-de-repartition\/","title":{"rendered":"Plaques de r\u00e9partition"},"content":{"rendered":"","protected":false},"excerpt":{"rendered":"<p>4 \/ 4,2 \/ 4,5 t | permet d&#8217;installer le pont \u00e9l\u00e9vateur m\u00eame sur de dalle de faible \u00e9paisseur| 1 jeu \/ 2 pi\u00e8ces<\/p>\n","protected":false},"featured_media":149960,"template":"","meta":[],"product_brand":[],"product_cat":[57880],"product_tag":[58343,58326,58290],"product_approvals":[],"product_application":[],"class_list":{"0":"post-152173","1":"product","2":"type-product","3":"status-publish","4":"has-post-thumbnail","6":"product_cat-accessoires-ponts-elevateurs-a-2-colonnes-fr","7":"product_tag-motor-homes-fr","8":"product_tag-light-commercial-fr","9":"product_tag-passenger-cars-fr","11":"first","12":"instock","13":"shipping-taxable","14":"product-type-simple"},"approvals":[],"application":[],"brb_media_brochure":"","brb_media_drawing":"","brb_media_manuals":"","brb_media_safety_datasheets":"","brb_media_spare_parts":[],"_cdmm_p_id":"502421","_company":"VSG","_gtin":"4057612940862","accessories":[],"components":[],"delivery":[],"package":[],"related":[],"similar":[],"page_logo_src":"https:\/\/dev.codekraft.it\/ravaglioli.it\/wp-content\/uploads\/2026\/04\/rav-negative-logo-1.png","lang":"fr","translations":{"fr":152173,"en":152171,"de":152172,"it":152174,"es":152175,"ru":152176},"pll_sync_post":[],"_links":{"self":[{"href":"https:\/\/dev.codekraft.it\/ravaglioli.it\/wp-json\/wp\/v2\/product\/152173","targetHints":{"allow":["GET"]}}],"collection":[{"href":"https:\/\/dev.codekraft.it\/ravaglioli.it\/wp-json\/wp\/v2\/product"}],"about":[{"href":"https:\/\/dev.codekraft.it\/ravaglioli.it\/wp-json\/wp\/v2\/types\/product"}],"wp:featuredmedia":[{"embeddable":true,"href":"https:\/\/dev.codekraft.it\/ravaglioli.it\/wp-json\/wp\/v2\/media\/149960"}],"wp:attachment":[{"href":"https:\/\/dev.codekraft.it\/ravaglioli.it\/wp-json\/wp\/v2\/media?parent=152173"}],"wp:term":[{"taxonomy":"product_brand","embeddable":true,"href":"https:\/\/dev.codekraft.it\/ravaglioli.it\/wp-json\/wp\/v2\/product_brand?post=152173"},{"taxonomy":"product_cat","embeddable":true,"href":"https:\/\/dev.codekraft.it\/ravaglioli.it\/wp-json\/wp\/v2\/product_cat?post=152173"},{"taxonomy":"product_tag","embeddable":true,"href":"https:\/\/dev.codekraft.it\/ravaglioli.it\/wp-json\/wp\/v2\/product_tag?post=152173"},{"taxonomy":"product_approvals","embeddable":true,"href":"https:\/\/dev.codekraft.it\/ravaglioli.it\/wp-json\/wp\/v2\/product_approvals?post=152173"},{"taxonomy":"product_application","embeddable":true,"href":"https:\/\/dev.codekraft.it\/ravaglioli.it\/wp-json\/wp\/v2\/product_application?post=152173"}],"curies":[{"name":"wp","href":"https:\/\/api.w.org\/{rel}","templated":true}]}}