{"id":152167,"date":"2025-08-29T06:01:21","date_gmt":"2025-08-29T05:01:21","guid":{"rendered":"https:\/\/dev.codekraft.it\/ravaglioli.it\/product\/pont-elevateur-a-2-colonnes-kpx32p-230-v-3-ph-50-hz\/"},"modified":"2026-01-14T20:09:56","modified_gmt":"2026-01-14T20:09:56","slug":"pont-elevateur-a-2-colonnes-kpx32p-230-v-3-ph-50-hz","status":"publish","type":"product","link":"https:\/\/dev.codekraft.it\/ravaglioli.it\/fr\/product\/pont-elevateur-a-2-colonnes-kpx32p-230-v-3-ph-50-hz\/","title":{"rendered":"Pont \u00e9l\u00e9vateur \u00e0 2 colonnes KPX32P 230 V &#8211; 3 Ph &#8211; 50 Hz"},"content":{"rendered":"<p>Legend Series &#8211; From History to the Future<\/p>\n<ul>\n<li>Design actualis\u00e9\u00a0: un contour moderne qui apporte modernit\u00e9 et facilit\u00e9 d\u2019utilisation \u00e0 l\u2019atelier<\/li>\n<li>ADN innovant\u00a0: des composants durables de haute qualit\u00e9, test\u00e9s pour 20000 cycles<\/li>\n<li>\u00c9volutivit\u00e9\u00a0: les ponts \u00e9l\u00e9vateurs sont con\u00e7us pour le syst\u00e8me de connectivit\u00e9 en atelier TEq-Link<\/li>\n<\/ul>\n<p>Issue des ponts \u00e9l\u00e9vateurs \u00e0 2 colonnes les plus vendus, la Legend Series consolide les connaissances en ing\u00e9nierie de Ravaglioli et les transforme en un ensemble innovant. Tourn\u00e9e vers l\u2019avenir tout en honorant le pass\u00e9, Ravaglioli s\u2019est fix\u00e9 un objectif important\u00a0: unir performances et design.<\/p>\n<ul>\n<li>Entretien courant minimum : Les pi\u00e8ces de fonctionnement sont con\u00e7ues pour \u00eatre facilement remplac\u00e9es ou entretenues, ce qui r\u00e9duit le co\u00fbt de maintenance et le risque d\u2019erreur sur les composants critiques de s\u00e9curit\u00e9.<\/li>\n<li>S\u00e9curit\u00e9 et qualit\u00e9 garanties dans le temps : Le pont \u00e9l\u00e9vateur est \u00e9quip\u00e9 de composants de qualit\u00e9 sup\u00e9rieure qui garantissent durabilit\u00e9 et s\u00e9curit\u00e9 maximale pour l\u2019op\u00e9rateur.<\/li>\n<li>Installation intelligente et flexible &#8211; Am\u00e9lioration jusqu\u2019\u00e0 20\u00a0% du temps d\u2019installation :\u00a0La synchronisation \u00e9lectronique permet d\u2019\u00e9viter l\u2019installation et le r\u00e9glage du c\u00e2ble d\u2019\u00e9galisation. Les ponts \u00e9l\u00e9vateurs peuvent \u00eatre install\u00e9s de mani\u00e8re flexible gr\u00e2ce \u00e0 trois positions r\u00e9glables en largeur.<\/li>\n<li>Utilisation rapide et simple : L\u2019aire de travail est priv\u00e9e d\u2019obstacles et toutes les op\u00e9rations peuvent \u00eatre effectu\u00e9es en toute s\u00e9curit\u00e9 et confortablement.<\/li>\n<li>Un pas vers l\u2019avenir : Les mod\u00e8les s\u00e9lectionn\u00e9s avec module TEq-Link int\u00e9gr\u00e9 permettent la surveillance \u00e0 distance des cycles de travail, l\u2019obtention d\u2019alertes pour l\u2019entretien programm\u00e9 et bien plus encore.<\/li>\n<\/ul>\n<ul>\n<li>La g\u00e9om\u00e9trie des bras a \u00e9t\u00e9 con\u00e7ue pour le levage des voitures urbaines jusqu\u2019aux berlines \u00e0 empattement long.<\/li>\n<li>Pont \u00e9l\u00e9vateur \u00e9lectrom\u00e9canique tourn\u00e9 avec colonnes \u00e0 45\u00b0.<\/li>\n<li>Mont\u00e9e et descente contr\u00f4l\u00e9es en appuyant sur un bouton plac\u00e9 \u00e0 une hauteur ergonomique.<\/li>\n<li>Ouverture facile des portes : Le v\u00e9hicule peut \u00eatre plac\u00e9 par l\u2019arri\u00e8re sans craindre de l\u2019endommager.<\/li>\n<li>Gr\u00e2ce \u00e0 la conception asym\u00e9trique des colonnes, les zones de chargement des bras se chevauchent, ce qui permet une grande flexibilit\u00e9 et un gain de temps lors du levage du v\u00e9hicule.<\/li>\n<li>Plus d\u2019espace pour se d\u00e9placer autour du v\u00e9hicule : Le pont \u00e9l\u00e9vateur est con\u00e7u de mani\u00e8re \u00e0 maximiser sa disposition tout en assurant un minimum d\u2019espace.<\/li>\n<li>Positionnement rapide de la voiture : L\u2019op\u00e9rateur dispose d\u2019une vaste zone de chargement, sans devoir pousser et tirer le v\u00e9hicule pour trouver la bonne position de levage.<\/li>\n<\/ul>\n<ul>\n<li>Synchronisation \u00e9lectronique<\/li>\n<li>Colonnes asym\u00e9triques, con\u00e7ues pour optimiser la largeur de passage et l\u2019encombrement<\/li>\n<li>Remplacement de l\u2019\u00e9crou porteur : Nouvelle plaque de moteur qui permet le changement de la vis par l\u2019avant de la colonne en gardant la colonne debout<\/li>\n<li>Chariots internes circulant sur des guides de coulissement lubrifi\u00e9s, prot\u00e9g\u00e9s de l\u2019environnement ext\u00e9rieur, qui assurent une plus longue dur\u00e9e de vie des \u00e9l\u00e9ments de coulissement<\/li>\n<li>Kit \u00e9nergie<\/li>\n<li>\u00c9quip\u00e9 d\u2019un syst\u00e8me sonore anti-\u00e9crasement des pieds &#8211; Sans garde-pieds m\u00e9caniques<\/li>\n<li>Bras courts \u00e0 3 sections et bras longs \u00e0 2 sections avec tampon en caoutchouc t\u00e9lescopique \u00e0 montage rapide<\/li>\n<li>Qualit\u00e9 sup\u00e9rieure des composants\n<ul>\n<li>Poulie en aluminium avec fonction de refroidissement<\/li>\n<li>Roulements \u00e0 longue dur\u00e9e de vie<\/li>\n<li>\u00c9crou porteur en bronze 50\u00a0% plus long<\/li>\n<li>Moteurs avec carter de refroidissement renforc\u00e9<\/li>\n<li>Robuste verrouillage automatique des bras<\/li>\n<\/ul>\n<\/li>\n<\/ul>\n","protected":false},"excerpt":{"rendered":"<p>3,2 t, \u00e9lectrom\u00e9canique, asym\u00e9trique, colonnes tourn\u00e9es \u00e0 45\u00b0, bras longs \u00e0 2 sections, bras courts \u00e0 3 sections, TEq-Link, kit d&#8217;\u00e9nergie | 3 x 230 V \/ 50 Hz<\/p>\n","protected":false},"featured_media":45957,"template":"","meta":[],"product_brand":[],"product_cat":[57874],"product_tag":[58290],"product_approvals":[],"product_application":[],"class_list":{"0":"post-152167","1":"product","2":"type-product","3":"status-publish","4":"has-post-thumbnail","6":"product_cat-ponts-elevateurs-a-2-colonnes-fr","7":"product_tag-passenger-cars-fr","9":"first","10":"instock","11":"shipping-taxable","12":"product-type-simple"},"approvals":[],"application":[],"brb_media_brochure":[{"id":147229,"url":"https:\/\/dev.codekraft.it\/ravaglioli.it\/wp-content\/uploads\/brb_media\/00511010_2-post-lift-legend-series-kpx32_35-br-de-2023-09-screen.pdf","title":"2 post lift legend series KPX32 35 br de 2023 09 screen","mpn":"","thumbnail":"https:\/\/dev.codekraft.it\/ravaglioli.it\/wp-content\/uploads\/brb_media\/00511010_2-post-lift-legend-series-kpx32_35-br-de-2023-09-screen-pdf-106x150.png","description":""},{"id":147230,"url":"https:\/\/dev.codekraft.it\/ravaglioli.it\/wp-content\/uploads\/brb_media\/00511011_2-post-lift-legend-series-kpx32_35-br-en-2023-09-screen.pdf","title":"2 post lift legend series KPX32 35 br en 2023 09 screen","mpn":"","thumbnail":"https:\/\/dev.codekraft.it\/ravaglioli.it\/wp-content\/uploads\/brb_media\/00511011_2-post-lift-legend-series-kpx32_35-br-en-2023-09-screen-pdf-106x150.png","description":""},{"id":147231,"url":"https:\/\/dev.codekraft.it\/ravaglioli.it\/wp-content\/uploads\/brb_media\/00511012_2-post-lift-legend-series-kpx32_35-br-fr-2023-09-screen.pdf","title":"2 post lift legend series KPX32 35 br fr 2023 09 screen","mpn":"","thumbnail":"https:\/\/dev.codekraft.it\/ravaglioli.it\/wp-content\/uploads\/brb_media\/00511012_2-post-lift-legend-series-kpx32_35-br-fr-2023-09-screen-pdf-106x150.png","description":""},{"id":147232,"url":"https:\/\/dev.codekraft.it\/ravaglioli.it\/wp-content\/uploads\/brb_media\/00511013_2-post-lift-legend-series-kpx32_35-br-it-2023-09-screen.pdf","title":"2 post lift legend series KPX32 35 br it 2023 09 screen","mpn":"","thumbnail":"https:\/\/dev.codekraft.it\/ravaglioli.it\/wp-content\/uploads\/brb_media\/00511013_2-post-lift-legend-series-kpx32_35-br-it-2023-09-screen-pdf-106x150.png","description":""},{"id":147233,"url":"https:\/\/dev.codekraft.it\/ravaglioli.it\/wp-content\/uploads\/brb_media\/00511015_2-post-lift-legend-series-kpx32_35-br-es-2023-09-screen.pdf","title":"2 post lift legend series KPX32 35 br es 2023 09 screen","mpn":"","thumbnail":"https:\/\/dev.codekraft.it\/ravaglioli.it\/wp-content\/uploads\/brb_media\/00511015_2-post-lift-legend-series-kpx32_35-br-es-2023-09-screen-pdf-106x150.png","description":""},{"id":147234,"url":"https:\/\/dev.codekraft.it\/ravaglioli.it\/wp-content\/uploads\/brb_media\/00511014_2-post-lift-legend-series-kpx32_35-br-ru-2023-09-screen.pdf","title":"2 post lift legend series KPX32 35 br ru 2023 09 screen","mpn":"","thumbnail":"https:\/\/dev.codekraft.it\/ravaglioli.it\/wp-content\/uploads\/brb_media\/00511014_2-post-lift-legend-series-kpx32_35-br-ru-2023-09-screen-pdf-106x150.png","description":""},{"id":76135,"url":"https:\/\/dev.codekraft.it\/ravaglioli.it\/wp-content\/uploads\/brb_media\/00510147_legend-series-end-user-flyer-de-2023-07-screen.pdf","title":"Legend series end user flyer de 2023 07 screen","mpn":"","thumbnail":"https:\/\/dev.codekraft.it\/ravaglioli.it\/wp-content\/uploads\/brb_media\/00510147_legend-series-end-user-flyer-de-2023-07-screen-pdf-106x150.png","description":""},{"id":76136,"url":"https:\/\/dev.codekraft.it\/ravaglioli.it\/wp-content\/uploads\/brb_media\/00510148_legend-series-end-user-flyer-en-2023-07-screen.pdf","title":"Legend series end user flyer en 2023 07 screen","mpn":"","thumbnail":"https:\/\/dev.codekraft.it\/ravaglioli.it\/wp-content\/uploads\/brb_media\/00510148_legend-series-end-user-flyer-en-2023-07-screen-pdf-106x150.png","description":""},{"id":76137,"url":"https:\/\/dev.codekraft.it\/ravaglioli.it\/wp-content\/uploads\/brb_media\/00510149_legend-series-end-user-flyer-fr-2023-07-screen.pdf","title":"Legend series end user flyer fr 2023 07 screen","mpn":"","thumbnail":"https:\/\/dev.codekraft.it\/ravaglioli.it\/wp-content\/uploads\/brb_media\/00510149_legend-series-end-user-flyer-fr-2023-07-screen-pdf-106x150.png","description":""},{"id":76138,"url":"https:\/\/dev.codekraft.it\/ravaglioli.it\/wp-content\/uploads\/brb_media\/00510150_legend-series-end-user-flyer-it-2023-07-screen.pdf","title":"Legend series end user flyer it 2023 07 screen","mpn":"","thumbnail":"https:\/\/dev.codekraft.it\/ravaglioli.it\/wp-content\/uploads\/brb_media\/00510150_legend-series-end-user-flyer-it-2023-07-screen-pdf-106x150.png","description":""},{"id":76139,"url":"https:\/\/dev.codekraft.it\/ravaglioli.it\/wp-content\/uploads\/brb_media\/00510151_legend-series-end-user-flyer-es-2023-07-screen.pdf","title":"Legend series end user flyer es 2023 07 screen","mpn":"","thumbnail":"https:\/\/dev.codekraft.it\/ravaglioli.it\/wp-content\/uploads\/brb_media\/00510151_legend-series-end-user-flyer-es-2023-07-screen-pdf-106x150.png","description":""},{"id":119210,"url":"https:\/\/dev.codekraft.it\/ravaglioli.it\/wp-content\/uploads\/brb_media\/00510153_legend-series-end-user-flyer-ru-2023-07-screen.pdf","title":"Legend series end user flyer ru 2023 07 screen","mpn":"","thumbnail":"https:\/\/dev.codekraft.it\/ravaglioli.it\/wp-content\/uploads\/brb_media\/00510153_legend-series-end-user-flyer-ru-2023-07-screen-pdf-106x150.png","description":""}],"brb_media_drawing":[{"id":83923,"url":"https:\/\/dev.codekraft.it\/ravaglioli.it\/wp-content\/uploads\/brb_media\/00510363_2-post-lift-kpx32p-td-0473_0723_0_02-en-2023-03.pdf","title":"2 post lift KPX32P TD 0473 0723 0 02 en 2023 03","mpn":"","thumbnail":"https:\/\/dev.codekraft.it\/ravaglioli.it\/wp-content\/uploads\/brb_media\/00510363_2-post-lift-kpx32p-td-0473_0723_0_02-en-2023-03-pdf-150x107.png","description":""},{"id":39421,"url":"https:\/\/dev.codekraft.it\/ravaglioli.it\/wp-content\/uploads\/brb_media\/00509755_2-post-lift-kpx32-pickup-matrix-0473_0701_0_02-2023-04.pdf","title":"2 post lift KPX32 Pickup matrix 0473 0701 0 02 2023 04","mpn":"","thumbnail":"https:\/\/dev.codekraft.it\/ravaglioli.it\/wp-content\/uploads\/brb_media\/00509755_2-post-lift-kpx32-pickup-matrix-0473_0701_0_02-2023-04-pdf-150x106.png","description":""}],"brb_media_manuals":[{"id":76140,"url":"https:\/\/dev.codekraft.it\/ravaglioli.it\/wp-content\/uploads\/brb_media\/00510232_2-post-lifts-kpx32_kpx35-im-0473-m001-0-rev2-multi-2023-06.pdf","title":"2 post lifts KPX32 KPX35 IM 0473 M001 0 rev2 multi 2023 06","mpn":"","thumbnail":"https:\/\/dev.codekraft.it\/ravaglioli.it\/wp-content\/uploads\/brb_media\/00510232_2-post-lifts-kpx32_kpx35-im-0473-m001-0-rev2-multi-2023-06-pdf-106x150.png","description":""}],"brb_media_safety_datasheets":"","brb_media_spare_parts":[],"_cdmm_p_id":"502420","_company":"Ravaglioli","_gtin":"5063084198785","accessories":[{"id":154700,"mpn":"VSG.2CALL.902641","name":"Bac pour les outils","description":"Aimant\u00e9es | ensemble de plateaux | 1 jeu \/ 4 pi\u00e8ces","thumbnail":"https:\/\/dev.codekraft.it\/ravaglioli.it\/wp-content\/uploads\/brb_media\/00509504_2-post-lift-vsg2call902641-mi-150x150.png","url":"https:\/\/dev.codekraft.it\/ravaglioli.it\/fr\/product\/bac-pour-les-outils\/"},{"id":155969,"mpn":"VSG.2CALL.901071","name":"Entretoises pour tampons pour \u00e9l\u00e9vateurs \u00e9lectrom\u00e9caniques","description":"4 x 89 mm, 4 x 127 mm, y compris 2 supports pour le montage sur les colonnes | 1 jeu \/ 8 pi\u00e8ces","thumbnail":"https:\/\/dev.codekraft.it\/ravaglioli.it\/wp-content\/uploads\/brb_media\/00508736_2-post-lift-vsg2call901071-mi-150x150.png","url":"https:\/\/dev.codekraft.it\/ravaglioli.it\/fr\/product\/entretoises-pour-tampons-pour-elevateurs-electromecaniques\/"},{"id":155975,"mpn":"VSG.2CALL.901248","name":"Entretoises pour tampons","description":"4 x 200 mm, y compris support pour le montage sur les colonnes | 1 jeu \/ 4 pi\u00e8ces","thumbnail":"https:\/\/dev.codekraft.it\/ravaglioli.it\/wp-content\/uploads\/brb_media\/00505099_2-post-lift-vsg2call901248-mi-150x150.png","url":"https:\/\/dev.codekraft.it\/ravaglioli.it\/fr\/product\/entretoises-pour-tampons\/"},{"id":155999,"mpn":"VSG.2CELM.901927","name":"Anneau pour le d\u00e9placement des colonnes","description":"3,5 t - 4,2 t | Facilite l'installation du pont \u00e9l\u00e9vateur ; r\u00e9utilisable pour d'autres installations | 1 jeu","thumbnail":"https:\/\/dev.codekraft.it\/ravaglioli.it\/wp-content\/uploads\/brb_media\/00512726_2-post-lift-vsg2celm901927-mi-01-150x150.png","url":"https:\/\/dev.codekraft.it\/ravaglioli.it\/fr\/product\/anneau-pour-le-deplacement-des-colonnes-2\/"},{"id":155981,"mpn":"VSG.2CALL.901163","name":"Kit adaptateurs","description":"Kit adaptateurs pour tampons pour prise chassis \u00d8 120 mm (1 jeu, 2 pi\u00e8ces), pour plateau tournant","thumbnail":"https:\/\/dev.codekraft.it\/ravaglioli.it\/wp-content\/uploads\/brb_media\/00524050_2-post-lift-fj6353-1-mi-150x150.png","url":"https:\/\/dev.codekraft.it\/ravaglioli.it\/fr\/product\/kit-adaptateurs\/"},{"id":155993,"mpn":"VSG.2CELM.902344","name":"R\u00e9glage de la hauteur de la barre transversale","description":"Kit pour augmenter la hauteur de passage a\u00e9rien des c\u00e2bles jusqu'\u00e0 + 1,5 m | pour les plateformes \u00e0 vis | 1 jeu","thumbnail":"https:\/\/dev.codekraft.it\/ravaglioli.it\/wp-content\/uploads\/brb_media\/00509506_2-post-lift-vsg2celm902344-mi-150x150.png","url":"https:\/\/dev.codekraft.it\/ravaglioli.it\/fr\/product\/reglage-de-la-hauteur-de-la-barre-transversale\/"},{"id":155987,"mpn":"VSG.2CALL.901378","name":"Kit plaques de r\u00e9partition","description":"3,5 t | permet d'installer le pont \u00e9l\u00e9vateur m\u00eame sur de dalle de faible \u00e9paisseur | 1 jeu \/ 2 pi\u00e8ces","thumbnail":"https:\/\/dev.codekraft.it\/ravaglioli.it\/wp-content\/uploads\/brb_media\/00533778_2-post-lift-vsg-2call-901378-mi-150x150.png","url":"https:\/\/dev.codekraft.it\/ravaglioli.it\/fr\/product\/kit-plaques-de-repartition\/"},{"id":154688,"mpn":"VSG.2CALL.902818","name":"Kit de supports pour rehausser les v\u00e9hicules","description":"Hauteur de rampe 60 mm, pour v\u00e9hicules extr\u00eamement bas | 1 jeu \/ 2 pi\u00e8ces","thumbnail":"https:\/\/dev.codekraft.it\/ravaglioli.it\/wp-content\/uploads\/brb_media\/00509501_2-post-lift-vsg2call902818-mi-150x150.png","url":"https:\/\/dev.codekraft.it\/ravaglioli.it\/fr\/product\/kit-de-supports-pour-rehausser-les-vehicules\/"},{"id":154694,"mpn":"VSG.2CALL.902085","name":"Kit de supports pour le contr\u00f4le de g\u00e9om\u00e9trie","description":"1 jeu \/ 4 pi\u00e8ces","thumbnail":"https:\/\/dev.codekraft.it\/ravaglioli.it\/wp-content\/uploads\/brb_media\/00509503_2-post-lift-vsg2call902085-mi-150x150.png","url":"https:\/\/dev.codekraft.it\/ravaglioli.it\/fr\/product\/kit-de-supports-pour-le-controle-de-geometrie\/"},{"id":156599,"mpn":"VSG.2CALL.901361","name":"Plaques de r\u00e9partition","description":"3,2 t | permet d'installer le pont \u00e9l\u00e9vateur m\u00eame sur de dalle de faible \u00e9paisseur | 1 jeu \/ 2 pi\u00e8ces","thumbnail":"https:\/\/dev.codekraft.it\/ravaglioli.it\/wp-content\/uploads\/brb_media\/00533777_2-post-lift-vsg-2call-901361-mi-150x150.png","url":"https:\/\/dev.codekraft.it\/ravaglioli.it\/fr\/product\/plaques-de-repartition-2\/"},{"id":156611,"mpn":"VSG.2CALL.902511","name":"Support d&#039;outil","description":"Support pour outillage pneumatique, ergonomique","thumbnail":"https:\/\/dev.codekraft.it\/ravaglioli.it\/wp-content\/uploads\/brb_media\/00511003_2-post-lift-vsg2call902511-mi-150x150.png","url":"https:\/\/dev.codekraft.it\/ravaglioli.it\/fr\/product\/support-doutil\/"},{"id":157043,"mpn":"VSG.2CALL.902276","name":"Kit tampons","description":"Plaque de support, patin en caoutchouc, r\u00e9glable - pour un positionnement rapide sur 4 hauteurs | 4 \u00e9tages  | 1 jeu \/ 4 pi\u00e8ces","thumbnail":"https:\/\/dev.codekraft.it\/ravaglioli.it\/wp-content\/uploads\/brb_media\/00533780_2-post-lift-VSG-2CALL-902276-MI-01-150x150.png","url":"https:\/\/dev.codekraft.it\/ravaglioli.it\/fr\/product\/kit-tampons\/"}],"components":[],"delivery":[],"package":[],"related":[],"similar":[{"id":156041,"mpn":"RAV.KPX32.198570","name":"Pont \u00e9l\u00e9vateur \u00e0 2 colonnes KPX32","description":"3,2 t, \u00e9lectrom\u00e9canique, asym\u00e9trique, colonnes tourn\u00e9es \u00e0 45\u00b0, bras longs \u00e0 2 sections, bras courts \u00e0 3 sections, Teq-Link","thumbnail":"https:\/\/dev.codekraft.it\/ravaglioli.it\/wp-content\/uploads\/brb_media\/00509852_2-post-lifts-kpx32-35-mi-01-150x150.png","url":"https:\/\/dev.codekraft.it\/ravaglioli.it\/fr\/product\/pont-elevateur-a-2-colonnes-kpx32\/"},{"id":156047,"mpn":"RAV.KPX32.198624","name":"Pont \u00e9l\u00e9vateur \u00e0 2 colonnes KPX32P 400 V &#8211; 3 Ph &#8211; 50 Hz","description":"3,2 t, \u00e9lectrom\u00e9canique, asym\u00e9trique, colonnes tourn\u00e9es \u00e0 45\u00b0, bras longs \u00e0 2 sections, bras courts \u00e0 3 sections, TEq-Link, kit d'\u00e9nergie","thumbnail":"https:\/\/dev.codekraft.it\/ravaglioli.it\/wp-content\/uploads\/brb_media\/00509852_2-post-lifts-kpx32-35-mi-01-150x150.png","url":"https:\/\/dev.codekraft.it\/ravaglioli.it\/fr\/product\/pont-elevateur-a-2-colonnes-kpx32p-400-v-3-ph-50-hz\/"}],"page_logo_src":"https:\/\/dev.codekraft.it\/ravaglioli.it\/wp-content\/uploads\/2026\/04\/rav-negative-logo-1.png","lang":"fr","translations":{"fr":152167,"en":152165,"de":152166,"it":152168,"es":152169,"ru":152170},"pll_sync_post":[],"_links":{"self":[{"href":"https:\/\/dev.codekraft.it\/ravaglioli.it\/wp-json\/wp\/v2\/product\/152167","targetHints":{"allow":["GET"]}}],"collection":[{"href":"https:\/\/dev.codekraft.it\/ravaglioli.it\/wp-json\/wp\/v2\/product"}],"about":[{"href":"https:\/\/dev.codekraft.it\/ravaglioli.it\/wp-json\/wp\/v2\/types\/product"}],"wp:featuredmedia":[{"embeddable":true,"href":"https:\/\/dev.codekraft.it\/ravaglioli.it\/wp-json\/wp\/v2\/media\/45957"}],"wp:attachment":[{"href":"https:\/\/dev.codekraft.it\/ravaglioli.it\/wp-json\/wp\/v2\/media?parent=152167"}],"wp:term":[{"taxonomy":"product_brand","embeddable":true,"href":"https:\/\/dev.codekraft.it\/ravaglioli.it\/wp-json\/wp\/v2\/product_brand?post=152167"},{"taxonomy":"product_cat","embeddable":true,"href":"https:\/\/dev.codekraft.it\/ravaglioli.it\/wp-json\/wp\/v2\/product_cat?post=152167"},{"taxonomy":"product_tag","embeddable":true,"href":"https:\/\/dev.codekraft.it\/ravaglioli.it\/wp-json\/wp\/v2\/product_tag?post=152167"},{"taxonomy":"product_approvals","embeddable":true,"href":"https:\/\/dev.codekraft.it\/ravaglioli.it\/wp-json\/wp\/v2\/product_approvals?post=152167"},{"taxonomy":"product_application","embeddable":true,"href":"https:\/\/dev.codekraft.it\/ravaglioli.it\/wp-json\/wp\/v2\/product_application?post=152167"}],"curies":[{"name":"wp","href":"https:\/\/api.w.org\/{rel}","templated":true}]}}