{"id":152149,"date":"2025-11-20T14:27:07","date_gmt":"2025-11-20T14:27:07","guid":{"rendered":"https:\/\/dev.codekraft.it\/ravaglioli.it\/product\/demonte-pneu-g1190-30it\/"},"modified":"2026-01-14T20:06:59","modified_gmt":"2026-01-14T20:06:59","slug":"demonte-pneu-g1190-30it","status":"publish","type":"product","link":"https:\/\/dev.codekraft.it\/ravaglioli.it\/fr\/product\/demonte-pneu-g1190-30it\/","title":{"rendered":"D\u00e9monte-pneu G1190.30IT"},"content":{"rendered":"<p>The Easisest Way to Work Tyres<\/p>\n<p>D\u00e9monte pneu \u00e9quip\u00e9 d\u2019une t\u00eate de d\u00e9montage sans levier (brevet\u00e9e) innovante pour un travail rapide et sans contrainte, m\u00eame sur les pneus a profil tr\u00e8s bas et les nouveaux concepts, ainsi que sur les pneus \u00e0 roulage \u00e0 plat. Gr\u00e2ce \u00e0 sa conception compacte, il est adapt\u00e9 pour les ateliers dans lesquels l\u2019espace est limit\u00e9.<\/p>\n<ul>\n<li>\u00c9conomie d&#8217;espace : conception compacte sans c\u00e2bles \u00e0 l&#8217;arri\u00e8re de la colonne<\/li>\n<li>Moins d&#8217;efforts \u00e0 fournir : bras assist\u00e9 avec r\u00e9glage horizontal l\u00e9ger et pr\u00e9cis<\/li>\n<li>Gain de temps : trois v\u00e9rins pour un mouvement ind\u00e9pendant et rapide des bras<\/li>\n<\/ul>\n<ul>\n<li>La vitesse de rotation de la roue est variable et peut \u00eatre contr\u00f4l\u00e9e au besoin par l\u2019op\u00e9rateur gr\u00e2ce au moteur \u00e0 inverter avec limiteur de vitesse pour la protection du pneu contre des forces excessives (0 &#8211; 15 tr\/mn).<\/li>\n<li>Syst\u00e8me de d\u00e9talonneur \u00e0 double rouleau: Le talon est d\u00e9talonn\u00e9 rapidement et en toute s\u00e9curit\u00e9 par deux disques oppos\u00e9s et synchronis\u00e9s.<\/li>\n<li>Haute capacit\u00e9: Le verrouillage de colonne centrale avec plaque flottante (brevet\u00e9), \u00e9galement adapt\u00e9 aux jantes invers\u00e9es, consiste en un m\u00e9canisme d\u2019autoverrouillage qui permet de r\u00e9duire les efforts que l\u2019op\u00e9rateur doit fournir.<\/li>\n<li>La prise en main est tr\u00e8s simple pour l\u2019op\u00e9rateur, gr\u00e2ce \u00e0 l\u2019utilisation d\u2019une console conviviale permettant de commander les rouleaux et les outils.<\/li>\n<li>Les boutons \u00e0 l\u2019arri\u00e8re permettent d\u2019\u00e9viter que le regard de l\u2019op\u00e9rateur ne d\u00e9vie du pneu.<\/li>\n<li>T\u00eate de montage sup\u00e9rieure en mat\u00e9riau non abrasif pour un travail sans dommage sur les jantes pr\u00e8s du bord (effet de contrainte z\u00e9ro).<\/li>\n<li>Bouton d\u2019avance de disque pour un d\u00e9talonnage correct et s\u00e9curis\u00e9 sans endommager le flanc du pneu et le capteur de pression.<\/li>\n<li>Le positionnement des trois bras est synchronis\u00e9 avec le syst\u00e8me de cha\u00eene sans lubrification.<\/li>\n<\/ul>\n<ul>\n<li>\u00c9quip\u00e9 d\u2019un pousse talon \u00e0 commande pneumatique<\/li>\n<li>\u00c9crou de serrage rapide des jantes<\/li>\n<li>Gonflage \u00e0 p\u00e9dale avec manom\u00e9tre et valve de gonflage rapide<\/li>\n<li>R\u00e9glage des bras horizontaux pilot\u00e9<\/li>\n<li>Dispositif de gonflage SUP\u00c9RIEUR brevet\u00e9 pour un gonflage puissant et s\u00fbr<\/li>\n<\/ul>\n","protected":false},"excerpt":{"rendered":"<p>Sans levier, incl. dispositif de gonflage tubeless et pousse talon pneumatique, voiture de tourisme, diam\u00e8tre de jante 10 &#8211; 30\u2033, largeur de jante max. 15\u2033 | Certifi\u00e9 wdk<\/p>\n","protected":false},"featured_media":42451,"template":"","meta":[],"product_brand":[],"product_cat":[57876],"product_tag":[63157,58290],"product_approvals":[],"product_application":[],"class_list":{"0":"post-152149","1":"product","2":"type-product","3":"status-publish","4":"has-post-thumbnail","6":"product_cat-demonte-pneus-fr","7":"product_tag-quickship-fr","8":"product_tag-passenger-cars-fr","10":"first","11":"instock","12":"shipping-taxable","13":"product-type-simple"},"approvals":[],"application":[],"brb_media_brochure":[{"id":148996,"url":"https:\/\/dev.codekraft.it\/ravaglioli.it\/wp-content\/uploads\/brb_media\/00521427_tyre-changer-g119030-br-de-09-2023.pdf","title":"Tyre changer G119030 BR de 09 2023","mpn":"","thumbnail":"https:\/\/dev.codekraft.it\/ravaglioli.it\/wp-content\/uploads\/brb_media\/00521427_tyre-changer-g119030-br-de-09-2023-pdf-106x150.png","description":""},{"id":148997,"url":"https:\/\/dev.codekraft.it\/ravaglioli.it\/wp-content\/uploads\/brb_media\/00521428_tyre-changer-g119030-br-en-09-2023.pdf","title":"Tyre changer G119030 BR en 09 2023","mpn":"","thumbnail":"https:\/\/dev.codekraft.it\/ravaglioli.it\/wp-content\/uploads\/brb_media\/00521428_tyre-changer-g119030-br-en-09-2023-pdf-106x150.png","description":""},{"id":148998,"url":"https:\/\/dev.codekraft.it\/ravaglioli.it\/wp-content\/uploads\/brb_media\/00521429_tyre-changer-g119030-br-fr-09-2023.pdf","title":"Tyre changer G119030 BR fr 09 2023","mpn":"","thumbnail":"https:\/\/dev.codekraft.it\/ravaglioli.it\/wp-content\/uploads\/brb_media\/00521429_tyre-changer-g119030-br-fr-09-2023-pdf-106x150.png","description":""},{"id":148999,"url":"https:\/\/dev.codekraft.it\/ravaglioli.it\/wp-content\/uploads\/brb_media\/00521430_tyre-changer-g119030-br-it-09-2023.pdf","title":"Tyre changer G119030 BR it 09 2023","mpn":"","thumbnail":"https:\/\/dev.codekraft.it\/ravaglioli.it\/wp-content\/uploads\/brb_media\/00521430_tyre-changer-g119030-br-it-09-2023-pdf-106x150.png","description":""},{"id":149000,"url":"https:\/\/dev.codekraft.it\/ravaglioli.it\/wp-content\/uploads\/brb_media\/00521431_tyre-changer-g119030-br-es-09-2023.pdf","title":"Tyre changer G119030 BR es 09 2023","mpn":"","thumbnail":"https:\/\/dev.codekraft.it\/ravaglioli.it\/wp-content\/uploads\/brb_media\/00521431_tyre-changer-g119030-br-es-09-2023-pdf-106x150.png","description":""},{"id":149001,"url":"https:\/\/dev.codekraft.it\/ravaglioli.it\/wp-content\/uploads\/brb_media\/00521432_tyre-changer-g119030-br-ru-09-2023.pdf","title":"Tyre changer G119030 BR ru 09 2023","mpn":"","thumbnail":"https:\/\/dev.codekraft.it\/ravaglioli.it\/wp-content\/uploads\/brb_media\/00521432_tyre-changer-g119030-br-ru-09-2023-pdf-106x150.png","description":""}],"brb_media_drawing":"","brb_media_manuals":[{"id":150428,"url":"https:\/\/dev.codekraft.it\/ravaglioli.it\/wp-content\/uploads\/brb_media\/00548680_tyre-changer-ravg1190-spaga590-im-7105-m020-01_vsg_rev01_de-2024-07.pdf","title":"Tyre changer RAVG1190 SPAGA590 IM 7105 M020 01 VSG rev01 de 2024 07","mpn":"","thumbnail":"https:\/\/dev.codekraft.it\/ravaglioli.it\/wp-content\/uploads\/brb_media\/00548680_tyre-changer-ravg1190-spaga590-im-7105-m020-01_vsg_rev01_de-2024-07-pdf-106x150.png","description":""},{"id":150429,"url":"https:\/\/dev.codekraft.it\/ravaglioli.it\/wp-content\/uploads\/brb_media\/00548682_tyre-changer-ravg1190-spaga590-im-7105-m020-01_vsg_rev01_en-2024-07.pdf","title":"Tyre changer RAVG1190 SPAGA590 IM 7105 M020 01 VSG rev01 en 2024 07","mpn":"","thumbnail":"https:\/\/dev.codekraft.it\/ravaglioli.it\/wp-content\/uploads\/brb_media\/00548682_tyre-changer-ravg1190-spaga590-im-7105-m020-01_vsg_rev01_en-2024-07-pdf-106x150.png","description":""},{"id":150430,"url":"https:\/\/dev.codekraft.it\/ravaglioli.it\/wp-content\/uploads\/brb_media\/00548683_tyre-changer-ravg1190-spaga590-im-7105-m020-01_vsg_rev01_fr-2024-07.pdf","title":"Tyre changer RAVG1190 SPAGA590 IM 7105 M020 01 VSG rev01 fr 2024 07","mpn":"","thumbnail":"https:\/\/dev.codekraft.it\/ravaglioli.it\/wp-content\/uploads\/brb_media\/00548683_tyre-changer-ravg1190-spaga590-im-7105-m020-01_vsg_rev01_fr-2024-07-pdf-106x150.png","description":""},{"id":150431,"url":"https:\/\/dev.codekraft.it\/ravaglioli.it\/wp-content\/uploads\/brb_media\/00548684_tyre-changer-ravg1190-spaga590-im-7105-m020-01_vsg_rev01_it-2024-07.pdf","title":"Tyre changer RAVG1190 SPAGA590 IM 7105 M020 01 VSG rev01 it 2024 07","mpn":"","thumbnail":"https:\/\/dev.codekraft.it\/ravaglioli.it\/wp-content\/uploads\/brb_media\/00548684_tyre-changer-ravg1190-spaga590-im-7105-m020-01_vsg_rev01_it-2024-07-pdf-106x150.png","description":""},{"id":150432,"url":"https:\/\/dev.codekraft.it\/ravaglioli.it\/wp-content\/uploads\/brb_media\/00548685_tyre-changer-ravg1190-spaga590-im-7105-m020-01_vsg_rev01_es-2024-07.pdf","title":"Tyre changer RAVG1190 SPAGA590 IM 7105 M020 01 VSG rev01 es 2024 07","mpn":"","thumbnail":"https:\/\/dev.codekraft.it\/ravaglioli.it\/wp-content\/uploads\/brb_media\/00548685_tyre-changer-ravg1190-spaga590-im-7105-m020-01_vsg_rev01_es-2024-07-pdf-106x150.png","description":""}],"brb_media_safety_datasheets":"","brb_media_spare_parts":[],"_cdmm_p_id":"502378","_company":"Ravaglioli","_gtin":"5063084200822","accessories":[{"id":152143,"mpn":"GWDK13027","name":"Kit WDK pour d\u00e9monte pneus G1190.30-Series","description":"","thumbnail":"","url":"https:\/\/dev.codekraft.it\/ravaglioli.it\/fr\/product\/kit-wdk-pour-demonte-pneus-g1190-30-series\/"},{"id":155579,"mpn":"G1000A99NP","name":"\u00c8l\u00e9vateur pour roues avec blocage en position","description":"","thumbnail":"https:\/\/dev.codekraft.it\/ravaglioli.it\/wp-content\/uploads\/brb_media\/00506713_g1000a99np-150x150.png","url":"https:\/\/dev.codekraft.it\/ravaglioli.it\/fr\/product\/elevateur-pour-roues-avec-blocage-en-position-2\/"},{"id":155897,"mpn":"G1000A137","name":"Plaque de serrage de type Universel | pour jantes \u00e0 centre ferm\u00e9 et jantes invers\u00e9es | pour G1000A138","description":"Flasque universelle pour roues \u00e0 jante pleine \/ renvers\u00e9es","thumbnail":"https:\/\/dev.codekraft.it\/ravaglioli.it\/wp-content\/uploads\/brb_media\/00506682_g1000a137-01-150x150.png","url":"https:\/\/dev.codekraft.it\/ravaglioli.it\/fr\/product\/plaque-de-serrage-de-type-universel-pour-jantes-a-centre-ferme-et-jantes-inversees-pour-g1000a138\/"}],"components":[],"delivery":[{"id":155579,"mpn":"G1000A99NP","name":"\u00c8l\u00e9vateur pour roues avec blocage en position","description":"","thumbnail":"https:\/\/dev.codekraft.it\/ravaglioli.it\/wp-content\/uploads\/brb_media\/00506713_g1000a99np-150x150.png","url":"https:\/\/dev.codekraft.it\/ravaglioli.it\/fr\/product\/elevateur-pour-roues-avec-blocage-en-position-2\/"},{"id":153492,"mpn":"G1000A138","name":"\u00c9crou de serrage rapide pour jantes","description":"Dispositif de blocage avec flasque rapide pour d\u00e9monte-pneus","thumbnail":"https:\/\/dev.codekraft.it\/ravaglioli.it\/wp-content\/uploads\/brb_media\/00506684_g1000a138-150x150.png","url":"https:\/\/dev.codekraft.it\/ravaglioli.it\/fr\/product\/ecrou-de-serrage-rapide-pour-jantes\/"},{"id":155097,"mpn":"G1000A140","name":"Wulstboy avec dispositif de remorquage Standard","description":"Compris dans le kit WDK","thumbnail":"https:\/\/dev.codekraft.it\/ravaglioli.it\/wp-content\/uploads\/brb_media\/00506688_g1000a140-150x150.png","url":"https:\/\/dev.codekraft.it\/ravaglioli.it\/fr\/product\/wulstboy-avec-dispositif-de-remorquage-standard\/"}],"package":[],"related":[],"similar":[{"id":152137,"mpn":"RAV.G1190.200853","name":"D\u00e9monte-pneu G1190.30","description":"Sans levier, incl. pousse talon pneumatique, voiture de tourisme, diam\u00e8tre de jante 10 - 30\u2033, largeur de jante max. 15\u2033 | Certifi\u00e9 wdk","thumbnail":"https:\/\/dev.codekraft.it\/ravaglioli.it\/wp-content\/uploads\/brb_media\/00507108_tyre-changer-g119030-mi-03-150x150.png","url":"https:\/\/dev.codekraft.it\/ravaglioli.it\/fr\/product\/demonte-pneu-g1190-30\/"},{"id":156035,"mpn":"RAV.G1250.200037","name":"D\u00e9monte-pneu G1250.30PLUSIT","description":"Sans levier, automatique, incl. dispositif de gonflage tubeless, pousse talon pneumatique et pneumatique l\u00e9ve roue, voiture de tourisme, diam\u00e8tre de jante 10 - 30\u2033, largeur de jante max. 15\u2033 | Certifi\u00e9 wdk","thumbnail":"https:\/\/dev.codekraft.it\/ravaglioli.it\/wp-content\/uploads\/brb_media\/00505477_tyre-changer-g1250-30-mi-01-150x150.png","url":"https:\/\/dev.codekraft.it\/ravaglioli.it\/fr\/product\/demonte-pneu-g1250-30plusit\/"}],"page_logo_src":"https:\/\/dev.codekraft.it\/ravaglioli.it\/wp-content\/uploads\/2026\/04\/rav-negative-logo-1.png","lang":"fr","translations":{"fr":152149,"en":152147,"de":152148,"it":152150,"es":152151,"ru":152152},"pll_sync_post":[],"_links":{"self":[{"href":"https:\/\/dev.codekraft.it\/ravaglioli.it\/wp-json\/wp\/v2\/product\/152149","targetHints":{"allow":["GET"]}}],"collection":[{"href":"https:\/\/dev.codekraft.it\/ravaglioli.it\/wp-json\/wp\/v2\/product"}],"about":[{"href":"https:\/\/dev.codekraft.it\/ravaglioli.it\/wp-json\/wp\/v2\/types\/product"}],"wp:featuredmedia":[{"embeddable":true,"href":"https:\/\/dev.codekraft.it\/ravaglioli.it\/wp-json\/wp\/v2\/media\/42451"}],"wp:attachment":[{"href":"https:\/\/dev.codekraft.it\/ravaglioli.it\/wp-json\/wp\/v2\/media?parent=152149"}],"wp:term":[{"taxonomy":"product_brand","embeddable":true,"href":"https:\/\/dev.codekraft.it\/ravaglioli.it\/wp-json\/wp\/v2\/product_brand?post=152149"},{"taxonomy":"product_cat","embeddable":true,"href":"https:\/\/dev.codekraft.it\/ravaglioli.it\/wp-json\/wp\/v2\/product_cat?post=152149"},{"taxonomy":"product_tag","embeddable":true,"href":"https:\/\/dev.codekraft.it\/ravaglioli.it\/wp-json\/wp\/v2\/product_tag?post=152149"},{"taxonomy":"product_approvals","embeddable":true,"href":"https:\/\/dev.codekraft.it\/ravaglioli.it\/wp-json\/wp\/v2\/product_approvals?post=152149"},{"taxonomy":"product_application","embeddable":true,"href":"https:\/\/dev.codekraft.it\/ravaglioli.it\/wp-json\/wp\/v2\/product_application?post=152149"}],"curies":[{"name":"wp","href":"https:\/\/api.w.org\/{rel}","templated":true}]}}