{"id":152148,"date":"2025-11-20T14:27:07","date_gmt":"2025-11-20T14:27:07","guid":{"rendered":"https:\/\/dev.codekraft.it\/ravaglioli.it\/product\/reifenmontiermaschine-g1190-30it\/"},"modified":"2026-01-14T20:06:59","modified_gmt":"2026-01-14T20:06:59","slug":"reifenmontiermaschine-g1190-30it","status":"publish","type":"product","link":"https:\/\/dev.codekraft.it\/ravaglioli.it\/de\/product\/reifenmontiermaschine-g1190-30it\/","title":{"rendered":"Reifenmontiermaschine G1190.30IT"},"content":{"rendered":"<p>The Easisest Way to Work Tyres<\/p>\n<p>Die hebellose Reifenmontiermaschine ist mit einem patentierten Werkzeug ausgestattet, das eine schnelle und m\u00fchelose Arbeit auch mit neuen Reifentypen, Ultraniederquerschnittsreifen und Run-Flat-Reifen erm\u00f6glicht. Dank ihrer kompakten Konstruktion eignet sich die Maschine auch f\u00fcr Werkst\u00e4tten mit beengten Platzverh\u00e4ltnissen.<\/p>\n<ul>\n<li>Platzsparend: kompakte Konstruktion ohne jegliche Bowdenz\u00fcge an der R\u00fcckseite der Montages\u00e4ule<\/li>\n<li>Kraftsparend: Servogesteuerte Arme mit leichter und pr\u00e4ziser horizontaler Verstellung<\/li>\n<li>Zeitsparend: drei Zylinder f\u00fcr unabh\u00e4ngige und schnelle Bewegungen der Arme<\/li>\n<\/ul>\n<ul>\n<li>Die Drehgeschwindigkeit ist vom Bediener beliebig regelbar dank einem Invertermotor mit Drehzahlbegrenzer zum Schutz des Reifens bei zu hohen Kr\u00e4ften (0 &#8211; 15 U\/min).<\/li>\n<li>Doppelabdr\u00fcckrollensystem f\u00fcr die Wulst: Die Reifenwulst wird mit zwei gegen\u00fcberliegenden und synchronisierten Rollen schnell und sicher abgedr\u00fcckt.<\/li>\n<li>Hohe Kapazit\u00e4t: Die Zentralaufnahme mit Schwenkplatte (patentiert), die auch f\u00fcr Tiefbett-Felgen geeignet ist, verf\u00fcgt \u00fcber einen Selbstverriegelungsmechanismus, der dem Bediener die Arbeit erleichtert.<\/li>\n<li>Der Lernprozess des Bedieners wird durch eine benutzerfreundliche Konsole zur Steuerung von Rollen und Werkzeugen vereinfacht.<\/li>\n<li>Die Tasten auf der R\u00fcckseite erm\u00f6glichen dem Bediener, den Reifen nicht aus dem Auge zu lassen.<\/li>\n<li>Oberes Montagewerkzeug aus felgenschonendem Material f\u00fcr besch\u00e4digungsfreies Arbeiten an der Felge in Randn\u00e4he (Null-Stress-Effekt).<\/li>\n<li>Rollenvorschubtaste f\u00fcr ein korrektes und sicheres Abdr\u00fccken ohne Besch\u00e4digung von Felgenhorn und Drucksensor.<\/li>\n<li>Die Positionierung der drei Arme wird mit einem schmiermittelfreien Rollenkettensystem synchronisiert.<\/li>\n<\/ul>\n<ul>\n<li>Ausger\u00fcstet mit einem Pneumatischer Wulstniederhalter<\/li>\n<li>Schnellspannmutter f\u00fcr die Felgen<\/li>\n<li>Schneller Pedalreifenf\u00fcller mit Manometer und Schnellf\u00fcllventil<\/li>\n<li>Servogesteuerte Horizontalarmverstellung<\/li>\n<li>Patentierte TOP-Reifenf\u00fcllvorrichtung f\u00fcr kraftvolle und sichere Reifenbef\u00fcllung<\/li>\n<\/ul>\n","protected":false},"excerpt":{"rendered":"<p>Ohne Montiereisen, inkl. Tubeless-Reifenf\u00fcllvorrichtung und pneumatischem Wulstniederhalter, Pkw, Felgendurchmesser 10 &#8211; 30\u2033, max. Felgenbreite 15\u2033 | wdk-zertifiziert<\/p>\n","protected":false},"featured_media":42451,"template":"","meta":[],"product_brand":[],"product_cat":[57862],"product_tag":[58287,63154],"product_approvals":[],"product_application":[],"class_list":{"0":"post-152148","1":"product","2":"type-product","3":"status-publish","4":"has-post-thumbnail","6":"product_cat-reifenmontiermaschinen-de","7":"product_tag-passenger-cars-de","8":"product_tag-quickship-de","10":"first","11":"instock","12":"shipping-taxable","13":"product-type-simple"},"approvals":[],"application":[],"brb_media_brochure":[{"id":148996,"url":"https:\/\/dev.codekraft.it\/ravaglioli.it\/wp-content\/uploads\/brb_media\/00521427_tyre-changer-g119030-br-de-09-2023.pdf","title":"Tyre changer G119030 BR de 09 2023","mpn":"","thumbnail":"https:\/\/dev.codekraft.it\/ravaglioli.it\/wp-content\/uploads\/brb_media\/00521427_tyre-changer-g119030-br-de-09-2023-pdf-106x150.png","description":""},{"id":148997,"url":"https:\/\/dev.codekraft.it\/ravaglioli.it\/wp-content\/uploads\/brb_media\/00521428_tyre-changer-g119030-br-en-09-2023.pdf","title":"Tyre changer G119030 BR en 09 2023","mpn":"","thumbnail":"https:\/\/dev.codekraft.it\/ravaglioli.it\/wp-content\/uploads\/brb_media\/00521428_tyre-changer-g119030-br-en-09-2023-pdf-106x150.png","description":""},{"id":148998,"url":"https:\/\/dev.codekraft.it\/ravaglioli.it\/wp-content\/uploads\/brb_media\/00521429_tyre-changer-g119030-br-fr-09-2023.pdf","title":"Tyre changer G119030 BR fr 09 2023","mpn":"","thumbnail":"https:\/\/dev.codekraft.it\/ravaglioli.it\/wp-content\/uploads\/brb_media\/00521429_tyre-changer-g119030-br-fr-09-2023-pdf-106x150.png","description":""},{"id":148999,"url":"https:\/\/dev.codekraft.it\/ravaglioli.it\/wp-content\/uploads\/brb_media\/00521430_tyre-changer-g119030-br-it-09-2023.pdf","title":"Tyre changer G119030 BR it 09 2023","mpn":"","thumbnail":"https:\/\/dev.codekraft.it\/ravaglioli.it\/wp-content\/uploads\/brb_media\/00521430_tyre-changer-g119030-br-it-09-2023-pdf-106x150.png","description":""},{"id":149000,"url":"https:\/\/dev.codekraft.it\/ravaglioli.it\/wp-content\/uploads\/brb_media\/00521431_tyre-changer-g119030-br-es-09-2023.pdf","title":"Tyre changer G119030 BR es 09 2023","mpn":"","thumbnail":"https:\/\/dev.codekraft.it\/ravaglioli.it\/wp-content\/uploads\/brb_media\/00521431_tyre-changer-g119030-br-es-09-2023-pdf-106x150.png","description":""},{"id":149001,"url":"https:\/\/dev.codekraft.it\/ravaglioli.it\/wp-content\/uploads\/brb_media\/00521432_tyre-changer-g119030-br-ru-09-2023.pdf","title":"Tyre changer G119030 BR ru 09 2023","mpn":"","thumbnail":"https:\/\/dev.codekraft.it\/ravaglioli.it\/wp-content\/uploads\/brb_media\/00521432_tyre-changer-g119030-br-ru-09-2023-pdf-106x150.png","description":""}],"brb_media_drawing":"","brb_media_manuals":[{"id":150428,"url":"https:\/\/dev.codekraft.it\/ravaglioli.it\/wp-content\/uploads\/brb_media\/00548680_tyre-changer-ravg1190-spaga590-im-7105-m020-01_vsg_rev01_de-2024-07.pdf","title":"Tyre changer RAVG1190 SPAGA590 IM 7105 M020 01 VSG rev01 de 2024 07","mpn":"","thumbnail":"https:\/\/dev.codekraft.it\/ravaglioli.it\/wp-content\/uploads\/brb_media\/00548680_tyre-changer-ravg1190-spaga590-im-7105-m020-01_vsg_rev01_de-2024-07-pdf-106x150.png","description":""},{"id":150429,"url":"https:\/\/dev.codekraft.it\/ravaglioli.it\/wp-content\/uploads\/brb_media\/00548682_tyre-changer-ravg1190-spaga590-im-7105-m020-01_vsg_rev01_en-2024-07.pdf","title":"Tyre changer RAVG1190 SPAGA590 IM 7105 M020 01 VSG rev01 en 2024 07","mpn":"","thumbnail":"https:\/\/dev.codekraft.it\/ravaglioli.it\/wp-content\/uploads\/brb_media\/00548682_tyre-changer-ravg1190-spaga590-im-7105-m020-01_vsg_rev01_en-2024-07-pdf-106x150.png","description":""},{"id":150430,"url":"https:\/\/dev.codekraft.it\/ravaglioli.it\/wp-content\/uploads\/brb_media\/00548683_tyre-changer-ravg1190-spaga590-im-7105-m020-01_vsg_rev01_fr-2024-07.pdf","title":"Tyre changer RAVG1190 SPAGA590 IM 7105 M020 01 VSG rev01 fr 2024 07","mpn":"","thumbnail":"https:\/\/dev.codekraft.it\/ravaglioli.it\/wp-content\/uploads\/brb_media\/00548683_tyre-changer-ravg1190-spaga590-im-7105-m020-01_vsg_rev01_fr-2024-07-pdf-106x150.png","description":""},{"id":150431,"url":"https:\/\/dev.codekraft.it\/ravaglioli.it\/wp-content\/uploads\/brb_media\/00548684_tyre-changer-ravg1190-spaga590-im-7105-m020-01_vsg_rev01_it-2024-07.pdf","title":"Tyre changer RAVG1190 SPAGA590 IM 7105 M020 01 VSG rev01 it 2024 07","mpn":"","thumbnail":"https:\/\/dev.codekraft.it\/ravaglioli.it\/wp-content\/uploads\/brb_media\/00548684_tyre-changer-ravg1190-spaga590-im-7105-m020-01_vsg_rev01_it-2024-07-pdf-106x150.png","description":""},{"id":150432,"url":"https:\/\/dev.codekraft.it\/ravaglioli.it\/wp-content\/uploads\/brb_media\/00548685_tyre-changer-ravg1190-spaga590-im-7105-m020-01_vsg_rev01_es-2024-07.pdf","title":"Tyre changer RAVG1190 SPAGA590 IM 7105 M020 01 VSG rev01 es 2024 07","mpn":"","thumbnail":"https:\/\/dev.codekraft.it\/ravaglioli.it\/wp-content\/uploads\/brb_media\/00548685_tyre-changer-ravg1190-spaga590-im-7105-m020-01_vsg_rev01_es-2024-07-pdf-106x150.png","description":""}],"brb_media_safety_datasheets":"","brb_media_spare_parts":[],"_cdmm_p_id":"502378","_company":"Ravaglioli","_gtin":"5063084200822","accessories":[{"id":152142,"mpn":"GWDK13027","name":"WDK-Kit f\u00fcr Reifenmontiermaschinen der G1190.30-Serie","description":"","thumbnail":"","url":"https:\/\/dev.codekraft.it\/ravaglioli.it\/de\/product\/wdk-kit-fur-reifenmontiermaschinen-der-g1190-30-serie\/"},{"id":155578,"mpn":"G1000A99NP","name":"Radheber mit Positionsstop","description":"","thumbnail":"https:\/\/dev.codekraft.it\/ravaglioli.it\/wp-content\/uploads\/brb_media\/00506713_g1000a99np-150x150.png","url":"https:\/\/dev.codekraft.it\/ravaglioli.it\/de\/product\/radheber-mit-positionsstop-2\/"},{"id":155896,"mpn":"G1000A137","name":"Typenspannplatte Universal | f\u00fcr Felgen ohne Mittenloch und umgekehrte Felgen | f\u00fcr G1000A138","description":"Universalflansch f\u00fcr Blind- und Umkehrfelgen","thumbnail":"https:\/\/dev.codekraft.it\/ravaglioli.it\/wp-content\/uploads\/brb_media\/00506682_g1000a137-01-150x150.png","url":"https:\/\/dev.codekraft.it\/ravaglioli.it\/de\/product\/typenspannplatte-universal-fur-felgen-ohne-mittenloch-und-umgekehrte-felgen-fur-g1000a138\/"}],"components":[],"delivery":[{"id":155578,"mpn":"G1000A99NP","name":"Radheber mit Positionsstop","description":"","thumbnail":"https:\/\/dev.codekraft.it\/ravaglioli.it\/wp-content\/uploads\/brb_media\/00506713_g1000a99np-150x150.png","url":"https:\/\/dev.codekraft.it\/ravaglioli.it\/de\/product\/radheber-mit-positionsstop-2\/"},{"id":153491,"mpn":"G1000A138","name":"Schnellspannmutter f\u00fcr Felgen","description":"Schnellspannvorrichtung f\u00fcr Reifenmontiermaschinen","thumbnail":"https:\/\/dev.codekraft.it\/ravaglioli.it\/wp-content\/uploads\/brb_media\/00506684_g1000a138-150x150.png","url":"https:\/\/dev.codekraft.it\/ravaglioli.it\/de\/product\/schnellspannmutter-fur-felgen\/"},{"id":155096,"mpn":"G1000A140","name":"Wulstboy mit Zugvorrichtung Standard","description":"Im WDK-Kit enthalten","thumbnail":"https:\/\/dev.codekraft.it\/ravaglioli.it\/wp-content\/uploads\/brb_media\/00506688_g1000a140-150x150.png","url":"https:\/\/dev.codekraft.it\/ravaglioli.it\/de\/product\/wulstboy-mit-zugvorrichtung-standard\/"}],"package":[],"related":[],"similar":[{"id":152136,"mpn":"RAV.G1190.200853","name":"Reifenmontiermaschine G1190.30","description":"Ohne Montiereisen, inkl. pneumatischem Wulstniederhalter, Pkw, Felgendurchmesser 10 - 30\u2033, max. Felgenbreite 15\u2033 | wdk-zertifiziert","thumbnail":"https:\/\/dev.codekraft.it\/ravaglioli.it\/wp-content\/uploads\/brb_media\/00507108_tyre-changer-g119030-mi-03-150x150.png","url":"https:\/\/dev.codekraft.it\/ravaglioli.it\/de\/product\/reifenmontiermaschine-g1190-30\/"},{"id":156034,"mpn":"RAV.G1250.200037","name":"Reifenmontiermaschine G1250.30PLUSIT","description":"Ohne Montiereisen, automatisch, inkl. Tubeless-Reifenf\u00fcllvorrichtung, pneumatischem Wulstniederhalter und pneumatischem Radheber, Pkw, Felgendurchmesser 10 - 30\u2033, max. Felgenbreite 15\u2033 | wdk-zertifiziert","thumbnail":"https:\/\/dev.codekraft.it\/ravaglioli.it\/wp-content\/uploads\/brb_media\/00505477_tyre-changer-g1250-30-mi-01-150x150.png","url":"https:\/\/dev.codekraft.it\/ravaglioli.it\/de\/product\/reifenmontiermaschine-g1250-30plusit\/"}],"page_logo_src":"https:\/\/dev.codekraft.it\/ravaglioli.it\/wp-content\/uploads\/2026\/04\/rav-negative-logo-1.png","lang":"de","translations":{"de":152148,"en":152147,"fr":152149,"it":152150,"es":152151,"ru":152152},"pll_sync_post":[],"_links":{"self":[{"href":"https:\/\/dev.codekraft.it\/ravaglioli.it\/wp-json\/wp\/v2\/product\/152148","targetHints":{"allow":["GET"]}}],"collection":[{"href":"https:\/\/dev.codekraft.it\/ravaglioli.it\/wp-json\/wp\/v2\/product"}],"about":[{"href":"https:\/\/dev.codekraft.it\/ravaglioli.it\/wp-json\/wp\/v2\/types\/product"}],"wp:featuredmedia":[{"embeddable":true,"href":"https:\/\/dev.codekraft.it\/ravaglioli.it\/wp-json\/wp\/v2\/media\/42451"}],"wp:attachment":[{"href":"https:\/\/dev.codekraft.it\/ravaglioli.it\/wp-json\/wp\/v2\/media?parent=152148"}],"wp:term":[{"taxonomy":"product_brand","embeddable":true,"href":"https:\/\/dev.codekraft.it\/ravaglioli.it\/wp-json\/wp\/v2\/product_brand?post=152148"},{"taxonomy":"product_cat","embeddable":true,"href":"https:\/\/dev.codekraft.it\/ravaglioli.it\/wp-json\/wp\/v2\/product_cat?post=152148"},{"taxonomy":"product_tag","embeddable":true,"href":"https:\/\/dev.codekraft.it\/ravaglioli.it\/wp-json\/wp\/v2\/product_tag?post=152148"},{"taxonomy":"product_approvals","embeddable":true,"href":"https:\/\/dev.codekraft.it\/ravaglioli.it\/wp-json\/wp\/v2\/product_approvals?post=152148"},{"taxonomy":"product_application","embeddable":true,"href":"https:\/\/dev.codekraft.it\/ravaglioli.it\/wp-json\/wp\/v2\/product_application?post=152148"}],"curies":[{"name":"wp","href":"https:\/\/api.w.org\/{rel}","templated":true}]}}