{"id":152138,"date":"2025-11-20T10:26:31","date_gmt":"2025-11-20T10:26:31","guid":{"rendered":"https:\/\/dev.codekraft.it\/ravaglioli.it\/product\/smontagomme-g1190-30\/"},"modified":"2026-01-14T20:04:41","modified_gmt":"2026-01-14T20:04:41","slug":"smontagomme-g1190-30","status":"publish","type":"product","link":"https:\/\/dev.codekraft.it\/ravaglioli.it\/it\/product\/smontagomme-g1190-30\/","title":{"rendered":"Smontagomme G1190.30"},"content":{"rendered":"<p>The Easisest Way to Work Tyres<\/p>\n<p>Smontagomme dotato di un innovativo utensile senza leva (brevettato) che consente di lavorare rapidamente e senza sforzo anche su pneumatici di nuova concezione, con profilo ultra-ribassato e Run-Flat.<\/p>\n<ul>\n<li>Salvaspazio: configurazione compatta senza cavi sul retro della colonna<\/li>\n<li>Riduzione della fatica: bracci servoassistiti con regolazione orizzontale leggera e precisa<\/li>\n<li>Risparmio di tempo: tre cilindri per movimenti rapidi e indipendenti dei bracci<\/li>\n<\/ul>\n<ul>\n<li>L\u2019operatore pu\u00f2 controllare a piacere la velocit\u00e0 della ruota tramite il motore con inverter e limitatore di velocit\u00e0 per la protezione dello pneumatico da forze eccessive (0 &#8211; 15 giri\/min).<\/li>\n<li>Sistema di stallonatura a doppio disco: Lo pneumatico viene stallonato in modo rapido e sicuro da due dischi opposti sincronizzati.<\/li>\n<li>Elevata capacit\u00e0: L\u2019autocentrante a piattello flottante (brevettato), adatto anche per cerchioni a canale rovesciato, offre un meccanismo autobloccante che riduce lo sforzo richiesto all\u2019operatore.<\/li>\n<li>Il processo di apprendimento dell\u2019operatore risulta semplificato grazie a una console di uso agevole per l\u2019azionamento di rulli e utensili.<\/li>\n<li>La posizione ergonomica dei comandi consente all\u2019operatore di non distogliere lo sguardo dallo pneumatico.<\/li>\n<li>Utensile di montaggio superiore in materiale antigraffio per lavorare vicino al bordo dei cerchioni senza danneggiarli (assenza di sollecitazioni).<\/li>\n<li>Funzione di avanzamento dei dischi per una stallonatura corretta e sicura senza danni al fianco dello pneumatico e al sensore di pressione.<\/li>\n<li>Posizionamento sincronizzato dei tre bracci tramite un sistema a catena che non necessita di manutenzione e lubrificazione.<\/li>\n<\/ul>\n<ul>\n<li>Fornito di premitallone pneumatico<\/li>\n<li>Dispositivo di bloccaggio rapido dei cerchioni<\/li>\n<li>Gonfiaggio con azionamento a pedale, manometro e valvola di gonfiaggio rapido<\/li>\n<li>Regolazione orizzontale dei bracci servoassistita<\/li>\n<\/ul>\n","protected":false},"excerpt":{"rendered":"<p>Senza leva, incl. premitallone pneumatico, autovettura, diametro cerchione 10 &#8211; 30\u2033, larghezza cerchione max. 15\u2033 | Certificato wdk<\/p>\n","protected":false},"featured_media":37661,"template":"","meta":[],"product_brand":[],"product_cat":[57890],"product_tag":[58293,63160],"product_approvals":[],"product_application":[],"class_list":{"0":"post-152138","1":"product","2":"type-product","3":"status-publish","4":"has-post-thumbnail","6":"product_cat-smontagomme-it","7":"product_tag-passenger-cars-it","8":"product_tag-quickship-it","10":"first","11":"instock","12":"shipping-taxable","13":"product-type-simple"},"approvals":[],"application":[],"brb_media_brochure":[{"id":148996,"url":"https:\/\/dev.codekraft.it\/ravaglioli.it\/wp-content\/uploads\/brb_media\/00521427_tyre-changer-g119030-br-de-09-2023.pdf","title":"Tyre changer G119030 BR de 09 2023","mpn":"","thumbnail":"https:\/\/dev.codekraft.it\/ravaglioli.it\/wp-content\/uploads\/brb_media\/00521427_tyre-changer-g119030-br-de-09-2023-pdf-106x150.png","description":""},{"id":148997,"url":"https:\/\/dev.codekraft.it\/ravaglioli.it\/wp-content\/uploads\/brb_media\/00521428_tyre-changer-g119030-br-en-09-2023.pdf","title":"Tyre changer G119030 BR en 09 2023","mpn":"","thumbnail":"https:\/\/dev.codekraft.it\/ravaglioli.it\/wp-content\/uploads\/brb_media\/00521428_tyre-changer-g119030-br-en-09-2023-pdf-106x150.png","description":""},{"id":148998,"url":"https:\/\/dev.codekraft.it\/ravaglioli.it\/wp-content\/uploads\/brb_media\/00521429_tyre-changer-g119030-br-fr-09-2023.pdf","title":"Tyre changer G119030 BR fr 09 2023","mpn":"","thumbnail":"https:\/\/dev.codekraft.it\/ravaglioli.it\/wp-content\/uploads\/brb_media\/00521429_tyre-changer-g119030-br-fr-09-2023-pdf-106x150.png","description":""},{"id":148999,"url":"https:\/\/dev.codekraft.it\/ravaglioli.it\/wp-content\/uploads\/brb_media\/00521430_tyre-changer-g119030-br-it-09-2023.pdf","title":"Tyre changer G119030 BR it 09 2023","mpn":"","thumbnail":"https:\/\/dev.codekraft.it\/ravaglioli.it\/wp-content\/uploads\/brb_media\/00521430_tyre-changer-g119030-br-it-09-2023-pdf-106x150.png","description":""},{"id":149000,"url":"https:\/\/dev.codekraft.it\/ravaglioli.it\/wp-content\/uploads\/brb_media\/00521431_tyre-changer-g119030-br-es-09-2023.pdf","title":"Tyre changer G119030 BR es 09 2023","mpn":"","thumbnail":"https:\/\/dev.codekraft.it\/ravaglioli.it\/wp-content\/uploads\/brb_media\/00521431_tyre-changer-g119030-br-es-09-2023-pdf-106x150.png","description":""},{"id":149001,"url":"https:\/\/dev.codekraft.it\/ravaglioli.it\/wp-content\/uploads\/brb_media\/00521432_tyre-changer-g119030-br-ru-09-2023.pdf","title":"Tyre changer G119030 BR ru 09 2023","mpn":"","thumbnail":"https:\/\/dev.codekraft.it\/ravaglioli.it\/wp-content\/uploads\/brb_media\/00521432_tyre-changer-g119030-br-ru-09-2023-pdf-106x150.png","description":""}],"brb_media_drawing":"","brb_media_manuals":[{"id":150428,"url":"https:\/\/dev.codekraft.it\/ravaglioli.it\/wp-content\/uploads\/brb_media\/00548680_tyre-changer-ravg1190-spaga590-im-7105-m020-01_vsg_rev01_de-2024-07.pdf","title":"Tyre changer RAVG1190 SPAGA590 IM 7105 M020 01 VSG rev01 de 2024 07","mpn":"","thumbnail":"https:\/\/dev.codekraft.it\/ravaglioli.it\/wp-content\/uploads\/brb_media\/00548680_tyre-changer-ravg1190-spaga590-im-7105-m020-01_vsg_rev01_de-2024-07-pdf-106x150.png","description":""},{"id":150429,"url":"https:\/\/dev.codekraft.it\/ravaglioli.it\/wp-content\/uploads\/brb_media\/00548682_tyre-changer-ravg1190-spaga590-im-7105-m020-01_vsg_rev01_en-2024-07.pdf","title":"Tyre changer RAVG1190 SPAGA590 IM 7105 M020 01 VSG rev01 en 2024 07","mpn":"","thumbnail":"https:\/\/dev.codekraft.it\/ravaglioli.it\/wp-content\/uploads\/brb_media\/00548682_tyre-changer-ravg1190-spaga590-im-7105-m020-01_vsg_rev01_en-2024-07-pdf-106x150.png","description":""},{"id":150430,"url":"https:\/\/dev.codekraft.it\/ravaglioli.it\/wp-content\/uploads\/brb_media\/00548683_tyre-changer-ravg1190-spaga590-im-7105-m020-01_vsg_rev01_fr-2024-07.pdf","title":"Tyre changer RAVG1190 SPAGA590 IM 7105 M020 01 VSG rev01 fr 2024 07","mpn":"","thumbnail":"https:\/\/dev.codekraft.it\/ravaglioli.it\/wp-content\/uploads\/brb_media\/00548683_tyre-changer-ravg1190-spaga590-im-7105-m020-01_vsg_rev01_fr-2024-07-pdf-106x150.png","description":""},{"id":150431,"url":"https:\/\/dev.codekraft.it\/ravaglioli.it\/wp-content\/uploads\/brb_media\/00548684_tyre-changer-ravg1190-spaga590-im-7105-m020-01_vsg_rev01_it-2024-07.pdf","title":"Tyre changer RAVG1190 SPAGA590 IM 7105 M020 01 VSG rev01 it 2024 07","mpn":"","thumbnail":"https:\/\/dev.codekraft.it\/ravaglioli.it\/wp-content\/uploads\/brb_media\/00548684_tyre-changer-ravg1190-spaga590-im-7105-m020-01_vsg_rev01_it-2024-07-pdf-106x150.png","description":""},{"id":150432,"url":"https:\/\/dev.codekraft.it\/ravaglioli.it\/wp-content\/uploads\/brb_media\/00548685_tyre-changer-ravg1190-spaga590-im-7105-m020-01_vsg_rev01_es-2024-07.pdf","title":"Tyre changer RAVG1190 SPAGA590 IM 7105 M020 01 VSG rev01 es 2024 07","mpn":"","thumbnail":"https:\/\/dev.codekraft.it\/ravaglioli.it\/wp-content\/uploads\/brb_media\/00548685_tyre-changer-ravg1190-spaga590-im-7105-m020-01_vsg_rev01_es-2024-07-pdf-106x150.png","description":""}],"brb_media_safety_datasheets":"","brb_media_spare_parts":[],"_cdmm_p_id":"502375","_company":"Ravaglioli","_gtin":"5063084200853","accessories":[{"id":155581,"mpn":"G1000A99NP","name":"Sollevatore ruote con bloccaggio i n posizione","description":"","thumbnail":"https:\/\/dev.codekraft.it\/ravaglioli.it\/wp-content\/uploads\/brb_media\/00506713_g1000a99np-150x150.png","url":"https:\/\/dev.codekraft.it\/ravaglioli.it\/it\/product\/sollevatore-ruote-con-bloccaggio-i-n-posizione\/"},{"id":155898,"mpn":"G1000A137","name":"Piastra di serraggio Universale | per cerchi senza foro centrale e cerchi rovesciato | per G1000A138","description":"Flangia universale per ruote cieche \/ rovescie","thumbnail":"https:\/\/dev.codekraft.it\/ravaglioli.it\/wp-content\/uploads\/brb_media\/00506682_g1000a137-01-150x150.png","url":"https:\/\/dev.codekraft.it\/ravaglioli.it\/it\/product\/piastra-di-serraggio-universale-per-cerchi-senza-foro-centrale-e-cerchi-rovesciato-per-g1000a138\/"},{"id":152144,"mpn":"GWDK13027","name":"Set WDK per smontagomme serie G1190.30","description":"","thumbnail":"","url":"https:\/\/dev.codekraft.it\/ravaglioli.it\/it\/product\/set-wdk-per-smontagomme-serie-g1190-30\/"}],"components":[],"delivery":[{"id":155581,"mpn":"G1000A99NP","name":"Sollevatore ruote con bloccaggio i n posizione","description":"","thumbnail":"https:\/\/dev.codekraft.it\/ravaglioli.it\/wp-content\/uploads\/brb_media\/00506713_g1000a99np-150x150.png","url":"https:\/\/dev.codekraft.it\/ravaglioli.it\/it\/product\/sollevatore-ruote-con-bloccaggio-i-n-posizione\/"},{"id":155098,"mpn":"G1000A140","name":"Wulstboy con dispositivo di traino Standard","description":"Incluso nel kit WDK","thumbnail":"https:\/\/dev.codekraft.it\/ravaglioli.it\/wp-content\/uploads\/brb_media\/00506688_g1000a140-150x150.png","url":"https:\/\/dev.codekraft.it\/ravaglioli.it\/it\/product\/wulstboy-con-dispositivo-di-traino-standard\/"}],"package":[],"related":[],"similar":[{"id":152150,"mpn":"RAV.G1190.200822","name":"Smontagomme G1190.30IT","description":"Senza leva, incl. dispositivo di gonfiaggio tubeless e premitallone pneumatico, autovettura, diametro cerchione 10 - 30\u2033, larghezza cerchione max. 15\u2033 | Certificato wdk","thumbnail":"https:\/\/dev.codekraft.it\/ravaglioli.it\/wp-content\/uploads\/brb_media\/00507110_tyre-changer-g119030-mi-02-150x150.png","url":"https:\/\/dev.codekraft.it\/ravaglioli.it\/it\/product\/smontagomme-g1190-30it\/"},{"id":156030,"mpn":"RAV.G1250.200129","name":"Smontagomme G1250.30PLUS","description":"Senza leva, automatico, incl. premitallone pneumatico e sollevatore pneumatico ruote, autovettura, diametro cerchione 10 - 30\u2033, larghezza cerchione max. 15\u2033 | Certificato wdk","thumbnail":"https:\/\/dev.codekraft.it\/ravaglioli.it\/wp-content\/uploads\/brb_media\/00528417_tyre-changer-g125030plus-mi-150x150.png","url":"https:\/\/dev.codekraft.it\/ravaglioli.it\/it\/product\/smontagomme-g1250-30plus\/"}],"page_logo_src":"https:\/\/dev.codekraft.it\/ravaglioli.it\/wp-content\/uploads\/2026\/04\/rav-negative-logo-1.png","lang":"it","translations":{"it":152138,"en":152135,"de":152136,"fr":152137,"es":152139,"ru":152140},"pll_sync_post":[],"_links":{"self":[{"href":"https:\/\/dev.codekraft.it\/ravaglioli.it\/wp-json\/wp\/v2\/product\/152138","targetHints":{"allow":["GET"]}}],"collection":[{"href":"https:\/\/dev.codekraft.it\/ravaglioli.it\/wp-json\/wp\/v2\/product"}],"about":[{"href":"https:\/\/dev.codekraft.it\/ravaglioli.it\/wp-json\/wp\/v2\/types\/product"}],"wp:featuredmedia":[{"embeddable":true,"href":"https:\/\/dev.codekraft.it\/ravaglioli.it\/wp-json\/wp\/v2\/media\/37661"}],"wp:attachment":[{"href":"https:\/\/dev.codekraft.it\/ravaglioli.it\/wp-json\/wp\/v2\/media?parent=152138"}],"wp:term":[{"taxonomy":"product_brand","embeddable":true,"href":"https:\/\/dev.codekraft.it\/ravaglioli.it\/wp-json\/wp\/v2\/product_brand?post=152138"},{"taxonomy":"product_cat","embeddable":true,"href":"https:\/\/dev.codekraft.it\/ravaglioli.it\/wp-json\/wp\/v2\/product_cat?post=152138"},{"taxonomy":"product_tag","embeddable":true,"href":"https:\/\/dev.codekraft.it\/ravaglioli.it\/wp-json\/wp\/v2\/product_tag?post=152138"},{"taxonomy":"product_approvals","embeddable":true,"href":"https:\/\/dev.codekraft.it\/ravaglioli.it\/wp-json\/wp\/v2\/product_approvals?post=152138"},{"taxonomy":"product_application","embeddable":true,"href":"https:\/\/dev.codekraft.it\/ravaglioli.it\/wp-json\/wp\/v2\/product_application?post=152138"}],"curies":[{"name":"wp","href":"https:\/\/api.w.org\/{rel}","templated":true}]}}