{"id":152073,"date":"2025-06-18T12:27:53","date_gmt":"2025-06-18T11:27:53","guid":{"rendered":"https:\/\/dev.codekraft.it\/ravaglioli.it\/product\/detector-de-holgura-200-series\/"},"modified":"2026-01-14T20:02:01","modified_gmt":"2026-01-14T20:02:01","slug":"detector-de-holgura-200-series","status":"publish","type":"product","link":"https:\/\/dev.codekraft.it\/ravaglioli.it\/es\/product\/detector-de-holgura-200-series\/","title":{"rendered":"Detector de holgura 200 Series"},"content":{"rendered":"<p>El equipo genera una solicitaci\u00f3n alternada sobre las ruedas y luego sobre los \u00f3rganos de la gu\u00eda, de suspensiones permitiendo la verificaci\u00f3n visiva de eventuales defectos (juego de junta esferal, silent block, ataque amortiguadores, etc.)<\/p>\n<ul>\n<li>Accionamiento electro-hidraulico<\/li>\n<li>Placas con superficie almohadillada para evitar deslizamiento de placa-rueda<\/li>\n<li>Posibilidad de instalaci\u00f3n: al suelo, encajonada, en hoya<\/li>\n<li>Para turismos y veh\u00edculos comerciales ligeros &#8211; Incluye los modelos nuevos de conformidad con la Directiva 2014\/45 de la UE<\/li>\n<li>Para veh\u00edculos comerciales y turismos &#8211; Las mangueras hidr\u00e1ulicas entre la unidad de control y las placas no est\u00e1n incluidas y deben a\u00f1adirse en el momento de la instalaci\u00f3n<\/li>\n<\/ul>\n<ul>\n<li>Interruptor general sobre consola<\/li>\n<li>Bot\u00f3n de accionamiento sobre lampara de iluminaci\u00f3n<\/li>\n<li>En baja tensi\u00f3n<\/li>\n<li>Mandos de accionamiento de placas en la antorcha con cable de 5500 mm<\/li>\n<\/ul>\n","protected":false},"excerpt":{"rendered":"<p>El equipo genera una solicitaci\u00f3n alternada sobre las ruedas y luego sobre los \u00f3rganos de la gu\u00eda, de suspensiones permitiendo la verificaci\u00f3n visiva de eventuales defectos (juego de junta esferal, silent block, ataque amortiguadores, etc.) Accionamiento electro-hidraulico Placas con superficie almohadillada para evitar deslizamiento de placa-rueda Posibilidad de instalaci\u00f3n: al suelo, encajonada, en hoya Para [&hellip;]<\/p>\n","protected":false},"featured_media":39748,"template":"","meta":[],"product_brand":[],"product_cat":[57998],"product_tag":[58296,58332],"product_approvals":[],"product_application":[],"class_list":{"0":"post-152073","1":"product","2":"type-product","3":"status-publish","4":"has-post-thumbnail","6":"product_cat-frenometros-lineas-itv-es","7":"product_tag-passenger-cars-es","8":"product_tag-light-commercial-es","10":"first","11":"instock","12":"shipping-taxable","13":"product-type-simple"},"approvals":[],"application":[],"brb_media_brochure":[{"id":39749,"url":"https:\/\/dev.codekraft.it\/ravaglioli.it\/wp-content\/uploads\/brb_media\/00506485_diagnostic-play-detector-br-multi-2023-03-screen.pdf","title":"Diagnostic Play Detector BR multi 2023 03 screen","mpn":"","thumbnail":"https:\/\/dev.codekraft.it\/ravaglioli.it\/wp-content\/uploads\/brb_media\/00506485_diagnostic-play-detector-br-multi-2023-03-screen-pdf-106x150.png","description":""}],"brb_media_drawing":"","brb_media_manuals":"","brb_media_safety_datasheets":"","brb_media_spare_parts":[],"_cdmm_p_id":"501906","_company":"Ravaglioli","_gtin":"","accessories":[{"id":152079,"mpn":"VARR200\/3BTH","name":"Control Bluetooth para detector de holgura R200, R200I, R203, R203I y R203\/8","description":"Mando y lampara conexi\u00f3n Bluetooth","thumbnail":"https:\/\/dev.codekraft.it\/ravaglioli.it\/wp-content\/uploads\/brb_media\/00506529_diagnostic-play-detectors-mi-150x150.png","url":"https:\/\/dev.codekraft.it\/ravaglioli.it\/es\/product\/control-bluetooth-para-detector-de-holgura-r200-r200i-r203-r203i-y-r203-8\/"},{"id":152085,"mpn":"VARR200\/8BTH","name":"Control bluetooth para detector de holgura R200\/8I, R200\/8, R202\/8I y R202\/8","description":"Mando y lampara conexi\u00f3n Bluetooth","thumbnail":"https:\/\/dev.codekraft.it\/ravaglioli.it\/wp-content\/uploads\/brb_media\/00506529_diagnostic-play-detectors-mi-150x150.png","url":"https:\/\/dev.codekraft.it\/ravaglioli.it\/es\/product\/control-bluetooth-para-detector-de-holgura-r200-8i-r200-8-r202-8i-y-r202-8\/"}],"components":[],"delivery":[],"package":[],"related":[],"similar":[],"page_logo_src":"https:\/\/dev.codekraft.it\/ravaglioli.it\/wp-content\/uploads\/2026\/04\/rav-negative-logo-1.png","lang":"es","translations":{"es":152073,"en":152069,"de":152070,"fr":152071,"it":152072,"ru":152074},"pll_sync_post":[],"_links":{"self":[{"href":"https:\/\/dev.codekraft.it\/ravaglioli.it\/wp-json\/wp\/v2\/product\/152073","targetHints":{"allow":["GET"]}}],"collection":[{"href":"https:\/\/dev.codekraft.it\/ravaglioli.it\/wp-json\/wp\/v2\/product"}],"about":[{"href":"https:\/\/dev.codekraft.it\/ravaglioli.it\/wp-json\/wp\/v2\/types\/product"}],"wp:featuredmedia":[{"embeddable":true,"href":"https:\/\/dev.codekraft.it\/ravaglioli.it\/wp-json\/wp\/v2\/media\/39748"}],"wp:attachment":[{"href":"https:\/\/dev.codekraft.it\/ravaglioli.it\/wp-json\/wp\/v2\/media?parent=152073"}],"wp:term":[{"taxonomy":"product_brand","embeddable":true,"href":"https:\/\/dev.codekraft.it\/ravaglioli.it\/wp-json\/wp\/v2\/product_brand?post=152073"},{"taxonomy":"product_cat","embeddable":true,"href":"https:\/\/dev.codekraft.it\/ravaglioli.it\/wp-json\/wp\/v2\/product_cat?post=152073"},{"taxonomy":"product_tag","embeddable":true,"href":"https:\/\/dev.codekraft.it\/ravaglioli.it\/wp-json\/wp\/v2\/product_tag?post=152073"},{"taxonomy":"product_approvals","embeddable":true,"href":"https:\/\/dev.codekraft.it\/ravaglioli.it\/wp-json\/wp\/v2\/product_approvals?post=152073"},{"taxonomy":"product_application","embeddable":true,"href":"https:\/\/dev.codekraft.it\/ravaglioli.it\/wp-json\/wp\/v2\/product_application?post=152073"}],"curies":[{"name":"wp","href":"https:\/\/api.w.org\/{rel}","templated":true}]}}