{"id":152058,"date":"2025-12-11T10:11:40","date_gmt":"2025-12-11T10:11:40","guid":{"rendered":"https:\/\/dev.codekraft.it\/ravaglioli.it\/product\/bodenausgleich-fur-hdvl-25-35-90-i\/"},"modified":"2026-01-14T20:01:54","modified_gmt":"2026-01-14T20:01:54","slug":"bodenausgleich-fur-hdvl-25-35-90-i","status":"publish","type":"product","link":"https:\/\/dev.codekraft.it\/ravaglioli.it\/de\/product\/bodenausgleich-fur-hdvl-25-35-90-i\/","title":{"rendered":"Bodenausgleich f\u00fcr HDVL 25\/35-90-I"},"content":{"rendered":"<ul>\n<li>Zum Abdecken der Fundament\u00f6ffnung bei angehobener Hebeb\u00fchne<\/li>\n<li>Sicherheit gegen unbeabsichtigtes hineintreten in die Fundamentgrube<\/li>\n<\/ul>\n","protected":false},"excerpt":{"rendered":"<p>Sicherheitsabdeckung der Fundament\u00f6ffnung bei angehobener Hebeb\u00fchne, Tragf\u00e4higkeit 500 kg | f\u00fcr HDVL-Hebeb\u00fchne mit 9 m Schienenl\u00e4nge<\/p>\n","protected":false},"featured_media":152051,"template":"","meta":[],"product_brand":[],"product_cat":[58168],"product_tag":[58374,58357,58323,58340],"product_approvals":[],"product_application":[],"class_list":{"0":"post-152058","1":"product","2":"type-product","3":"status-publish","4":"has-post-thumbnail","6":"product_cat-zubehor-scheren-hebebuhnen-de","7":"product_tag-buses-de","8":"product_tag-trucks-de","9":"product_tag-light-commercial-de","10":"product_tag-motor-homes-de","12":"first","13":"instock","14":"shipping-taxable","15":"product-type-simple"},"approvals":[],"application":[],"brb_media_brochure":"","brb_media_drawing":"","brb_media_manuals":"","brb_media_safety_datasheets":"","brb_media_spare_parts":[],"_cdmm_p_id":"501899","_company":"VSG","_gtin":"4057612828153","accessories":[],"components":[],"delivery":[],"package":[],"related":[],"similar":[],"page_logo_src":"https:\/\/dev.codekraft.it\/ravaglioli.it\/wp-content\/uploads\/2026\/04\/rav-negative-logo-1.png","lang":"de","translations":{"de":152058,"en":152057,"fr":152059,"it":152060,"es":152061,"ru":152062},"pll_sync_post":[],"_links":{"self":[{"href":"https:\/\/dev.codekraft.it\/ravaglioli.it\/wp-json\/wp\/v2\/product\/152058","targetHints":{"allow":["GET"]}}],"collection":[{"href":"https:\/\/dev.codekraft.it\/ravaglioli.it\/wp-json\/wp\/v2\/product"}],"about":[{"href":"https:\/\/dev.codekraft.it\/ravaglioli.it\/wp-json\/wp\/v2\/types\/product"}],"wp:featuredmedia":[{"embeddable":true,"href":"https:\/\/dev.codekraft.it\/ravaglioli.it\/wp-json\/wp\/v2\/media\/152051"}],"wp:attachment":[{"href":"https:\/\/dev.codekraft.it\/ravaglioli.it\/wp-json\/wp\/v2\/media?parent=152058"}],"wp:term":[{"taxonomy":"product_brand","embeddable":true,"href":"https:\/\/dev.codekraft.it\/ravaglioli.it\/wp-json\/wp\/v2\/product_brand?post=152058"},{"taxonomy":"product_cat","embeddable":true,"href":"https:\/\/dev.codekraft.it\/ravaglioli.it\/wp-json\/wp\/v2\/product_cat?post=152058"},{"taxonomy":"product_tag","embeddable":true,"href":"https:\/\/dev.codekraft.it\/ravaglioli.it\/wp-json\/wp\/v2\/product_tag?post=152058"},{"taxonomy":"product_approvals","embeddable":true,"href":"https:\/\/dev.codekraft.it\/ravaglioli.it\/wp-json\/wp\/v2\/product_approvals?post=152058"},{"taxonomy":"product_application","embeddable":true,"href":"https:\/\/dev.codekraft.it\/ravaglioli.it\/wp-json\/wp\/v2\/product_application?post=152058"}],"curies":[{"name":"wp","href":"https:\/\/api.w.org\/{rel}","templated":true}]}}