{"id":152048,"date":"2025-12-11T10:11:40","date_gmt":"2025-12-11T10:11:40","guid":{"rendered":"https:\/\/dev.codekraft.it\/ravaglioli.it\/product\/caballete-de-apoyo\/"},"modified":"2026-01-14T20:01:51","modified_gmt":"2026-01-14T20:01:51","slug":"caballete-de-apoyo","status":"publish","type":"product","link":"https:\/\/dev.codekraft.it\/ravaglioli.it\/es\/product\/caballete-de-apoyo\/","title":{"rendered":"Caballete de apoyo"},"content":{"rendered":"<ul>\n<li>Muy alta calidad, dise\u00f1o robusto<\/li>\n<li>Altura ajustable en pasos de 6 x 100 mm, adicionalmente con\u00a0parte superior ajustable sin escalonamiento (115 mm)<\/li>\n<li>2 soportes intercambiables (soporte en U, soporte de prisma)<\/li>\n<li>M\u00f3vil y f\u00e1cil de desplazar mediante inclinaci\u00f3n<\/li>\n<li>2 ruedas<\/li>\n<li>Con dispositivo antigiro<\/li>\n<\/ul>\n","protected":false},"excerpt":{"rendered":"<p>10000 kg, 1235 &#8211; 2040 mm, altura regulable en 6 pasos de 100 mm, adicionalmente con parte superior ajustable sin escalonamiento (115 mm), 2 ruedas, soporte en U y soporte de prisma (intercambiables) | Gris (RAL 7040)<\/p>\n","protected":false},"featured_media":149938,"template":"","meta":[],"product_brand":[],"product_cat":[58248],"product_tag":[58383,58366,58349,58332],"product_approvals":[],"product_application":[],"class_list":{"0":"post-152048","1":"product","2":"type-product","3":"status-publish","4":"has-post-thumbnail","6":"product_cat-accesorios-elevadores-de-columna-moviles-es","7":"product_tag-buses-es","8":"product_tag-trucks-es","9":"product_tag-motor-homes-es","10":"product_tag-light-commercial-es","12":"first","13":"instock","14":"shipping-taxable","15":"product-type-simple"},"approvals":[],"application":[],"brb_media_brochure":"","brb_media_drawing":"","brb_media_manuals":"","brb_media_safety_datasheets":"","brb_media_spare_parts":[],"_cdmm_p_id":"501897","_company":"VSG","_gtin":"4057612820195","accessories":[],"components":[],"delivery":[],"package":[],"related":[],"similar":[{"id":155434,"mpn":"S260A1","name":"Caballete de apoyo","description":"7500 kg, 1330 - 2030 mm, altura ajustable en pasos de 7 x 100 mm, 2 ruedas, soporte en U | Gris (RAL 7040)","thumbnail":"https:\/\/dev.codekraft.it\/ravaglioli.it\/wp-content\/uploads\/brb_media\/00535518_mobile-columns-s260a1-mi-150x150.png","url":"https:\/\/dev.codekraft.it\/ravaglioli.it\/es\/product\/caballete-de-apoyo-3\/"}],"page_logo_src":"https:\/\/dev.codekraft.it\/ravaglioli.it\/wp-content\/uploads\/2026\/04\/rav-negative-logo-1.png","lang":"es","translations":{"es":152048,"en":152044,"de":152045,"fr":152046,"it":152047,"ru":152049},"pll_sync_post":[],"_links":{"self":[{"href":"https:\/\/dev.codekraft.it\/ravaglioli.it\/wp-json\/wp\/v2\/product\/152048","targetHints":{"allow":["GET"]}}],"collection":[{"href":"https:\/\/dev.codekraft.it\/ravaglioli.it\/wp-json\/wp\/v2\/product"}],"about":[{"href":"https:\/\/dev.codekraft.it\/ravaglioli.it\/wp-json\/wp\/v2\/types\/product"}],"wp:featuredmedia":[{"embeddable":true,"href":"https:\/\/dev.codekraft.it\/ravaglioli.it\/wp-json\/wp\/v2\/media\/149938"}],"wp:attachment":[{"href":"https:\/\/dev.codekraft.it\/ravaglioli.it\/wp-json\/wp\/v2\/media?parent=152048"}],"wp:term":[{"taxonomy":"product_brand","embeddable":true,"href":"https:\/\/dev.codekraft.it\/ravaglioli.it\/wp-json\/wp\/v2\/product_brand?post=152048"},{"taxonomy":"product_cat","embeddable":true,"href":"https:\/\/dev.codekraft.it\/ravaglioli.it\/wp-json\/wp\/v2\/product_cat?post=152048"},{"taxonomy":"product_tag","embeddable":true,"href":"https:\/\/dev.codekraft.it\/ravaglioli.it\/wp-json\/wp\/v2\/product_tag?post=152048"},{"taxonomy":"product_approvals","embeddable":true,"href":"https:\/\/dev.codekraft.it\/ravaglioli.it\/wp-json\/wp\/v2\/product_approvals?post=152048"},{"taxonomy":"product_application","embeddable":true,"href":"https:\/\/dev.codekraft.it\/ravaglioli.it\/wp-json\/wp\/v2\/product_application?post=152048"}],"curies":[{"name":"wp","href":"https:\/\/api.w.org\/{rel}","templated":true}]}}