{"id":4841,"date":"2023-03-21T00:08:15","date_gmt":"2023-03-21T00:08:15","guid":{"rendered":"https:\/\/dev.codekraft.it\/ravaglioli.it\/?page_id=4841"},"modified":"2023-09-10T14:28:44","modified_gmt":"2023-09-10T13:28:44","slug":"connexion","status":"publish","type":"page","link":"https:\/\/dev.codekraft.it\/ravaglioli.it\/fr\/connexion\/","title":{"rendered":"Connexion"},"content":{"rendered":"\n<div class=\"wp-block-group alignfull has-global-padding is-layout-constrained wp-container-core-group-is-layout-82167539 wp-block-group-is-layout-constrained\" style=\"padding-top:0;padding-right:0;padding-bottom:0;padding-left:0\">\n<div class=\"wp-block-group alignfull has-global-padding is-layout-constrained wp-container-core-group-is-layout-46b365e2 wp-block-group-is-layout-constrained\" style=\"padding-top:0;padding-right:0;padding-bottom:0;padding-left:0;line-height:0\">\n<div class=\"wp-block-cover alignfull\" style=\"min-height:563px;aspect-ratio:unset;\"><span aria-hidden=\"true\" class=\"wp-block-cover__background has-primary-background-color has-background-dim-100 has-background-dim\"><\/span><div class=\"wp-block-cover__inner-container is-layout-flow wp-block-cover-is-layout-flow\">\n<div class=\"wp-block-group has-global-padding is-layout-constrained wp-container-core-group-is-layout-daca1d94 wp-block-group-is-layout-constrained\">\n<div style=\"display:table;width:inherit\" class=\"wp-block-codekraft-oh-my-svg aligncenter\"><svg width=\"81\" height=\"78\" viewBox=\"0 0 81.523 78.426\" xmlns=\"http:\/\/www.w3.org\/2000\/svg\">   <g id=\"noun-login-1364411\" transform=\"translate(-130.431 -68.77)\">     <path id=\"Tracciato_3864\" data-name=\"Tracciato 3864\" d=\"M190.123,189.212,175.35,204.941a2.079,2.079,0,0,0,3.025,2.848l18.078-19.232.1-.135.125-.156h0c.038-.061.073-.123.1-.187,0-.052.062-.1.083-.156a2.153,2.153,0,0,0,.073-.229v-.146a2.062,2.062,0,0,0,0-.8V186.6a2.153,2.153,0,0,0-.073-.229c0-.052-.052-.1-.083-.156s-.066-.126-.1-.187l-.125-.156-.1-.135-18.1-19.264a2.079,2.079,0,0,0-3.005,2.848l14.773,15.729H132.51a2.079,2.079,0,0,0,0,4.158Z\" transform=\"translate(0 -79.151)\" fill=\"#fff\"><\/path>     <path id=\"Tracciato_3865\" data-name=\"Tracciato 3865\" d=\"M265.953,68.77H210.636a6.238,6.238,0,0,0-6.238,6.237V88.231a2.079,2.079,0,0,0,4.159,0V75.007a2.079,2.079,0,0,1,2.079-2.079h55.317a2.08,2.08,0,0,1,2.079,2.079v65.952a2.08,2.08,0,0,1-2.079,2.079H210.636a2.079,2.079,0,0,1-2.079-2.079V127.735a2.079,2.079,0,0,0-4.159,0v13.224a6.238,6.238,0,0,0,6.238,6.237h55.317a6.237,6.237,0,0,0,6.237-6.237V75.007a6.237,6.237,0,0,0-6.237-6.237Z\" transform=\"translate(-60.236 0)\" fill=\"#fff\"><\/path>   <\/g> <\/svg><\/div>\n\n\n\n<div class=\"wp-block-group has-global-padding is-layout-constrained wp-container-core-group-is-layout-0ca39a12 wp-block-group-is-layout-constrained\"><h1 style=\"font-style:normal;font-weight:800;\" class=\"has-text-align-center wp-block-post-title has-xxx-large-font-size\">Connexion<\/h1><\/div>\n<\/div>\n<\/div><\/div>\n\n\n\n<div style=\"margin-top:0;margin-right:0;margin-bottom:0;margin-left:0;display:flex;max-width:inherit;width:100%\" class=\"wp-block-codekraft-oh-my-svg alignfull vsge-bar\"><svg height=\"8\" width=\"1920\" viewBox=\"0 0 1920 8\" preserveAspectRatio=\"none\" xmlns=\"http:\/\/www.w3.org\/2000\/svg\"><linearGradient gradientUnits=\"userSpaceOnUse\" y2=\"4\" y1=\"4\" x2=\"1920\" x1=\".001\" id=\"a\"><stop stop-color=\"#002d53\" offset=\"0\"><\/stop><stop stop-color=\"#0e98c3\" offset=\".084\"><\/stop><stop stop-color=\"#17bde7\" offset=\".175\"><\/stop><stop stop-color=\"#1fb8b8\" offset=\".234\"><\/stop><stop stop-color=\"#23b072\" offset=\".366\"><\/stop><stop stop-opacity=\".996\" stop-color=\"#95c837\" offset=\".493\"><\/stop><stop stop-opacity=\".996\" stop-color=\"#cdd53e\" offset=\".641\"><\/stop><stop stop-opacity=\".996\" stop-color=\"#eddf44\" offset=\".801\"><\/stop><stop stop-opacity=\".996\" stop-color=\"#56585c\" offset=\".95\"><\/stop><\/linearGradient><path opacity=\".996\" d=\"M0 0h1920v8H0z\" fill=\"url(#a)\"><\/path><\/svg><\/div>\n<\/div>\n<\/div>\n\n\n\n<div class=\"wp-block-group alignfull has-global-padding is-layout-constrained wp-container-core-group-is-layout-1cd08271 wp-block-group-is-layout-constrained\" style=\"padding-top:var(--wp--preset--spacing--80);padding-right:var(--wp--preset--spacing--60);padding-bottom:var(--wp--preset--spacing--80);padding-left:var(--wp--preset--spacing--60)\">\n<p>La Section r\u00e9serv\u00e9e, qui permet d\u2019acc\u00e9der \u00e0 nos portails d\u00e9di\u00e9s aux marques, offre des contenus et de pr\u00e9cieuses informations qui vous sont exclusivement r\u00e9serv\u00e9s en tant que partenaire commercial.<\/p>\n\n\n\n<p>Pour pouvoir y acc\u00e9der, il est n\u00e9cessaire de disposer des identifiants de connexion. Nous serons heureux de vous les fournir \u00e0 votre demande.<\/p>\n<\/div>\n\n\n\n<div class=\"wp-block-group alignfull has-global-padding is-layout-constrained wp-container-core-group-is-layout-176a548a wp-block-group-is-layout-constrained\" style=\"padding-top:0;padding-right:var(--wp--preset--spacing--60);padding-bottom:var(--wp--preset--spacing--80);padding-left:var(--wp--preset--spacing--60)\">\n<h2 class=\"wp-block-heading has-text-align-center has-xx-large-font-size\">Coordonn\u00e9es du contact<\/h2>\n\n\n\n<div class=\"wp-block-contact-form-7-contact-form-selector\">\n<div class=\"wpcf7 no-js\" id=\"wpcf7-f4855-o1\" lang=\"en-GB\" dir=\"ltr\" data-wpcf7-id=\"4855\">\n<div class=\"screen-reader-response\"><p role=\"status\" aria-live=\"polite\" aria-atomic=\"true\"><\/p> <ul><\/ul><\/div>\n<form action=\"\/ravaglioli.it\/wp-json\/wp\/v2\/pages\/4841#wpcf7-f4855-o1\" method=\"post\" class=\"wpcf7-form init\" aria-label=\"Contact form\" novalidate=\"novalidate\" data-status=\"init\">\n<fieldset class=\"hidden-fields-container\"><input type=\"hidden\" name=\"_wpcf7\" value=\"4855\" \/><input type=\"hidden\" name=\"_wpcf7_version\" value=\"6.1.5\" \/><input type=\"hidden\" name=\"_wpcf7_locale\" value=\"en_GB\" \/><input type=\"hidden\" name=\"_wpcf7_unit_tag\" value=\"wpcf7-f4855-o1\" \/><input type=\"hidden\" name=\"_wpcf7_container_post\" value=\"0\" \/><input type=\"hidden\" name=\"_wpcf7_posted_data_hash\" value=\"\" \/><input type=\"hidden\" name=\"_cf7a__timestamp\" value=\"m7nk4ehNNW2Fe9+LeR4b7w==\" \/><input type=\"hidden\" name=\"_cf7a_version\" value=\"1.0\" \/><input type=\"hidden\" name=\"_cf7a_address\" value=\"\" \/><input type=\"hidden\" name=\"_cf7a_referer\" value=\"\" \/><input type=\"hidden\" name=\"_cf7a_protocol\" value=\"\" \/><input type=\"hidden\" name=\"_cf7a_bot_fingerprint\" value=\"m7nk4ehNNW2Fe9+LeR4b7w==\" \/><input type=\"hidden\" name=\"_cf7a_bot_fingerprint_extras\" \/><input type=\"hidden\" name=\"_cf7a_append_on_submit\" \/>\n<\/fieldset>\n<div class=\"two-columns\">\n\t<p><label> <span class=\"wpcf7-form-control-wrap\" data-name=\"fname\"><input type=\"text\" name=\"name\" value=\"\" autocomplete=\"fill\" class=\"fit-the-fullspace\" aria-hidden=\"true\" tabindex=\"-1\" \/><input size=\"40\" maxlength=\"400\" class=\"wpcf7-form-control wpcf7-text wpcf7-validates-as-required\" aria-required=\"true\" aria-invalid=\"false\" placeholder=\"Pr\u00e9nom*\" value=\"\" type=\"text\" name=\"fname\" \/><\/span> <\/label><br \/>\n<label> <span class=\"wpcf7-form-control-wrap\" data-name=\"lname\"><input type=\"text\" name=\"address\" value=\"\" autocomplete=\"fill\" class=\"fit-the-fullspace\" aria-hidden=\"true\" tabindex=\"-1\" \/><input size=\"40\" maxlength=\"400\" class=\"wpcf7-form-control wpcf7-text wpcf7-validates-as-required\" aria-required=\"true\" aria-invalid=\"false\" placeholder=\"Nom*\" value=\"\" type=\"text\" name=\"lname\" \/><\/span> <\/label><br \/>\n<label> <span class=\"wpcf7-form-control-wrap\" data-name=\"company\"><input type=\"text\" name=\"phone\" value=\"\" autocomplete=\"fill\" class=\"fit-the-fullspace\" aria-hidden=\"true\" tabindex=\"-1\" \/><input size=\"40\" maxlength=\"400\" class=\"wpcf7-form-control wpcf7-text wpcf7-validates-as-required\" aria-required=\"true\" aria-invalid=\"false\" placeholder=\"Entreprise*\" value=\"\" type=\"text\" name=\"company\" \/><\/span> <\/label><br \/>\n<label> <span class=\"wpcf7-form-control-wrap\" data-name=\"country\"><select class=\"wpcf7-form-control wpcf7-select vsge_country_select\" aria-invalid=\"false\" name=\"country\"><option value=\"Pays*\">Pays*<\/option><\/select><\/span> <\/label><br \/>\n<label> <span class=\"wpcf7-form-control-wrap\" data-name=\"region\"><select class=\"wpcf7-form-control wpcf7-select vsge_region_select\" aria-invalid=\"false\" name=\"region\"><option value=\"R\u00e9gion*\">R\u00e9gion*<\/option><\/select><\/span> <\/label><br \/>\n<label> <span class=\"wpcf7-form-control-wrap\" data-name=\"street\"><input size=\"40\" maxlength=\"400\" class=\"wpcf7-form-control wpcf7-text wpcf7-validates-as-required\" aria-required=\"true\" aria-invalid=\"false\" placeholder=\"Rue*\" value=\"\" type=\"text\" name=\"street\" \/><input type=\"text\" name=\"credit-card\" value=\"\" autocomplete=\"fill\" class=\"fit-the-fullspace\" aria-hidden=\"true\" tabindex=\"-1\" \/><\/span> <\/label><br \/>\n<label> <span class=\"wpcf7-form-control-wrap\" data-name=\"zip\"><input type=\"text\" name=\"ship-address\" value=\"\" autocomplete=\"fill\" class=\"fit-the-fullspace\" aria-hidden=\"true\" tabindex=\"-1\" \/><input size=\"40\" maxlength=\"400\" class=\"wpcf7-form-control wpcf7-text wpcf7-validates-as-required\" aria-required=\"true\" aria-invalid=\"false\" placeholder=\"Code postal*\" value=\"\" type=\"text\" name=\"zip\" \/><\/span> <\/label><br \/>\n<label> <span class=\"wpcf7-form-control-wrap\" data-name=\"town\"><input size=\"40\" maxlength=\"400\" class=\"wpcf7-form-control wpcf7-text wpcf7-validates-as-required\" aria-required=\"true\" aria-invalid=\"false\" placeholder=\"Ville*\" value=\"\" type=\"text\" name=\"town\" \/><\/span> <\/label><br \/>\n<label> <span class=\"wpcf7-form-control-wrap\" data-name=\"email\"><input size=\"40\" maxlength=\"400\" class=\"wpcf7-form-control wpcf7-email wpcf7-validates-as-required wpcf7-text wpcf7-validates-as-email\" aria-required=\"true\" aria-invalid=\"false\" placeholder=\"Courriel*\" value=\"\" type=\"email\" name=\"email\" \/><\/span> <\/label><br \/>\n<label> <span class=\"wpcf7-form-control-wrap\" data-name=\"telephone\"><input size=\"40\" maxlength=\"400\" class=\"wpcf7-form-control wpcf7-tel wpcf7-validates-as-required wpcf7-text wpcf7-validates-as-tel\" aria-required=\"true\" aria-invalid=\"false\" placeholder=\"T\u00e9l\u00e9phone*\" value=\"\" type=\"tel\" name=\"telephone\" \/><\/span> <\/label>\n\t<\/p>\n\t<p><span class=\"wpcf7-form-control-wrap\" data-name=\"customer-type\"><select class=\"wpcf7-form-control wpcf7-select wpcf7-validates-as-required\" aria-required=\"true\" aria-invalid=\"false\" name=\"customer-type\"><option value=\"\">Tipo di cliente*<\/option><option value=\"Utilisateur final\">Utilisateur final<\/option><option value=\"Distributeur\">Distributeur<\/option><\/select><\/span>\n\t<\/p>\n<\/div>\n<h3>D'acc\u00e8s souhait\u00e9\n<\/h3>\n<p><span class=\"wpcf7-form-control-wrap\" data-name=\"desired-access\"><span class=\"wpcf7-form-control wpcf7-checkbox wpcf7-validates-as-required\"><span class=\"wpcf7-list-item first\"><label><input type=\"checkbox\" name=\"desired-access[]\" value=\"Ravaglioli\" \/><span class=\"wpcf7-list-item-label\">Ravaglioli<\/span><\/label><\/span><span class=\"wpcf7-list-item last\"><label><input type=\"checkbox\" name=\"desired-access[]\" value=\"VSG\" \/><span class=\"wpcf7-list-item-label\">VSG<\/span><\/label><\/span><\/span><\/span>\n<\/p>\n<h3>Consentement \u00e0 l\u2019\u00e9tude de march\u00e9\n<\/h3>\n<p>Puisque nous d\u00e9veloppons sans cesse nos produits et services, nous aimerions que vous preniez part \u00e0 ce processus en tant que partenaire commercial et aimerions donc avoir votre soutien en ce sens.\n<\/p>\n<p><span class=\"wpcf7-form-control-wrap\" data-name=\"market-research\"><span class=\"wpcf7-form-control wpcf7-checkbox\"><span class=\"wpcf7-list-item first last\"><label><input type=\"checkbox\" name=\"market-research[]\" value=\"Consentement \u00e0 l\u2019\u00e9tude de march\u00e9\" \/><span class=\"wpcf7-list-item-label\">Consentement \u00e0 l\u2019\u00e9tude de march\u00e9<\/span><\/label><\/span><\/span><\/span>\n<\/p>\n<p>Vos donn\u00e9es seront utilis\u00e9es dans le plus strict respect de la confidentialit\u00e9 et ne seront pas transmises \u00e0 des tiers.\n<\/p>\n<p><label> <span class=\"wpcf7-form-control-wrap\" data-name=\"accepted\"><span class=\"wpcf7-form-control wpcf7-acceptance\"><span class=\"wpcf7-list-item\"><input type=\"checkbox\" name=\"accepted\" value=\"1\" aria-invalid=\"false\" \/><\/span><\/span><\/span>J'ai lu la <a href=\"https:\/\/ravaglioli.com\/fr\/informations-sur-le-traitement-des-donnees-personnelles\/\"><b>politique de confidentialit\u00e9<\/b><\/a>*<\/label><br \/>\n<input class=\"wpcf7-form-control wpcf7-submit has-spinner\" type=\"submit\" value=\"Soumettre\" \/>\n<\/p><div class=\"wpcf7-response-output\" aria-hidden=\"true\"><\/div>\n<\/form>\n<\/div>\n<\/div>\n<\/div>\n","protected":false},"excerpt":{"rendered":"<p>La Section r\u00e9serv\u00e9e, qui permet d\u2019acc\u00e9der \u00e0 nos portails d\u00e9di\u00e9s aux marques, offre des contenus et de pr\u00e9cieuses informations qui vous sont exclusivement r\u00e9serv\u00e9s en tant que partenaire commercial. Pour pouvoir y acc\u00e9der, il est n\u00e9cessaire de disposer des identifiants de connexion. Nous serons heureux de vous les fournir \u00e0 votre demande. Coordonn\u00e9es du contact<\/p>\n","protected":false},"author":1,"featured_media":0,"parent":0,"menu_order":0,"comment_status":"closed","ping_status":"closed","template":"","meta":{"footnotes":""},"class_list":["post-4841","page","type-page","status-publish","hentry"],"lang":"fr","translations":{"fr":4841,"en":4834,"it":2154,"de":4837,"es":4845,"ru":4849},"pll_sync_post":[],"_links":{"self":[{"href":"https:\/\/dev.codekraft.it\/ravaglioli.it\/wp-json\/wp\/v2\/pages\/4841","targetHints":{"allow":["GET"]}}],"collection":[{"href":"https:\/\/dev.codekraft.it\/ravaglioli.it\/wp-json\/wp\/v2\/pages"}],"about":[{"href":"https:\/\/dev.codekraft.it\/ravaglioli.it\/wp-json\/wp\/v2\/types\/page"}],"author":[{"embeddable":true,"href":"https:\/\/dev.codekraft.it\/ravaglioli.it\/wp-json\/wp\/v2\/users\/1"}],"replies":[{"embeddable":true,"href":"https:\/\/dev.codekraft.it\/ravaglioli.it\/wp-json\/wp\/v2\/comments?post=4841"}],"version-history":[{"count":0,"href":"https:\/\/dev.codekraft.it\/ravaglioli.it\/wp-json\/wp\/v2\/pages\/4841\/revisions"}],"wp:attachment":[{"href":"https:\/\/dev.codekraft.it\/ravaglioli.it\/wp-json\/wp\/v2\/media?parent=4841"}],"curies":[{"name":"wp","href":"https:\/\/api.w.org\/{rel}","templated":true}]}}