{"id":2244,"date":"2023-03-22T12:44:26","date_gmt":"2023-03-22T12:44:26","guid":{"rendered":"https:\/\/dev.codekraft.it\/ravaglioli.it\/?page_id=2244"},"modified":"2023-09-10T12:23:42","modified_gmt":"2023-09-10T11:23:42","slug":"antifrode","status":"publish","type":"page","link":"https:\/\/dev.codekraft.it\/ravaglioli.it\/it\/antifrode\/","title":{"rendered":"Antifrode"},"content":{"rendered":"\n<div class=\"wp-block-group alignfull has-global-padding is-layout-constrained wp-container-core-group-is-layout-4a5084fe wp-block-group-is-layout-constrained\" style=\"padding-top:0;padding-right:0;padding-bottom:0;padding-left:0\">\n<div class=\"wp-block-group alignfull has-global-padding is-layout-constrained wp-container-core-group-is-layout-46b365e2 wp-block-group-is-layout-constrained\" style=\"padding-top:0;padding-right:0;padding-bottom:0;padding-left:0;line-height:0\">\n<div class=\"wp-block-cover alignfull\" style=\"min-height:60vh;aspect-ratio:unset;\"><span aria-hidden=\"true\" class=\"wp-block-cover__background has-primary-background-color has-background-dim-100 has-background-dim\"><\/span><div class=\"wp-block-cover__inner-container is-layout-flow wp-block-cover-is-layout-flow\">\n<div class=\"wp-block-group is-layout-flow wp-container-core-group-is-layout-cd72871f wp-block-group-is-layout-flow\" style=\"padding-top:0;padding-right:0;padding-bottom:0;padding-left:0\">\n<div style=\"display:table;width:inherit\" class=\"wp-block-codekraft-oh-my-svg aligncenter\"><svg width=\"117\" height=\"97\" viewBox=\"0 0 137.621 113.558\" xmlns=\"http:\/\/www.w3.org\/2000\/svg\">   <g id=\"Raggruppa_2159\" data-name=\"Raggruppa 2159\" transform=\"translate(-3.396 -3.395)\">     <rect id=\"Rettangolo_1082\" data-name=\"Rettangolo 1082\" width=\"134.621\" height=\"95.142\" rx=\"15\" transform=\"translate(4.896 4.895)\" fill=\"none\" stroke=\"#fff\" stroke-miterlimit=\"10\" stroke-width=\"3\"><\/rect>     <path id=\"Tracciato_3956\" data-name=\"Tracciato 3956\" d=\"M192.274,364.244H130.5a2.315,2.315,0,0,1-2.038-3.412l6.463-12h52.93l6.462,12A2.315,2.315,0,0,1,192.274,364.244Z\" transform=\"translate(-89.179 -248.792)\" fill=\"none\" stroke=\"#fff\" stroke-miterlimit=\"10\" stroke-width=\"3\"><\/path>     <line id=\"Linea_20117\" data-name=\"Linea 20117\" x2=\"134.621\" transform=\"translate(4.896 85.498)\" fill=\"none\" stroke=\"#fff\" stroke-miterlimit=\"10\" stroke-width=\"3\"><\/line>     <path id=\"Tracciato_3957\" data-name=\"Tracciato 3957\" d=\"M168.976,58.849l-25.594,44.33a3.657,3.657,0,0,0,3.168,5.486h51.188a3.657,3.657,0,0,0,3.167-5.486l-25.594-44.33A3.658,3.658,0,0,0,168.976,58.849Z\" transform=\"translate(-99.819 -37.706)\" fill=\"none\" stroke=\"#fff\" stroke-linejoin=\"round\" stroke-width=\"3\"><\/path>     <path id=\"Tracciato_3958\" data-name=\"Tracciato 3958\" d=\"M246.271,204.531a1.471,1.471,0,1,1-1.475-1.472,1.477,1.477,0,0,1,1.475,1.472\" transform=\"translate(-172.477 -143.347)\" fill=\"#fff\" fill-rule=\"evenodd\"><\/path>     <path id=\"Tracciato_3959\" data-name=\"Tracciato 3959\" d=\"M246.271,204.531a1.471,1.471,0,1,1-1.475-1.472A1.477,1.477,0,0,1,246.271,204.531Z\" transform=\"translate(-172.477 -143.347)\" fill=\"none\" stroke=\"#fff\" stroke-miterlimit=\"10\" stroke-width=\"3\"><\/path>     <path id=\"Tracciato_3960\" data-name=\"Tracciato 3960\" d=\"M245.285,113.181l-1.137,17.294v.089a1.05,1.05,0,0,1-.01.146.7.7,0,0,1-.385.626l-.056.029a1.154,1.154,0,0,1-.981,0l-.056-.029a.7.7,0,0,1-.385-.626h0a1.046,1.046,0,0,1-.01-.146v-.089l-1.139-17.328v-.034a2.083,2.083,0,0,1,4.16-.008v.038Z\" transform=\"translate(-170.882 -76.854)\" fill=\"#fff\" fill-rule=\"evenodd\"><\/path>     <path id=\"Tracciato_3961\" data-name=\"Tracciato 3961\" d=\"M245.285,113.181l-1.137,17.294v.089a1.05,1.05,0,0,1-.01.146.7.7,0,0,1-.385.626l-.056.029a1.154,1.154,0,0,1-.981,0l-.056-.029a.7.7,0,0,1-.385-.626h0a1.046,1.046,0,0,1-.01-.146v-.089l-1.139-17.328v-.034a2.083,2.083,0,0,1,4.16-.008v.038Z\" transform=\"translate(-170.882 -76.854)\" fill=\"none\" stroke=\"#fff\" stroke-miterlimit=\"10\" stroke-width=\"3\"><\/path>   <\/g> <\/svg><\/div>\n\n\n<h1 style=\"font-style:normal;font-weight:800;\" class=\"has-text-align-center wp-block-post-title has-xxx-large-font-size\">Antifrode<\/h1><\/div>\n<\/div><\/div>\n\n\n\n<div style=\"margin-top:0;margin-right:0;margin-bottom:0;margin-left:0;display:flex;max-width:inherit;width:100%\" class=\"wp-block-codekraft-oh-my-svg alignfull vsge-bar\"><svg height=\"8\" width=\"1920\" viewBox=\"0 0 1920 8\" preserveAspectRatio=\"none\" xmlns=\"http:\/\/www.w3.org\/2000\/svg\"><linearGradient gradientUnits=\"userSpaceOnUse\" y2=\"4\" y1=\"4\" x2=\"1920\" x1=\".001\" id=\"a\"><stop stop-color=\"#002d53\" offset=\"0\"><\/stop><stop stop-color=\"#0e98c3\" offset=\".084\"><\/stop><stop stop-color=\"#17bde7\" offset=\".175\"><\/stop><stop stop-color=\"#1fb8b8\" offset=\".234\"><\/stop><stop stop-color=\"#23b072\" offset=\".366\"><\/stop><stop stop-opacity=\".996\" stop-color=\"#95c837\" offset=\".493\"><\/stop><stop stop-opacity=\".996\" stop-color=\"#cdd53e\" offset=\".641\"><\/stop><stop stop-opacity=\".996\" stop-color=\"#eddf44\" offset=\".801\"><\/stop><stop stop-opacity=\".996\" stop-color=\"#56585c\" offset=\".95\"><\/stop><\/linearGradient><path opacity=\".996\" d=\"M0 0h1920v8H0z\" fill=\"url(#a)\"><\/path><\/svg><\/div>\n<\/div>\n<\/div>\n\n\n\n<div class=\"wp-block-group has-global-padding is-layout-constrained wp-container-core-group-is-layout-51a3cef5 wp-block-group-is-layout-constrained\" style=\"padding-top:var(--wp--preset--spacing--80);padding-right:var(--wp--preset--spacing--60);padding-bottom:var(--wp--preset--spacing--80);padding-left:var(--wp--preset--spacing--60)\">\n<h1 class=\"wp-block-heading has-foreground-color has-text-color has-xx-large-font-size\" style=\"padding-bottom:var(--wp--preset--spacing--60)\">Frodi informatiche\/Comunicazioni<\/h1>\n\n\n\n<p>Purtroppo, abbiamo subito numerosi tentativi da parte di organizzazioni criminali di convogliare i pagamenti dei nostri clienti su conti bancari sconosciuti, anzich\u00e9 sul conto della nostra Societ\u00e0.<\/p>\n\n\n\n<p>Desideriamo confermarvi che la nostra Societ\u00e0 non informa mai per E-mail di eventuali modifiche sulle coordinate bancarie. Esse sono riportate sui seguenti documenti: offerte, fatture proforma, fatture di vendita.<\/p>\n\n\n\n<p>Per qualsiasi dubbio o necessit\u00e0 in merito, vi invitiamo a <a href=\"https:\/\/dev.codekraft.it\/ravaglioli.it\/it\/contatti\/\" target=\"_blank\" rel=\"noreferrer noopener\"><span style=\"text-decoration: underline;\">contattarci in ufficio<\/span><\/a>.<\/p>\n<\/div>\n","protected":false},"excerpt":{"rendered":"<p>Frodi informatiche\/Comunicazioni Purtroppo, abbiamo subito numerosi tentativi da parte di organizzazioni criminali di convogliare i pagamenti dei nostri clienti su conti bancari sconosciuti, anzich\u00e9 sul conto della nostra Societ\u00e0. Desideriamo confermarvi che la nostra Societ\u00e0 non informa mai per E-mail di eventuali modifiche sulle coordinate bancarie. Esse sono riportate sui seguenti documenti: offerte, fatture proforma, [&hellip;]<\/p>\n","protected":false},"author":1,"featured_media":0,"parent":0,"menu_order":0,"comment_status":"closed","ping_status":"closed","template":"","meta":{"footnotes":""},"class_list":["post-2244","page","type-page","status-publish","hentry"],"lang":"it","translations":{"it":2244,"en":2252,"de":2254,"fr":2256,"es":2258,"ru":2260},"pll_sync_post":[],"_links":{"self":[{"href":"https:\/\/dev.codekraft.it\/ravaglioli.it\/wp-json\/wp\/v2\/pages\/2244","targetHints":{"allow":["GET"]}}],"collection":[{"href":"https:\/\/dev.codekraft.it\/ravaglioli.it\/wp-json\/wp\/v2\/pages"}],"about":[{"href":"https:\/\/dev.codekraft.it\/ravaglioli.it\/wp-json\/wp\/v2\/types\/page"}],"author":[{"embeddable":true,"href":"https:\/\/dev.codekraft.it\/ravaglioli.it\/wp-json\/wp\/v2\/users\/1"}],"replies":[{"embeddable":true,"href":"https:\/\/dev.codekraft.it\/ravaglioli.it\/wp-json\/wp\/v2\/comments?post=2244"}],"version-history":[{"count":0,"href":"https:\/\/dev.codekraft.it\/ravaglioli.it\/wp-json\/wp\/v2\/pages\/2244\/revisions"}],"wp:attachment":[{"href":"https:\/\/dev.codekraft.it\/ravaglioli.it\/wp-json\/wp\/v2\/media?parent=2244"}],"curies":[{"name":"wp","href":"https:\/\/api.w.org\/{rel}","templated":true}]}}