{"id":12995,"date":"2023-06-15T01:23:01","date_gmt":"2023-06-15T00:23:01","guid":{"rendered":"https:\/\/dev.codekraft.it\/ravaglioli.it\/?page_id=12995"},"modified":"2023-09-10T14:08:04","modified_gmt":"2023-09-10T13:08:04","slug":"video-geometries-des-roues","status":"publish","type":"page","link":"https:\/\/dev.codekraft.it\/ravaglioli.it\/fr\/video-geometries-des-roues\/","title":{"rendered":"Vid\u00e9o G\u00e9om\u00e9tries des roues"},"content":{"rendered":"\n<div class=\"wp-block-group alignfull has-global-padding is-layout-constrained wp-container-core-group-is-layout-82167539 wp-block-group-is-layout-constrained\" style=\"padding-top:0;padding-right:0;padding-bottom:0;padding-left:0\">\n<div class=\"wp-block-group alignfull has-global-padding is-layout-constrained wp-container-core-group-is-layout-46b365e2 wp-block-group-is-layout-constrained\" style=\"padding-top:0;padding-right:0;padding-bottom:0;padding-left:0;line-height:0\">\n<div class=\"wp-block-cover alignfull\" style=\"min-height:60vh;aspect-ratio:unset;\"><span aria-hidden=\"true\" class=\"wp-block-cover__background has-primary-background-color has-background-dim-100 has-background-dim\"><\/span><div class=\"wp-block-cover__inner-container is-layout-flow wp-block-cover-is-layout-flow\">\n<div class=\"wp-block-group is-layout-flow wp-container-core-group-is-layout-cd72871f wp-block-group-is-layout-flow\" style=\"padding-top:0;padding-right:0;padding-bottom:0;padding-left:0\">\n<div style=\"display:table;width:inherit\" class=\"wp-block-codekraft-oh-my-svg aligncenter\"><svg width=\"102\" height=\"74\" viewBox=\"0 0 102 74\" xmlns=\"http:\/\/www.w3.org\/2000\/svg\" xmlns:xlink=\"http:\/\/www.w3.org\/1999\/xlink\">   <defs>     <clipPath id=\"clip-path\">       <rect id=\"Rettangolo_852\" data-name=\"Rettangolo 852\" width=\"102\" height=\"74\" transform=\"translate(-0.49 0.441)\" fill=\"none\"><\/rect>     <\/clipPath>   <\/defs>   <g id=\"Raggruppa_1771\" data-name=\"Raggruppa 1771\" transform=\"translate(0.49 -0.441)\">     <g id=\"Raggruppa_1771-2\" data-name=\"Raggruppa 1771\" clip-path=\"url(#clip-path)\">       <path id=\"Tracciato_2523\" data-name=\"Tracciato 2523\" d=\"M99.919.508a3.384,3.384,0,0,0-3.384,0L74.441,11.437V10.151A10.15,10.15,0,0,0,64.29,0H10.151A10.15,10.15,0,0,0,0,10.151V64.29A10.15,10.15,0,0,0,10.151,74.441H64.29A10.15,10.15,0,0,0,74.441,64.29V63L96.6,74.07h0a3.368,3.368,0,0,0,4.906-3.011V3.384A3.383,3.383,0,0,0,99.919.508ZM67.674,64.291a3.383,3.383,0,0,1-3.384,3.384H10.151a3.383,3.383,0,0,1-3.384-3.384V10.152a3.383,3.383,0,0,1,3.384-3.384H64.29a3.383,3.383,0,0,1,3.384,3.384Zm27.069,1.285-20.3-10.151V19.017l20.3-10.151Z\" fill=\"#fff\" stroke=\"#004a83\" stroke-width=\"3\"><\/path>       <path id=\"Tracciato_2524\" data-name=\"Tracciato 2524\" d=\"M80.151,70H73.384a3.384,3.384,0,1,0,0,6.767h6.767a3.384,3.384,0,1,0,0-6.767\" transform=\"translate(-56.465 -56.466)\" fill=\"#fff\" stroke=\"#004a83\" stroke-width=\"3\"><\/path>     <\/g>   <\/g> <\/svg><\/div>\n\n\n<h2 style=\"font-style:normal;font-weight:800;\" class=\"has-text-align-center wp-block-post-title has-xxx-large-font-size\">Vid\u00e9o G\u00e9om\u00e9tries des roues<\/h2><\/div>\n<\/div><\/div>\n\n\n\n<div style=\"margin-top:0;margin-right:0;margin-bottom:0;margin-left:0;display:flex;max-width:inherit;width:100%\" class=\"wp-block-codekraft-oh-my-svg alignfull vsge-bar\"><svg height=\"8\" width=\"1920\" viewBox=\"0 0 1920 8\" preserveAspectRatio=\"none\" xmlns=\"http:\/\/www.w3.org\/2000\/svg\"><linearGradient gradientUnits=\"userSpaceOnUse\" y2=\"4\" y1=\"4\" x2=\"1920\" x1=\".001\" id=\"a\"><stop stop-color=\"#002d53\" offset=\"0\"><\/stop><stop stop-color=\"#0e98c3\" offset=\".084\"><\/stop><stop stop-color=\"#17bde7\" offset=\".175\"><\/stop><stop stop-color=\"#1fb8b8\" offset=\".234\"><\/stop><stop stop-color=\"#23b072\" offset=\".366\"><\/stop><stop stop-opacity=\".996\" stop-color=\"#95c837\" offset=\".493\"><\/stop><stop stop-opacity=\".996\" stop-color=\"#cdd53e\" offset=\".641\"><\/stop><stop stop-opacity=\".996\" stop-color=\"#eddf44\" offset=\".801\"><\/stop><stop stop-opacity=\".996\" stop-color=\"#56585c\" offset=\".95\"><\/stop><\/linearGradient><path opacity=\".996\" d=\"M0 0h1920v8H0z\" fill=\"url(#a)\"><\/path><\/svg><\/div>\n<\/div>\n\n\n\n<div class=\"wp-block-group alignfull wp-embed-aspect-16-9 wp-has-aspect-ratio has-global-padding is-content-justification-center is-layout-constrained wp-container-core-group-is-layout-11f7eb93 wp-block-group-is-layout-constrained\" style=\"padding-top:10rem;padding-right:var(--wp--preset--spacing--50);padding-bottom:var(--wp--preset--spacing--80);padding-left:var(--wp--preset--spacing--50)\">\n<h2 class=\"wp-block-heading has-text-align-center has-foreground-color has-text-color\" style=\"padding-bottom:var(--wp--preset--spacing--50)\">G\u00e9om\u00e9tries 3D<\/h2>\n\n\n\n<div class=\"wp-block-group alignfull columns-3 slider-gap-10 slider-scrollbar is-style-slider is-layout-flow wp-block-group-is-layout-flow\" style=\"padding-top:0;padding-right:0;padding-bottom:0;padding-left:0\">\n<figure class=\"wp-block-embed is-type-video is-provider-youtube wp-block-embed-youtube wp-embed-aspect-16-9 wp-has-aspect-ratio\"><div class=\"wp-block-embed__wrapper\">\n<iframe loading=\"lazy\" title=\"RAV SHOOT&amp;GO (Italiano)\" width=\"500\" height=\"281\" src=\"https:\/\/www.youtube-nocookie.com\/embed\/eeakZG5CO9M?feature=oembed&#038;rel=0\" frameborder=\"0\" allow=\"accelerometer; autoplay; clipboard-write; encrypted-media; gyroscope; picture-in-picture; web-share\" referrerpolicy=\"strict-origin-when-cross-origin\" allowfullscreen><\/iframe>\n<\/div><\/figure>\n\n\n\n<figure class=\"wp-block-embed is-type-video is-provider-youtube wp-block-embed-youtube wp-embed-aspect-16-9 wp-has-aspect-ratio\"><div class=\"wp-block-embed__wrapper\">\n<iframe loading=\"lazy\" title=\"RAV Aligner for Car - 3D &amp; Quick Control\" width=\"500\" height=\"281\" src=\"https:\/\/www.youtube-nocookie.com\/embed\/XaB3yOxussQ?feature=oembed&#038;rel=0\" frameborder=\"0\" allow=\"accelerometer; autoplay; clipboard-write; encrypted-media; gyroscope; picture-in-picture; web-share\" referrerpolicy=\"strict-origin-when-cross-origin\" allowfullscreen><\/iframe>\n<\/div><\/figure>\n\n\n\n<figure class=\"wp-block-embed is-type-video is-provider-youtube wp-block-embed-youtube wp-embed-aspect-16-9 wp-has-aspect-ratio\"><div class=\"wp-block-embed__wrapper\">\n<iframe loading=\"lazy\" title=\"RAV 3D + Quick Control - Chinese\" width=\"500\" height=\"281\" src=\"https:\/\/www.youtube-nocookie.com\/embed\/r5ChkdSJOFo?feature=oembed&#038;rel=0\" frameborder=\"0\" allow=\"accelerometer; autoplay; clipboard-write; encrypted-media; gyroscope; picture-in-picture; web-share\" referrerpolicy=\"strict-origin-when-cross-origin\" allowfullscreen><\/iframe>\n<\/div><\/figure>\n\n\n\n<figure class=\"wp-block-embed is-type-video is-provider-youtube wp-block-embed-youtube wp-embed-aspect-16-9 wp-has-aspect-ratio\"><div class=\"wp-block-embed__wrapper\">\n<iframe loading=\"lazy\" title=\"RAV TD3000HP.B - QUICK CONTROL Japan\" width=\"500\" height=\"281\" src=\"https:\/\/www.youtube-nocookie.com\/embed\/OKQRXF5OsmE?feature=oembed&#038;rel=0\" frameborder=\"0\" allow=\"accelerometer; autoplay; clipboard-write; encrypted-media; gyroscope; picture-in-picture; web-share\" referrerpolicy=\"strict-origin-when-cross-origin\" allowfullscreen><\/iframe>\n<\/div><\/figure>\n\n\n\n<figure class=\"wp-block-embed is-type-video is-provider-youtube wp-block-embed-youtube wp-embed-aspect-16-9 wp-has-aspect-ratio\"><div class=\"wp-block-embed__wrapper\">\n<iframe loading=\"lazy\" title=\"RAV G\u00e9om\u00e9trie puor voiture - 3D + controle rapide (Fr)\" width=\"500\" height=\"281\" src=\"https:\/\/www.youtube-nocookie.com\/embed\/HuuzTNc64kI?feature=oembed&#038;rel=0\" frameborder=\"0\" allow=\"accelerometer; autoplay; clipboard-write; encrypted-media; gyroscope; picture-in-picture; web-share\" referrerpolicy=\"strict-origin-when-cross-origin\" allowfullscreen><\/iframe>\n<\/div><\/figure>\n\n\n\n<figure class=\"wp-block-embed is-type-video is-provider-youtube wp-block-embed-youtube wp-embed-aspect-16-9 wp-has-aspect-ratio\"><div class=\"wp-block-embed__wrapper\">\n<iframe loading=\"lazy\" title=\"RAV Alineadora para coches - 3D + control r\u00e1pido (Es)\" width=\"500\" height=\"281\" src=\"https:\/\/www.youtube-nocookie.com\/embed\/QqurWeMTZyY?feature=oembed&#038;rel=0\" frameborder=\"0\" allow=\"accelerometer; autoplay; clipboard-write; encrypted-media; gyroscope; picture-in-picture; web-share\" referrerpolicy=\"strict-origin-when-cross-origin\" allowfullscreen><\/iframe>\n<\/div><\/figure>\n\n\n\n<figure class=\"wp-block-embed is-type-video is-provider-youtube wp-block-embed-youtube wp-embed-aspect-16-9 wp-has-aspect-ratio\"><div class=\"wp-block-embed__wrapper\">\n<iframe loading=\"lazy\" title=\"RAV Aligners TD3000HP.B\" width=\"500\" height=\"281\" src=\"https:\/\/www.youtube-nocookie.com\/embed\/Mv__tPCVOCM?feature=oembed&#038;rel=0\" frameborder=\"0\" allow=\"accelerometer; autoplay; clipboard-write; encrypted-media; gyroscope; picture-in-picture; web-share\" referrerpolicy=\"strict-origin-when-cross-origin\" allowfullscreen><\/iframe>\n<\/div><\/figure>\n\n\n\n<figure class=\"wp-block-embed is-type-video is-provider-youtube wp-block-embed-youtube wp-embed-aspect-16-9 wp-has-aspect-ratio\"><div class=\"wp-block-embed__wrapper\">\n<iframe loading=\"lazy\" title=\"RAV Wheel Aligner for Car TD3000ATSB\" width=\"500\" height=\"375\" src=\"https:\/\/www.youtube-nocookie.com\/embed\/-cbVQAJ_ilw?feature=oembed&#038;rel=0\" frameborder=\"0\" allow=\"accelerometer; autoplay; clipboard-write; encrypted-media; gyroscope; picture-in-picture; web-share\" referrerpolicy=\"strict-origin-when-cross-origin\" allowfullscreen><\/iframe>\n<\/div><\/figure>\n<\/div>\n<\/div>\n\n\n\n<div class=\"wp-block-group alignfull wp-embed-aspect-16-9 wp-has-aspect-ratio has-gray-light-background-color has-background has-global-padding is-content-justification-center is-layout-constrained wp-container-core-group-is-layout-1751f258 wp-block-group-is-layout-constrained\" style=\"padding-top:var(--wp--preset--spacing--80);padding-right:var(--wp--preset--spacing--50);padding-bottom:var(--wp--preset--spacing--80);padding-left:var(--wp--preset--spacing--50)\">\n<h2 class=\"wp-block-heading has-text-align-center has-foreground-color has-text-color\" style=\"padding-bottom:var(--wp--preset--spacing--50)\">G\u00e9om\u00e9tries CCD<\/h2>\n\n\n\n<div class=\"wp-block-group alignfull columns-3 slider-gap-10 slider-scrollbar is-style-slider is-layout-flow wp-block-group-is-layout-flow\" style=\"padding-top:0;padding-right:0;padding-bottom:0;padding-left:0\">\n<figure class=\"wp-block-embed is-type-video is-provider-youtube wp-block-embed-youtube wp-embed-aspect-16-9 wp-has-aspect-ratio\"><div class=\"wp-block-embed__wrapper\">\n<iframe loading=\"lazy\" title=\"RAVTD2.0WIFI TABLET ALIGNER\" width=\"500\" height=\"281\" src=\"https:\/\/www.youtube-nocookie.com\/embed\/lrpA2QFNEiI?feature=oembed&#038;rel=0\" frameborder=\"0\" allow=\"accelerometer; autoplay; clipboard-write; encrypted-media; gyroscope; picture-in-picture; web-share\" referrerpolicy=\"strict-origin-when-cross-origin\" allowfullscreen><\/iframe>\n<\/div><\/figure>\n\n\n\n<figure class=\"wp-block-embed is-type-video is-provider-youtube wp-block-embed-youtube wp-embed-aspect-16-9 wp-has-aspect-ratio\"><div class=\"wp-block-embed__wrapper\">\n<iframe loading=\"lazy\" title=\"RAV SHOOT&amp;GO (Italiano)\" width=\"500\" height=\"281\" src=\"https:\/\/www.youtube-nocookie.com\/embed\/eeakZG5CO9M?feature=oembed&#038;rel=0\" frameborder=\"0\" allow=\"accelerometer; autoplay; clipboard-write; encrypted-media; gyroscope; picture-in-picture; web-share\" referrerpolicy=\"strict-origin-when-cross-origin\" allowfullscreen><\/iframe>\n<\/div><\/figure>\n\n\n\n<figure class=\"wp-block-embed is-type-video is-provider-youtube wp-block-embed-youtube wp-embed-aspect-16-9 wp-has-aspect-ratio\"><div class=\"wp-block-embed__wrapper\">\n<iframe loading=\"lazy\" title=\"STDA33EU\" width=\"500\" height=\"281\" src=\"https:\/\/www.youtube-nocookie.com\/embed\/CYO5wa0A_0g?feature=oembed&#038;rel=0\" frameborder=\"0\" allow=\"accelerometer; autoplay; clipboard-write; encrypted-media; gyroscope; picture-in-picture; web-share\" referrerpolicy=\"strict-origin-when-cross-origin\" allowfullscreen><\/iframe>\n<\/div><\/figure>\n\n\n\n<figure class=\"wp-block-embed is-type-video is-provider-youtube wp-block-embed-youtube wp-embed-aspect-16-9 wp-has-aspect-ratio\"><div class=\"wp-block-embed__wrapper\">\n<iframe loading=\"lazy\" title=\"STDA35 for 3D aligner\" width=\"500\" height=\"281\" src=\"https:\/\/www.youtube-nocookie.com\/embed\/KQvhX405uHI?feature=oembed&#038;rel=0\" frameborder=\"0\" allow=\"accelerometer; autoplay; clipboard-write; encrypted-media; gyroscope; picture-in-picture; web-share\" referrerpolicy=\"strict-origin-when-cross-origin\" allowfullscreen><\/iframe>\n<\/div><\/figure>\n\n\n\n<figure class=\"wp-block-embed is-type-video is-provider-youtube wp-block-embed-youtube wp-embed-aspect-16-9 wp-has-aspect-ratio\"><div class=\"wp-block-embed__wrapper\">\n<iframe loading=\"lazy\" title=\"STDA35E\" width=\"500\" height=\"281\" src=\"https:\/\/www.youtube-nocookie.com\/embed\/9NN5VvELgeA?feature=oembed&#038;rel=0\" frameborder=\"0\" allow=\"accelerometer; autoplay; clipboard-write; encrypted-media; gyroscope; picture-in-picture; web-share\" referrerpolicy=\"strict-origin-when-cross-origin\" allowfullscreen><\/iframe>\n<\/div><\/figure>\n\n\n\n<figure class=\"wp-block-embed is-type-video is-provider-youtube wp-block-embed-youtube wp-embed-aspect-16-9 wp-has-aspect-ratio\"><div class=\"wp-block-embed__wrapper\">\n<iframe loading=\"lazy\" title=\"STDA46EU\" width=\"500\" height=\"281\" src=\"https:\/\/www.youtube-nocookie.com\/embed\/JKN4ll7rICw?feature=oembed&#038;rel=0\" frameborder=\"0\" allow=\"accelerometer; autoplay; clipboard-write; encrypted-media; gyroscope; picture-in-picture; web-share\" referrerpolicy=\"strict-origin-when-cross-origin\" allowfullscreen><\/iframe>\n<\/div><\/figure>\n\n\n\n<figure class=\"wp-block-embed is-type-video is-provider-youtube wp-block-embed-youtube wp-embed-aspect-16-9 wp-has-aspect-ratio\"><div class=\"wp-block-embed__wrapper\">\n<iframe loading=\"lazy\" title=\"STDA95E\" width=\"500\" height=\"281\" src=\"https:\/\/www.youtube-nocookie.com\/embed\/sq8DP6s1j2w?feature=oembed&#038;rel=0\" frameborder=\"0\" allow=\"accelerometer; autoplay; clipboard-write; encrypted-media; gyroscope; picture-in-picture; web-share\" referrerpolicy=\"strict-origin-when-cross-origin\" allowfullscreen><\/iframe>\n<\/div><\/figure>\n\n\n\n<figure class=\"wp-block-embed is-type-video is-provider-youtube wp-block-embed-youtube wp-embed-aspect-16-9 wp-has-aspect-ratio\"><div class=\"wp-block-embed__wrapper\">\n<iframe loading=\"lazy\" title=\"STDA38 assembly STDA46EU operation\" width=\"500\" height=\"281\" src=\"https:\/\/www.youtube-nocookie.com\/embed\/z5ZsUlr6KqI?feature=oembed&#038;rel=0\" frameborder=\"0\" allow=\"accelerometer; autoplay; clipboard-write; encrypted-media; gyroscope; picture-in-picture; web-share\" referrerpolicy=\"strict-origin-when-cross-origin\" allowfullscreen><\/iframe>\n<\/div><\/figure>\n\n\n\n<figure class=\"wp-block-embed is-type-video is-provider-youtube wp-block-embed-youtube wp-embed-aspect-16-9 wp-has-aspect-ratio\"><div class=\"wp-block-embed__wrapper\">\n<iframe loading=\"lazy\" title=\"Ge\u0301ome\u0301trie RAVAGLIOLI CCD2 0 WIFI III\" width=\"500\" height=\"281\" src=\"https:\/\/www.youtube-nocookie.com\/embed\/BOoOZ2Yn1H8?feature=oembed&#038;rel=0\" frameborder=\"0\" allow=\"accelerometer; autoplay; clipboard-write; encrypted-media; gyroscope; picture-in-picture; web-share\" referrerpolicy=\"strict-origin-when-cross-origin\" allowfullscreen><\/iframe>\n<\/div><\/figure>\n<\/div>\n<\/div>\n\n\n\n<div class=\"wp-block-group alignfull wp-embed-aspect-16-9 wp-has-aspect-ratio has-foreground-background-color has-background has-global-padding is-content-justification-center is-layout-constrained wp-container-core-group-is-layout-e5772433 wp-block-group-is-layout-constrained\" style=\"padding-top:var(--wp--preset--spacing--80);padding-right:var(--wp--preset--spacing--50);padding-bottom:var(--wp--preset--spacing--80);padding-left:var(--wp--preset--spacing--50)\">\n<h2 class=\"wp-block-heading has-text-align-center has-background-color has-text-color\" style=\"padding-bottom:var(--wp--preset--spacing--50)\">G\u00e9om\u00e9tries de camions<\/h2>\n\n\n\n<div class=\"wp-block-group alignfull columns-3 slider-gap-10 slider-scrollbar is-style-slider swiper-scrollbar-white is-layout-flow wp-block-group-is-layout-flow\" style=\"padding-top:0;padding-right:0;padding-bottom:0;padding-left:0\">\n<figure class=\"wp-block-embed is-type-video is-provider-youtube wp-block-embed-youtube wp-embed-aspect-16-9 wp-has-aspect-ratio\"><div class=\"wp-block-embed__wrapper\">\n<iframe loading=\"lazy\" title=\"RAV TD8000 Series (ENG)\" width=\"500\" height=\"281\" src=\"https:\/\/www.youtube-nocookie.com\/embed\/tHZwBvnhvMo?feature=oembed&#038;rel=0\" frameborder=\"0\" allow=\"accelerometer; autoplay; clipboard-write; encrypted-media; gyroscope; picture-in-picture; web-share\" referrerpolicy=\"strict-origin-when-cross-origin\" allowfullscreen><\/iframe>\n<\/div><\/figure>\n\n\n\n<figure class=\"wp-block-embed is-type-video is-provider-youtube wp-block-embed-youtube wp-embed-aspect-16-9 wp-has-aspect-ratio\"><div class=\"wp-block-embed__wrapper\">\n<iframe loading=\"lazy\" title=\"RAV TD8000 Series (IT)\" width=\"500\" height=\"281\" src=\"https:\/\/www.youtube-nocookie.com\/embed\/bD7Hs6ESGlo?feature=oembed&#038;rel=0\" frameborder=\"0\" allow=\"accelerometer; autoplay; clipboard-write; encrypted-media; gyroscope; picture-in-picture; web-share\" referrerpolicy=\"strict-origin-when-cross-origin\" allowfullscreen><\/iframe>\n<\/div><\/figure>\n\n\n\n<figure class=\"wp-block-embed is-type-video is-provider-youtube wp-block-embed-youtube wp-embed-aspect-16-9 wp-has-aspect-ratio\"><div class=\"wp-block-embed__wrapper\">\n<iframe loading=\"lazy\" title=\"RAV TD8000series trailer alignment\" width=\"500\" height=\"281\" src=\"https:\/\/www.youtube-nocookie.com\/embed\/1wd81XlaEW4?feature=oembed&#038;rel=0\" frameborder=\"0\" allow=\"accelerometer; autoplay; clipboard-write; encrypted-media; gyroscope; picture-in-picture; web-share\" referrerpolicy=\"strict-origin-when-cross-origin\" allowfullscreen><\/iframe>\n<\/div><\/figure>\n\n\n\n<figure class=\"wp-block-embed is-type-video is-provider-youtube wp-block-embed-youtube wp-embed-aspect-16-9 wp-has-aspect-ratio\"><div class=\"wp-block-embed__wrapper\">\n<iframe loading=\"lazy\" title=\"RAV TD8000s truck alignment\" width=\"500\" height=\"281\" src=\"https:\/\/www.youtube-nocookie.com\/embed\/EqLMvJlAWmU?feature=oembed&#038;rel=0\" frameborder=\"0\" allow=\"accelerometer; autoplay; clipboard-write; encrypted-media; gyroscope; picture-in-picture; web-share\" referrerpolicy=\"strict-origin-when-cross-origin\" allowfullscreen><\/iframe>\n<\/div><\/figure>\n<\/div>\n<\/div>\n\n\n\n<div class=\"wp-block-group alignfull wp-embed-aspect-16-9 wp-has-aspect-ratio has-global-padding is-content-justification-center is-layout-constrained wp-container-core-group-is-layout-e5772433 wp-block-group-is-layout-constrained\" style=\"padding-top:var(--wp--preset--spacing--80);padding-right:var(--wp--preset--spacing--50);padding-bottom:var(--wp--preset--spacing--80);padding-left:var(--wp--preset--spacing--50)\">\n<h2 class=\"wp-block-heading has-text-align-center has-foreground-color has-text-color\" style=\"padding-bottom:var(--wp--preset--spacing--50)\">Tyre profiler<\/h2>\n\n\n\n<div class=\"wp-block-group alignfull columns-3 slider-gap-10 slider-scrollbar is-style-slider is-layout-flow wp-block-group-is-layout-flow\" style=\"padding-top:0;padding-right:0;padding-bottom:0;padding-left:0\">\n<figure class=\"wp-block-embed is-type-video is-provider-youtube wp-block-embed-youtube wp-embed-aspect-16-9 wp-has-aspect-ratio\"><div class=\"wp-block-embed__wrapper\">\n<iframe loading=\"lazy\" title=\"TIRE PROFILE marzo 2018\" width=\"500\" height=\"281\" src=\"https:\/\/www.youtube-nocookie.com\/embed\/Ow8ZRLcc-0A?feature=oembed&#038;rel=0\" frameborder=\"0\" allow=\"accelerometer; autoplay; clipboard-write; encrypted-media; gyroscope; picture-in-picture; web-share\" referrerpolicy=\"strict-origin-when-cross-origin\" allowfullscreen><\/iframe>\n<\/div><\/figure>\n\n\n\n<figure class=\"wp-block-embed is-type-video is-provider-youtube wp-block-embed-youtube wp-embed-aspect-16-9 wp-has-aspect-ratio\"><div class=\"wp-block-embed__wrapper\">\n<iframe loading=\"lazy\" title=\"RAV QUICK INSPECTION LANE (Francais)\" width=\"500\" height=\"281\" src=\"https:\/\/www.youtube-nocookie.com\/embed\/2J2q8t2ex88?feature=oembed&#038;rel=0\" frameborder=\"0\" allow=\"accelerometer; autoplay; clipboard-write; encrypted-media; gyroscope; picture-in-picture; web-share\" referrerpolicy=\"strict-origin-when-cross-origin\" allowfullscreen><\/iframe>\n<\/div><\/figure>\n\n\n\n<figure class=\"wp-block-embed is-type-video is-provider-youtube wp-block-embed-youtube wp-embed-aspect-16-9 wp-has-aspect-ratio\"><div class=\"wp-block-embed__wrapper\">\n<iframe loading=\"lazy\" title=\"RAV QUICK INSPECTION LANE (English)\" width=\"500\" height=\"281\" src=\"https:\/\/www.youtube-nocookie.com\/embed\/701E2GUFqLk?feature=oembed&#038;rel=0\" frameborder=\"0\" allow=\"accelerometer; autoplay; clipboard-write; encrypted-media; gyroscope; picture-in-picture; web-share\" referrerpolicy=\"strict-origin-when-cross-origin\" allowfullscreen><\/iframe>\n<\/div><\/figure>\n\n\n\n<figure class=\"wp-block-embed is-type-video is-provider-youtube wp-block-embed-youtube wp-embed-aspect-16-9 wp-has-aspect-ratio\"><div class=\"wp-block-embed__wrapper\">\n<iframe loading=\"lazy\" title=\"RAV QUICK INSPECTION LANE (Deutsch)\" width=\"500\" height=\"281\" src=\"https:\/\/www.youtube-nocookie.com\/embed\/GZgJ66p76VU?feature=oembed&#038;rel=0\" frameborder=\"0\" allow=\"accelerometer; autoplay; clipboard-write; encrypted-media; gyroscope; picture-in-picture; web-share\" referrerpolicy=\"strict-origin-when-cross-origin\" allowfullscreen><\/iframe>\n<\/div><\/figure>\n\n\n\n<figure class=\"wp-block-embed is-type-video is-provider-youtube wp-block-embed-youtube wp-embed-aspect-16-9 wp-has-aspect-ratio\"><div class=\"wp-block-embed__wrapper\">\n<iframe loading=\"lazy\" title=\"RAV LINEA ISPEZIONE RAPIDA (Italiano)\" width=\"500\" height=\"281\" src=\"https:\/\/www.youtube-nocookie.com\/embed\/WP1t8dGughA?feature=oembed&#038;rel=0\" frameborder=\"0\" allow=\"accelerometer; autoplay; clipboard-write; encrypted-media; gyroscope; picture-in-picture; web-share\" referrerpolicy=\"strict-origin-when-cross-origin\" allowfullscreen><\/iframe>\n<\/div><\/figure>\n\n\n\n<figure class=\"wp-block-embed is-type-video is-provider-youtube wp-block-embed-youtube wp-embed-aspect-16-9 wp-has-aspect-ratio\"><div class=\"wp-block-embed__wrapper\">\n<iframe loading=\"lazy\" title=\"RAV PROFILER Francais\" width=\"500\" height=\"281\" src=\"https:\/\/www.youtube-nocookie.com\/embed\/-hSCNSjRa8k?feature=oembed&#038;rel=0\" frameborder=\"0\" allow=\"accelerometer; autoplay; clipboard-write; encrypted-media; gyroscope; picture-in-picture; web-share\" referrerpolicy=\"strict-origin-when-cross-origin\" allowfullscreen><\/iframe>\n<\/div><\/figure>\n\n\n\n<figure class=\"wp-block-embed is-type-video is-provider-youtube wp-block-embed-youtube wp-embed-aspect-16-9 wp-has-aspect-ratio\"><div class=\"wp-block-embed__wrapper\">\n<iframe loading=\"lazy\" title=\"RAV PROFILER English\" width=\"500\" height=\"281\" src=\"https:\/\/www.youtube-nocookie.com\/embed\/4-zuG6w3-rI?feature=oembed&#038;rel=0\" frameborder=\"0\" allow=\"accelerometer; autoplay; clipboard-write; encrypted-media; gyroscope; picture-in-picture; web-share\" referrerpolicy=\"strict-origin-when-cross-origin\" allowfullscreen><\/iframe>\n<\/div><\/figure>\n\n\n\n<figure class=\"wp-block-embed is-type-video is-provider-youtube wp-block-embed-youtube wp-embed-aspect-16-9 wp-has-aspect-ratio\"><div class=\"wp-block-embed__wrapper\">\n<iframe loading=\"lazy\" title=\"RAV PROFILER Deutsch\" width=\"500\" height=\"281\" src=\"https:\/\/www.youtube-nocookie.com\/embed\/ZerG94S0z7g?feature=oembed&#038;rel=0\" frameborder=\"0\" allow=\"accelerometer; autoplay; clipboard-write; encrypted-media; gyroscope; picture-in-picture; web-share\" referrerpolicy=\"strict-origin-when-cross-origin\" allowfullscreen><\/iframe>\n<\/div><\/figure>\n\n\n\n<figure class=\"wp-block-embed is-type-video is-provider-youtube wp-block-embed-youtube wp-embed-aspect-16-9 wp-has-aspect-ratio\"><div class=\"wp-block-embed__wrapper\">\n<iframe loading=\"lazy\" title=\"RAV PROFILATORE Italiano\" width=\"500\" height=\"281\" src=\"https:\/\/www.youtube-nocookie.com\/embed\/q8GeYkxA0tg?feature=oembed&#038;rel=0\" frameborder=\"0\" allow=\"accelerometer; autoplay; clipboard-write; encrypted-media; gyroscope; picture-in-picture; web-share\" referrerpolicy=\"strict-origin-when-cross-origin\" allowfullscreen><\/iframe>\n<\/div><\/figure>\n\n\n\n<figure class=\"wp-block-embed is-type-video is-provider-youtube wp-block-embed-youtube wp-embed-aspect-16-9 wp-has-aspect-ratio\"><div class=\"wp-block-embed__wrapper\">\n<iframe loading=\"lazy\" title=\"RAV PERFILADOR Espanol\" width=\"500\" height=\"281\" src=\"https:\/\/www.youtube-nocookie.com\/embed\/QwWYE3Lg5Oc?feature=oembed&#038;rel=0\" frameborder=\"0\" allow=\"accelerometer; autoplay; clipboard-write; encrypted-media; gyroscope; picture-in-picture; web-share\" referrerpolicy=\"strict-origin-when-cross-origin\" allowfullscreen><\/iframe>\n<\/div><\/figure>\n<\/div>\n<\/div>\n<\/div>\n","protected":false},"excerpt":{"rendered":"<p>G\u00e9om\u00e9tries 3D G\u00e9om\u00e9tries CCD G\u00e9om\u00e9tries de camions Tyre profiler<\/p>\n","protected":false},"author":1,"featured_media":0,"parent":0,"menu_order":0,"comment_status":"closed","ping_status":"closed","template":"","meta":{"footnotes":""},"class_list":["post-12995","page","type-page","status-publish","hentry"],"lang":"fr","translations":{"fr":12995,"en":12991,"it":5670,"de":12993,"es":12998,"ru":13000},"pll_sync_post":[],"_links":{"self":[{"href":"https:\/\/dev.codekraft.it\/ravaglioli.it\/wp-json\/wp\/v2\/pages\/12995","targetHints":{"allow":["GET"]}}],"collection":[{"href":"https:\/\/dev.codekraft.it\/ravaglioli.it\/wp-json\/wp\/v2\/pages"}],"about":[{"href":"https:\/\/dev.codekraft.it\/ravaglioli.it\/wp-json\/wp\/v2\/types\/page"}],"author":[{"embeddable":true,"href":"https:\/\/dev.codekraft.it\/ravaglioli.it\/wp-json\/wp\/v2\/users\/1"}],"replies":[{"embeddable":true,"href":"https:\/\/dev.codekraft.it\/ravaglioli.it\/wp-json\/wp\/v2\/comments?post=12995"}],"version-history":[{"count":0,"href":"https:\/\/dev.codekraft.it\/ravaglioli.it\/wp-json\/wp\/v2\/pages\/12995\/revisions"}],"wp:attachment":[{"href":"https:\/\/dev.codekraft.it\/ravaglioli.it\/wp-json\/wp\/v2\/media?parent=12995"}],"curies":[{"name":"wp","href":"https:\/\/api.w.org\/{rel}","templated":true}]}}